{"id":9666,"date":"2023-09-25T15:02:33","date_gmt":"2023-09-25T18:02:33","guid":{"rendered":"https:\/\/climatlantic.ca\/?page_id=9666"},"modified":"2025-01-06T10:16:17","modified_gmt":"2025-01-06T14:16:17","slug":"programme-pour-des-communautes-cotieres-resilientes-au-climat","status":"publish","type":"page","link":"https:\/\/climatlantic.panchroma.dev\/fr\/outils\/possibilites-financement\/programme-pour-des-communautes-cotieres-resilientes-au-climat\/","title":{"rendered":"Programme pour des communaut\u00e9s c\u00f4ti\u00e8res r\u00e9silientes au climat"},"content":{"rendered":"<p>[et_pb_section fb_built=&#8221;1&#8243; _builder_version=&#8221;4.21.0&#8243; _module_preset=&#8221;default&#8221; da_disable_devices=&#8221;off|off|off&#8221; global_colors_info=&#8221;{}&#8221; da_is_popup=&#8221;off&#8221; da_exit_intent=&#8221;off&#8221; da_has_close=&#8221;on&#8221; da_alt_close=&#8221;off&#8221; da_dark_close=&#8221;off&#8221; da_not_modal=&#8221;on&#8221; da_is_singular=&#8221;off&#8221; da_with_loader=&#8221;off&#8221; da_has_shadow=&#8221;on&#8221;][et_pb_row _builder_version=&#8221;4.21.0&#8243; _module_preset=&#8221;default&#8221; global_colors_info=&#8221;{}&#8221;][et_pb_column type=&#8221;4_4&#8243; _builder_version=&#8221;4.21.0&#8243; _module_preset=&#8221;default&#8221; global_colors_info=&#8221;{}&#8221;][et_pb_image src=&#8221;https:\/\/climatlantic.ca\/wp\/wp-content\/uploads\/2023\/09\/CoastalCommunitiesClimateChange-Banner-NRCan.jpg&#8221; alt=&#8221;Vue du paysage d&#8217;une communaut\u00e9 c\u00f4ti\u00e8re.&#8221; title_text=&#8221;CLIMAtlantic-CoastalCommunitiesClimateChange-Banner-NRCan&#8221; url=&#8221;https:\/\/ressources-naturelles.canada.ca\/changements-climatiques\/programme-pour-des-communautes-cotieres-resilientes-au-climat\/25250&#8243; url_new_window=&#8221;on&#8221; _builder_version=&#8221;4.27.2&#8243; _module_preset=&#8221;default&#8221; custom_margin=&#8221;||12px||false|false&#8221; global_colors_info=&#8221;{}&#8221;][\/et_pb_image][et_pb_text _builder_version=&#8221;4.27.4&#8243; _module_preset=&#8221;default&#8221; link_option_url_new_window=&#8221;on&#8221; hover_enabled=&#8221;0&#8243; global_colors_info=&#8221;{}&#8221; sticky_enabled=&#8221;0&#8243;]<\/p>\n<div class=\"et_pb_column et_pb_column_4_4 et_pb_column_19  et_pb_css_mix_blend_mode_passthrough et-last-child\">\n<div class=\"et_pb_module et_pb_text et_pb_text_18  et_pb_text_align_left et_pb_bg_layout_light\">\n<div class=\"et_pb_text_inner\">\n<h4><a href=\"https:\/\/ressources-naturelles.canada.ca\/changements-climatiques\/programme-pour-des-communautes-cotieres-resilientes-au-climat\/25250\" target=\"_blank\" rel=\"noopener\"><span style=\"text-decoration: underline;\">Programme pour des communaut\u00e9s c\u00f4ti\u00e8res r\u00e9silientes au climat<\/span><\/a><\/h4>\n<\/div>\n<\/div>\n<\/div>\n<p><span data-sheets-value=\"{&quot;1&quot;:2,&quot;2&quot;:&quot;Le Programme pour des communaut\u00e9s c\u00f4ti\u00e8res r\u00e9silientes au climat (CCRC) jusqu\u2019\u00e0 25 projets pilotes qui visent \u00e0 acc\u00e9l\u00e9rer l\u2019adaptation \u00e0 l\u2019\u00e9chelle r\u00e9gionale gr\u00e2ce \u00e0 des mesures int\u00e9gr\u00e9es, inclusives et novatrices. Les projets peuvent \u00eatre : \\n\\n-la planification collaborative pour faire face aux risques complexes li\u00e9s aux changements climatiques (p. ex., \u00e9l\u00e9vation du niveau de la mer, \u00e9rosion c\u00f4ti\u00e8re, \u00e9v\u00e9nements extr\u00eames);\\n-l\u2019harmonisation plus efficace des ressources et des mesures \u00e0 court et \u00e0 long terme; \\n-la possibilit\u00e9 de trouver des solutions novatrices; \\n-et la r\u00e9duction du risque de maladaptation ou de transfert des risques \u00e0 d\u2019autres personnes.\\n\\nLe programme CCRC se poursuivra jusqu'en 2028 et les candidatures sont ouvertes jusqu'au 13 d\u00e9cembre 2023.&quot;}\" data-sheets-userformat=\"{&quot;2&quot;:33559437,&quot;3&quot;:{&quot;1&quot;:0},&quot;5&quot;:{&quot;1&quot;:[{&quot;1&quot;:2,&quot;2&quot;:0,&quot;5&quot;:{&quot;1&quot;:2,&quot;2&quot;:0}},{&quot;1&quot;:0,&quot;2&quot;:0,&quot;3&quot;:3},{&quot;1&quot;:1,&quot;2&quot;:0,&quot;4&quot;:1}]},&quot;6&quot;:{&quot;1&quot;:[{&quot;1&quot;:2,&quot;2&quot;:0,&quot;5&quot;:{&quot;1&quot;:2,&quot;2&quot;:0}},{&quot;1&quot;:0,&quot;2&quot;:0,&quot;3&quot;:3},{&quot;1&quot;:1,&quot;2&quot;:0,&quot;4&quot;:1}]},&quot;10&quot;:1,&quot;11&quot;:4,&quot;12&quot;:0,&quot;15&quot;:&quot;Montserrat&quot;,&quot;28&quot;:1}\">Le Programme pour des communaut\u00e9s c\u00f4ti\u00e8res r\u00e9silientes au climat (CCRC) jusqu\u2019\u00e0 25 projets pilotes qui visent \u00e0 acc\u00e9l\u00e9rer l\u2019adaptation \u00e0 l\u2019\u00e9chelle r\u00e9gionale gr\u00e2ce \u00e0 des mesures int\u00e9gr\u00e9es, inclusives et novatrices. Les projets peuvent \u00eatre :<\/span><\/p>\n<ul>\n<li><span data-sheets-value=\"{&quot;1&quot;:2,&quot;2&quot;:&quot;Le Programme pour des communaut\u00e9s c\u00f4ti\u00e8res r\u00e9silientes au climat (CCRC) jusqu\u2019\u00e0 25 projets pilotes qui visent \u00e0 acc\u00e9l\u00e9rer l\u2019adaptation \u00e0 l\u2019\u00e9chelle r\u00e9gionale gr\u00e2ce \u00e0 des mesures int\u00e9gr\u00e9es, inclusives et novatrices. Les projets peuvent \u00eatre : \\n\\n-la planification collaborative pour faire face aux risques complexes li\u00e9s aux changements climatiques (p. ex., \u00e9l\u00e9vation du niveau de la mer, \u00e9rosion c\u00f4ti\u00e8re, \u00e9v\u00e9nements extr\u00eames);\\n-l\u2019harmonisation plus efficace des ressources et des mesures \u00e0 court et \u00e0 long terme; \\n-la possibilit\u00e9 de trouver des solutions novatrices; \\n-et la r\u00e9duction du risque de maladaptation ou de transfert des risques \u00e0 d\u2019autres personnes.\\n\\nLe programme CCRC se poursuivra jusqu'en 2028 et les candidatures sont ouvertes jusqu'au 13 d\u00e9cembre 2023.&quot;}\" data-sheets-userformat=\"{&quot;2&quot;:33559437,&quot;3&quot;:{&quot;1&quot;:0},&quot;5&quot;:{&quot;1&quot;:[{&quot;1&quot;:2,&quot;2&quot;:0,&quot;5&quot;:{&quot;1&quot;:2,&quot;2&quot;:0}},{&quot;1&quot;:0,&quot;2&quot;:0,&quot;3&quot;:3},{&quot;1&quot;:1,&quot;2&quot;:0,&quot;4&quot;:1}]},&quot;6&quot;:{&quot;1&quot;:[{&quot;1&quot;:2,&quot;2&quot;:0,&quot;5&quot;:{&quot;1&quot;:2,&quot;2&quot;:0}},{&quot;1&quot;:0,&quot;2&quot;:0,&quot;3&quot;:3},{&quot;1&quot;:1,&quot;2&quot;:0,&quot;4&quot;:1}]},&quot;10&quot;:1,&quot;11&quot;:4,&quot;12&quot;:0,&quot;15&quot;:&quot;Montserrat&quot;,&quot;28&quot;:1}\">la planification collaborative pour faire face aux risques complexes li\u00e9s aux changements climatiques (p. ex., \u00e9l\u00e9vation du niveau de la mer, \u00e9rosion c\u00f4ti\u00e8re, \u00e9v\u00e9nements extr\u00eames);<\/span><\/li>\n<li><span data-sheets-value=\"{&quot;1&quot;:2,&quot;2&quot;:&quot;Le Programme pour des communaut\u00e9s c\u00f4ti\u00e8res r\u00e9silientes au climat (CCRC) jusqu\u2019\u00e0 25 projets pilotes qui visent \u00e0 acc\u00e9l\u00e9rer l\u2019adaptation \u00e0 l\u2019\u00e9chelle r\u00e9gionale gr\u00e2ce \u00e0 des mesures int\u00e9gr\u00e9es, inclusives et novatrices. Les projets peuvent \u00eatre : \\n\\n-la planification collaborative pour faire face aux risques complexes li\u00e9s aux changements climatiques (p. ex., \u00e9l\u00e9vation du niveau de la mer, \u00e9rosion c\u00f4ti\u00e8re, \u00e9v\u00e9nements extr\u00eames);\\n-l\u2019harmonisation plus efficace des ressources et des mesures \u00e0 court et \u00e0 long terme; \\n-la possibilit\u00e9 de trouver des solutions novatrices; \\n-et la r\u00e9duction du risque de maladaptation ou de transfert des risques \u00e0 d\u2019autres personnes.\\n\\nLe programme CCRC se poursuivra jusqu'en 2028 et les candidatures sont ouvertes jusqu'au 13 d\u00e9cembre 2023.&quot;}\" data-sheets-userformat=\"{&quot;2&quot;:33559437,&quot;3&quot;:{&quot;1&quot;:0},&quot;5&quot;:{&quot;1&quot;:[{&quot;1&quot;:2,&quot;2&quot;:0,&quot;5&quot;:{&quot;1&quot;:2,&quot;2&quot;:0}},{&quot;1&quot;:0,&quot;2&quot;:0,&quot;3&quot;:3},{&quot;1&quot;:1,&quot;2&quot;:0,&quot;4&quot;:1}]},&quot;6&quot;:{&quot;1&quot;:[{&quot;1&quot;:2,&quot;2&quot;:0,&quot;5&quot;:{&quot;1&quot;:2,&quot;2&quot;:0}},{&quot;1&quot;:0,&quot;2&quot;:0,&quot;3&quot;:3},{&quot;1&quot;:1,&quot;2&quot;:0,&quot;4&quot;:1}]},&quot;10&quot;:1,&quot;11&quot;:4,&quot;12&quot;:0,&quot;15&quot;:&quot;Montserrat&quot;,&quot;28&quot;:1}\">l\u2019harmonisation plus efficace des ressources et des mesures \u00e0 court et \u00e0 long terme;<\/span><\/li>\n<li><span data-sheets-value=\"{&quot;1&quot;:2,&quot;2&quot;:&quot;Le Programme pour des communaut\u00e9s c\u00f4ti\u00e8res r\u00e9silientes au climat (CCRC) jusqu\u2019\u00e0 25 projets pilotes qui visent \u00e0 acc\u00e9l\u00e9rer l\u2019adaptation \u00e0 l\u2019\u00e9chelle r\u00e9gionale gr\u00e2ce \u00e0 des mesures int\u00e9gr\u00e9es, inclusives et novatrices. Les projets peuvent \u00eatre : \\n\\n-la planification collaborative pour faire face aux risques complexes li\u00e9s aux changements climatiques (p. ex., \u00e9l\u00e9vation du niveau de la mer, \u00e9rosion c\u00f4ti\u00e8re, \u00e9v\u00e9nements extr\u00eames);\\n-l\u2019harmonisation plus efficace des ressources et des mesures \u00e0 court et \u00e0 long terme; \\n-la possibilit\u00e9 de trouver des solutions novatrices; \\n-et la r\u00e9duction du risque de maladaptation ou de transfert des risques \u00e0 d\u2019autres personnes.\\n\\nLe programme CCRC se poursuivra jusqu'en 2028 et les candidatures sont ouvertes jusqu'au 13 d\u00e9cembre 2023.&quot;}\" data-sheets-userformat=\"{&quot;2&quot;:33559437,&quot;3&quot;:{&quot;1&quot;:0},&quot;5&quot;:{&quot;1&quot;:[{&quot;1&quot;:2,&quot;2&quot;:0,&quot;5&quot;:{&quot;1&quot;:2,&quot;2&quot;:0}},{&quot;1&quot;:0,&quot;2&quot;:0,&quot;3&quot;:3},{&quot;1&quot;:1,&quot;2&quot;:0,&quot;4&quot;:1}]},&quot;6&quot;:{&quot;1&quot;:[{&quot;1&quot;:2,&quot;2&quot;:0,&quot;5&quot;:{&quot;1&quot;:2,&quot;2&quot;:0}},{&quot;1&quot;:0,&quot;2&quot;:0,&quot;3&quot;:3},{&quot;1&quot;:1,&quot;2&quot;:0,&quot;4&quot;:1}]},&quot;10&quot;:1,&quot;11&quot;:4,&quot;12&quot;:0,&quot;15&quot;:&quot;Montserrat&quot;,&quot;28&quot;:1}\">a possibilit\u00e9 de trouver des solutions novatrices;<\/span><\/li>\n<li><span data-sheets-value=\"{&quot;1&quot;:2,&quot;2&quot;:&quot;Le Programme pour des communaut\u00e9s c\u00f4ti\u00e8res r\u00e9silientes au climat (CCRC) jusqu\u2019\u00e0 25 projets pilotes qui visent \u00e0 acc\u00e9l\u00e9rer l\u2019adaptation \u00e0 l\u2019\u00e9chelle r\u00e9gionale gr\u00e2ce \u00e0 des mesures int\u00e9gr\u00e9es, inclusives et novatrices. Les projets peuvent \u00eatre : \\n\\n-la planification collaborative pour faire face aux risques complexes li\u00e9s aux changements climatiques (p. ex., \u00e9l\u00e9vation du niveau de la mer, \u00e9rosion c\u00f4ti\u00e8re, \u00e9v\u00e9nements extr\u00eames);\\n-l\u2019harmonisation plus efficace des ressources et des mesures \u00e0 court et \u00e0 long terme; \\n-la possibilit\u00e9 de trouver des solutions novatrices; \\n-et la r\u00e9duction du risque de maladaptation ou de transfert des risques \u00e0 d\u2019autres personnes.\\n\\nLe programme CCRC se poursuivra jusqu'en 2028 et les candidatures sont ouvertes jusqu'au 13 d\u00e9cembre 2023.&quot;}\" data-sheets-userformat=\"{&quot;2&quot;:33559437,&quot;3&quot;:{&quot;1&quot;:0},&quot;5&quot;:{&quot;1&quot;:[{&quot;1&quot;:2,&quot;2&quot;:0,&quot;5&quot;:{&quot;1&quot;:2,&quot;2&quot;:0}},{&quot;1&quot;:0,&quot;2&quot;:0,&quot;3&quot;:3},{&quot;1&quot;:1,&quot;2&quot;:0,&quot;4&quot;:1}]},&quot;6&quot;:{&quot;1&quot;:[{&quot;1&quot;:2,&quot;2&quot;:0,&quot;5&quot;:{&quot;1&quot;:2,&quot;2&quot;:0}},{&quot;1&quot;:0,&quot;2&quot;:0,&quot;3&quot;:3},{&quot;1&quot;:1,&quot;2&quot;:0,&quot;4&quot;:1}]},&quot;10&quot;:1,&quot;11&quot;:4,&quot;12&quot;:0,&quot;15&quot;:&quot;Montserrat&quot;,&quot;28&quot;:1}\">et la r\u00e9duction du risque de maladaptation ou de transfert des risques \u00e0 d\u2019autres personnes.<\/span><\/li>\n<\/ul>\n<p>La date limite de d\u00e9p\u00f4t des candidatures \u00e9tait fix\u00e9e au 29 novembre.<\/p>\n<p>[\/et_pb_text][et_pb_button button_url=&#8221;@ET-DC@eyJkeW5hbWljIjp0cnVlLCJjb250ZW50IjoicG9zdF9saW5rX3VybF9wYWdlIiwic2V0dGluZ3MiOnsicG9zdF9pZCI6IjY2ODIifX0=@&#8221; button_text=&#8221;RETOUR AUX OPPORTUNIT\u00c9S DE FINANCEMENT&#8221; _builder_version=&#8221;4.21.0&#8243; _dynamic_attributes=&#8221;button_url&#8221; _module_preset=&#8221;default&#8221; custom_margin=&#8221;-12px||||false|false&#8221; custom_padding=&#8221;||||false|false&#8221; global_colors_info=&#8221;{}&#8221;][\/et_pb_button][\/et_pb_column][\/et_pb_row][\/et_pb_section]<\/p>\n","protected":false},"excerpt":{"rendered":"<p>Programme pour des communaut\u00e9s c\u00f4ti\u00e8res r\u00e9silientes au climat Le Programme pour des communaut\u00e9s c\u00f4ti\u00e8res r\u00e9silientes au climat (CCRC) jusqu\u2019\u00e0 25 projets pilotes qui visent \u00e0 acc\u00e9l\u00e9rer l\u2019adaptation \u00e0 l\u2019\u00e9chelle r\u00e9gionale gr\u00e2ce \u00e0 des mesures int\u00e9gr\u00e9es, inclusives et novatrices. Les projets peuvent \u00eatre : la planification collaborative pour faire face aux risques complexes li\u00e9s aux changements [&hellip;]<\/p>\n","protected":false},"author":18,"featured_media":0,"parent":7052,"menu_order":0,"comment_status":"closed","ping_status":"closed","template":"","meta":{"_et_pb_use_builder":"on","_et_pb_old_content":"","_et_gb_content_width":"","footnotes":""},"categories":[],"tags":[],"class_list":["post-9666","page","type-page","status-publish","hentry"],"yoast_head":"<!-- This site is optimized with the Yoast SEO plugin v26.5 - https:\/\/yoast.com\/wordpress\/plugins\/seo\/ -->\n<title>Programme pour des communaut\u00e9s c\u00f4ti\u00e8res r\u00e9silientes au climat - CLIMAtlantic<\/title>\n<meta name=\"robots\" content=\"index, follow, max-snippet:-1, max-image-preview:large, max-video-preview:-1\" \/>\n<link rel=\"canonical\" href=\"https:\/\/climatlantic.panchroma.dev\/fr\/outils\/possibilites-financement\/programme-pour-des-communautes-cotieres-resilientes-au-climat\/\" \/>\n<meta property=\"og:locale\" content=\"fr_FR\" \/>\n<meta property=\"og:type\" content=\"article\" \/>\n<meta property=\"og:title\" content=\"Programme pour des communaut\u00e9s c\u00f4ti\u00e8res r\u00e9silientes au climat - CLIMAtlantic\" \/>\n<meta property=\"og:description\" content=\"Programme pour des communaut\u00e9s c\u00f4ti\u00e8res r\u00e9silientes au climat Le Programme pour des communaut\u00e9s c\u00f4ti\u00e8res r\u00e9silientes au climat (CCRC) jusqu\u2019\u00e0 25 projets pilotes qui visent \u00e0 acc\u00e9l\u00e9rer l\u2019adaptation \u00e0 l\u2019\u00e9chelle r\u00e9gionale gr\u00e2ce \u00e0 des mesures int\u00e9gr\u00e9es, inclusives et novatrices. Les projets peuvent \u00eatre : la planification collaborative pour faire face aux risques complexes li\u00e9s aux changements [&hellip;]\" \/>\n<meta property=\"og:url\" content=\"https:\/\/climatlantic.panchroma.dev\/fr\/outils\/possibilites-financement\/programme-pour-des-communautes-cotieres-resilientes-au-climat\/\" \/>\n<meta property=\"og:site_name\" content=\"CLIMAtlantic\" \/>\n<meta property=\"article:publisher\" content=\"https:\/\/www.facebook.com\/CLIMAtlanticInc\/\" \/>\n<meta property=\"article:modified_time\" content=\"2025-01-06T14:16:17+00:00\" \/>\n<meta name=\"twitter:card\" content=\"summary_large_image\" \/>\n<meta name=\"twitter:label1\" content=\"Dur\u00e9e de lecture estim\u00e9e\" \/>\n\t<meta name=\"twitter:data1\" content=\"2 minutes\" \/>\n<script type=\"application\/ld+json\" class=\"yoast-schema-graph\">{\"@context\":\"https:\/\/schema.org\",\"@graph\":[{\"@type\":\"WebPage\",\"@id\":\"https:\/\/climatlantic.panchroma.dev\/fr\/outils\/possibilites-financement\/programme-pour-des-communautes-cotieres-resilientes-au-climat\/\",\"url\":\"https:\/\/climatlantic.panchroma.dev\/fr\/outils\/possibilites-financement\/programme-pour-des-communautes-cotieres-resilientes-au-climat\/\",\"name\":\"Programme pour des communaut\u00e9s c\u00f4ti\u00e8res r\u00e9silientes au climat - CLIMAtlantic\",\"isPartOf\":{\"@id\":\"https:\/\/climatlantic.panchroma.dev\/fr\/#website\"},\"datePublished\":\"2023-09-25T18:02:33+00:00\",\"dateModified\":\"2025-01-06T14:16:17+00:00\",\"breadcrumb\":{\"@id\":\"https:\/\/climatlantic.panchroma.dev\/fr\/outils\/possibilites-financement\/programme-pour-des-communautes-cotieres-resilientes-au-climat\/#breadcrumb\"},\"inLanguage\":\"fr-FR\",\"potentialAction\":[{\"@type\":\"ReadAction\",\"target\":[\"https:\/\/climatlantic.panchroma.dev\/fr\/outils\/possibilites-financement\/programme-pour-des-communautes-cotieres-resilientes-au-climat\/\"]}]},{\"@type\":\"BreadcrumbList\",\"@id\":\"https:\/\/climatlantic.panchroma.dev\/fr\/outils\/possibilites-financement\/programme-pour-des-communautes-cotieres-resilientes-au-climat\/#breadcrumb\",\"itemListElement\":[{\"@type\":\"ListItem\",\"position\":1,\"name\":\"Home\",\"item\":\"https:\/\/climatlantic.panchroma.dev\/fr\/\"},{\"@type\":\"ListItem\",\"position\":2,\"name\":\"Outils\",\"item\":\"https:\/\/climatlantic.panchroma.dev\/fr\/tools\/\"},{\"@type\":\"ListItem\",\"position\":3,\"name\":\"Possibilit\u00e9s de financement\",\"item\":\"https:\/\/climatlantic.panchroma.dev\/fr\/tools\/funding-opportunities\/\"},{\"@type\":\"ListItem\",\"position\":4,\"name\":\"Programme pour des communaut\u00e9s c\u00f4ti\u00e8res r\u00e9silientes au climat\"}]},{\"@type\":\"WebSite\",\"@id\":\"https:\/\/climatlantic.panchroma.dev\/fr\/#website\",\"url\":\"https:\/\/climatlantic.panchroma.dev\/fr\/\",\"name\":\"Climatlantic\",\"description\":\"Enhancing Atlantic Climate Resilience\",\"publisher\":{\"@id\":\"https:\/\/climatlantic.panchroma.dev\/fr\/#organization\"},\"potentialAction\":[{\"@type\":\"SearchAction\",\"target\":{\"@type\":\"EntryPoint\",\"urlTemplate\":\"https:\/\/climatlantic.panchroma.dev\/fr\/?s={search_term_string}\"},\"query-input\":{\"@type\":\"PropertyValueSpecification\",\"valueRequired\":true,\"valueName\":\"search_term_string\"}}],\"inLanguage\":\"fr-FR\"},{\"@type\":\"Organization\",\"@id\":\"https:\/\/climatlantic.panchroma.dev\/fr\/#organization\",\"name\":\"CLIMAtlantic\",\"url\":\"https:\/\/climatlantic.panchroma.dev\/fr\/\",\"logo\":{\"@type\":\"ImageObject\",\"inLanguage\":\"fr-FR\",\"@id\":\"https:\/\/climatlantic.panchroma.dev\/fr\/#\/schema\/logo\/image\/\",\"url\":\"https:\/\/climatlantic.ca\/wp\/wp-content\/uploads\/2021\/07\/cropped-Climatlantic_Favicon.png\",\"contentUrl\":\"https:\/\/climatlantic.ca\/wp\/wp-content\/uploads\/2021\/07\/cropped-Climatlantic_Favicon.png\",\"width\":512,\"height\":512,\"caption\":\"CLIMAtlantic\"},\"image\":{\"@id\":\"https:\/\/climatlantic.panchroma.dev\/fr\/#\/schema\/logo\/image\/\"},\"sameAs\":[\"https:\/\/www.facebook.com\/CLIMAtlanticInc\/\",\"http:\/\/instagram.com\/climatlantic\",\"https:\/\/www.linkedin.com\/company\/climatlantic\/\"]}]}<\/script>\n<!-- \/ Yoast SEO plugin. -->","yoast_head_json":{"title":"Programme pour des communaut\u00e9s c\u00f4ti\u00e8res r\u00e9silientes au climat - CLIMAtlantic","robots":{"index":"index","follow":"follow","max-snippet":"max-snippet:-1","max-image-preview":"max-image-preview:large","max-video-preview":"max-video-preview:-1"},"canonical":"https:\/\/climatlantic.panchroma.dev\/fr\/outils\/possibilites-financement\/programme-pour-des-communautes-cotieres-resilientes-au-climat\/","og_locale":"fr_FR","og_type":"article","og_title":"Programme pour des communaut\u00e9s c\u00f4ti\u00e8res r\u00e9silientes au climat - CLIMAtlantic","og_description":"Programme pour des communaut\u00e9s c\u00f4ti\u00e8res r\u00e9silientes au climat Le Programme pour des communaut\u00e9s c\u00f4ti\u00e8res r\u00e9silientes au climat (CCRC) jusqu\u2019\u00e0 25 projets pilotes qui visent \u00e0 acc\u00e9l\u00e9rer l\u2019adaptation \u00e0 l\u2019\u00e9chelle r\u00e9gionale gr\u00e2ce \u00e0 des mesures int\u00e9gr\u00e9es, inclusives et novatrices. Les projets peuvent \u00eatre : la planification collaborative pour faire face aux risques complexes li\u00e9s aux changements [&hellip;]","og_url":"https:\/\/climatlantic.panchroma.dev\/fr\/outils\/possibilites-financement\/programme-pour-des-communautes-cotieres-resilientes-au-climat\/","og_site_name":"CLIMAtlantic","article_publisher":"https:\/\/www.facebook.com\/CLIMAtlanticInc\/","article_modified_time":"2025-01-06T14:16:17+00:00","twitter_card":"summary_large_image","twitter_misc":{"Dur\u00e9e de lecture estim\u00e9e":"2 minutes"},"schema":{"@context":"https:\/\/schema.org","@graph":[{"@type":"WebPage","@id":"https:\/\/climatlantic.panchroma.dev\/fr\/outils\/possibilites-financement\/programme-pour-des-communautes-cotieres-resilientes-au-climat\/","url":"https:\/\/climatlantic.panchroma.dev\/fr\/outils\/possibilites-financement\/programme-pour-des-communautes-cotieres-resilientes-au-climat\/","name":"Programme pour des communaut\u00e9s c\u00f4ti\u00e8res r\u00e9silientes au climat - CLIMAtlantic","isPartOf":{"@id":"https:\/\/climatlantic.panchroma.dev\/fr\/#website"},"datePublished":"2023-09-25T18:02:33+00:00","dateModified":"2025-01-06T14:16:17+00:00","breadcrumb":{"@id":"https:\/\/climatlantic.panchroma.dev\/fr\/outils\/possibilites-financement\/programme-pour-des-communautes-cotieres-resilientes-au-climat\/#breadcrumb"},"inLanguage":"fr-FR","potentialAction":[{"@type":"ReadAction","target":["https:\/\/climatlantic.panchroma.dev\/fr\/outils\/possibilites-financement\/programme-pour-des-communautes-cotieres-resilientes-au-climat\/"]}]},{"@type":"BreadcrumbList","@id":"https:\/\/climatlantic.panchroma.dev\/fr\/outils\/possibilites-financement\/programme-pour-des-communautes-cotieres-resilientes-au-climat\/#breadcrumb","itemListElement":[{"@type":"ListItem","position":1,"name":"Home","item":"https:\/\/climatlantic.panchroma.dev\/fr\/"},{"@type":"ListItem","position":2,"name":"Outils","item":"https:\/\/climatlantic.panchroma.dev\/fr\/tools\/"},{"@type":"ListItem","position":3,"name":"Possibilit\u00e9s de financement","item":"https:\/\/climatlantic.panchroma.dev\/fr\/tools\/funding-opportunities\/"},{"@type":"ListItem","position":4,"name":"Programme pour des communaut\u00e9s c\u00f4ti\u00e8res r\u00e9silientes au climat"}]},{"@type":"WebSite","@id":"https:\/\/climatlantic.panchroma.dev\/fr\/#website","url":"https:\/\/climatlantic.panchroma.dev\/fr\/","name":"Climatlantic","description":"Enhancing Atlantic Climate Resilience","publisher":{"@id":"https:\/\/climatlantic.panchroma.dev\/fr\/#organization"},"potentialAction":[{"@type":"SearchAction","target":{"@type":"EntryPoint","urlTemplate":"https:\/\/climatlantic.panchroma.dev\/fr\/?s={search_term_string}"},"query-input":{"@type":"PropertyValueSpecification","valueRequired":true,"valueName":"search_term_string"}}],"inLanguage":"fr-FR"},{"@type":"Organization","@id":"https:\/\/climatlantic.panchroma.dev\/fr\/#organization","name":"CLIMAtlantic","url":"https:\/\/climatlantic.panchroma.dev\/fr\/","logo":{"@type":"ImageObject","inLanguage":"fr-FR","@id":"https:\/\/climatlantic.panchroma.dev\/fr\/#\/schema\/logo\/image\/","url":"https:\/\/climatlantic.ca\/wp\/wp-content\/uploads\/2021\/07\/cropped-Climatlantic_Favicon.png","contentUrl":"https:\/\/climatlantic.ca\/wp\/wp-content\/uploads\/2021\/07\/cropped-Climatlantic_Favicon.png","width":512,"height":512,"caption":"CLIMAtlantic"},"image":{"@id":"https:\/\/climatlantic.panchroma.dev\/fr\/#\/schema\/logo\/image\/"},"sameAs":["https:\/\/www.facebook.com\/CLIMAtlanticInc\/","http:\/\/instagram.com\/climatlantic","https:\/\/www.linkedin.com\/company\/climatlantic\/"]}]}},"_links":{"self":[{"href":"https:\/\/climatlantic.panchroma.dev\/fr\/wp-json\/wp\/v2\/pages\/9666","targetHints":{"allow":["GET"]}}],"collection":[{"href":"https:\/\/climatlantic.panchroma.dev\/fr\/wp-json\/wp\/v2\/pages"}],"about":[{"href":"https:\/\/climatlantic.panchroma.dev\/fr\/wp-json\/wp\/v2\/types\/page"}],"author":[{"embeddable":true,"href":"https:\/\/climatlantic.panchroma.dev\/fr\/wp-json\/wp\/v2\/users\/18"}],"replies":[{"embeddable":true,"href":"https:\/\/climatlantic.panchroma.dev\/fr\/wp-json\/wp\/v2\/comments?post=9666"}],"version-history":[{"count":5,"href":"https:\/\/climatlantic.panchroma.dev\/fr\/wp-json\/wp\/v2\/pages\/9666\/revisions"}],"predecessor-version":[{"id":16065,"href":"https:\/\/climatlantic.panchroma.dev\/fr\/wp-json\/wp\/v2\/pages\/9666\/revisions\/16065"}],"up":[{"embeddable":true,"href":"https:\/\/climatlantic.panchroma.dev\/fr\/wp-json\/wp\/v2\/pages\/7052"}],"wp:attachment":[{"href":"https:\/\/climatlantic.panchroma.dev\/fr\/wp-json\/wp\/v2\/media?parent=9666"}],"wp:term":[{"taxonomy":"category","embeddable":true,"href":"https:\/\/climatlantic.panchroma.dev\/fr\/wp-json\/wp\/v2\/categories?post=9666"},{"taxonomy":"post_tag","embeddable":true,"href":"https:\/\/climatlantic.panchroma.dev\/fr\/wp-json\/wp\/v2\/tags?post=9666"}],"curies":[{"name":"wp","href":"https:\/\/api.w.org\/{rel}","templated":true}]}}