{"id":8930,"date":"2023-08-24T08:48:45","date_gmt":"2023-08-24T11:48:45","guid":{"rendered":"https:\/\/climatlantic.ca\/fonds-dinfrastructure-des-premieres-nations\/"},"modified":"2025-01-06T09:23:20","modified_gmt":"2025-01-06T13:23:20","slug":"fonds-dinfrastructure-des-premieres-nations","status":"publish","type":"page","link":"https:\/\/climatlantic.panchroma.dev\/fr\/fonds-dinfrastructure-des-premieres-nations\/","title":{"rendered":"Fonds d&#8217;infrastructure des Premi\u00e8res Nations"},"content":{"rendered":"<p>[et_pb_section fb_built=&#8221;1&#8243; _builder_version=&#8221;4.21.0&#8243; _module_preset=&#8221;default&#8221; global_colors_info=&#8221;{}&#8221; da_is_popup=&#8221;off&#8221; da_exit_intent=&#8221;off&#8221; da_has_close=&#8221;on&#8221; da_alt_close=&#8221;off&#8221; da_dark_close=&#8221;off&#8221; da_not_modal=&#8221;on&#8221; da_is_singular=&#8221;off&#8221; da_with_loader=&#8221;off&#8221; da_has_shadow=&#8221;on&#8221; da_disable_devices=&#8221;off|off|off&#8221;][et_pb_row _builder_version=&#8221;4.21.0&#8243; _module_preset=&#8221;default&#8221; global_colors_info=&#8221;{}&#8221;][et_pb_column type=&#8221;4_4&#8243; _builder_version=&#8221;4.21.0&#8243; _module_preset=&#8221;default&#8221; global_colors_info=&#8221;{}&#8221;][et_pb_image src=&#8221;https:\/\/climatlantic.ca\/wp\/wp-content\/uploads\/2023\/08\/Indigenous-Services-Canada-FB-Cover-Photo.jpg&#8221; alt=&#8221;Le fran\u00e7ais suit. A graphic showing mountains and mist on the left and a forest on the right. In the middle is water, semi-frozen on the left and open and flowing on the right. In the middle of the image are three small blue graphics.  Un graphique montrant des montagnes et de la brume \u00e0 gauche et une for\u00eat \u00e0 droite. Au milieu se trouve de l&apos;eau, semi-congel\u00e9e \u00e0 gauche et libre et fluide \u00e0 droite. Au milieu de l&apos;image se trouvent trois petits graphiques bleus. &#8221; title_text=&#8221;Indigenous-Services-Canada-FB-Cover-Photo&#8221; url=&#8221;http:\/\/sac-isc.gc.ca\/fra\/1100100010656\/1533645154710&#8243; url_new_window=&#8221;on&#8221; align=&#8221;center&#8221; _builder_version=&#8221;4.21.0&#8243; _module_preset=&#8221;default&#8221; global_colors_info=&#8221;{}&#8221;][\/et_pb_image][et_pb_text _builder_version=&#8221;4.27.4&#8243; _module_preset=&#8221;default&#8221; hover_enabled=&#8221;0&#8243; global_colors_info=&#8221;{}&#8221; sticky_enabled=&#8221;0&#8243;]<\/p>\n<div class=\"et_pb_column et_pb_column_4_4 et_pb_column_19  et_pb_css_mix_blend_mode_passthrough et-last-child\">\n<div class=\"et_pb_module et_pb_text et_pb_text_18  et_pb_text_align_left et_pb_bg_layout_light\">\n<div class=\"et_pb_text_inner\">\n<h4><span style=\"text-decoration: underline;\"><a href=\"http:\/\/sac-isc.gc.ca\/fra\/1100100010656\/1533645154710\" target=\"_blank\" rel=\"noopener\">Fonds d&#8217;infrastructure des Premi\u00e8res Nations<\/a><\/span><\/h4>\n<\/div>\n<\/div>\n<\/div>\n<p>Le Fonds d&#8217;infrastructure des Premi\u00e8res Nations (FIPN) offre un soutien aux communaut\u00e9s des Premi\u00e8res nations qui cherchent \u00e0 am\u00e9liorer leur infrastructure publique dans neuf cat\u00e9gories, y compris, mais sans s&#8217;y limiter :<\/p>\n<ul>\n<li>planification et renforcement des comp\u00e9tences<\/li>\n<li>gestion des d\u00e9chets solides<\/li>\n<li>routes et ponts<\/li>\n<li>att\u00e9nuation structurelle<\/li>\n<li>la protection contre l&#8217;incendie<\/li>\n<\/ul>\n<p>En modernisant et\/ou en d\u00e9veloppant les infrastructures dans ces cat\u00e9gories, les communaut\u00e9s peuvent continuer \u00e0 am\u00e9liorer leur r\u00e9silience et s&#8217;adapter aux changements climatiques.<\/p>\n<p>Le FIPN est compl\u00e9mentaire du Programme d&#8217;immobilisations et d&#8217;entretien. La date limite pour soumettre un plan d&#8217;investissement au FIPN est l&#8217;automne de chaque ann\u00e9e, et il n&#8217;y a pas de date limite pour recevoir un financement.<\/p>\n<p>[\/et_pb_text][et_pb_button button_url=&#8221;@ET-DC@eyJkeW5hbWljIjp0cnVlLCJjb250ZW50IjoicG9zdF9saW5rX3VybF9wYWdlIiwic2V0dGluZ3MiOnsicG9zdF9pZCI6IjY2ODIifX0=@&#8221; button_text=&#8221;RETOUR AUX OPPORTUNIT\u00c9S DE FINANCEMENT&#8221; _builder_version=&#8221;4.21.0&#8243; _dynamic_attributes=&#8221;button_url&#8221; _module_preset=&#8221;default&#8221; custom_margin=&#8221;-12px||||false|false&#8221; custom_padding=&#8221;||||false|false&#8221; global_colors_info=&#8221;{}&#8221;][\/et_pb_button][\/et_pb_column][\/et_pb_row][\/et_pb_section]<\/p>\n","protected":false},"excerpt":{"rendered":"<p>Fonds d&#8217;infrastructure des Premi\u00e8res Nations Le Fonds d&#8217;infrastructure des Premi\u00e8res Nations (FIPN) offre un soutien aux communaut\u00e9s des Premi\u00e8res nations qui cherchent \u00e0 am\u00e9liorer leur infrastructure publique dans neuf cat\u00e9gories, y compris, mais sans s&#8217;y limiter : planification et renforcement des comp\u00e9tences gestion des d\u00e9chets solides routes et ponts att\u00e9nuation structurelle la protection contre l&#8217;incendie [&hellip;]<\/p>\n","protected":false},"author":18,"featured_media":0,"parent":0,"menu_order":0,"comment_status":"closed","ping_status":"closed","template":"","meta":{"_et_pb_use_builder":"on","_et_pb_old_content":"","_et_gb_content_width":"","footnotes":""},"categories":[],"tags":[],"class_list":["post-8930","page","type-page","status-publish","hentry"],"yoast_head":"<!-- This site is optimized with the Yoast SEO plugin v26.5 - https:\/\/yoast.com\/wordpress\/plugins\/seo\/ -->\n<title>Fonds d&#039;infrastructure des Premi\u00e8res Nations - CLIMAtlantic<\/title>\n<meta name=\"robots\" content=\"index, follow, max-snippet:-1, max-image-preview:large, max-video-preview:-1\" \/>\n<link rel=\"canonical\" href=\"https:\/\/climatlantic.panchroma.dev\/fr\/fonds-dinfrastructure-des-premieres-nations\/\" \/>\n<meta property=\"og:locale\" content=\"fr_FR\" \/>\n<meta property=\"og:type\" content=\"article\" \/>\n<meta property=\"og:title\" content=\"Fonds d&#039;infrastructure des Premi\u00e8res Nations - CLIMAtlantic\" \/>\n<meta property=\"og:description\" content=\"Fonds d&#039;infrastructure des Premi\u00e8res Nations Le Fonds d&#039;infrastructure des Premi\u00e8res Nations (FIPN) offre un soutien aux communaut\u00e9s des Premi\u00e8res nations qui cherchent \u00e0 am\u00e9liorer leur infrastructure publique dans neuf cat\u00e9gories, y compris, mais sans s&#039;y limiter : planification et renforcement des comp\u00e9tences gestion des d\u00e9chets solides routes et ponts att\u00e9nuation structurelle la protection contre l&#039;incendie [&hellip;]\" \/>\n<meta property=\"og:url\" content=\"https:\/\/climatlantic.panchroma.dev\/fr\/fonds-dinfrastructure-des-premieres-nations\/\" \/>\n<meta property=\"og:site_name\" content=\"CLIMAtlantic\" \/>\n<meta property=\"article:publisher\" content=\"https:\/\/www.facebook.com\/CLIMAtlanticInc\/\" \/>\n<meta property=\"article:modified_time\" content=\"2025-01-06T13:23:20+00:00\" \/>\n<meta name=\"twitter:card\" content=\"summary_large_image\" \/>\n<meta name=\"twitter:label1\" content=\"Dur\u00e9e de lecture estim\u00e9e\" \/>\n\t<meta name=\"twitter:data1\" content=\"2 minutes\" \/>\n<script type=\"application\/ld+json\" class=\"yoast-schema-graph\">{\"@context\":\"https:\/\/schema.org\",\"@graph\":[{\"@type\":\"WebPage\",\"@id\":\"https:\/\/climatlantic.panchroma.dev\/fr\/fonds-dinfrastructure-des-premieres-nations\/\",\"url\":\"https:\/\/climatlantic.panchroma.dev\/fr\/fonds-dinfrastructure-des-premieres-nations\/\",\"name\":\"Fonds d'infrastructure des Premi\u00e8res Nations - CLIMAtlantic\",\"isPartOf\":{\"@id\":\"https:\/\/climatlantic.panchroma.dev\/fr\/#website\"},\"datePublished\":\"2023-08-24T11:48:45+00:00\",\"dateModified\":\"2025-01-06T13:23:20+00:00\",\"breadcrumb\":{\"@id\":\"https:\/\/climatlantic.panchroma.dev\/fr\/fonds-dinfrastructure-des-premieres-nations\/#breadcrumb\"},\"inLanguage\":\"fr-FR\",\"potentialAction\":[{\"@type\":\"ReadAction\",\"target\":[\"https:\/\/climatlantic.panchroma.dev\/fr\/fonds-dinfrastructure-des-premieres-nations\/\"]}]},{\"@type\":\"BreadcrumbList\",\"@id\":\"https:\/\/climatlantic.panchroma.dev\/fr\/fonds-dinfrastructure-des-premieres-nations\/#breadcrumb\",\"itemListElement\":[{\"@type\":\"ListItem\",\"position\":1,\"name\":\"Home\",\"item\":\"https:\/\/climatlantic.panchroma.dev\/fr\/\"},{\"@type\":\"ListItem\",\"position\":2,\"name\":\"Fonds d&#8217;infrastructure des Premi\u00e8res Nations\"}]},{\"@type\":\"WebSite\",\"@id\":\"https:\/\/climatlantic.panchroma.dev\/fr\/#website\",\"url\":\"https:\/\/climatlantic.panchroma.dev\/fr\/\",\"name\":\"Climatlantic\",\"description\":\"Enhancing Atlantic Climate Resilience\",\"publisher\":{\"@id\":\"https:\/\/climatlantic.panchroma.dev\/fr\/#organization\"},\"potentialAction\":[{\"@type\":\"SearchAction\",\"target\":{\"@type\":\"EntryPoint\",\"urlTemplate\":\"https:\/\/climatlantic.panchroma.dev\/fr\/?s={search_term_string}\"},\"query-input\":{\"@type\":\"PropertyValueSpecification\",\"valueRequired\":true,\"valueName\":\"search_term_string\"}}],\"inLanguage\":\"fr-FR\"},{\"@type\":\"Organization\",\"@id\":\"https:\/\/climatlantic.panchroma.dev\/fr\/#organization\",\"name\":\"CLIMAtlantic\",\"url\":\"https:\/\/climatlantic.panchroma.dev\/fr\/\",\"logo\":{\"@type\":\"ImageObject\",\"inLanguage\":\"fr-FR\",\"@id\":\"https:\/\/climatlantic.panchroma.dev\/fr\/#\/schema\/logo\/image\/\",\"url\":\"https:\/\/climatlantic.ca\/wp\/wp-content\/uploads\/2021\/07\/cropped-Climatlantic_Favicon.png\",\"contentUrl\":\"https:\/\/climatlantic.ca\/wp\/wp-content\/uploads\/2021\/07\/cropped-Climatlantic_Favicon.png\",\"width\":512,\"height\":512,\"caption\":\"CLIMAtlantic\"},\"image\":{\"@id\":\"https:\/\/climatlantic.panchroma.dev\/fr\/#\/schema\/logo\/image\/\"},\"sameAs\":[\"https:\/\/www.facebook.com\/CLIMAtlanticInc\/\",\"http:\/\/instagram.com\/climatlantic\",\"https:\/\/www.linkedin.com\/company\/climatlantic\/\"]}]}<\/script>\n<!-- \/ Yoast SEO plugin. -->","yoast_head_json":{"title":"Fonds d'infrastructure des Premi\u00e8res Nations - CLIMAtlantic","robots":{"index":"index","follow":"follow","max-snippet":"max-snippet:-1","max-image-preview":"max-image-preview:large","max-video-preview":"max-video-preview:-1"},"canonical":"https:\/\/climatlantic.panchroma.dev\/fr\/fonds-dinfrastructure-des-premieres-nations\/","og_locale":"fr_FR","og_type":"article","og_title":"Fonds d'infrastructure des Premi\u00e8res Nations - CLIMAtlantic","og_description":"Fonds d'infrastructure des Premi\u00e8res Nations Le Fonds d'infrastructure des Premi\u00e8res Nations (FIPN) offre un soutien aux communaut\u00e9s des Premi\u00e8res nations qui cherchent \u00e0 am\u00e9liorer leur infrastructure publique dans neuf cat\u00e9gories, y compris, mais sans s'y limiter : planification et renforcement des comp\u00e9tences gestion des d\u00e9chets solides routes et ponts att\u00e9nuation structurelle la protection contre l'incendie [&hellip;]","og_url":"https:\/\/climatlantic.panchroma.dev\/fr\/fonds-dinfrastructure-des-premieres-nations\/","og_site_name":"CLIMAtlantic","article_publisher":"https:\/\/www.facebook.com\/CLIMAtlanticInc\/","article_modified_time":"2025-01-06T13:23:20+00:00","twitter_card":"summary_large_image","twitter_misc":{"Dur\u00e9e de lecture estim\u00e9e":"2 minutes"},"schema":{"@context":"https:\/\/schema.org","@graph":[{"@type":"WebPage","@id":"https:\/\/climatlantic.panchroma.dev\/fr\/fonds-dinfrastructure-des-premieres-nations\/","url":"https:\/\/climatlantic.panchroma.dev\/fr\/fonds-dinfrastructure-des-premieres-nations\/","name":"Fonds d'infrastructure des Premi\u00e8res Nations - CLIMAtlantic","isPartOf":{"@id":"https:\/\/climatlantic.panchroma.dev\/fr\/#website"},"datePublished":"2023-08-24T11:48:45+00:00","dateModified":"2025-01-06T13:23:20+00:00","breadcrumb":{"@id":"https:\/\/climatlantic.panchroma.dev\/fr\/fonds-dinfrastructure-des-premieres-nations\/#breadcrumb"},"inLanguage":"fr-FR","potentialAction":[{"@type":"ReadAction","target":["https:\/\/climatlantic.panchroma.dev\/fr\/fonds-dinfrastructure-des-premieres-nations\/"]}]},{"@type":"BreadcrumbList","@id":"https:\/\/climatlantic.panchroma.dev\/fr\/fonds-dinfrastructure-des-premieres-nations\/#breadcrumb","itemListElement":[{"@type":"ListItem","position":1,"name":"Home","item":"https:\/\/climatlantic.panchroma.dev\/fr\/"},{"@type":"ListItem","position":2,"name":"Fonds d&#8217;infrastructure des Premi\u00e8res Nations"}]},{"@type":"WebSite","@id":"https:\/\/climatlantic.panchroma.dev\/fr\/#website","url":"https:\/\/climatlantic.panchroma.dev\/fr\/","name":"Climatlantic","description":"Enhancing Atlantic Climate Resilience","publisher":{"@id":"https:\/\/climatlantic.panchroma.dev\/fr\/#organization"},"potentialAction":[{"@type":"SearchAction","target":{"@type":"EntryPoint","urlTemplate":"https:\/\/climatlantic.panchroma.dev\/fr\/?s={search_term_string}"},"query-input":{"@type":"PropertyValueSpecification","valueRequired":true,"valueName":"search_term_string"}}],"inLanguage":"fr-FR"},{"@type":"Organization","@id":"https:\/\/climatlantic.panchroma.dev\/fr\/#organization","name":"CLIMAtlantic","url":"https:\/\/climatlantic.panchroma.dev\/fr\/","logo":{"@type":"ImageObject","inLanguage":"fr-FR","@id":"https:\/\/climatlantic.panchroma.dev\/fr\/#\/schema\/logo\/image\/","url":"https:\/\/climatlantic.ca\/wp\/wp-content\/uploads\/2021\/07\/cropped-Climatlantic_Favicon.png","contentUrl":"https:\/\/climatlantic.ca\/wp\/wp-content\/uploads\/2021\/07\/cropped-Climatlantic_Favicon.png","width":512,"height":512,"caption":"CLIMAtlantic"},"image":{"@id":"https:\/\/climatlantic.panchroma.dev\/fr\/#\/schema\/logo\/image\/"},"sameAs":["https:\/\/www.facebook.com\/CLIMAtlanticInc\/","http:\/\/instagram.com\/climatlantic","https:\/\/www.linkedin.com\/company\/climatlantic\/"]}]}},"_links":{"self":[{"href":"https:\/\/climatlantic.panchroma.dev\/fr\/wp-json\/wp\/v2\/pages\/8930","targetHints":{"allow":["GET"]}}],"collection":[{"href":"https:\/\/climatlantic.panchroma.dev\/fr\/wp-json\/wp\/v2\/pages"}],"about":[{"href":"https:\/\/climatlantic.panchroma.dev\/fr\/wp-json\/wp\/v2\/types\/page"}],"author":[{"embeddable":true,"href":"https:\/\/climatlantic.panchroma.dev\/fr\/wp-json\/wp\/v2\/users\/18"}],"replies":[{"embeddable":true,"href":"https:\/\/climatlantic.panchroma.dev\/fr\/wp-json\/wp\/v2\/comments?post=8930"}],"version-history":[{"count":3,"href":"https:\/\/climatlantic.panchroma.dev\/fr\/wp-json\/wp\/v2\/pages\/8930\/revisions"}],"predecessor-version":[{"id":16019,"href":"https:\/\/climatlantic.panchroma.dev\/fr\/wp-json\/wp\/v2\/pages\/8930\/revisions\/16019"}],"wp:attachment":[{"href":"https:\/\/climatlantic.panchroma.dev\/fr\/wp-json\/wp\/v2\/media?parent=8930"}],"wp:term":[{"taxonomy":"category","embeddable":true,"href":"https:\/\/climatlantic.panchroma.dev\/fr\/wp-json\/wp\/v2\/categories?post=8930"},{"taxonomy":"post_tag","embeddable":true,"href":"https:\/\/climatlantic.panchroma.dev\/fr\/wp-json\/wp\/v2\/tags?post=8930"}],"curies":[{"name":"wp","href":"https:\/\/api.w.org\/{rel}","templated":true}]}}