{"id":8462,"date":"2023-07-27T15:34:13","date_gmt":"2023-07-27T18:34:13","guid":{"rendered":"https:\/\/climatlantic.ca\/outils\/possibilites-financement\/gardiens-autochtones\/"},"modified":"2025-01-06T09:20:31","modified_gmt":"2025-01-06T13:20:31","slug":"gardiens-autochtones","status":"publish","type":"page","link":"https:\/\/climatlantic.panchroma.dev\/fr\/outils\/possibilites-financement\/gardiens-autochtones\/","title":{"rendered":"Gardiens autochtones"},"content":{"rendered":"<p>[et_pb_section fb_built=&#8221;1&#8243; _builder_version=&#8221;4.21.0&#8243; _module_preset=&#8221;default&#8221; global_colors_info=&#8221;{}&#8221; da_is_popup=&#8221;off&#8221; da_exit_intent=&#8221;off&#8221; da_has_close=&#8221;on&#8221; da_alt_close=&#8221;off&#8221; da_dark_close=&#8221;off&#8221; da_not_modal=&#8221;on&#8221; da_is_singular=&#8221;off&#8221; da_with_loader=&#8221;off&#8221; da_has_shadow=&#8221;on&#8221; da_disable_devices=&#8221;off|off|off&#8221;][et_pb_row _builder_version=&#8221;4.21.0&#8243; _module_preset=&#8221;default&#8221; global_colors_info=&#8221;{}&#8221;][et_pb_column type=&#8221;4_4&#8243; _builder_version=&#8221;4.21.0&#8243; _module_preset=&#8221;default&#8221; global_colors_info=&#8221;{}&#8221;][et_pb_image src=&#8221;https:\/\/climatlantic.ca\/wp\/wp-content\/uploads\/2023\/07\/ECCC-Funding-Indigenous-Guardians.png&#8221; title_text=&#8221;ECCC-Funding-Indigenous-Guardians&#8221; url=&#8221;https:\/\/www.canada.ca\/fr\/environnement-changement-climatique\/services\/financement-environnement\/gardiens-autochtones.html&#8221; url_new_window=&#8221;on&#8221; align=&#8221;center&#8221; _builder_version=&#8221;4.21.0&#8243; _module_preset=&#8221;default&#8221; global_colors_info=&#8221;{}&#8221;][\/et_pb_image][et_pb_text _builder_version=&#8221;4.27.4&#8243; _module_preset=&#8221;default&#8221; hover_enabled=&#8221;0&#8243; global_colors_info=&#8221;{}&#8221; sticky_enabled=&#8221;0&#8243;]<\/p>\n<div class=\"et_pb_column et_pb_column_4_4 et_pb_column_19  et_pb_css_mix_blend_mode_passthrough et-last-child\">\n<div class=\"et_pb_module et_pb_text et_pb_text_18  et_pb_text_align_left et_pb_bg_layout_light\">\n<div class=\"et_pb_text_inner\">\n<h4><a href=\"https:\/\/www.canada.ca\/fr\/environnement-changement-climatique\/services\/financement-environnement\/gardiens-autochtones.html\" target=\"_blank\" rel=\"noopener\"><span style=\"text-decoration: underline;\"><span data-sheets-value=\"{&quot;1&quot;:2,&quot;2&quot;:&quot;Gardiens autochtones&quot;}\" data-sheets-userformat=\"{&quot;2&quot;:641,&quot;3&quot;:{&quot;1&quot;:0},&quot;10&quot;:1,&quot;12&quot;:0}\">Gardiens autochtones<\/span><\/span><\/a><\/h4>\n<\/div>\n<\/div>\n<\/div>\n<p>Le programme Gardiens autochtones finance des projets qui :<\/p>\n<ul>\n<li>soutiennent les droits des populations autochtones et les activit\u00e9s de conservation<\/li>\n<li>maintiennent des \u00e9conomies durables, et<\/li>\n<li>maintiennent les liens entre les paysages naturels et les cultures indig\u00e8nes.<\/li>\n<\/ul>\n<p>Les exemples de projets \u00e9ligibles comprennent, sans s&#8217;y limiter, incluant :<\/p>\n<ul>\n<li>la collection et la surveillance de donn\u00e9es sur les terres et l&#8217;eau<\/li>\n<li>la planification de la conservation, l&#8217;utilisation des terres et des relations fonci\u00e8res, et<\/li>\n<li>la collection et l&#8217;application des lois, des enseignements et des connaissances autochtones.<\/li>\n<\/ul>\n<p>Ces projets et d&#8217;autres soutiennent les communaut\u00e9s autochtones et leurs connaissances \u00e9cologiques traditionnelles dans leur adaptation aux changements climatiques.<\/p>\n<p>[\/et_pb_text][et_pb_button button_url=&#8221;@ET-DC@eyJkeW5hbWljIjp0cnVlLCJjb250ZW50IjoicG9zdF9saW5rX3VybF9wYWdlIiwic2V0dGluZ3MiOnsicG9zdF9pZCI6IjY2ODIifX0=@&#8221; button_text=&#8221;RETOUR AUX OPPORTUNIT\u00c9S DE FINANCEMENT&#8221; _builder_version=&#8221;4.21.0&#8243; _dynamic_attributes=&#8221;button_url&#8221; _module_preset=&#8221;default&#8221; custom_margin=&#8221;-12px||||false|false&#8221; custom_padding=&#8221;||||false|false&#8221; global_colors_info=&#8221;{}&#8221;][\/et_pb_button][\/et_pb_column][\/et_pb_row][\/et_pb_section]<\/p>\n","protected":false},"excerpt":{"rendered":"<p>Gardiens autochtones Le programme Gardiens autochtones finance des projets qui : soutiennent les droits des populations autochtones et les activit\u00e9s de conservation maintiennent des \u00e9conomies durables, et maintiennent les liens entre les paysages naturels et les cultures indig\u00e8nes. Les exemples de projets \u00e9ligibles comprennent, sans s&#8217;y limiter, incluant : la collection et la surveillance de [&hellip;]<\/p>\n","protected":false},"author":18,"featured_media":0,"parent":7052,"menu_order":0,"comment_status":"closed","ping_status":"closed","template":"","meta":{"_et_pb_use_builder":"on","_et_pb_old_content":"","_et_gb_content_width":"","footnotes":""},"categories":[],"tags":[],"class_list":["post-8462","page","type-page","status-publish","hentry"],"yoast_head":"<!-- This site is optimized with the Yoast SEO plugin v26.5 - https:\/\/yoast.com\/wordpress\/plugins\/seo\/ -->\n<title>Gardiens autochtones - CLIMAtlantic<\/title>\n<meta name=\"robots\" content=\"index, follow, max-snippet:-1, max-image-preview:large, max-video-preview:-1\" \/>\n<link rel=\"canonical\" href=\"https:\/\/climatlantic.panchroma.dev\/fr\/outils\/possibilites-financement\/gardiens-autochtones\/\" \/>\n<meta property=\"og:locale\" content=\"fr_FR\" \/>\n<meta property=\"og:type\" content=\"article\" \/>\n<meta property=\"og:title\" content=\"Gardiens autochtones - CLIMAtlantic\" \/>\n<meta property=\"og:description\" content=\"Gardiens autochtones Le programme Gardiens autochtones finance des projets qui : soutiennent les droits des populations autochtones et les activit\u00e9s de conservation maintiennent des \u00e9conomies durables, et maintiennent les liens entre les paysages naturels et les cultures indig\u00e8nes. Les exemples de projets \u00e9ligibles comprennent, sans s&#039;y limiter, incluant : la collection et la surveillance de [&hellip;]\" \/>\n<meta property=\"og:url\" content=\"https:\/\/climatlantic.panchroma.dev\/fr\/outils\/possibilites-financement\/gardiens-autochtones\/\" \/>\n<meta property=\"og:site_name\" content=\"CLIMAtlantic\" \/>\n<meta property=\"article:publisher\" content=\"https:\/\/www.facebook.com\/CLIMAtlanticInc\/\" \/>\n<meta property=\"article:modified_time\" content=\"2025-01-06T13:20:31+00:00\" \/>\n<meta name=\"twitter:card\" content=\"summary_large_image\" \/>\n<meta name=\"twitter:label1\" content=\"Dur\u00e9e de lecture estim\u00e9e\" \/>\n\t<meta name=\"twitter:data1\" content=\"2 minutes\" \/>\n<script type=\"application\/ld+json\" class=\"yoast-schema-graph\">{\"@context\":\"https:\/\/schema.org\",\"@graph\":[{\"@type\":\"WebPage\",\"@id\":\"https:\/\/climatlantic.panchroma.dev\/fr\/outils\/possibilites-financement\/gardiens-autochtones\/\",\"url\":\"https:\/\/climatlantic.panchroma.dev\/fr\/outils\/possibilites-financement\/gardiens-autochtones\/\",\"name\":\"Gardiens autochtones - CLIMAtlantic\",\"isPartOf\":{\"@id\":\"https:\/\/climatlantic.panchroma.dev\/fr\/#website\"},\"datePublished\":\"2023-07-27T18:34:13+00:00\",\"dateModified\":\"2025-01-06T13:20:31+00:00\",\"breadcrumb\":{\"@id\":\"https:\/\/climatlantic.panchroma.dev\/fr\/outils\/possibilites-financement\/gardiens-autochtones\/#breadcrumb\"},\"inLanguage\":\"fr-FR\",\"potentialAction\":[{\"@type\":\"ReadAction\",\"target\":[\"https:\/\/climatlantic.panchroma.dev\/fr\/outils\/possibilites-financement\/gardiens-autochtones\/\"]}]},{\"@type\":\"BreadcrumbList\",\"@id\":\"https:\/\/climatlantic.panchroma.dev\/fr\/outils\/possibilites-financement\/gardiens-autochtones\/#breadcrumb\",\"itemListElement\":[{\"@type\":\"ListItem\",\"position\":1,\"name\":\"Home\",\"item\":\"https:\/\/climatlantic.panchroma.dev\/fr\/\"},{\"@type\":\"ListItem\",\"position\":2,\"name\":\"Outils\",\"item\":\"https:\/\/climatlantic.panchroma.dev\/fr\/tools\/\"},{\"@type\":\"ListItem\",\"position\":3,\"name\":\"Possibilit\u00e9s de financement\",\"item\":\"https:\/\/climatlantic.panchroma.dev\/fr\/tools\/funding-opportunities\/\"},{\"@type\":\"ListItem\",\"position\":4,\"name\":\"Gardiens autochtones\"}]},{\"@type\":\"WebSite\",\"@id\":\"https:\/\/climatlantic.panchroma.dev\/fr\/#website\",\"url\":\"https:\/\/climatlantic.panchroma.dev\/fr\/\",\"name\":\"Climatlantic\",\"description\":\"Enhancing Atlantic Climate Resilience\",\"publisher\":{\"@id\":\"https:\/\/climatlantic.panchroma.dev\/fr\/#organization\"},\"potentialAction\":[{\"@type\":\"SearchAction\",\"target\":{\"@type\":\"EntryPoint\",\"urlTemplate\":\"https:\/\/climatlantic.panchroma.dev\/fr\/?s={search_term_string}\"},\"query-input\":{\"@type\":\"PropertyValueSpecification\",\"valueRequired\":true,\"valueName\":\"search_term_string\"}}],\"inLanguage\":\"fr-FR\"},{\"@type\":\"Organization\",\"@id\":\"https:\/\/climatlantic.panchroma.dev\/fr\/#organization\",\"name\":\"CLIMAtlantic\",\"url\":\"https:\/\/climatlantic.panchroma.dev\/fr\/\",\"logo\":{\"@type\":\"ImageObject\",\"inLanguage\":\"fr-FR\",\"@id\":\"https:\/\/climatlantic.panchroma.dev\/fr\/#\/schema\/logo\/image\/\",\"url\":\"https:\/\/climatlantic.ca\/wp\/wp-content\/uploads\/2021\/07\/cropped-Climatlantic_Favicon.png\",\"contentUrl\":\"https:\/\/climatlantic.ca\/wp\/wp-content\/uploads\/2021\/07\/cropped-Climatlantic_Favicon.png\",\"width\":512,\"height\":512,\"caption\":\"CLIMAtlantic\"},\"image\":{\"@id\":\"https:\/\/climatlantic.panchroma.dev\/fr\/#\/schema\/logo\/image\/\"},\"sameAs\":[\"https:\/\/www.facebook.com\/CLIMAtlanticInc\/\",\"http:\/\/instagram.com\/climatlantic\",\"https:\/\/www.linkedin.com\/company\/climatlantic\/\"]}]}<\/script>\n<!-- \/ Yoast SEO plugin. -->","yoast_head_json":{"title":"Gardiens autochtones - CLIMAtlantic","robots":{"index":"index","follow":"follow","max-snippet":"max-snippet:-1","max-image-preview":"max-image-preview:large","max-video-preview":"max-video-preview:-1"},"canonical":"https:\/\/climatlantic.panchroma.dev\/fr\/outils\/possibilites-financement\/gardiens-autochtones\/","og_locale":"fr_FR","og_type":"article","og_title":"Gardiens autochtones - CLIMAtlantic","og_description":"Gardiens autochtones Le programme Gardiens autochtones finance des projets qui : soutiennent les droits des populations autochtones et les activit\u00e9s de conservation maintiennent des \u00e9conomies durables, et maintiennent les liens entre les paysages naturels et les cultures indig\u00e8nes. Les exemples de projets \u00e9ligibles comprennent, sans s'y limiter, incluant : la collection et la surveillance de [&hellip;]","og_url":"https:\/\/climatlantic.panchroma.dev\/fr\/outils\/possibilites-financement\/gardiens-autochtones\/","og_site_name":"CLIMAtlantic","article_publisher":"https:\/\/www.facebook.com\/CLIMAtlanticInc\/","article_modified_time":"2025-01-06T13:20:31+00:00","twitter_card":"summary_large_image","twitter_misc":{"Dur\u00e9e de lecture estim\u00e9e":"2 minutes"},"schema":{"@context":"https:\/\/schema.org","@graph":[{"@type":"WebPage","@id":"https:\/\/climatlantic.panchroma.dev\/fr\/outils\/possibilites-financement\/gardiens-autochtones\/","url":"https:\/\/climatlantic.panchroma.dev\/fr\/outils\/possibilites-financement\/gardiens-autochtones\/","name":"Gardiens autochtones - CLIMAtlantic","isPartOf":{"@id":"https:\/\/climatlantic.panchroma.dev\/fr\/#website"},"datePublished":"2023-07-27T18:34:13+00:00","dateModified":"2025-01-06T13:20:31+00:00","breadcrumb":{"@id":"https:\/\/climatlantic.panchroma.dev\/fr\/outils\/possibilites-financement\/gardiens-autochtones\/#breadcrumb"},"inLanguage":"fr-FR","potentialAction":[{"@type":"ReadAction","target":["https:\/\/climatlantic.panchroma.dev\/fr\/outils\/possibilites-financement\/gardiens-autochtones\/"]}]},{"@type":"BreadcrumbList","@id":"https:\/\/climatlantic.panchroma.dev\/fr\/outils\/possibilites-financement\/gardiens-autochtones\/#breadcrumb","itemListElement":[{"@type":"ListItem","position":1,"name":"Home","item":"https:\/\/climatlantic.panchroma.dev\/fr\/"},{"@type":"ListItem","position":2,"name":"Outils","item":"https:\/\/climatlantic.panchroma.dev\/fr\/tools\/"},{"@type":"ListItem","position":3,"name":"Possibilit\u00e9s de financement","item":"https:\/\/climatlantic.panchroma.dev\/fr\/tools\/funding-opportunities\/"},{"@type":"ListItem","position":4,"name":"Gardiens autochtones"}]},{"@type":"WebSite","@id":"https:\/\/climatlantic.panchroma.dev\/fr\/#website","url":"https:\/\/climatlantic.panchroma.dev\/fr\/","name":"Climatlantic","description":"Enhancing Atlantic Climate Resilience","publisher":{"@id":"https:\/\/climatlantic.panchroma.dev\/fr\/#organization"},"potentialAction":[{"@type":"SearchAction","target":{"@type":"EntryPoint","urlTemplate":"https:\/\/climatlantic.panchroma.dev\/fr\/?s={search_term_string}"},"query-input":{"@type":"PropertyValueSpecification","valueRequired":true,"valueName":"search_term_string"}}],"inLanguage":"fr-FR"},{"@type":"Organization","@id":"https:\/\/climatlantic.panchroma.dev\/fr\/#organization","name":"CLIMAtlantic","url":"https:\/\/climatlantic.panchroma.dev\/fr\/","logo":{"@type":"ImageObject","inLanguage":"fr-FR","@id":"https:\/\/climatlantic.panchroma.dev\/fr\/#\/schema\/logo\/image\/","url":"https:\/\/climatlantic.ca\/wp\/wp-content\/uploads\/2021\/07\/cropped-Climatlantic_Favicon.png","contentUrl":"https:\/\/climatlantic.ca\/wp\/wp-content\/uploads\/2021\/07\/cropped-Climatlantic_Favicon.png","width":512,"height":512,"caption":"CLIMAtlantic"},"image":{"@id":"https:\/\/climatlantic.panchroma.dev\/fr\/#\/schema\/logo\/image\/"},"sameAs":["https:\/\/www.facebook.com\/CLIMAtlanticInc\/","http:\/\/instagram.com\/climatlantic","https:\/\/www.linkedin.com\/company\/climatlantic\/"]}]}},"_links":{"self":[{"href":"https:\/\/climatlantic.panchroma.dev\/fr\/wp-json\/wp\/v2\/pages\/8462","targetHints":{"allow":["GET"]}}],"collection":[{"href":"https:\/\/climatlantic.panchroma.dev\/fr\/wp-json\/wp\/v2\/pages"}],"about":[{"href":"https:\/\/climatlantic.panchroma.dev\/fr\/wp-json\/wp\/v2\/types\/page"}],"author":[{"embeddable":true,"href":"https:\/\/climatlantic.panchroma.dev\/fr\/wp-json\/wp\/v2\/users\/18"}],"replies":[{"embeddable":true,"href":"https:\/\/climatlantic.panchroma.dev\/fr\/wp-json\/wp\/v2\/comments?post=8462"}],"version-history":[{"count":3,"href":"https:\/\/climatlantic.panchroma.dev\/fr\/wp-json\/wp\/v2\/pages\/8462\/revisions"}],"predecessor-version":[{"id":16015,"href":"https:\/\/climatlantic.panchroma.dev\/fr\/wp-json\/wp\/v2\/pages\/8462\/revisions\/16015"}],"up":[{"embeddable":true,"href":"https:\/\/climatlantic.panchroma.dev\/fr\/wp-json\/wp\/v2\/pages\/7052"}],"wp:attachment":[{"href":"https:\/\/climatlantic.panchroma.dev\/fr\/wp-json\/wp\/v2\/media?parent=8462"}],"wp:term":[{"taxonomy":"category","embeddable":true,"href":"https:\/\/climatlantic.panchroma.dev\/fr\/wp-json\/wp\/v2\/categories?post=8462"},{"taxonomy":"post_tag","embeddable":true,"href":"https:\/\/climatlantic.panchroma.dev\/fr\/wp-json\/wp\/v2\/tags?post=8462"}],"curies":[{"name":"wp","href":"https:\/\/api.w.org\/{rel}","templated":true}]}}