{"id":8448,"date":"2023-07-27T15:00:19","date_gmt":"2023-07-27T18:00:19","guid":{"rendered":"https:\/\/climatlantic.ca\/outils\/possibilites-financement\/programme-sur-le-changement-climatique-et-ladaptation-du-secteur-de-la-sante\/"},"modified":"2025-09-17T08:23:47","modified_gmt":"2025-09-17T11:23:47","slug":"programme-sur-le-changement-climatique-et-ladaptation-du-secteur-de-la-sante","status":"publish","type":"page","link":"https:\/\/climatlantic.panchroma.dev\/fr\/outils\/possibilites-financement\/programme-sur-le-changement-climatique-et-ladaptation-du-secteur-de-la-sante\/","title":{"rendered":"Programme sur le changement climatique et l&#8217;adaptation du secteur de la sant\u00e9"},"content":{"rendered":"<p>[et_pb_section fb_built=&#8221;1&#8243; _builder_version=&#8221;4.21.0&#8243; _module_preset=&#8221;default&#8221; da_disable_devices=&#8221;off|off|off&#8221; global_colors_info=&#8221;{}&#8221; da_is_popup=&#8221;off&#8221; da_exit_intent=&#8221;off&#8221; da_has_close=&#8221;on&#8221; da_alt_close=&#8221;off&#8221; da_dark_close=&#8221;off&#8221; da_not_modal=&#8221;on&#8221; da_is_singular=&#8221;off&#8221; da_with_loader=&#8221;off&#8221; da_has_shadow=&#8221;on&#8221;][et_pb_row _builder_version=&#8221;4.21.0&#8243; _module_preset=&#8221;default&#8221; global_colors_info=&#8221;{}&#8221;][et_pb_column type=&#8221;4_4&#8243; _builder_version=&#8221;4.21.0&#8243; _module_preset=&#8221;default&#8221; global_colors_info=&#8221;{}&#8221;][et_pb_image src=&#8221;https:\/\/climatlantic.ca\/wp\/wp-content\/uploads\/2025\/07\/Birch-Brook-scaled.jpeg&#8221; alt=&#8221;Le fran\u00e7ais suit An image overlooking Birch Brook in Labrador. A sunny day, the snowy foreground shows a set of snowshoe tracks leading into the woods in the distance. Image surplombant le ruisseau Birch au Labrador. Un jour ensoleill\u00e9, le premier plan enneig\u00e9 montre un ensemble de traces de raquettes menant dans les bois au loin. &#8221; title_text=&#8221;Birch Brook&#8221; url=&#8221;https:\/\/www.sac-isc.gc.ca\/fra\/1536238477403\/1536780059794&#8243; url_new_window=&#8221;on&#8221; align=&#8221;center&#8221; _builder_version=&#8221;4.27.4&#8243; _module_preset=&#8221;default&#8221; width=&#8221;85%&#8221; global_colors_info=&#8221;{}&#8221;][\/et_pb_image][et_pb_text _builder_version=&#8221;4.27.4&#8243; _module_preset=&#8221;default&#8221; hover_enabled=&#8221;0&#8243; global_colors_info=&#8221;{}&#8221; sticky_enabled=&#8221;0&#8243;]<\/p>\n<div class=\"et_pb_column et_pb_column_4_4 et_pb_column_19  et_pb_css_mix_blend_mode_passthrough et-last-child\">\n<div class=\"et_pb_module et_pb_text et_pb_text_18  et_pb_text_align_left et_pb_bg_layout_light\">\n<div class=\"et_pb_text_inner\">\n<h4><span style=\"text-decoration: underline;\"><a href=\"https:\/\/www.sac-isc.gc.ca\/fra\/1536238477403\/1536780059794\" target=\"_blank\" rel=\"noopener\">Programme sur le changement climatique et l&#8217;adaptation du secteur de la sant\u00e9<\/a><\/span><\/h4>\n<\/div>\n<\/div>\n<\/div>\n<p>Le Programme d\u2019adaptation sur le changement climatique et \u00e0 l\u2019adaptation du secteur de la sant\u00e9 (PCCASS) de Services aux indig\u00e8nes Canada est divis\u00e9 en deux volets :<\/p>\n<ul>\n<li>PCCASS pour les communaut\u00e9s au nord (en cours)<\/li>\n<li>PCCASS pour les communaut\u00e9s Premi\u00e8res nations au sud du 60\u00b0 N (annuel, actuellement ferm\u00e9)<\/li>\n<\/ul>\n<p>Les impacts des ph\u00e9nom\u00e8nes m\u00e9t\u00e9orologiques extr\u00eames, la pr\u00e9paration en cas d\u2019urgence, la s\u00e9curit\u00e9 avec la nourriture traditionnelle et l\u2019acc\u00e8s aux aliments pr\u00e9lev\u00e9s dans la nature ne sont que quelques exemples de projets soutenus pr\u00e9c\u00e9demment. Gr\u00e2ce \u00e0 ce programme, les communaut\u00e9s des Premi\u00e8res nations et des Inuits sont aid\u00e9es \u00e0 identifier, \u00e0 \u00e9valuer et \u00e0 s\u2019adapter aux effets des changements climatiques sur la sant\u00e9.<\/p>\n<p>Les deux programmes sont ouverts aux communaut\u00e9s et organisations des Premi\u00e8res nations et des Inuits, ainsi qu\u2019aux organisations non gouvernementales et b\u00e9n\u00e9voles.<\/p>\n<p>La date limite de d\u00e9p\u00f4t des candidatures pour le volet PCCASS au sud du 60\u00b0 N \u00e9tait fix\u00e9e au 12 septembre 2025. Le processus d&#8217;admission pour le volet PCCASS du Nord est en cours.<\/p>\n<p>[\/et_pb_text][et_pb_button button_url=&#8221;@ET-DC@eyJkeW5hbWljIjp0cnVlLCJjb250ZW50IjoicG9zdF9saW5rX3VybF9wYWdlIiwic2V0dGluZ3MiOnsicG9zdF9pZCI6IjY2ODIifX0=@&#8221; button_text=&#8221;RETOUR AUX OPPORTUNIT\u00c9S DE FINANCEMENT&#8221; _builder_version=&#8221;4.21.0&#8243; _dynamic_attributes=&#8221;button_url&#8221; _module_preset=&#8221;default&#8221; custom_margin=&#8221;-12px||||false|false&#8221; custom_padding=&#8221;||||false|false&#8221; global_colors_info=&#8221;{}&#8221;][\/et_pb_button][\/et_pb_column][\/et_pb_row][\/et_pb_section]<\/p>\n","protected":false},"excerpt":{"rendered":"<p>Programme sur le changement climatique et l&#8217;adaptation du secteur de la sant\u00e9 Le Programme d\u2019adaptation sur le changement climatique et \u00e0 l\u2019adaptation du secteur de la sant\u00e9 (PCCASS) de Services aux indig\u00e8nes Canada est divis\u00e9 en deux volets : PCCASS pour les communaut\u00e9s au nord (en cours) PCCASS pour les communaut\u00e9s Premi\u00e8res nations au sud [&hellip;]<\/p>\n","protected":false},"author":18,"featured_media":0,"parent":7052,"menu_order":0,"comment_status":"closed","ping_status":"closed","template":"","meta":{"_et_pb_use_builder":"on","_et_pb_old_content":"","_et_gb_content_width":"","footnotes":""},"categories":[],"tags":[],"class_list":["post-8448","page","type-page","status-publish","hentry"],"yoast_head":"<!-- This site is optimized with the Yoast SEO plugin v26.5 - https:\/\/yoast.com\/wordpress\/plugins\/seo\/ -->\n<title>Programme sur le changement climatique et l&#039;adaptation du secteur de la sant\u00e9 - CLIMAtlantic<\/title>\n<meta name=\"robots\" content=\"index, follow, max-snippet:-1, max-image-preview:large, max-video-preview:-1\" \/>\n<link rel=\"canonical\" href=\"https:\/\/climatlantic.panchroma.dev\/fr\/outils\/possibilites-financement\/programme-sur-le-changement-climatique-et-ladaptation-du-secteur-de-la-sante\/\" \/>\n<meta property=\"og:locale\" content=\"fr_FR\" \/>\n<meta property=\"og:type\" content=\"article\" \/>\n<meta property=\"og:title\" content=\"Programme sur le changement climatique et l&#039;adaptation du secteur de la sant\u00e9 - CLIMAtlantic\" \/>\n<meta property=\"og:description\" content=\"Programme sur le changement climatique et l&#039;adaptation du secteur de la sant\u00e9 Le Programme d\u2019adaptation sur le changement climatique et \u00e0 l\u2019adaptation du secteur de la sant\u00e9 (PCCASS) de Services aux indig\u00e8nes Canada est divis\u00e9 en deux volets : PCCASS pour les communaut\u00e9s au nord (en cours) PCCASS pour les communaut\u00e9s Premi\u00e8res nations au sud [&hellip;]\" \/>\n<meta property=\"og:url\" content=\"https:\/\/climatlantic.panchroma.dev\/fr\/outils\/possibilites-financement\/programme-sur-le-changement-climatique-et-ladaptation-du-secteur-de-la-sante\/\" \/>\n<meta property=\"og:site_name\" content=\"CLIMAtlantic\" \/>\n<meta property=\"article:publisher\" content=\"https:\/\/www.facebook.com\/CLIMAtlanticInc\/\" \/>\n<meta property=\"article:modified_time\" content=\"2025-09-17T11:23:47+00:00\" \/>\n<meta name=\"twitter:card\" content=\"summary_large_image\" \/>\n<meta name=\"twitter:label1\" content=\"Dur\u00e9e de lecture estim\u00e9e\" \/>\n\t<meta name=\"twitter:data1\" content=\"2 minutes\" \/>\n<script type=\"application\/ld+json\" class=\"yoast-schema-graph\">{\"@context\":\"https:\/\/schema.org\",\"@graph\":[{\"@type\":\"WebPage\",\"@id\":\"https:\/\/climatlantic.panchroma.dev\/fr\/outils\/possibilites-financement\/programme-sur-le-changement-climatique-et-ladaptation-du-secteur-de-la-sante\/\",\"url\":\"https:\/\/climatlantic.panchroma.dev\/fr\/outils\/possibilites-financement\/programme-sur-le-changement-climatique-et-ladaptation-du-secteur-de-la-sante\/\",\"name\":\"Programme sur le changement climatique et l'adaptation du secteur de la sant\u00e9 - CLIMAtlantic\",\"isPartOf\":{\"@id\":\"https:\/\/climatlantic.panchroma.dev\/fr\/#website\"},\"datePublished\":\"2023-07-27T18:00:19+00:00\",\"dateModified\":\"2025-09-17T11:23:47+00:00\",\"breadcrumb\":{\"@id\":\"https:\/\/climatlantic.panchroma.dev\/fr\/outils\/possibilites-financement\/programme-sur-le-changement-climatique-et-ladaptation-du-secteur-de-la-sante\/#breadcrumb\"},\"inLanguage\":\"fr-FR\",\"potentialAction\":[{\"@type\":\"ReadAction\",\"target\":[\"https:\/\/climatlantic.panchroma.dev\/fr\/outils\/possibilites-financement\/programme-sur-le-changement-climatique-et-ladaptation-du-secteur-de-la-sante\/\"]}]},{\"@type\":\"BreadcrumbList\",\"@id\":\"https:\/\/climatlantic.panchroma.dev\/fr\/outils\/possibilites-financement\/programme-sur-le-changement-climatique-et-ladaptation-du-secteur-de-la-sante\/#breadcrumb\",\"itemListElement\":[{\"@type\":\"ListItem\",\"position\":1,\"name\":\"Home\",\"item\":\"https:\/\/climatlantic.panchroma.dev\/fr\/\"},{\"@type\":\"ListItem\",\"position\":2,\"name\":\"Outils\",\"item\":\"https:\/\/climatlantic.panchroma.dev\/fr\/tools\/\"},{\"@type\":\"ListItem\",\"position\":3,\"name\":\"Possibilit\u00e9s de financement\",\"item\":\"https:\/\/climatlantic.panchroma.dev\/fr\/tools\/funding-opportunities\/\"},{\"@type\":\"ListItem\",\"position\":4,\"name\":\"Programme sur le changement climatique et l&#8217;adaptation du secteur de la sant\u00e9\"}]},{\"@type\":\"WebSite\",\"@id\":\"https:\/\/climatlantic.panchroma.dev\/fr\/#website\",\"url\":\"https:\/\/climatlantic.panchroma.dev\/fr\/\",\"name\":\"Climatlantic\",\"description\":\"Enhancing Atlantic Climate Resilience\",\"publisher\":{\"@id\":\"https:\/\/climatlantic.panchroma.dev\/fr\/#organization\"},\"potentialAction\":[{\"@type\":\"SearchAction\",\"target\":{\"@type\":\"EntryPoint\",\"urlTemplate\":\"https:\/\/climatlantic.panchroma.dev\/fr\/?s={search_term_string}\"},\"query-input\":{\"@type\":\"PropertyValueSpecification\",\"valueRequired\":true,\"valueName\":\"search_term_string\"}}],\"inLanguage\":\"fr-FR\"},{\"@type\":\"Organization\",\"@id\":\"https:\/\/climatlantic.panchroma.dev\/fr\/#organization\",\"name\":\"CLIMAtlantic\",\"url\":\"https:\/\/climatlantic.panchroma.dev\/fr\/\",\"logo\":{\"@type\":\"ImageObject\",\"inLanguage\":\"fr-FR\",\"@id\":\"https:\/\/climatlantic.panchroma.dev\/fr\/#\/schema\/logo\/image\/\",\"url\":\"https:\/\/climatlantic.ca\/wp\/wp-content\/uploads\/2021\/07\/cropped-Climatlantic_Favicon.png\",\"contentUrl\":\"https:\/\/climatlantic.ca\/wp\/wp-content\/uploads\/2021\/07\/cropped-Climatlantic_Favicon.png\",\"width\":512,\"height\":512,\"caption\":\"CLIMAtlantic\"},\"image\":{\"@id\":\"https:\/\/climatlantic.panchroma.dev\/fr\/#\/schema\/logo\/image\/\"},\"sameAs\":[\"https:\/\/www.facebook.com\/CLIMAtlanticInc\/\",\"http:\/\/instagram.com\/climatlantic\",\"https:\/\/www.linkedin.com\/company\/climatlantic\/\"]}]}<\/script>\n<!-- \/ Yoast SEO plugin. -->","yoast_head_json":{"title":"Programme sur le changement climatique et l'adaptation du secteur de la sant\u00e9 - CLIMAtlantic","robots":{"index":"index","follow":"follow","max-snippet":"max-snippet:-1","max-image-preview":"max-image-preview:large","max-video-preview":"max-video-preview:-1"},"canonical":"https:\/\/climatlantic.panchroma.dev\/fr\/outils\/possibilites-financement\/programme-sur-le-changement-climatique-et-ladaptation-du-secteur-de-la-sante\/","og_locale":"fr_FR","og_type":"article","og_title":"Programme sur le changement climatique et l'adaptation du secteur de la sant\u00e9 - CLIMAtlantic","og_description":"Programme sur le changement climatique et l'adaptation du secteur de la sant\u00e9 Le Programme d\u2019adaptation sur le changement climatique et \u00e0 l\u2019adaptation du secteur de la sant\u00e9 (PCCASS) de Services aux indig\u00e8nes Canada est divis\u00e9 en deux volets : PCCASS pour les communaut\u00e9s au nord (en cours) PCCASS pour les communaut\u00e9s Premi\u00e8res nations au sud [&hellip;]","og_url":"https:\/\/climatlantic.panchroma.dev\/fr\/outils\/possibilites-financement\/programme-sur-le-changement-climatique-et-ladaptation-du-secteur-de-la-sante\/","og_site_name":"CLIMAtlantic","article_publisher":"https:\/\/www.facebook.com\/CLIMAtlanticInc\/","article_modified_time":"2025-09-17T11:23:47+00:00","twitter_card":"summary_large_image","twitter_misc":{"Dur\u00e9e de lecture estim\u00e9e":"2 minutes"},"schema":{"@context":"https:\/\/schema.org","@graph":[{"@type":"WebPage","@id":"https:\/\/climatlantic.panchroma.dev\/fr\/outils\/possibilites-financement\/programme-sur-le-changement-climatique-et-ladaptation-du-secteur-de-la-sante\/","url":"https:\/\/climatlantic.panchroma.dev\/fr\/outils\/possibilites-financement\/programme-sur-le-changement-climatique-et-ladaptation-du-secteur-de-la-sante\/","name":"Programme sur le changement climatique et l'adaptation du secteur de la sant\u00e9 - CLIMAtlantic","isPartOf":{"@id":"https:\/\/climatlantic.panchroma.dev\/fr\/#website"},"datePublished":"2023-07-27T18:00:19+00:00","dateModified":"2025-09-17T11:23:47+00:00","breadcrumb":{"@id":"https:\/\/climatlantic.panchroma.dev\/fr\/outils\/possibilites-financement\/programme-sur-le-changement-climatique-et-ladaptation-du-secteur-de-la-sante\/#breadcrumb"},"inLanguage":"fr-FR","potentialAction":[{"@type":"ReadAction","target":["https:\/\/climatlantic.panchroma.dev\/fr\/outils\/possibilites-financement\/programme-sur-le-changement-climatique-et-ladaptation-du-secteur-de-la-sante\/"]}]},{"@type":"BreadcrumbList","@id":"https:\/\/climatlantic.panchroma.dev\/fr\/outils\/possibilites-financement\/programme-sur-le-changement-climatique-et-ladaptation-du-secteur-de-la-sante\/#breadcrumb","itemListElement":[{"@type":"ListItem","position":1,"name":"Home","item":"https:\/\/climatlantic.panchroma.dev\/fr\/"},{"@type":"ListItem","position":2,"name":"Outils","item":"https:\/\/climatlantic.panchroma.dev\/fr\/tools\/"},{"@type":"ListItem","position":3,"name":"Possibilit\u00e9s de financement","item":"https:\/\/climatlantic.panchroma.dev\/fr\/tools\/funding-opportunities\/"},{"@type":"ListItem","position":4,"name":"Programme sur le changement climatique et l&#8217;adaptation du secteur de la sant\u00e9"}]},{"@type":"WebSite","@id":"https:\/\/climatlantic.panchroma.dev\/fr\/#website","url":"https:\/\/climatlantic.panchroma.dev\/fr\/","name":"Climatlantic","description":"Enhancing Atlantic Climate Resilience","publisher":{"@id":"https:\/\/climatlantic.panchroma.dev\/fr\/#organization"},"potentialAction":[{"@type":"SearchAction","target":{"@type":"EntryPoint","urlTemplate":"https:\/\/climatlantic.panchroma.dev\/fr\/?s={search_term_string}"},"query-input":{"@type":"PropertyValueSpecification","valueRequired":true,"valueName":"search_term_string"}}],"inLanguage":"fr-FR"},{"@type":"Organization","@id":"https:\/\/climatlantic.panchroma.dev\/fr\/#organization","name":"CLIMAtlantic","url":"https:\/\/climatlantic.panchroma.dev\/fr\/","logo":{"@type":"ImageObject","inLanguage":"fr-FR","@id":"https:\/\/climatlantic.panchroma.dev\/fr\/#\/schema\/logo\/image\/","url":"https:\/\/climatlantic.ca\/wp\/wp-content\/uploads\/2021\/07\/cropped-Climatlantic_Favicon.png","contentUrl":"https:\/\/climatlantic.ca\/wp\/wp-content\/uploads\/2021\/07\/cropped-Climatlantic_Favicon.png","width":512,"height":512,"caption":"CLIMAtlantic"},"image":{"@id":"https:\/\/climatlantic.panchroma.dev\/fr\/#\/schema\/logo\/image\/"},"sameAs":["https:\/\/www.facebook.com\/CLIMAtlanticInc\/","http:\/\/instagram.com\/climatlantic","https:\/\/www.linkedin.com\/company\/climatlantic\/"]}]}},"_links":{"self":[{"href":"https:\/\/climatlantic.panchroma.dev\/fr\/wp-json\/wp\/v2\/pages\/8448","targetHints":{"allow":["GET"]}}],"collection":[{"href":"https:\/\/climatlantic.panchroma.dev\/fr\/wp-json\/wp\/v2\/pages"}],"about":[{"href":"https:\/\/climatlantic.panchroma.dev\/fr\/wp-json\/wp\/v2\/types\/page"}],"author":[{"embeddable":true,"href":"https:\/\/climatlantic.panchroma.dev\/fr\/wp-json\/wp\/v2\/users\/18"}],"replies":[{"embeddable":true,"href":"https:\/\/climatlantic.panchroma.dev\/fr\/wp-json\/wp\/v2\/comments?post=8448"}],"version-history":[{"count":5,"href":"https:\/\/climatlantic.panchroma.dev\/fr\/wp-json\/wp\/v2\/pages\/8448\/revisions"}],"predecessor-version":[{"id":18122,"href":"https:\/\/climatlantic.panchroma.dev\/fr\/wp-json\/wp\/v2\/pages\/8448\/revisions\/18122"}],"up":[{"embeddable":true,"href":"https:\/\/climatlantic.panchroma.dev\/fr\/wp-json\/wp\/v2\/pages\/7052"}],"wp:attachment":[{"href":"https:\/\/climatlantic.panchroma.dev\/fr\/wp-json\/wp\/v2\/media?parent=8448"}],"wp:term":[{"taxonomy":"category","embeddable":true,"href":"https:\/\/climatlantic.panchroma.dev\/fr\/wp-json\/wp\/v2\/categories?post=8448"},{"taxonomy":"post_tag","embeddable":true,"href":"https:\/\/climatlantic.panchroma.dev\/fr\/wp-json\/wp\/v2\/tags?post=8448"}],"curies":[{"name":"wp","href":"https:\/\/api.w.org\/{rel}","templated":true}]}}