{"id":7676,"date":"2023-06-12T15:54:22","date_gmt":"2023-06-12T18:54:22","guid":{"rendered":"https:\/\/climatlantic.ca\/financement-dossier-de-travail\/programme-de-recherche-sur-les-technologies-et-concepts-emergents-de-lenergie-nette-zero-tce\/"},"modified":"2025-11-04T08:12:22","modified_gmt":"2025-11-04T12:12:22","slug":"nette-zero","status":"publish","type":"page","link":"https:\/\/climatlantic.panchroma.dev\/fr\/outils\/possibilites-financement\/nette-zero\/","title":{"rendered":"Programme de recherche sur les technologies et concepts \u00e9mergents de l&#8217;\u00e9nergie nette z\u00e9ro (TCE)"},"content":{"rendered":"<p>[et_pb_section fb_built=&#8221;1&#8243; _builder_version=&#8221;4.21.0&#8243; _module_preset=&#8221;default&#8221; da_disable_devices=&#8221;off|off|off&#8221; global_colors_info=&#8221;{}&#8221; da_is_popup=&#8221;off&#8221; da_exit_intent=&#8221;off&#8221; da_has_close=&#8221;on&#8221; da_alt_close=&#8221;off&#8221; da_dark_close=&#8221;off&#8221; da_not_modal=&#8221;on&#8221; da_is_singular=&#8221;off&#8221; da_with_loader=&#8221;off&#8221; da_has_shadow=&#8221;on&#8221;][et_pb_row _builder_version=&#8221;4.21.0&#8243; _module_preset=&#8221;default&#8221; global_colors_info=&#8221;{}&#8221;][et_pb_column type=&#8221;4_4&#8243; _builder_version=&#8221;4.21.0&#8243; _module_preset=&#8221;default&#8221; global_colors_info=&#8221;{}&#8221;][et_pb_image src=&#8221;https:\/\/climatlantic.ca\/wp\/wp-content\/uploads\/2023\/06\/NetZero_NS-1.png&#8221; alt=&#8221;Des bourgeons de plantes vertes poussent, entour\u00e9s de feuilles brunes tomb\u00e9es au sol. En bas, les logos de Net-Zero Atlantic et du gouvernement de la Nouvelle-\u00c9cosse. &#8221; title_text=&#8221;CLIMAtlantic-NetZero_NS&#8221; url=&#8221;https:\/\/netzeroatlantic.ca\/ect&#8221; url_new_window=&#8221;on&#8221; align=&#8221;center&#8221; _builder_version=&#8221;4.27.4&#8243; _module_preset=&#8221;default&#8221; width=&#8221;57%&#8221; global_colors_info=&#8221;{}&#8221;][\/et_pb_image][et_pb_text _builder_version=&#8221;4.27.4&#8243; _module_preset=&#8221;default&#8221; link_option_url_new_window=&#8221;on&#8221; hover_enabled=&#8221;0&#8243; global_colors_info=&#8221;{}&#8221; sticky_enabled=&#8221;0&#8243;]<\/p>\n<div class=\"et_pb_column et_pb_column_4_4 et_pb_column_19  et_pb_css_mix_blend_mode_passthrough et-last-child\">\n<div class=\"et_pb_module et_pb_text et_pb_text_18  et_pb_text_align_left et_pb_bg_layout_light\">\n<div class=\"et_pb_text_inner\">\n<h4><a href=\"https:\/\/netzeroatlantic.ca\/fr\/node\/579\" target=\"_blank\" rel=\"noopener\"><span style=\"text-decoration: underline;\">Programme de recherche de la Nouvelle-\u00c9cosse sur les nouveaux concepts et technologies (NCT) z\u00e9ro \u00e9mission nette<\/span><\/a><\/h4>\n<\/div>\n<\/div>\n<\/div>\n<p>Financ\u00e9 par le minist\u00e8re de l&#8217;Environnement et du Changement climatique de la Nouvelle-\u00c9cosse, le programme de recherche sur les technologies et concepts \u00e9mergents de l&#8217;\u00e9nergie nette z\u00e9ro (ECT) se d\u00e9roulera sur trois ans, de 2023 \u00e0 2026.<\/p>\n<p>Le programme NCT a pour but d\u2019aider la Nouvelle-\u00c9cosse \u00e0 atteindre son objectif de z\u00e9ro \u00e9mission nette ou de carboneutralit\u00e9 d\u2019ici 2050, et comprend un soutien aux projets de recherche ax\u00e9s sur les solutions naturelles pour la s\u00e9questration du carbone, qui contribue \u00e0 r\u00e9duire les risques li\u00e9s aux \u00e9v\u00e9nements extr\u00eames (par exemple, les inondations, les s\u00e9cheresses) tout en augmentant la r\u00e9silience aux impacts climatiques et en am\u00e9liorant la biodiversit\u00e9.<\/p>\n<p>Les candidatures devaient \u00eatre d\u00e9pos\u00e9es avant le 3 novembre 2025.<\/p>\n<p>(Veuillez noter que le site web mentionn\u00e9 ci-dessus n&#8217;est disponible qu&#8217;en anglais.)<\/p>\n<p>[\/et_pb_text][et_pb_button button_url=&#8221;@ET-DC@eyJkeW5hbWljIjp0cnVlLCJjb250ZW50IjoicG9zdF9saW5rX3VybF9wYWdlIiwic2V0dGluZ3MiOnsicG9zdF9pZCI6IjY2ODIifX0=@&#8221; button_text=&#8221;RETOUR AUX OPPORTUNIT\u00c9S DE FINANCEMENT&#8221; _builder_version=&#8221;4.21.0&#8243; _dynamic_attributes=&#8221;button_url&#8221; _module_preset=&#8221;default&#8221; custom_margin=&#8221;-12px||||false|false&#8221; custom_padding=&#8221;||||false|false&#8221; global_colors_info=&#8221;{}&#8221;][\/et_pb_button][\/et_pb_column][\/et_pb_row][\/et_pb_section]<\/p>\n","protected":false},"excerpt":{"rendered":"<p>Programme de recherche de la Nouvelle-\u00c9cosse sur les nouveaux concepts et technologies (NCT) z\u00e9ro \u00e9mission nette Financ\u00e9 par le minist\u00e8re de l&#8217;Environnement et du Changement climatique de la Nouvelle-\u00c9cosse, le programme de recherche sur les technologies et concepts \u00e9mergents de l&#8217;\u00e9nergie nette z\u00e9ro (ECT) se d\u00e9roulera sur trois ans, de 2023 \u00e0 2026. Le programme [&hellip;]<\/p>\n","protected":false},"author":1,"featured_media":0,"parent":7052,"menu_order":0,"comment_status":"closed","ping_status":"closed","template":"","meta":{"_et_pb_use_builder":"on","_et_pb_old_content":"","_et_gb_content_width":"","footnotes":""},"categories":[],"tags":[],"class_list":["post-7676","page","type-page","status-publish","hentry"],"yoast_head":"<!-- This site is optimized with the Yoast SEO plugin v26.5 - https:\/\/yoast.com\/wordpress\/plugins\/seo\/ -->\n<title>Programme de recherche sur les technologies et concepts \u00e9mergents de l&#039;\u00e9nergie nette z\u00e9ro (TCE) - CLIMAtlantic<\/title>\n<meta name=\"robots\" content=\"index, follow, max-snippet:-1, max-image-preview:large, max-video-preview:-1\" \/>\n<link rel=\"canonical\" href=\"https:\/\/climatlantic.panchroma.dev\/fr\/outils\/possibilites-financement\/nette-zero\/\" \/>\n<meta property=\"og:locale\" content=\"fr_FR\" \/>\n<meta property=\"og:type\" content=\"article\" \/>\n<meta property=\"og:title\" content=\"Programme de recherche sur les technologies et concepts \u00e9mergents de l&#039;\u00e9nergie nette z\u00e9ro (TCE) - CLIMAtlantic\" \/>\n<meta property=\"og:description\" content=\"Programme de recherche de la Nouvelle-\u00c9cosse sur les nouveaux concepts et technologies (NCT) z\u00e9ro \u00e9mission nette Financ\u00e9 par le minist\u00e8re de l&#039;Environnement et du Changement climatique de la Nouvelle-\u00c9cosse, le programme de recherche sur les technologies et concepts \u00e9mergents de l&#039;\u00e9nergie nette z\u00e9ro (ECT) se d\u00e9roulera sur trois ans, de 2023 \u00e0 2026. Le programme [&hellip;]\" \/>\n<meta property=\"og:url\" content=\"https:\/\/climatlantic.panchroma.dev\/fr\/outils\/possibilites-financement\/nette-zero\/\" \/>\n<meta property=\"og:site_name\" content=\"CLIMAtlantic\" \/>\n<meta property=\"article:publisher\" content=\"https:\/\/www.facebook.com\/CLIMAtlanticInc\/\" \/>\n<meta property=\"article:modified_time\" content=\"2025-11-04T12:12:22+00:00\" \/>\n<meta name=\"twitter:card\" content=\"summary_large_image\" \/>\n<meta name=\"twitter:label1\" content=\"Dur\u00e9e de lecture estim\u00e9e\" \/>\n\t<meta name=\"twitter:data1\" content=\"2 minutes\" \/>\n<script type=\"application\/ld+json\" class=\"yoast-schema-graph\">{\"@context\":\"https:\/\/schema.org\",\"@graph\":[{\"@type\":\"WebPage\",\"@id\":\"https:\/\/climatlantic.panchroma.dev\/fr\/outils\/possibilites-financement\/nette-zero\/\",\"url\":\"https:\/\/climatlantic.panchroma.dev\/fr\/outils\/possibilites-financement\/nette-zero\/\",\"name\":\"Programme de recherche sur les technologies et concepts \u00e9mergents de l'\u00e9nergie nette z\u00e9ro (TCE) - CLIMAtlantic\",\"isPartOf\":{\"@id\":\"https:\/\/climatlantic.panchroma.dev\/fr\/#website\"},\"datePublished\":\"2023-06-12T18:54:22+00:00\",\"dateModified\":\"2025-11-04T12:12:22+00:00\",\"breadcrumb\":{\"@id\":\"https:\/\/climatlantic.panchroma.dev\/fr\/outils\/possibilites-financement\/nette-zero\/#breadcrumb\"},\"inLanguage\":\"fr-FR\",\"potentialAction\":[{\"@type\":\"ReadAction\",\"target\":[\"https:\/\/climatlantic.panchroma.dev\/fr\/outils\/possibilites-financement\/nette-zero\/\"]}]},{\"@type\":\"BreadcrumbList\",\"@id\":\"https:\/\/climatlantic.panchroma.dev\/fr\/outils\/possibilites-financement\/nette-zero\/#breadcrumb\",\"itemListElement\":[{\"@type\":\"ListItem\",\"position\":1,\"name\":\"Home\",\"item\":\"https:\/\/climatlantic.panchroma.dev\/fr\/\"},{\"@type\":\"ListItem\",\"position\":2,\"name\":\"Outils\",\"item\":\"https:\/\/climatlantic.panchroma.dev\/fr\/tools\/\"},{\"@type\":\"ListItem\",\"position\":3,\"name\":\"Possibilit\u00e9s de financement\",\"item\":\"https:\/\/climatlantic.panchroma.dev\/fr\/tools\/funding-opportunities\/\"},{\"@type\":\"ListItem\",\"position\":4,\"name\":\"Programme de recherche sur les technologies et concepts \u00e9mergents de l&#8217;\u00e9nergie nette z\u00e9ro (TCE)\"}]},{\"@type\":\"WebSite\",\"@id\":\"https:\/\/climatlantic.panchroma.dev\/fr\/#website\",\"url\":\"https:\/\/climatlantic.panchroma.dev\/fr\/\",\"name\":\"Climatlantic\",\"description\":\"Enhancing Atlantic Climate Resilience\",\"publisher\":{\"@id\":\"https:\/\/climatlantic.panchroma.dev\/fr\/#organization\"},\"potentialAction\":[{\"@type\":\"SearchAction\",\"target\":{\"@type\":\"EntryPoint\",\"urlTemplate\":\"https:\/\/climatlantic.panchroma.dev\/fr\/?s={search_term_string}\"},\"query-input\":{\"@type\":\"PropertyValueSpecification\",\"valueRequired\":true,\"valueName\":\"search_term_string\"}}],\"inLanguage\":\"fr-FR\"},{\"@type\":\"Organization\",\"@id\":\"https:\/\/climatlantic.panchroma.dev\/fr\/#organization\",\"name\":\"CLIMAtlantic\",\"url\":\"https:\/\/climatlantic.panchroma.dev\/fr\/\",\"logo\":{\"@type\":\"ImageObject\",\"inLanguage\":\"fr-FR\",\"@id\":\"https:\/\/climatlantic.panchroma.dev\/fr\/#\/schema\/logo\/image\/\",\"url\":\"https:\/\/climatlantic.ca\/wp\/wp-content\/uploads\/2021\/07\/cropped-Climatlantic_Favicon.png\",\"contentUrl\":\"https:\/\/climatlantic.ca\/wp\/wp-content\/uploads\/2021\/07\/cropped-Climatlantic_Favicon.png\",\"width\":512,\"height\":512,\"caption\":\"CLIMAtlantic\"},\"image\":{\"@id\":\"https:\/\/climatlantic.panchroma.dev\/fr\/#\/schema\/logo\/image\/\"},\"sameAs\":[\"https:\/\/www.facebook.com\/CLIMAtlanticInc\/\",\"http:\/\/instagram.com\/climatlantic\",\"https:\/\/www.linkedin.com\/company\/climatlantic\/\"]}]}<\/script>\n<!-- \/ Yoast SEO plugin. -->","yoast_head_json":{"title":"Programme de recherche sur les technologies et concepts \u00e9mergents de l'\u00e9nergie nette z\u00e9ro (TCE) - CLIMAtlantic","robots":{"index":"index","follow":"follow","max-snippet":"max-snippet:-1","max-image-preview":"max-image-preview:large","max-video-preview":"max-video-preview:-1"},"canonical":"https:\/\/climatlantic.panchroma.dev\/fr\/outils\/possibilites-financement\/nette-zero\/","og_locale":"fr_FR","og_type":"article","og_title":"Programme de recherche sur les technologies et concepts \u00e9mergents de l'\u00e9nergie nette z\u00e9ro (TCE) - CLIMAtlantic","og_description":"Programme de recherche de la Nouvelle-\u00c9cosse sur les nouveaux concepts et technologies (NCT) z\u00e9ro \u00e9mission nette Financ\u00e9 par le minist\u00e8re de l'Environnement et du Changement climatique de la Nouvelle-\u00c9cosse, le programme de recherche sur les technologies et concepts \u00e9mergents de l'\u00e9nergie nette z\u00e9ro (ECT) se d\u00e9roulera sur trois ans, de 2023 \u00e0 2026. Le programme [&hellip;]","og_url":"https:\/\/climatlantic.panchroma.dev\/fr\/outils\/possibilites-financement\/nette-zero\/","og_site_name":"CLIMAtlantic","article_publisher":"https:\/\/www.facebook.com\/CLIMAtlanticInc\/","article_modified_time":"2025-11-04T12:12:22+00:00","twitter_card":"summary_large_image","twitter_misc":{"Dur\u00e9e de lecture estim\u00e9e":"2 minutes"},"schema":{"@context":"https:\/\/schema.org","@graph":[{"@type":"WebPage","@id":"https:\/\/climatlantic.panchroma.dev\/fr\/outils\/possibilites-financement\/nette-zero\/","url":"https:\/\/climatlantic.panchroma.dev\/fr\/outils\/possibilites-financement\/nette-zero\/","name":"Programme de recherche sur les technologies et concepts \u00e9mergents de l'\u00e9nergie nette z\u00e9ro (TCE) - CLIMAtlantic","isPartOf":{"@id":"https:\/\/climatlantic.panchroma.dev\/fr\/#website"},"datePublished":"2023-06-12T18:54:22+00:00","dateModified":"2025-11-04T12:12:22+00:00","breadcrumb":{"@id":"https:\/\/climatlantic.panchroma.dev\/fr\/outils\/possibilites-financement\/nette-zero\/#breadcrumb"},"inLanguage":"fr-FR","potentialAction":[{"@type":"ReadAction","target":["https:\/\/climatlantic.panchroma.dev\/fr\/outils\/possibilites-financement\/nette-zero\/"]}]},{"@type":"BreadcrumbList","@id":"https:\/\/climatlantic.panchroma.dev\/fr\/outils\/possibilites-financement\/nette-zero\/#breadcrumb","itemListElement":[{"@type":"ListItem","position":1,"name":"Home","item":"https:\/\/climatlantic.panchroma.dev\/fr\/"},{"@type":"ListItem","position":2,"name":"Outils","item":"https:\/\/climatlantic.panchroma.dev\/fr\/tools\/"},{"@type":"ListItem","position":3,"name":"Possibilit\u00e9s de financement","item":"https:\/\/climatlantic.panchroma.dev\/fr\/tools\/funding-opportunities\/"},{"@type":"ListItem","position":4,"name":"Programme de recherche sur les technologies et concepts \u00e9mergents de l&#8217;\u00e9nergie nette z\u00e9ro (TCE)"}]},{"@type":"WebSite","@id":"https:\/\/climatlantic.panchroma.dev\/fr\/#website","url":"https:\/\/climatlantic.panchroma.dev\/fr\/","name":"Climatlantic","description":"Enhancing Atlantic Climate Resilience","publisher":{"@id":"https:\/\/climatlantic.panchroma.dev\/fr\/#organization"},"potentialAction":[{"@type":"SearchAction","target":{"@type":"EntryPoint","urlTemplate":"https:\/\/climatlantic.panchroma.dev\/fr\/?s={search_term_string}"},"query-input":{"@type":"PropertyValueSpecification","valueRequired":true,"valueName":"search_term_string"}}],"inLanguage":"fr-FR"},{"@type":"Organization","@id":"https:\/\/climatlantic.panchroma.dev\/fr\/#organization","name":"CLIMAtlantic","url":"https:\/\/climatlantic.panchroma.dev\/fr\/","logo":{"@type":"ImageObject","inLanguage":"fr-FR","@id":"https:\/\/climatlantic.panchroma.dev\/fr\/#\/schema\/logo\/image\/","url":"https:\/\/climatlantic.ca\/wp\/wp-content\/uploads\/2021\/07\/cropped-Climatlantic_Favicon.png","contentUrl":"https:\/\/climatlantic.ca\/wp\/wp-content\/uploads\/2021\/07\/cropped-Climatlantic_Favicon.png","width":512,"height":512,"caption":"CLIMAtlantic"},"image":{"@id":"https:\/\/climatlantic.panchroma.dev\/fr\/#\/schema\/logo\/image\/"},"sameAs":["https:\/\/www.facebook.com\/CLIMAtlanticInc\/","http:\/\/instagram.com\/climatlantic","https:\/\/www.linkedin.com\/company\/climatlantic\/"]}]}},"_links":{"self":[{"href":"https:\/\/climatlantic.panchroma.dev\/fr\/wp-json\/wp\/v2\/pages\/7676","targetHints":{"allow":["GET"]}}],"collection":[{"href":"https:\/\/climatlantic.panchroma.dev\/fr\/wp-json\/wp\/v2\/pages"}],"about":[{"href":"https:\/\/climatlantic.panchroma.dev\/fr\/wp-json\/wp\/v2\/types\/page"}],"author":[{"embeddable":true,"href":"https:\/\/climatlantic.panchroma.dev\/fr\/wp-json\/wp\/v2\/users\/1"}],"replies":[{"embeddable":true,"href":"https:\/\/climatlantic.panchroma.dev\/fr\/wp-json\/wp\/v2\/comments?post=7676"}],"version-history":[{"count":6,"href":"https:\/\/climatlantic.panchroma.dev\/fr\/wp-json\/wp\/v2\/pages\/7676\/revisions"}],"predecessor-version":[{"id":18636,"href":"https:\/\/climatlantic.panchroma.dev\/fr\/wp-json\/wp\/v2\/pages\/7676\/revisions\/18636"}],"up":[{"embeddable":true,"href":"https:\/\/climatlantic.panchroma.dev\/fr\/wp-json\/wp\/v2\/pages\/7052"}],"wp:attachment":[{"href":"https:\/\/climatlantic.panchroma.dev\/fr\/wp-json\/wp\/v2\/media?parent=7676"}],"wp:term":[{"taxonomy":"category","embeddable":true,"href":"https:\/\/climatlantic.panchroma.dev\/fr\/wp-json\/wp\/v2\/categories?post=7676"},{"taxonomy":"post_tag","embeddable":true,"href":"https:\/\/climatlantic.panchroma.dev\/fr\/wp-json\/wp\/v2\/tags?post=7676"}],"curies":[{"name":"wp","href":"https:\/\/api.w.org\/{rel}","templated":true}]}}