{"id":7118,"date":"2023-05-25T11:28:21","date_gmt":"2023-05-25T14:28:21","guid":{"rendered":"https:\/\/climatlantic.ca\/financement-dossier-de-travail\/fonds-dattenuation-et-dadaptation-en-matiere-de-catastrophes\/"},"modified":"2025-01-06T08:46:31","modified_gmt":"2025-01-06T12:46:31","slug":"fonds-dattenuation-et-dadaptation-en-matiere-de-catastrophes","status":"publish","type":"page","link":"https:\/\/climatlantic.panchroma.dev\/fr\/outils\/possibilites-financement\/fonds-dattenuation-et-dadaptation-en-matiere-de-catastrophes\/","title":{"rendered":"Fonds d&#8217;att\u00e9nuation et d&#8217;adaptation en mati\u00e8re de catastrophes"},"content":{"rendered":"<p>[et_pb_section fb_built=&#8221;1&#8243; _builder_version=&#8221;4.21.0&#8243; _module_preset=&#8221;default&#8221; global_colors_info=&#8221;{}&#8221; da_is_popup=&#8221;off&#8221; da_exit_intent=&#8221;off&#8221; da_has_close=&#8221;on&#8221; da_alt_close=&#8221;off&#8221; da_dark_close=&#8221;off&#8221; da_not_modal=&#8221;on&#8221; da_is_singular=&#8221;off&#8221; da_with_loader=&#8221;off&#8221; da_has_shadow=&#8221;on&#8221; da_disable_devices=&#8221;off|off|off&#8221;][et_pb_row _builder_version=&#8221;4.21.0&#8243; _module_preset=&#8221;default&#8221; global_colors_info=&#8221;{}&#8221;][et_pb_column type=&#8221;4_4&#8243; _builder_version=&#8221;4.21.0&#8243; _module_preset=&#8221;default&#8221; global_colors_info=&#8221;{}&#8221;][et_pb_image src=&#8221;https:\/\/climatlantic.ca\/wp\/wp-content\/uploads\/2023\/05\/FAAMC-Infrastructure-Canada-Twitter.jpg&#8221; alt=&#8221;Les mots %22Fonds d&#8217;att\u00e9nuation et d&#8217;adaptation en mati\u00e8re de catastrophes. Pr\u00e9sentez unse demande d\u00e8s maintenant! Financement offert pour des projets qui r\u00e9sisteront aux risques naturels tels que les inondations, les incendies de for\u00eat, les tremblements de terre et les s\u00e9cheresses. #Reb\u00e2tirEnMieux.%22&#8243; title_text=&#8221;CLIMAtlantic-FAAMC-Infrastructure-Canada-Twitter&#8221; url=&#8221;https:\/\/www.infrastructure.gc.ca\/dmaf-faac\/index-fra.html&#8221; _builder_version=&#8221;4.27.4&#8243; _module_preset=&#8221;default&#8221; hover_enabled=&#8221;0&#8243; global_colors_info=&#8221;{}&#8221; width=&#8221;79%&#8221; align=&#8221;center&#8221; sticky_enabled=&#8221;0&#8243; url_new_window=&#8221;on&#8221;][\/et_pb_image][et_pb_text _builder_version=&#8221;4.27.4&#8243; _module_preset=&#8221;default&#8221; hover_enabled=&#8221;0&#8243; global_colors_info=&#8221;{}&#8221; sticky_enabled=&#8221;0&#8243;]<\/p>\n<h4><a href=\"https:\/\/www.infrastructure.gc.ca\/dmaf-faac\/index-fra.html\" target=\"_blank\" rel=\"noopener\"><span style=\"text-decoration: underline;\">Fonds d&#8217;att\u00e9nuation et d&#8217;adaptation en mati\u00e8re de catastrophes<\/span><\/a><\/h4>\n<p>Le Fonds d&#8217;att\u00e9nuation et d&#8217;adaptation en mati\u00e8re de catastrophes (FAAC) a \u00e9t\u00e9 lanc\u00e9 en 2018 avec un engagement de 2 milliards de dollars sur 10 ans. En 2021, un montant suppl\u00e9mentaire de 1,375 milliard de dollars a \u00e9t\u00e9 ajout\u00e9 au fonds pour \u00eatre dispers\u00e9 sur une p\u00e9riode de 12 ans, ce qui porte le total des fonds \u00e0 3,375 milliards de dollars sur 19 ans. Le FAAC vise \u00e0 accro\u00eetre la r\u00e9silience des communaut\u00e9s touch\u00e9es par les catastrophes climatiques en investissant dans des projets d&#8217;infrastructures structurelles et naturelles.<\/p>\n<p>Le fonds aide les communaut\u00e9s \u00e0 s&#8217;adapter au changement climatique en finan\u00e7ant la cr\u00e9ation et\/ou la modification d&#8217;infrastructures publiques afin de pr\u00e9venir les catastrophes climatiques telles que les inondations, les incendies de for\u00eat et les s\u00e9cheresses, et de s&#8217;en pr\u00e9munir. Pour \u00eatre pris en consid\u00e9ration, les projets doivent avoir un co\u00fbt total admissible d&#8217;au moins 1 million de dollars.<\/p>\n<p>[\/et_pb_text][et_pb_button button_url=&#8221;@ET-DC@eyJkeW5hbWljIjp0cnVlLCJjb250ZW50IjoicG9zdF9saW5rX3VybF9wYWdlIiwic2V0dGluZ3MiOnsicG9zdF9pZCI6IjY2ODIifX0=@&#8221; button_text=&#8221;RETOUR AUX OPPORTUNIT\u00c9S DE FINANCEMENT&#8221; _builder_version=&#8221;4.21.0&#8243; _dynamic_attributes=&#8221;button_url&#8221; _module_preset=&#8221;default&#8221; custom_margin=&#8221;||||false|false&#8221; custom_padding=&#8221;||||false|false&#8221; global_colors_info=&#8221;{}&#8221;][\/et_pb_button][\/et_pb_column][\/et_pb_row][\/et_pb_section]<\/p>\n","protected":false},"excerpt":{"rendered":"<p>Fonds d&#8217;att\u00e9nuation et d&#8217;adaptation en mati\u00e8re de catastrophes Le Fonds d&#8217;att\u00e9nuation et d&#8217;adaptation en mati\u00e8re de catastrophes (FAAC) a \u00e9t\u00e9 lanc\u00e9 en 2018 avec un engagement de 2 milliards de dollars sur 10 ans. En 2021, un montant suppl\u00e9mentaire de 1,375 milliard de dollars a \u00e9t\u00e9 ajout\u00e9 au fonds pour \u00eatre dispers\u00e9 sur une p\u00e9riode [&hellip;]<\/p>\n","protected":false},"author":1,"featured_media":0,"parent":7052,"menu_order":0,"comment_status":"closed","ping_status":"closed","template":"","meta":{"_et_pb_use_builder":"on","_et_pb_old_content":"","_et_gb_content_width":"","footnotes":""},"categories":[],"tags":[],"class_list":["post-7118","page","type-page","status-publish","hentry"],"yoast_head":"<!-- This site is optimized with the Yoast SEO plugin v26.5 - https:\/\/yoast.com\/wordpress\/plugins\/seo\/ -->\n<title>Fonds d&#039;att\u00e9nuation et d&#039;adaptation en mati\u00e8re de catastrophes - CLIMAtlantic<\/title>\n<meta name=\"robots\" content=\"index, follow, max-snippet:-1, max-image-preview:large, max-video-preview:-1\" \/>\n<link rel=\"canonical\" href=\"https:\/\/climatlantic.panchroma.dev\/fr\/outils\/possibilites-financement\/fonds-dattenuation-et-dadaptation-en-matiere-de-catastrophes\/\" \/>\n<meta property=\"og:locale\" content=\"fr_FR\" \/>\n<meta property=\"og:type\" content=\"article\" \/>\n<meta property=\"og:title\" content=\"Fonds d&#039;att\u00e9nuation et d&#039;adaptation en mati\u00e8re de catastrophes - CLIMAtlantic\" \/>\n<meta property=\"og:description\" content=\"Fonds d&#039;att\u00e9nuation et d&#039;adaptation en mati\u00e8re de catastrophes Le Fonds d&#039;att\u00e9nuation et d&#039;adaptation en mati\u00e8re de catastrophes (FAAC) a \u00e9t\u00e9 lanc\u00e9 en 2018 avec un engagement de 2 milliards de dollars sur 10 ans. En 2021, un montant suppl\u00e9mentaire de 1,375 milliard de dollars a \u00e9t\u00e9 ajout\u00e9 au fonds pour \u00eatre dispers\u00e9 sur une p\u00e9riode [&hellip;]\" \/>\n<meta property=\"og:url\" content=\"https:\/\/climatlantic.panchroma.dev\/fr\/outils\/possibilites-financement\/fonds-dattenuation-et-dadaptation-en-matiere-de-catastrophes\/\" \/>\n<meta property=\"og:site_name\" content=\"CLIMAtlantic\" \/>\n<meta property=\"article:publisher\" content=\"https:\/\/www.facebook.com\/CLIMAtlanticInc\/\" \/>\n<meta property=\"article:modified_time\" content=\"2025-01-06T12:46:31+00:00\" \/>\n<meta name=\"twitter:card\" content=\"summary_large_image\" \/>\n<meta name=\"twitter:label1\" content=\"Dur\u00e9e de lecture estim\u00e9e\" \/>\n\t<meta name=\"twitter:data1\" content=\"2 minutes\" \/>\n<script type=\"application\/ld+json\" class=\"yoast-schema-graph\">{\"@context\":\"https:\/\/schema.org\",\"@graph\":[{\"@type\":\"WebPage\",\"@id\":\"https:\/\/climatlantic.panchroma.dev\/fr\/outils\/possibilites-financement\/fonds-dattenuation-et-dadaptation-en-matiere-de-catastrophes\/\",\"url\":\"https:\/\/climatlantic.panchroma.dev\/fr\/outils\/possibilites-financement\/fonds-dattenuation-et-dadaptation-en-matiere-de-catastrophes\/\",\"name\":\"Fonds d'att\u00e9nuation et d'adaptation en mati\u00e8re de catastrophes - CLIMAtlantic\",\"isPartOf\":{\"@id\":\"https:\/\/climatlantic.panchroma.dev\/fr\/#website\"},\"datePublished\":\"2023-05-25T14:28:21+00:00\",\"dateModified\":\"2025-01-06T12:46:31+00:00\",\"breadcrumb\":{\"@id\":\"https:\/\/climatlantic.panchroma.dev\/fr\/outils\/possibilites-financement\/fonds-dattenuation-et-dadaptation-en-matiere-de-catastrophes\/#breadcrumb\"},\"inLanguage\":\"fr-FR\",\"potentialAction\":[{\"@type\":\"ReadAction\",\"target\":[\"https:\/\/climatlantic.panchroma.dev\/fr\/outils\/possibilites-financement\/fonds-dattenuation-et-dadaptation-en-matiere-de-catastrophes\/\"]}]},{\"@type\":\"BreadcrumbList\",\"@id\":\"https:\/\/climatlantic.panchroma.dev\/fr\/outils\/possibilites-financement\/fonds-dattenuation-et-dadaptation-en-matiere-de-catastrophes\/#breadcrumb\",\"itemListElement\":[{\"@type\":\"ListItem\",\"position\":1,\"name\":\"Home\",\"item\":\"https:\/\/climatlantic.panchroma.dev\/fr\/\"},{\"@type\":\"ListItem\",\"position\":2,\"name\":\"Outils\",\"item\":\"https:\/\/climatlantic.panchroma.dev\/fr\/tools\/\"},{\"@type\":\"ListItem\",\"position\":3,\"name\":\"Possibilit\u00e9s de financement\",\"item\":\"https:\/\/climatlantic.panchroma.dev\/fr\/tools\/funding-opportunities\/\"},{\"@type\":\"ListItem\",\"position\":4,\"name\":\"Fonds d&#8217;att\u00e9nuation et d&#8217;adaptation en mati\u00e8re de catastrophes\"}]},{\"@type\":\"WebSite\",\"@id\":\"https:\/\/climatlantic.panchroma.dev\/fr\/#website\",\"url\":\"https:\/\/climatlantic.panchroma.dev\/fr\/\",\"name\":\"Climatlantic\",\"description\":\"Enhancing Atlantic Climate Resilience\",\"publisher\":{\"@id\":\"https:\/\/climatlantic.panchroma.dev\/fr\/#organization\"},\"potentialAction\":[{\"@type\":\"SearchAction\",\"target\":{\"@type\":\"EntryPoint\",\"urlTemplate\":\"https:\/\/climatlantic.panchroma.dev\/fr\/?s={search_term_string}\"},\"query-input\":{\"@type\":\"PropertyValueSpecification\",\"valueRequired\":true,\"valueName\":\"search_term_string\"}}],\"inLanguage\":\"fr-FR\"},{\"@type\":\"Organization\",\"@id\":\"https:\/\/climatlantic.panchroma.dev\/fr\/#organization\",\"name\":\"CLIMAtlantic\",\"url\":\"https:\/\/climatlantic.panchroma.dev\/fr\/\",\"logo\":{\"@type\":\"ImageObject\",\"inLanguage\":\"fr-FR\",\"@id\":\"https:\/\/climatlantic.panchroma.dev\/fr\/#\/schema\/logo\/image\/\",\"url\":\"https:\/\/climatlantic.ca\/wp\/wp-content\/uploads\/2021\/07\/cropped-Climatlantic_Favicon.png\",\"contentUrl\":\"https:\/\/climatlantic.ca\/wp\/wp-content\/uploads\/2021\/07\/cropped-Climatlantic_Favicon.png\",\"width\":512,\"height\":512,\"caption\":\"CLIMAtlantic\"},\"image\":{\"@id\":\"https:\/\/climatlantic.panchroma.dev\/fr\/#\/schema\/logo\/image\/\"},\"sameAs\":[\"https:\/\/www.facebook.com\/CLIMAtlanticInc\/\",\"http:\/\/instagram.com\/climatlantic\",\"https:\/\/www.linkedin.com\/company\/climatlantic\/\"]}]}<\/script>\n<!-- \/ Yoast SEO plugin. -->","yoast_head_json":{"title":"Fonds d'att\u00e9nuation et d'adaptation en mati\u00e8re de catastrophes - CLIMAtlantic","robots":{"index":"index","follow":"follow","max-snippet":"max-snippet:-1","max-image-preview":"max-image-preview:large","max-video-preview":"max-video-preview:-1"},"canonical":"https:\/\/climatlantic.panchroma.dev\/fr\/outils\/possibilites-financement\/fonds-dattenuation-et-dadaptation-en-matiere-de-catastrophes\/","og_locale":"fr_FR","og_type":"article","og_title":"Fonds d'att\u00e9nuation et d'adaptation en mati\u00e8re de catastrophes - CLIMAtlantic","og_description":"Fonds d'att\u00e9nuation et d'adaptation en mati\u00e8re de catastrophes Le Fonds d'att\u00e9nuation et d'adaptation en mati\u00e8re de catastrophes (FAAC) a \u00e9t\u00e9 lanc\u00e9 en 2018 avec un engagement de 2 milliards de dollars sur 10 ans. En 2021, un montant suppl\u00e9mentaire de 1,375 milliard de dollars a \u00e9t\u00e9 ajout\u00e9 au fonds pour \u00eatre dispers\u00e9 sur une p\u00e9riode [&hellip;]","og_url":"https:\/\/climatlantic.panchroma.dev\/fr\/outils\/possibilites-financement\/fonds-dattenuation-et-dadaptation-en-matiere-de-catastrophes\/","og_site_name":"CLIMAtlantic","article_publisher":"https:\/\/www.facebook.com\/CLIMAtlanticInc\/","article_modified_time":"2025-01-06T12:46:31+00:00","twitter_card":"summary_large_image","twitter_misc":{"Dur\u00e9e de lecture estim\u00e9e":"2 minutes"},"schema":{"@context":"https:\/\/schema.org","@graph":[{"@type":"WebPage","@id":"https:\/\/climatlantic.panchroma.dev\/fr\/outils\/possibilites-financement\/fonds-dattenuation-et-dadaptation-en-matiere-de-catastrophes\/","url":"https:\/\/climatlantic.panchroma.dev\/fr\/outils\/possibilites-financement\/fonds-dattenuation-et-dadaptation-en-matiere-de-catastrophes\/","name":"Fonds d'att\u00e9nuation et d'adaptation en mati\u00e8re de catastrophes - CLIMAtlantic","isPartOf":{"@id":"https:\/\/climatlantic.panchroma.dev\/fr\/#website"},"datePublished":"2023-05-25T14:28:21+00:00","dateModified":"2025-01-06T12:46:31+00:00","breadcrumb":{"@id":"https:\/\/climatlantic.panchroma.dev\/fr\/outils\/possibilites-financement\/fonds-dattenuation-et-dadaptation-en-matiere-de-catastrophes\/#breadcrumb"},"inLanguage":"fr-FR","potentialAction":[{"@type":"ReadAction","target":["https:\/\/climatlantic.panchroma.dev\/fr\/outils\/possibilites-financement\/fonds-dattenuation-et-dadaptation-en-matiere-de-catastrophes\/"]}]},{"@type":"BreadcrumbList","@id":"https:\/\/climatlantic.panchroma.dev\/fr\/outils\/possibilites-financement\/fonds-dattenuation-et-dadaptation-en-matiere-de-catastrophes\/#breadcrumb","itemListElement":[{"@type":"ListItem","position":1,"name":"Home","item":"https:\/\/climatlantic.panchroma.dev\/fr\/"},{"@type":"ListItem","position":2,"name":"Outils","item":"https:\/\/climatlantic.panchroma.dev\/fr\/tools\/"},{"@type":"ListItem","position":3,"name":"Possibilit\u00e9s de financement","item":"https:\/\/climatlantic.panchroma.dev\/fr\/tools\/funding-opportunities\/"},{"@type":"ListItem","position":4,"name":"Fonds d&#8217;att\u00e9nuation et d&#8217;adaptation en mati\u00e8re de catastrophes"}]},{"@type":"WebSite","@id":"https:\/\/climatlantic.panchroma.dev\/fr\/#website","url":"https:\/\/climatlantic.panchroma.dev\/fr\/","name":"Climatlantic","description":"Enhancing Atlantic Climate Resilience","publisher":{"@id":"https:\/\/climatlantic.panchroma.dev\/fr\/#organization"},"potentialAction":[{"@type":"SearchAction","target":{"@type":"EntryPoint","urlTemplate":"https:\/\/climatlantic.panchroma.dev\/fr\/?s={search_term_string}"},"query-input":{"@type":"PropertyValueSpecification","valueRequired":true,"valueName":"search_term_string"}}],"inLanguage":"fr-FR"},{"@type":"Organization","@id":"https:\/\/climatlantic.panchroma.dev\/fr\/#organization","name":"CLIMAtlantic","url":"https:\/\/climatlantic.panchroma.dev\/fr\/","logo":{"@type":"ImageObject","inLanguage":"fr-FR","@id":"https:\/\/climatlantic.panchroma.dev\/fr\/#\/schema\/logo\/image\/","url":"https:\/\/climatlantic.ca\/wp\/wp-content\/uploads\/2021\/07\/cropped-Climatlantic_Favicon.png","contentUrl":"https:\/\/climatlantic.ca\/wp\/wp-content\/uploads\/2021\/07\/cropped-Climatlantic_Favicon.png","width":512,"height":512,"caption":"CLIMAtlantic"},"image":{"@id":"https:\/\/climatlantic.panchroma.dev\/fr\/#\/schema\/logo\/image\/"},"sameAs":["https:\/\/www.facebook.com\/CLIMAtlanticInc\/","http:\/\/instagram.com\/climatlantic","https:\/\/www.linkedin.com\/company\/climatlantic\/"]}]}},"_links":{"self":[{"href":"https:\/\/climatlantic.panchroma.dev\/fr\/wp-json\/wp\/v2\/pages\/7118","targetHints":{"allow":["GET"]}}],"collection":[{"href":"https:\/\/climatlantic.panchroma.dev\/fr\/wp-json\/wp\/v2\/pages"}],"about":[{"href":"https:\/\/climatlantic.panchroma.dev\/fr\/wp-json\/wp\/v2\/types\/page"}],"author":[{"embeddable":true,"href":"https:\/\/climatlantic.panchroma.dev\/fr\/wp-json\/wp\/v2\/users\/1"}],"replies":[{"embeddable":true,"href":"https:\/\/climatlantic.panchroma.dev\/fr\/wp-json\/wp\/v2\/comments?post=7118"}],"version-history":[{"count":5,"href":"https:\/\/climatlantic.panchroma.dev\/fr\/wp-json\/wp\/v2\/pages\/7118\/revisions"}],"predecessor-version":[{"id":15991,"href":"https:\/\/climatlantic.panchroma.dev\/fr\/wp-json\/wp\/v2\/pages\/7118\/revisions\/15991"}],"up":[{"embeddable":true,"href":"https:\/\/climatlantic.panchroma.dev\/fr\/wp-json\/wp\/v2\/pages\/7052"}],"wp:attachment":[{"href":"https:\/\/climatlantic.panchroma.dev\/fr\/wp-json\/wp\/v2\/media?parent=7118"}],"wp:term":[{"taxonomy":"category","embeddable":true,"href":"https:\/\/climatlantic.panchroma.dev\/fr\/wp-json\/wp\/v2\/categories?post=7118"},{"taxonomy":"post_tag","embeddable":true,"href":"https:\/\/climatlantic.panchroma.dev\/fr\/wp-json\/wp\/v2\/tags?post=7118"}],"curies":[{"name":"wp","href":"https:\/\/api.w.org\/{rel}","templated":true}]}}