{"id":5970,"date":"2023-02-06T17:44:48","date_gmt":"2023-02-06T21:44:48","guid":{"rendered":"https:\/\/climatlantic.ca\/sante-et-bien-etre\/"},"modified":"2023-11-24T16:15:17","modified_gmt":"2023-11-24T20:15:17","slug":"sante","status":"publish","type":"page","link":"https:\/\/climatlantic.panchroma.dev\/fr\/adaptation\/sante\/","title":{"rendered":"Sant\u00e9"},"content":{"rendered":"<p>[et_pb_section fb_built=&#8221;1&#8243; _builder_version=&#8221;4.16&#8243; _module_preset=&#8221;default&#8221; global_colors_info=&#8221;{}&#8221;][et_pb_row _builder_version=&#8221;4.16&#8243; _module_preset=&#8221;default&#8221; global_colors_info=&#8221;{}&#8221;][et_pb_column type=&#8221;4_4&#8243; _builder_version=&#8221;4.16&#8243; _module_preset=&#8221;default&#8221; global_colors_info=&#8221;{}&#8221;][et_pb_text _builder_version=&#8221;4.21.0&#8243; _module_preset=&#8221;default&#8221; global_colors_info=&#8221;{}&#8221;]<\/p>\n<div class=\"et_pb_module et_pb_text et_pb_text_0  et_pb_text_align_left et_pb_bg_layout_light\">\n<div class=\"et_pb_text_inner\">\n<p>ADAPTATION AUX CHANGEMENTS CLIMATIQUES<\/p>\n<h3>Sant\u00e9<\/h3>\n<p>Les effets des changements climatiques sur la sant\u00e9 de tous sont d\u00e9j\u00e0 nombreux et vari\u00e9s :<\/p>\n<ul>\n<li>les \u00e9pisodes de chaleur extr\u00eame provoquent des maladies et des d\u00e9c\u00e8s ;<\/li>\n<li>les incendies de for\u00eat d\u00e9gradent la qualit\u00e9 de l\u2019air ;<\/li>\n<li>la hausse des temp\u00e9ratures est corr\u00e9l\u00e9e \u00e0 une augmentation des maladies zoonotiques, telles que la maladie de Lyme ;\u00a0<\/li>\n<li>les ouragans et les temp\u00eates de verglas endommagent les infrastructures qui prot\u00e8gent la sant\u00e9 humaine en provoquant des inondations, de l\u2019\u00e9rosion et des ondes de temp\u00eate.<\/li>\n<\/ul>\n<p>Tout ce qui pr\u00e9c\u00e8de\u00a0<a href=\"https:\/\/www.conservationcouncil.ca\/wp-content\/uploads\/2019\/06\/La-sant%C3%A9-climatique-pour-des-N%C3%A9o-Brunswickois-en-sant%C3%A9.pdf\">a des r\u00e9percussions n\u00e9gatives sur la sant\u00e9 physique et mentale<\/a>\u00a0et cr\u00e9e des conditions dangereuses pour les personnes les plus vuln\u00e9rables. Selon\u00a0<a href=\"https:\/\/institutclimatique.ca\/reports\/les-couts-des-changements-climatiques-pour-la-sante\/\">l\u2019Institut climatique du Canada,<\/a> l\u2019acc\u00e8s actuel aux syst\u00e8mes sociaux et de sant\u00e9 au Canada est in\u00e9quitable, malgr\u00e9 le fait que les impacts des changements climatiques sur la sant\u00e9, ainsi que leurs co\u00fbts, ne feront que s\u2019intensifier avec le temps. Il existe un nombre croissant de travaux sur la sant\u00e9 et les changements climatiques, dont certains ont \u00e9t\u00e9 men\u00e9s dans le Canada atlantique :<\/p>\n<p><span style=\"font-size: 14px;\">\u00a0<\/span><\/p>\n<h5><strong><a href=\"https:\/\/ccnse.ca\/environmental-health-in-canada\/health-agency-projects\/elevation-du-niveau-des-oceans-et-ses\">\u00c9l\u00e9vation du niveau des oc\u00e9ans et ses cons\u00e9quences sur sant\u00e9 publique<\/a>\u00a0(2022-23)<\/strong><\/h5>\n<p>Dans le cadre d\u2019un partenariat entre CLIMAtlantic et le Centre de collaboration nationale en sant\u00e9 environnementale, cette s\u00e9rie en quatre parties a permis d\u2019identifier<\/p>\n<ul>\n<li aria-level=\"1\">les zones g\u00e9ographiques le long du littoral canadien les plus expos\u00e9es aux impacts de l\u2019\u00e9l\u00e9vation du niveau de la mer (<a href=\"https:\/\/ccnse.ca\/documents\/evidence-review\/vue-densemble-sur-les-collectivites-exposees-lelevation-du-niveau-des\">rapport 1<\/a>),\u00a0<\/li>\n<li aria-level=\"1\">les effets potentiels sur la sant\u00e9 de l\u2019exposition \u00e0 l\u2019\u00e9l\u00e9vation du niveau de la mer (<a href=\"https:\/\/ccnse.ca\/documents\/evidence-review\/risques-sanitaires-associes-lelevation-du-niveau-des-oceans\">rapport 2<\/a>),\u00a0<\/li>\n<li aria-level=\"1\">les approches limit\u00e9es des communaut\u00e9s c\u00f4ti\u00e8res en mati\u00e8re d\u2019adaptation \u00e0 la SLR et \u00e0 la sant\u00e9 (<a href=\"https:\/\/ccnse.ca\/documents\/approches-dadaptation-communautaire-liees-lelevation-du-niveau-des-oceans-et-la-sante\">rapport 3<\/a>)<\/li>\n<li aria-level=\"1\">et la mani\u00e8re dont la sant\u00e9 peut \u00eatre mieux prise en compte dans la planification de l\u2019adaptation \u00e0 la SLR au niveau communautaire (<a href=\"https:\/\/ccnse.ca\/documents\/evidence-review\/identifying-health-priorities-sea-level-rise-adaptation-planning\">rapport 4<\/a>)<\/li>\n<\/ul>\n<p>&nbsp;<\/p>\n<h5><strong><a href=\"https:\/\/www.canada.ca\/fr\/sante-canada\/programmes\/adaptation-sante.html\">HealthADAPT (Sant\u00e9 Canada) (2019-2022)<\/a><\/strong><\/h5>\n<p>Sant\u00e9 publique Nouveau-Brunswick a men\u00e9 plusieurs \u00e9valuations des changements climatiques, de la vuln\u00e9rabilit\u00e9 et de l\u2019adaptation en mati\u00e8re de sant\u00e9 dans une communaut\u00e9 urbaine et une communaut\u00e9 rurale dans le cadre du programme HealthAdapt. L\u2019un des nombreux outils issus du projet de Sant\u00e9 publique Nouveau-Brunswick est l\u2019infographie \u201c<a href=\"https:\/\/www2.gnb.ca\/content\/dam\/gnb\/Departments\/h-s\/pdf\/fr\/MilieuxSains\/communautesadaptatives.pdf\">Les communaut\u00e9s adaptatives r\u00e9duisent les impacts sur la sant\u00e9<\/a>\u201d.<\/p>\n<p><span style=\"font-size: 14px;\">\u00a0<\/span><\/p>\n<h5><strong><a href=\"https:\/\/donneesclimatiques.ca\/explorer\/secteur\/sante\/\">Module de sant\u00e9, Donn\u00e9esClimatiques.ca\u00a0<\/a><\/strong><\/h5>\n<p>Ce module sur la sant\u00e9 d\u00e9crit les risques que pose les changements climatiques pour la sant\u00e9, notamment les chaleurs extr\u00eames et la pr\u00e9valence accrue de la maladie de Lyme, et fournit des \u00e9tudes de cas et des indices de donn\u00e9es pertinents \u00e0 explorer et \u00e0 analyser, afin d\u2019encourager la compr\u00e9hension du public et la prise de d\u00e9cisions \u00e9clair\u00e9es.<\/p>\n<p>&nbsp;<\/p>\n<h5><strong><i><\/i><\/strong><\/h5>\n<h5><strong><a href=\"https:\/\/changingclimate.ca\/health-in-a-changing-climate\/fr\/\"><i>La sant\u00e9 des Canadiens et des Canadiennes dans un climat en changement: Faire progresser nos connaissances pour agir<\/i>, Sant\u00e9 Canada<\/a>\u00a0(f\u00e9vrier 2022)<\/strong><\/h5>\n<p>Ce rapport vise \u00e0 aider les autorit\u00e9s sanitaires, les chercheurs et les particuliers \u00e0 mieux comprendre les liens entre les changements climatiques et la sant\u00e9 en examinant des sujets tels que la sant\u00e9 des peuples autochtones, la sant\u00e9 mentale et le bien-\u00eatre, ainsi que l\u2019\u00e9quit\u00e9 en mati\u00e8re de sant\u00e9.<\/p>\n<\/div>\n<\/div>\n<p>[\/et_pb_text][et_pb_image src=&#8221;https:\/\/climatlantic.ca\/wp\/wp-content\/uploads\/2021\/12\/Health-1-1024&#215;787.png&#8221; alt=&#8221;Une collection d&#8217;images en noir et blanc li\u00e9es \u00e0 la sant\u00e9 et au changement climatique. L&#8217;ensemble des images forme une paire de poumons.&#8221; title_text=&#8221;CLIMAtlantic-Sant\u00e9&#8221; _builder_version=&#8221;4.23.1&#8243; _module_preset=&#8221;default&#8221; hover_enabled=&#8221;0&#8243; global_colors_info=&#8221;{}&#8221; sticky_enabled=&#8221;0&#8243;][\/et_pb_image][et_pb_text _builder_version=&#8221;4.21.0&#8243; _module_preset=&#8221;default&#8221; global_colors_info=&#8221;{}&#8221;]<\/p>\n<p><em>Page de couverture de\u00a0<\/em>Les co\u00fbts des changements climatiques pour la sant\u00e9: Comment le Canada peut s\u2019adapter, se pr\u00e9parer et sauver des vies,\u00a0<em>L\u2019Institut climatique du Canada (2021).<\/em><\/p>\n<p>[\/et_pb_text][et_pb_text _builder_version=&#8221;4.16&#8243; _module_preset=&#8221;default&#8221; global_colors_info=&#8221;{}&#8221;]<\/p>\n<p><b>Autres lectures:<\/b><\/p>\n<p><a href=\"https:\/\/www.conservationcouncil.ca\/wp-content\/uploads\/2019\/06\/La-sant%C3%A9-climatique-pour-des-N%C3%A9o-Brunswickois-en-sant%C3%A9.pdf\">Comeau, L., &amp; Nunes, D. (2019). La sant\u00e9 climatique pour des N\u00e9o-Brunswickois en sant\u00e9: Une proposition pour diminuer la pollution et prot\u00e9ger la sant\u00e9 de la population du Nouveau-Brunswick.\u00a0<\/a><\/p>\n<p><a href=\"https:\/\/institutclimatique.ca\/reports\/les-couts-des-changements-climatiques-pour-la-sante\/\">L\u2019Institut climatique du Canada (2021). Les co\u00fbts des changements climatiques pour la sant\u00e9: Comment le Canada peut s\u2019adapter, se pr\u00e9parer et sauver des vies.\u00a0<\/a><\/p>\n<p><a href=\"https:\/\/www.thelancet.com\/journals\/lancet\/article\/PIIS0140-6736(18)32594-7\/fulltext\">Watts, N., Amann, M., Arnell, N., Ayeb-Karlsson, S., Belesova, K., Berry, H., Bouley, T., Boykoff, M., Byass, P., Cai, W., Campbell-Lendrum, D., Chambers, J., Daly, D., Dasandi, N., Davies, M., Depoux, A., Dominguez-Salas, P., Drummond, P., Ebi, K. L., \u2026 Costello, A. (2018). The 2018 report of the Lancet Countdown on health and climate change: shaping the health of nations for centuries to come.\u00a0<\/a><\/p>\n<p>[\/et_pb_text][\/et_pb_column][\/et_pb_row][\/et_pb_section]<\/p>\n","protected":false},"excerpt":{"rendered":"<p>ADAPTATION AUX CHANGEMENTS CLIMATIQUES Sant\u00e9 Les effets des changements climatiques sur la sant\u00e9 de tous sont d\u00e9j\u00e0 nombreux et vari\u00e9s : les \u00e9pisodes de chaleur extr\u00eame provoquent des maladies et des d\u00e9c\u00e8s ; les incendies de for\u00eat d\u00e9gradent la qualit\u00e9 de l\u2019air ; la hausse des temp\u00e9ratures est corr\u00e9l\u00e9e \u00e0 une augmentation des maladies zoonotiques, [&hellip;]<\/p>\n","protected":false},"author":1,"featured_media":0,"parent":2117,"menu_order":3,"comment_status":"closed","ping_status":"closed","template":"","meta":{"_et_pb_use_builder":"on","_et_pb_old_content":"","_et_gb_content_width":"","footnotes":""},"categories":[],"tags":[],"class_list":["post-5970","page","type-page","status-publish","hentry"],"yoast_head":"<!-- This site is optimized with the Yoast SEO plugin v26.5 - https:\/\/yoast.com\/wordpress\/plugins\/seo\/ -->\n<title>Sant\u00e9 - CLIMAtlantic<\/title>\n<meta name=\"robots\" content=\"index, follow, max-snippet:-1, max-image-preview:large, max-video-preview:-1\" \/>\n<link rel=\"canonical\" href=\"https:\/\/climatlantic.panchroma.dev\/fr\/adaptation\/sante\/\" \/>\n<meta property=\"og:locale\" content=\"fr_FR\" \/>\n<meta property=\"og:type\" content=\"article\" \/>\n<meta property=\"og:title\" content=\"Sant\u00e9 - CLIMAtlantic\" \/>\n<meta property=\"og:description\" content=\"ADAPTATION AUX CHANGEMENTS CLIMATIQUES Sant\u00e9 Les effets des changements climatiques sur la sant\u00e9 de tous sont d\u00e9j\u00e0 nombreux et vari\u00e9s : les \u00e9pisodes de chaleur extr\u00eame provoquent des maladies et des d\u00e9c\u00e8s ; les incendies de for\u00eat d\u00e9gradent la qualit\u00e9 de l\u2019air ; la hausse des temp\u00e9ratures est corr\u00e9l\u00e9e \u00e0 une augmentation des maladies zoonotiques, [&hellip;]\" \/>\n<meta property=\"og:url\" content=\"https:\/\/climatlantic.panchroma.dev\/fr\/adaptation\/sante\/\" \/>\n<meta property=\"og:site_name\" content=\"CLIMAtlantic\" \/>\n<meta property=\"article:publisher\" content=\"https:\/\/www.facebook.com\/CLIMAtlanticInc\/\" \/>\n<meta property=\"article:modified_time\" content=\"2023-11-24T20:15:17+00:00\" \/>\n<meta name=\"twitter:card\" content=\"summary_large_image\" \/>\n<meta name=\"twitter:label1\" content=\"Dur\u00e9e de lecture estim\u00e9e\" \/>\n\t<meta name=\"twitter:data1\" content=\"4 minutes\" \/>\n<script type=\"application\/ld+json\" class=\"yoast-schema-graph\">{\"@context\":\"https:\/\/schema.org\",\"@graph\":[{\"@type\":\"WebPage\",\"@id\":\"https:\/\/climatlantic.panchroma.dev\/fr\/adaptation\/sante\/\",\"url\":\"https:\/\/climatlantic.panchroma.dev\/fr\/adaptation\/sante\/\",\"name\":\"Sant\u00e9 - CLIMAtlantic\",\"isPartOf\":{\"@id\":\"https:\/\/climatlantic.panchroma.dev\/fr\/#website\"},\"datePublished\":\"2023-02-06T21:44:48+00:00\",\"dateModified\":\"2023-11-24T20:15:17+00:00\",\"breadcrumb\":{\"@id\":\"https:\/\/climatlantic.panchroma.dev\/fr\/adaptation\/sante\/#breadcrumb\"},\"inLanguage\":\"fr-FR\",\"potentialAction\":[{\"@type\":\"ReadAction\",\"target\":[\"https:\/\/climatlantic.panchroma.dev\/fr\/adaptation\/sante\/\"]}]},{\"@type\":\"BreadcrumbList\",\"@id\":\"https:\/\/climatlantic.panchroma.dev\/fr\/adaptation\/sante\/#breadcrumb\",\"itemListElement\":[{\"@type\":\"ListItem\",\"position\":1,\"name\":\"Home\",\"item\":\"https:\/\/climatlantic.panchroma.dev\/fr\/\"},{\"@type\":\"ListItem\",\"position\":2,\"name\":\"Adaptation\",\"item\":\"https:\/\/climatlantic.panchroma.dev\/fr\/adaptation\/\"},{\"@type\":\"ListItem\",\"position\":3,\"name\":\"Sant\u00e9\"}]},{\"@type\":\"WebSite\",\"@id\":\"https:\/\/climatlantic.panchroma.dev\/fr\/#website\",\"url\":\"https:\/\/climatlantic.panchroma.dev\/fr\/\",\"name\":\"Climatlantic\",\"description\":\"Enhancing Atlantic Climate Resilience\",\"publisher\":{\"@id\":\"https:\/\/climatlantic.panchroma.dev\/fr\/#organization\"},\"potentialAction\":[{\"@type\":\"SearchAction\",\"target\":{\"@type\":\"EntryPoint\",\"urlTemplate\":\"https:\/\/climatlantic.panchroma.dev\/fr\/?s={search_term_string}\"},\"query-input\":{\"@type\":\"PropertyValueSpecification\",\"valueRequired\":true,\"valueName\":\"search_term_string\"}}],\"inLanguage\":\"fr-FR\"},{\"@type\":\"Organization\",\"@id\":\"https:\/\/climatlantic.panchroma.dev\/fr\/#organization\",\"name\":\"CLIMAtlantic\",\"url\":\"https:\/\/climatlantic.panchroma.dev\/fr\/\",\"logo\":{\"@type\":\"ImageObject\",\"inLanguage\":\"fr-FR\",\"@id\":\"https:\/\/climatlantic.panchroma.dev\/fr\/#\/schema\/logo\/image\/\",\"url\":\"https:\/\/climatlantic.ca\/wp\/wp-content\/uploads\/2021\/07\/cropped-Climatlantic_Favicon.png\",\"contentUrl\":\"https:\/\/climatlantic.ca\/wp\/wp-content\/uploads\/2021\/07\/cropped-Climatlantic_Favicon.png\",\"width\":512,\"height\":512,\"caption\":\"CLIMAtlantic\"},\"image\":{\"@id\":\"https:\/\/climatlantic.panchroma.dev\/fr\/#\/schema\/logo\/image\/\"},\"sameAs\":[\"https:\/\/www.facebook.com\/CLIMAtlanticInc\/\",\"http:\/\/instagram.com\/climatlantic\",\"https:\/\/www.linkedin.com\/company\/climatlantic\/\"]}]}<\/script>\n<!-- \/ Yoast SEO plugin. -->","yoast_head_json":{"title":"Sant\u00e9 - CLIMAtlantic","robots":{"index":"index","follow":"follow","max-snippet":"max-snippet:-1","max-image-preview":"max-image-preview:large","max-video-preview":"max-video-preview:-1"},"canonical":"https:\/\/climatlantic.panchroma.dev\/fr\/adaptation\/sante\/","og_locale":"fr_FR","og_type":"article","og_title":"Sant\u00e9 - CLIMAtlantic","og_description":"ADAPTATION AUX CHANGEMENTS CLIMATIQUES Sant\u00e9 Les effets des changements climatiques sur la sant\u00e9 de tous sont d\u00e9j\u00e0 nombreux et vari\u00e9s : les \u00e9pisodes de chaleur extr\u00eame provoquent des maladies et des d\u00e9c\u00e8s ; les incendies de for\u00eat d\u00e9gradent la qualit\u00e9 de l\u2019air ; la hausse des temp\u00e9ratures est corr\u00e9l\u00e9e \u00e0 une augmentation des maladies zoonotiques, [&hellip;]","og_url":"https:\/\/climatlantic.panchroma.dev\/fr\/adaptation\/sante\/","og_site_name":"CLIMAtlantic","article_publisher":"https:\/\/www.facebook.com\/CLIMAtlanticInc\/","article_modified_time":"2023-11-24T20:15:17+00:00","twitter_card":"summary_large_image","twitter_misc":{"Dur\u00e9e de lecture estim\u00e9e":"4 minutes"},"schema":{"@context":"https:\/\/schema.org","@graph":[{"@type":"WebPage","@id":"https:\/\/climatlantic.panchroma.dev\/fr\/adaptation\/sante\/","url":"https:\/\/climatlantic.panchroma.dev\/fr\/adaptation\/sante\/","name":"Sant\u00e9 - CLIMAtlantic","isPartOf":{"@id":"https:\/\/climatlantic.panchroma.dev\/fr\/#website"},"datePublished":"2023-02-06T21:44:48+00:00","dateModified":"2023-11-24T20:15:17+00:00","breadcrumb":{"@id":"https:\/\/climatlantic.panchroma.dev\/fr\/adaptation\/sante\/#breadcrumb"},"inLanguage":"fr-FR","potentialAction":[{"@type":"ReadAction","target":["https:\/\/climatlantic.panchroma.dev\/fr\/adaptation\/sante\/"]}]},{"@type":"BreadcrumbList","@id":"https:\/\/climatlantic.panchroma.dev\/fr\/adaptation\/sante\/#breadcrumb","itemListElement":[{"@type":"ListItem","position":1,"name":"Home","item":"https:\/\/climatlantic.panchroma.dev\/fr\/"},{"@type":"ListItem","position":2,"name":"Adaptation","item":"https:\/\/climatlantic.panchroma.dev\/fr\/adaptation\/"},{"@type":"ListItem","position":3,"name":"Sant\u00e9"}]},{"@type":"WebSite","@id":"https:\/\/climatlantic.panchroma.dev\/fr\/#website","url":"https:\/\/climatlantic.panchroma.dev\/fr\/","name":"Climatlantic","description":"Enhancing Atlantic Climate Resilience","publisher":{"@id":"https:\/\/climatlantic.panchroma.dev\/fr\/#organization"},"potentialAction":[{"@type":"SearchAction","target":{"@type":"EntryPoint","urlTemplate":"https:\/\/climatlantic.panchroma.dev\/fr\/?s={search_term_string}"},"query-input":{"@type":"PropertyValueSpecification","valueRequired":true,"valueName":"search_term_string"}}],"inLanguage":"fr-FR"},{"@type":"Organization","@id":"https:\/\/climatlantic.panchroma.dev\/fr\/#organization","name":"CLIMAtlantic","url":"https:\/\/climatlantic.panchroma.dev\/fr\/","logo":{"@type":"ImageObject","inLanguage":"fr-FR","@id":"https:\/\/climatlantic.panchroma.dev\/fr\/#\/schema\/logo\/image\/","url":"https:\/\/climatlantic.ca\/wp\/wp-content\/uploads\/2021\/07\/cropped-Climatlantic_Favicon.png","contentUrl":"https:\/\/climatlantic.ca\/wp\/wp-content\/uploads\/2021\/07\/cropped-Climatlantic_Favicon.png","width":512,"height":512,"caption":"CLIMAtlantic"},"image":{"@id":"https:\/\/climatlantic.panchroma.dev\/fr\/#\/schema\/logo\/image\/"},"sameAs":["https:\/\/www.facebook.com\/CLIMAtlanticInc\/","http:\/\/instagram.com\/climatlantic","https:\/\/www.linkedin.com\/company\/climatlantic\/"]}]}},"_links":{"self":[{"href":"https:\/\/climatlantic.panchroma.dev\/fr\/wp-json\/wp\/v2\/pages\/5970","targetHints":{"allow":["GET"]}}],"collection":[{"href":"https:\/\/climatlantic.panchroma.dev\/fr\/wp-json\/wp\/v2\/pages"}],"about":[{"href":"https:\/\/climatlantic.panchroma.dev\/fr\/wp-json\/wp\/v2\/types\/page"}],"author":[{"embeddable":true,"href":"https:\/\/climatlantic.panchroma.dev\/fr\/wp-json\/wp\/v2\/users\/1"}],"replies":[{"embeddable":true,"href":"https:\/\/climatlantic.panchroma.dev\/fr\/wp-json\/wp\/v2\/comments?post=5970"}],"version-history":[{"count":5,"href":"https:\/\/climatlantic.panchroma.dev\/fr\/wp-json\/wp\/v2\/pages\/5970\/revisions"}],"predecessor-version":[{"id":10945,"href":"https:\/\/climatlantic.panchroma.dev\/fr\/wp-json\/wp\/v2\/pages\/5970\/revisions\/10945"}],"up":[{"embeddable":true,"href":"https:\/\/climatlantic.panchroma.dev\/fr\/wp-json\/wp\/v2\/pages\/2117"}],"wp:attachment":[{"href":"https:\/\/climatlantic.panchroma.dev\/fr\/wp-json\/wp\/v2\/media?parent=5970"}],"wp:term":[{"taxonomy":"category","embeddable":true,"href":"https:\/\/climatlantic.panchroma.dev\/fr\/wp-json\/wp\/v2\/categories?post=5970"},{"taxonomy":"post_tag","embeddable":true,"href":"https:\/\/climatlantic.panchroma.dev\/fr\/wp-json\/wp\/v2\/tags?post=5970"}],"curies":[{"name":"wp","href":"https:\/\/api.w.org\/{rel}","templated":true}]}}