{"id":5246,"date":"2022-12-05T09:43:00","date_gmt":"2022-12-05T13:43:00","guid":{"rendered":"https:\/\/climatlantic.ca\/outil-dadaptation-cotiere-2\/"},"modified":"2023-12-01T10:43:46","modified_gmt":"2023-12-01T14:43:46","slug":"adaptation-cotiere","status":"publish","type":"page","link":"https:\/\/climatlantic.panchroma.dev\/fr\/adaptation-cotiere\/","title":{"rendered":"Bo\u00eete \u00e0 outils d\u2019adaptation c\u00f4ti\u00e8re"},"content":{"rendered":"<p>[et_pb_section fb_built=&#8221;1&#8243; fullwidth=&#8221;on&#8221; _builder_version=&#8221;4.16&#8243; _module_preset=&#8221;default&#8221; collapsed=&#8221;on&#8221; global_colors_info=&#8221;{}&#8221;][et_pb_fullwidth_header title=&#8221;Bo\u00eete \u00e0 outils d\u2019adaptation c\u00f4ti\u00e8re&#8221; text_orientation=&#8221;center&#8221; content_max_width=&#8221;110%&#8221; title_tablet=&#8221;CARTE DE R\u00c9SEAUTAGE&#8221; title_phone=&#8221;Bo\u00eete \u00e0 outils d&#8217;adaptation c\u00f4ti\u00e8re&#8221; title_last_edited=&#8221;on|tablet&#8221; content_max_width_tablet=&#8221;110%&#8221; content_max_width_phone=&#8221;120%&#8221; content_max_width_last_edited=&#8221;on|tablet&#8221; _builder_version=&#8221;4.21.0&#8243; _module_preset=&#8221;default&#8221; title_text_color=&#8221;#238ACA&#8221; title_font_size=&#8221;48px&#8221; subhead_text_color=&#8221;#565656&#8243; subhead_font_size=&#8221;22px&#8221; subhead_line_height=&#8221;0.9em&#8221; background_color=&#8221;#50B848&#8243; background_image=&#8221;https:\/\/climatlantic.ca\/wp\/wp-content\/uploads\/2022\/12\/Coastline-1.png&#8221; background_enable_video_mp4=&#8221;off&#8221; height=&#8221;295px&#8221; height_tablet=&#8221;230px&#8221; height_phone=&#8221;200px&#8221; height_last_edited=&#8221;on|desktop&#8221; custom_margin=&#8221;18px|0px||0px|false|false&#8221; custom_margin_tablet=&#8221;40px||||false|false&#8221; custom_margin_phone=&#8221;||||false|false&#8221; custom_margin_last_edited=&#8221;on|tablet&#8221; custom_padding=&#8221;12px|0px||0px|false|false&#8221; custom_padding_tablet=&#8221;&#8221; custom_padding_phone=&#8221;0px||||false|false&#8221; custom_padding_last_edited=&#8221;on|desktop&#8221; hover_enabled=&#8221;0&#8243; title_font_size_tablet=&#8221;36px&#8221; title_font_size_phone=&#8221;26px&#8221; title_font_size_last_edited=&#8221;on|phone&#8221; subhead_font_size_tablet=&#8221;16px&#8221; subhead_font_size_phone=&#8221;12px&#8221; subhead_font_size_last_edited=&#8221;on|tablet&#8221; global_colors_info=&#8221;{}&#8221; sticky_enabled=&#8221;0&#8243;][\/et_pb_fullwidth_header][\/et_pb_section][et_pb_section fb_built=&#8221;1&#8243; _builder_version=&#8221;4.16&#8243; _module_preset=&#8221;default&#8221; background_color=&#8221;#238ACA&#8221; custom_margin=&#8221;||||false|false&#8221; custom_padding=&#8221;12px||12px||false|false&#8221; collapsed=&#8221;on&#8221; global_colors_info=&#8221;{}&#8221;][et_pb_row _builder_version=&#8221;4.16&#8243; _module_preset=&#8221;default&#8221; custom_padding=&#8221;15px||16px|||&#8221; global_colors_info=&#8221;{}&#8221;][et_pb_column type=&#8221;4_4&#8243; _builder_version=&#8221;4.16&#8243; _module_preset=&#8221;default&#8221; global_colors_info=&#8221;{}&#8221;][et_pb_text _builder_version=&#8221;4.16&#8243; _module_preset=&#8221;default&#8221; text_font_size=&#8221;22px&#8221; header_text_align=&#8221;center&#8221; text_orientation=&#8221;center&#8221; background_layout=&#8221;dark&#8221; global_colors_info=&#8221;{}&#8221;]<\/p>\n<h3 style=\"text-align: center;\">A<span style=\"font-size: x-large;\">daptation aux changements climatiques dans les collectivit\u00e9s c\u00f4ti\u00e8res du Canada atlantique<\/span><\/h3>\n<p style=\"text-align: center;\"><span style=\"font-size: large;\">Explorez cette bo\u00eete \u00e0 outils pour obtenir des conseils sur la meilleure fa\u00e7on de se pr\u00e9parer aux impacts climatiques c\u00f4tiers<\/span><\/p>\n<p>[\/et_pb_text][\/et_pb_column][\/et_pb_row][\/et_pb_section][et_pb_section fb_built=&#8221;1&#8243; custom_padding_last_edited=&#8221;on|desktop&#8221; _builder_version=&#8221;4.16&#8243; _module_preset=&#8221;default&#8221; custom_padding=&#8221;18px||||false|false&#8221; custom_padding_tablet=&#8221;&#8221; custom_padding_phone=&#8221;&#8221; global_colors_info=&#8221;{}&#8221;][et_pb_row _builder_version=&#8221;4.16&#8243; _module_preset=&#8221;default&#8221; collapsed=&#8221;on&#8221; global_colors_info=&#8221;{}&#8221;][et_pb_column type=&#8221;4_4&#8243; _builder_version=&#8221;4.16&#8243; _module_preset=&#8221;default&#8221; global_colors_info=&#8221;{}&#8221;][et_pb_text _builder_version=&#8221;4.16&#8243; _module_preset=&#8221;default&#8221; global_colors_info=&#8221;{}&#8221;]<span style=\"font-weight: 400;\"> La <\/span><b>Bo\u00eete \u00e0 outils d\u2019adaptation c\u00f4ti\u00e8re<\/b><span style=\"font-weight: 400;\"> a \u00e9t\u00e9 \u00e9labor\u00e9e pour aider les collectivit\u00e9s rurales c\u00f4ti\u00e8res de l\u2019Atlantique et les propri\u00e9taires fonciers \u00e0 r\u00e9agir aux effets des changements climatiques. La bo\u00eete \u00e0 outils peut \u00eatre utilis\u00e9e par les collectivit\u00e9s et les propri\u00e9taires qui connaissent des probl\u00e8mes li\u00e9s \u00e0 l\u2019\u00e9rosion ou aux inondations c\u00f4ti\u00e8res \u00e0 court et \u00e0 long terme.<\/span><\/p>\n<p><span style=\"font-weight: 400;\">Cette bo\u00eete \u00e0 outils a pour objectif d\u2019aider les collectivit\u00e9s et les d\u00e9cideurs ainsi que les propri\u00e9taires fonciers qui habitent pr\u00e8s des c\u00f4tes \u00e0 prendre conscience de leur environnement c\u00f4tier, des diff\u00e9rentes options d\u2019adaptation \u00e0 leur disposition et de l\u2019applicabilit\u00e9 de ces options selon diff\u00e9rents sc\u00e9narios.<\/span><\/p>\n<p><span style=\"font-weight: 400;\">La bo\u00eete \u00e0 outils comprend deux outils en ligne et trois documents d\u2019accompagnement.<\/span>[\/et_pb_text][\/et_pb_column][\/et_pb_row][et_pb_row column_structure=&#8221;1_2,1_2&#8243; _builder_version=&#8221;4.16&#8243; _module_preset=&#8221;default&#8221; custom_padding=&#8221;2px|||||&#8221; collapsed=&#8221;on&#8221; global_colors_info=&#8221;{}&#8221;][et_pb_column type=&#8221;1_2&#8243; _builder_version=&#8221;4.16&#8243; _module_preset=&#8221;default&#8221; global_colors_info=&#8221;{}&#8221;][et_pb_button button_url=&#8221;https:\/\/climatlantic.ca\/fr\/outil-dadaptation-cotiere\/&#8221; button_text=&#8221;POUR LES COMMUNAUT\u00c9S&#8221; button_alignment=&#8221;center&#8221; _builder_version=&#8221;4.16&#8243; _module_preset=&#8221;default&#8221; custom_button=&#8221;on&#8221; button_text_size=&#8221;20px&#8221; button_bg_color=&#8221;#50B848&#8243; custom_margin=&#8221;||16px||false|false&#8221; custom_padding=&#8221;||||false|false&#8221; custom_css_main_element=&#8221;width:100%;&#8221; global_colors_info=&#8221;{}&#8221;][\/et_pb_button][et_pb_text _builder_version=&#8221;4.21.0&#8243; _module_preset=&#8221;default&#8221; custom_margin=&#8221;||18px||false|false&#8221; global_colors_info=&#8221;{}&#8221;]<\/p>\n<p><strong><a href=\"https:\/\/climatlantic.ca\/fr\/adaptation-cotiere\/outil-dadaptation-cotiere\/\">L\u2019Outil d\u2019adaptation c\u00f4ti\u00e8re <\/a><\/strong> utilise une s\u00e9rie de questions li\u00e9es aux probl\u00e8mes d\u2019inondation ou d\u2019\u00e9rosion afin de cerner les options les plus appropri\u00e9es pour g\u00e9rer ces probl\u00e8mes sur un site sp\u00e9cifique dans une collectivit\u00e9. Les options comprennent des outils de planification de l\u2019am\u00e9nagement du territoire ainsi que des interventions \u00e0 faire sur les c\u00f4tes et des outils d\u2019ing\u00e9nierie. Notons que cet outil est con\u00e7u principalement pour le personnel et les \u00e9lus de la collectivit\u00e9.<\/p>\n<p>[\/et_pb_text][et_pb_button button_url=&#8221;https:\/\/climatlantic.ca\/fr\/adaptation-cotiere\/outil-dadaptation-cotiere\/&#8221; button_text=&#8221; Utiliser l&#8217;outil&#8221; _builder_version=&#8221;4.21.0&#8243; _module_preset=&#8221;default&#8221; global_colors_info=&#8221;{}&#8221;][\/et_pb_button][\/et_pb_column][et_pb_column type=&#8221;1_2&#8243; _builder_version=&#8221;4.16&#8243; _module_preset=&#8221;default&#8221; global_colors_info=&#8221;{}&#8221;][et_pb_button button_url=&#8221;https:\/\/climatlantic.ca\/fr\/outil-dadaptation-cotiere-proprietaires-fonciers\/&#8221; button_text=&#8221;POUR LES PROPRI\u00c9TAIRES&#8221; button_alignment=&#8221;center&#8221; _builder_version=&#8221;4.16&#8243; _module_preset=&#8221;default&#8221; custom_button=&#8221;on&#8221; button_text_size=&#8221;19px&#8221; button_bg_color=&#8221;#50B848&#8243; custom_margin=&#8221;||16px||false|false&#8221; custom_css_main_element=&#8221;width:100%;&#8221; global_colors_info=&#8221;{}&#8221;][\/et_pb_button][et_pb_text _builder_version=&#8221;4.21.0&#8243; _module_preset=&#8221;default&#8221; custom_margin=&#8221;||18px||false|false&#8221; global_colors_info=&#8221;{}&#8221;]<\/p>\n<p><strong><a href=\"https:\/\/climatlantic.ca\/fr\/adaptation-cotiere\/outil-dadaptation-cotiere-proprietaires-fonciers\/\">L\u2019Outil d\u2019adaptation c\u00f4ti\u00e8re pour les propri\u00e9taires fonciers<\/a><\/strong> a \u00e9t\u00e9 con\u00e7u pour les particuliers, les propri\u00e9taires fonciers qui vivent \u00e0 proximit\u00e9 des c\u00f4tes. Il s\u2019agit d\u2019une version simplifi\u00e9e de l\u2019Outil d\u2019adaptation c\u00f4ti\u00e8re qui ne comprend pas d\u2019outils d\u2019am\u00e9nagement du territoire.<\/p>\n<p>[\/et_pb_text][et_pb_button button_url=&#8221;https:\/\/climatlantic.ca\/fr\/adaptation-cotiere\/outil-dadaptation-cotiere-proprietaires-fonciers\/&#8221; button_text=&#8221; Utiliser l&#8217;outil&#8221; _builder_version=&#8221;4.21.0&#8243; _module_preset=&#8221;default&#8221; global_colors_info=&#8221;{}&#8221;][\/et_pb_button][\/et_pb_column][\/et_pb_row][et_pb_row _builder_version=&#8221;4.16&#8243; _module_preset=&#8221;default&#8221; custom_padding=&#8221;7px|||||&#8221; collapsed=&#8221;on&#8221; global_colors_info=&#8221;{}&#8221;][et_pb_column type=&#8221;4_4&#8243; _builder_version=&#8221;4.16&#8243; _module_preset=&#8221;default&#8221; global_colors_info=&#8221;{}&#8221;][et_pb_text _builder_version=&#8221;4.16&#8243; _module_preset=&#8221;default&#8221; global_colors_info=&#8221;{}&#8221;]Les ressources compl\u00e9mentaires <strong>Bo\u00eete \u00e0 outils pour l\u2019Adaptation aux changements climatiques dans les collectivit\u00e9s c\u00f4ti\u00e8res du Canada atlantique<\/strong>. Cette ressource est compos\u00e9e de trois documents : <a href=\"https:\/\/climatlantic.ca\/wp\/wp-content\/uploads\/2023\/03\/Partie-1-Guide-de-selection-des-moyens-dadaptation-6-mars-2023.pdf\" target=\"_blank\" rel=\"noopener\"><strong>La partie 1, Conseils pour le choix des options d\u2019adaptation<\/strong><\/a>, fournit des informations g\u00e9n\u00e9rales sur nos c\u00f4tes, les impacts des changements climatiques et l\u2019adaptation. <a href=\"https:\/\/climatlantic.ca\/wp\/wp-content\/uploads\/2023\/03\/Partie-2-Outils-d_amenagement-du-territoire-7-mars-2023.pdf\" target=\"_blank\" rel=\"noopener\"><strong>La partie 2, Outils d\u2019am\u00e9nagement du territoire \u2013 Options d\u2019adaptation<\/strong><\/a> pr\u00e9sente plus de 50 approches d\u2019am\u00e9nagement du territoire pour l\u2019adaptation c\u00f4ti\u00e8re. <a href=\"https:\/\/climatlantic.ca\/wp\/wp-content\/uploads\/2023\/03\/Partie-3-Options-dintervention-en-zone-cotiere-et-considerations-techniques-7-mars-2023.pdf\" target=\"_blank\" rel=\"noopener\"><strong>La partie 3, Options d\u2019intervention sur le littoral et consid\u00e9rations techniques<\/strong><\/a> comprend plus de deux douzaines d\u2019options pour g\u00e9rer les inondations et l\u2019\u00e9rosion c\u00f4ti\u00e8res.[\/et_pb_text][\/et_pb_column][\/et_pb_row][et_pb_row _builder_version=&#8221;4.16&#8243; _module_preset=&#8221;default&#8221; background_color=&#8221;rgba(80,184,72,0.21)&#8221; collapsed=&#8221;on&#8221; global_colors_info=&#8221;{}&#8221;][et_pb_column type=&#8221;4_4&#8243; _builder_version=&#8221;4.16&#8243; _module_preset=&#8221;default&#8221; global_colors_info=&#8221;{}&#8221;][et_pb_text _builder_version=&#8221;4.16&#8243; _module_preset=&#8221;default&#8221; text_font_size=&#8221;12px&#8221; custom_margin=&#8221;0px|24px|0px|24px|false|false&#8221; global_colors_info=&#8221;{}&#8221;]<strong>Avis de non-responsabilit\u00e9 <\/strong><\/p>\n<p>La bo\u00eete \u00e0 outils est destin\u00e9e uniquement \u00e0 des fins d\u2019information. Les informations fournies ne remplacent pas les conseils professionnels propres \u00e0 un site, et les informations contenues dans les outils en ligne ne remplacent pas non plus la consultation de professionnels de l\u2019ing\u00e9nierie, de l\u2019am\u00e9nagement du territoire ou des sciences de la terre. Les informations fournies sur ce site Web n\u2019excluent pas la n\u00e9cessit\u00e9 de s\u2019engager avec les juridictions comp\u00e9tentes dans les processus de r\u00e9glementation et d\u2019octroi de permis. Il est possible de trouver ici des ressources suppl\u00e9mentaires[\/et_pb_text][\/et_pb_column][\/et_pb_row][et_pb_row column_structure=&#8221;1_2,1_2&#8243; _builder_version=&#8221;4.16&#8243; _module_preset=&#8221;default&#8221; global_colors_info=&#8221;{}&#8221;][et_pb_column type=&#8221;1_2&#8243; _builder_version=&#8221;4.16&#8243; _module_preset=&#8221;default&#8221; global_colors_info=&#8221;{}&#8221;][et_pb_image src=&#8221;https:\/\/climatlantic.ca\/wp\/wp-content\/uploads\/2023\/02\/GoC-fr.jpeg&#8221; title_text=&#8221;CLIMAtlantic-Canada-gov&#8221; _builder_version=&#8221;4.23.1&#8243; _module_preset=&#8221;default&#8221; hover_enabled=&#8221;0&#8243; global_colors_info=&#8221;{}&#8221; alt=&#8221;Le logo du Gouvernement du Canada&#8221; sticky_enabled=&#8221;0&#8243;][\/et_pb_image][\/et_pb_column][et_pb_column type=&#8221;1_2&#8243; _builder_version=&#8221;4.16&#8243; _module_preset=&#8221;default&#8221; global_colors_info=&#8221;{}&#8221;][\/et_pb_column][\/et_pb_row][\/et_pb_section]<\/p>\n","protected":false},"excerpt":{"rendered":"<p>Adaptation aux changements climatiques dans les collectivit\u00e9s c\u00f4ti\u00e8res du Canada atlantique Explorez cette bo\u00eete \u00e0 outils pour obtenir des conseils sur la meilleure fa\u00e7on de se pr\u00e9parer aux impacts climatiques c\u00f4tiers La Bo\u00eete \u00e0 outils d\u2019adaptation c\u00f4ti\u00e8re a \u00e9t\u00e9 \u00e9labor\u00e9e pour aider les collectivit\u00e9s rurales c\u00f4ti\u00e8res de l\u2019Atlantique et les propri\u00e9taires fonciers \u00e0 r\u00e9agir aux [&hellip;]<\/p>\n","protected":false},"author":5,"featured_media":0,"parent":0,"menu_order":0,"comment_status":"closed","ping_status":"closed","template":"","meta":{"_et_pb_use_builder":"on","_et_pb_old_content":"","_et_gb_content_width":"","footnotes":""},"categories":[],"tags":[],"class_list":["post-5246","page","type-page","status-publish","hentry"],"yoast_head":"<!-- This site is optimized with the Yoast SEO plugin v26.5 - https:\/\/yoast.com\/wordpress\/plugins\/seo\/ -->\n<title>Bo\u00eete \u00e0 outils d\u2019adaptation c\u00f4ti\u00e8re - CLIMAtlantic<\/title>\n<meta name=\"robots\" content=\"index, follow, max-snippet:-1, max-image-preview:large, max-video-preview:-1\" \/>\n<link rel=\"canonical\" href=\"https:\/\/climatlantic.panchroma.dev\/fr\/adaptation-cotiere\/\" \/>\n<meta property=\"og:locale\" content=\"fr_FR\" \/>\n<meta property=\"og:type\" content=\"article\" \/>\n<meta property=\"og:title\" content=\"Bo\u00eete \u00e0 outils d\u2019adaptation c\u00f4ti\u00e8re - CLIMAtlantic\" \/>\n<meta property=\"og:description\" content=\"Adaptation aux changements climatiques dans les collectivit\u00e9s c\u00f4ti\u00e8res du Canada atlantique Explorez cette bo\u00eete \u00e0 outils pour obtenir des conseils sur la meilleure fa\u00e7on de se pr\u00e9parer aux impacts climatiques c\u00f4tiers La Bo\u00eete \u00e0 outils d\u2019adaptation c\u00f4ti\u00e8re a \u00e9t\u00e9 \u00e9labor\u00e9e pour aider les collectivit\u00e9s rurales c\u00f4ti\u00e8res de l\u2019Atlantique et les propri\u00e9taires fonciers \u00e0 r\u00e9agir aux [&hellip;]\" \/>\n<meta property=\"og:url\" content=\"https:\/\/climatlantic.panchroma.dev\/fr\/adaptation-cotiere\/\" \/>\n<meta property=\"og:site_name\" content=\"CLIMAtlantic\" \/>\n<meta property=\"article:publisher\" content=\"https:\/\/www.facebook.com\/CLIMAtlanticInc\/\" \/>\n<meta property=\"article:modified_time\" content=\"2023-12-01T14:43:46+00:00\" \/>\n<meta name=\"twitter:card\" content=\"summary_large_image\" \/>\n<meta name=\"twitter:label1\" content=\"Dur\u00e9e de lecture estim\u00e9e\" \/>\n\t<meta name=\"twitter:data1\" content=\"7 minutes\" \/>\n<script type=\"application\/ld+json\" class=\"yoast-schema-graph\">{\"@context\":\"https:\/\/schema.org\",\"@graph\":[{\"@type\":\"WebPage\",\"@id\":\"https:\/\/climatlantic.panchroma.dev\/fr\/adaptation-cotiere\/\",\"url\":\"https:\/\/climatlantic.panchroma.dev\/fr\/adaptation-cotiere\/\",\"name\":\"Bo\u00eete \u00e0 outils d\u2019adaptation c\u00f4ti\u00e8re - CLIMAtlantic\",\"isPartOf\":{\"@id\":\"https:\/\/climatlantic.panchroma.dev\/fr\/#website\"},\"datePublished\":\"2022-12-05T13:43:00+00:00\",\"dateModified\":\"2023-12-01T14:43:46+00:00\",\"breadcrumb\":{\"@id\":\"https:\/\/climatlantic.panchroma.dev\/fr\/adaptation-cotiere\/#breadcrumb\"},\"inLanguage\":\"fr-FR\",\"potentialAction\":[{\"@type\":\"ReadAction\",\"target\":[\"https:\/\/climatlantic.panchroma.dev\/fr\/adaptation-cotiere\/\"]}]},{\"@type\":\"BreadcrumbList\",\"@id\":\"https:\/\/climatlantic.panchroma.dev\/fr\/adaptation-cotiere\/#breadcrumb\",\"itemListElement\":[{\"@type\":\"ListItem\",\"position\":1,\"name\":\"Home\",\"item\":\"https:\/\/climatlantic.panchroma.dev\/fr\/\"},{\"@type\":\"ListItem\",\"position\":2,\"name\":\"Bo\u00eete \u00e0 outils d\u2019adaptation c\u00f4ti\u00e8re\"}]},{\"@type\":\"WebSite\",\"@id\":\"https:\/\/climatlantic.panchroma.dev\/fr\/#website\",\"url\":\"https:\/\/climatlantic.panchroma.dev\/fr\/\",\"name\":\"Climatlantic\",\"description\":\"Enhancing Atlantic Climate Resilience\",\"publisher\":{\"@id\":\"https:\/\/climatlantic.panchroma.dev\/fr\/#organization\"},\"potentialAction\":[{\"@type\":\"SearchAction\",\"target\":{\"@type\":\"EntryPoint\",\"urlTemplate\":\"https:\/\/climatlantic.panchroma.dev\/fr\/?s={search_term_string}\"},\"query-input\":{\"@type\":\"PropertyValueSpecification\",\"valueRequired\":true,\"valueName\":\"search_term_string\"}}],\"inLanguage\":\"fr-FR\"},{\"@type\":\"Organization\",\"@id\":\"https:\/\/climatlantic.panchroma.dev\/fr\/#organization\",\"name\":\"CLIMAtlantic\",\"url\":\"https:\/\/climatlantic.panchroma.dev\/fr\/\",\"logo\":{\"@type\":\"ImageObject\",\"inLanguage\":\"fr-FR\",\"@id\":\"https:\/\/climatlantic.panchroma.dev\/fr\/#\/schema\/logo\/image\/\",\"url\":\"https:\/\/climatlantic.ca\/wp\/wp-content\/uploads\/2021\/07\/cropped-Climatlantic_Favicon.png\",\"contentUrl\":\"https:\/\/climatlantic.ca\/wp\/wp-content\/uploads\/2021\/07\/cropped-Climatlantic_Favicon.png\",\"width\":512,\"height\":512,\"caption\":\"CLIMAtlantic\"},\"image\":{\"@id\":\"https:\/\/climatlantic.panchroma.dev\/fr\/#\/schema\/logo\/image\/\"},\"sameAs\":[\"https:\/\/www.facebook.com\/CLIMAtlanticInc\/\",\"http:\/\/instagram.com\/climatlantic\",\"https:\/\/www.linkedin.com\/company\/climatlantic\/\"]}]}<\/script>\n<!-- \/ Yoast SEO plugin. -->","yoast_head_json":{"title":"Bo\u00eete \u00e0 outils d\u2019adaptation c\u00f4ti\u00e8re - CLIMAtlantic","robots":{"index":"index","follow":"follow","max-snippet":"max-snippet:-1","max-image-preview":"max-image-preview:large","max-video-preview":"max-video-preview:-1"},"canonical":"https:\/\/climatlantic.panchroma.dev\/fr\/adaptation-cotiere\/","og_locale":"fr_FR","og_type":"article","og_title":"Bo\u00eete \u00e0 outils d\u2019adaptation c\u00f4ti\u00e8re - CLIMAtlantic","og_description":"Adaptation aux changements climatiques dans les collectivit\u00e9s c\u00f4ti\u00e8res du Canada atlantique Explorez cette bo\u00eete \u00e0 outils pour obtenir des conseils sur la meilleure fa\u00e7on de se pr\u00e9parer aux impacts climatiques c\u00f4tiers La Bo\u00eete \u00e0 outils d\u2019adaptation c\u00f4ti\u00e8re a \u00e9t\u00e9 \u00e9labor\u00e9e pour aider les collectivit\u00e9s rurales c\u00f4ti\u00e8res de l\u2019Atlantique et les propri\u00e9taires fonciers \u00e0 r\u00e9agir aux [&hellip;]","og_url":"https:\/\/climatlantic.panchroma.dev\/fr\/adaptation-cotiere\/","og_site_name":"CLIMAtlantic","article_publisher":"https:\/\/www.facebook.com\/CLIMAtlanticInc\/","article_modified_time":"2023-12-01T14:43:46+00:00","twitter_card":"summary_large_image","twitter_misc":{"Dur\u00e9e de lecture estim\u00e9e":"7 minutes"},"schema":{"@context":"https:\/\/schema.org","@graph":[{"@type":"WebPage","@id":"https:\/\/climatlantic.panchroma.dev\/fr\/adaptation-cotiere\/","url":"https:\/\/climatlantic.panchroma.dev\/fr\/adaptation-cotiere\/","name":"Bo\u00eete \u00e0 outils d\u2019adaptation c\u00f4ti\u00e8re - CLIMAtlantic","isPartOf":{"@id":"https:\/\/climatlantic.panchroma.dev\/fr\/#website"},"datePublished":"2022-12-05T13:43:00+00:00","dateModified":"2023-12-01T14:43:46+00:00","breadcrumb":{"@id":"https:\/\/climatlantic.panchroma.dev\/fr\/adaptation-cotiere\/#breadcrumb"},"inLanguage":"fr-FR","potentialAction":[{"@type":"ReadAction","target":["https:\/\/climatlantic.panchroma.dev\/fr\/adaptation-cotiere\/"]}]},{"@type":"BreadcrumbList","@id":"https:\/\/climatlantic.panchroma.dev\/fr\/adaptation-cotiere\/#breadcrumb","itemListElement":[{"@type":"ListItem","position":1,"name":"Home","item":"https:\/\/climatlantic.panchroma.dev\/fr\/"},{"@type":"ListItem","position":2,"name":"Bo\u00eete \u00e0 outils d\u2019adaptation c\u00f4ti\u00e8re"}]},{"@type":"WebSite","@id":"https:\/\/climatlantic.panchroma.dev\/fr\/#website","url":"https:\/\/climatlantic.panchroma.dev\/fr\/","name":"Climatlantic","description":"Enhancing Atlantic Climate Resilience","publisher":{"@id":"https:\/\/climatlantic.panchroma.dev\/fr\/#organization"},"potentialAction":[{"@type":"SearchAction","target":{"@type":"EntryPoint","urlTemplate":"https:\/\/climatlantic.panchroma.dev\/fr\/?s={search_term_string}"},"query-input":{"@type":"PropertyValueSpecification","valueRequired":true,"valueName":"search_term_string"}}],"inLanguage":"fr-FR"},{"@type":"Organization","@id":"https:\/\/climatlantic.panchroma.dev\/fr\/#organization","name":"CLIMAtlantic","url":"https:\/\/climatlantic.panchroma.dev\/fr\/","logo":{"@type":"ImageObject","inLanguage":"fr-FR","@id":"https:\/\/climatlantic.panchroma.dev\/fr\/#\/schema\/logo\/image\/","url":"https:\/\/climatlantic.ca\/wp\/wp-content\/uploads\/2021\/07\/cropped-Climatlantic_Favicon.png","contentUrl":"https:\/\/climatlantic.ca\/wp\/wp-content\/uploads\/2021\/07\/cropped-Climatlantic_Favicon.png","width":512,"height":512,"caption":"CLIMAtlantic"},"image":{"@id":"https:\/\/climatlantic.panchroma.dev\/fr\/#\/schema\/logo\/image\/"},"sameAs":["https:\/\/www.facebook.com\/CLIMAtlanticInc\/","http:\/\/instagram.com\/climatlantic","https:\/\/www.linkedin.com\/company\/climatlantic\/"]}]}},"_links":{"self":[{"href":"https:\/\/climatlantic.panchroma.dev\/fr\/wp-json\/wp\/v2\/pages\/5246","targetHints":{"allow":["GET"]}}],"collection":[{"href":"https:\/\/climatlantic.panchroma.dev\/fr\/wp-json\/wp\/v2\/pages"}],"about":[{"href":"https:\/\/climatlantic.panchroma.dev\/fr\/wp-json\/wp\/v2\/types\/page"}],"author":[{"embeddable":true,"href":"https:\/\/climatlantic.panchroma.dev\/fr\/wp-json\/wp\/v2\/users\/5"}],"replies":[{"embeddable":true,"href":"https:\/\/climatlantic.panchroma.dev\/fr\/wp-json\/wp\/v2\/comments?post=5246"}],"version-history":[{"count":5,"href":"https:\/\/climatlantic.panchroma.dev\/fr\/wp-json\/wp\/v2\/pages\/5246\/revisions"}],"predecessor-version":[{"id":11018,"href":"https:\/\/climatlantic.panchroma.dev\/fr\/wp-json\/wp\/v2\/pages\/5246\/revisions\/11018"}],"wp:attachment":[{"href":"https:\/\/climatlantic.panchroma.dev\/fr\/wp-json\/wp\/v2\/media?parent=5246"}],"wp:term":[{"taxonomy":"category","embeddable":true,"href":"https:\/\/climatlantic.panchroma.dev\/fr\/wp-json\/wp\/v2\/categories?post=5246"},{"taxonomy":"post_tag","embeddable":true,"href":"https:\/\/climatlantic.panchroma.dev\/fr\/wp-json\/wp\/v2\/tags?post=5246"}],"curies":[{"name":"wp","href":"https:\/\/api.w.org\/{rel}","templated":true}]}}