{"id":2344,"date":"2021-12-07T20:53:10","date_gmt":"2021-12-07T20:53:10","guid":{"rendered":"https:\/\/climatlantic.ca\/wp\/donnees\/zone-dapprentissage-donneesclimatiques-ca\/"},"modified":"2021-12-10T01:51:18","modified_gmt":"2021-12-10T01:51:18","slug":"zone-dapprentissage-donneesclimatiques-ca","status":"publish","type":"page","link":"https:\/\/climatlantic.panchroma.dev\/fr\/donnees\/zone-dapprentissage-donneesclimatiques-ca\/","title":{"rendered":"Zone d\u2019apprentissage \u2013 Donneesclimatiques.ca"},"content":{"rendered":"<p>[et_pb_section fb_built=&#8221;1&#8243; _builder_version=&#8221;4.9.7&#8243; _module_preset=&#8221;default&#8221;][et_pb_row _builder_version=&#8221;4.9.7&#8243; _module_preset=&#8221;default&#8221;][et_pb_column type=&#8221;4_4&#8243; _builder_version=&#8221;4.9.7&#8243; _module_preset=&#8221;default&#8221;][et_pb_text _builder_version=&#8221;4.9.7&#8243; _module_preset=&#8221;default&#8221;]<\/p>\n<p>INFORMATIONS ET DONN\u00c9ES SUR LE CLIMAT<\/p>\n<h3><a href=\"https:\/\/donneesclimatiques.ca\/apprendre\/\">Zone d\u2019apprentissage \u2013 Donneesclimatiques.ca<\/a><\/h3>\n<p><span>Une zone d\u2019apprentissage tr\u00e8s utile de Donneesclimatiques.ca o\u00f9 vous pouvez \u00e9galement t\u00e9l\u00e9charger du mat\u00e9riel de formation (en format PowerPoint) \u00e0 utiliser dans vos propres s\u00e9ances de formation. Cette pr\u00e9sentation introduit le concept d\u2019information climatique et son importance dans la prise de d\u00e9cision. Les diapositives fournissent le cadre de base d\u2019une pr\u00e9sentation et comprennent des notes d\u00e9taill\u00e9es pour le conf\u00e9rencier.<\/span><\/p>\n<p>[\/et_pb_text][et_pb_image src=&#8221;http:\/\/climatlantic.ca\/wp\/wp-content\/uploads\/2021\/12\/learning-zone-FR-1.png&#8221; title_text=&#8221;learning zone FR&#8221; url=&#8221;https:\/\/donneesclimatiques.ca\/apprendre\/&#8221; url_new_window=&#8221;on&#8221; _builder_version=&#8221;4.9.7&#8243; _module_preset=&#8221;default&#8221; hover_enabled=&#8221;0&#8243; sticky_enabled=&#8221;0&#8243;][\/et_pb_image][\/et_pb_column][\/et_pb_row][\/et_pb_section]<\/p>\n","protected":false},"excerpt":{"rendered":"<p>INFORMATIONS ET DONN\u00c9ES SUR LE CLIMAT Zone d\u2019apprentissage \u2013 Donneesclimatiques.ca Une zone d\u2019apprentissage tr\u00e8s utile de Donneesclimatiques.ca o\u00f9 vous pouvez \u00e9galement t\u00e9l\u00e9charger du mat\u00e9riel de formation (en format PowerPoint) \u00e0 utiliser dans vos propres s\u00e9ances de formation. Cette pr\u00e9sentation introduit le concept d\u2019information climatique et son importance dans la prise de d\u00e9cision. Les diapositives fournissent [&hellip;]<\/p>\n","protected":false},"author":18,"featured_media":0,"parent":2190,"menu_order":2,"comment_status":"closed","ping_status":"closed","template":"","meta":{"_et_pb_use_builder":"on","_et_pb_old_content":"","_et_gb_content_width":"","footnotes":""},"categories":[],"tags":[],"class_list":["post-2344","page","type-page","status-publish","hentry"],"yoast_head":"<!-- This site is optimized with the Yoast SEO plugin v26.5 - https:\/\/yoast.com\/wordpress\/plugins\/seo\/ -->\n<title>Zone d\u2019apprentissage \u2013 Donneesclimatiques.ca - CLIMAtlantic<\/title>\n<meta name=\"robots\" content=\"index, follow, max-snippet:-1, max-image-preview:large, max-video-preview:-1\" \/>\n<link rel=\"canonical\" href=\"https:\/\/climatlantic.panchroma.dev\/fr\/donnees\/zone-dapprentissage-donneesclimatiques-ca\/\" \/>\n<meta property=\"og:locale\" content=\"fr_FR\" \/>\n<meta property=\"og:type\" content=\"article\" \/>\n<meta property=\"og:title\" content=\"Zone d\u2019apprentissage \u2013 Donneesclimatiques.ca - CLIMAtlantic\" \/>\n<meta property=\"og:description\" content=\"INFORMATIONS ET DONN\u00c9ES SUR LE CLIMAT Zone d\u2019apprentissage \u2013 Donneesclimatiques.ca Une zone d\u2019apprentissage tr\u00e8s utile de Donneesclimatiques.ca o\u00f9 vous pouvez \u00e9galement t\u00e9l\u00e9charger du mat\u00e9riel de formation (en format PowerPoint) \u00e0 utiliser dans vos propres s\u00e9ances de formation. Cette pr\u00e9sentation introduit le concept d\u2019information climatique et son importance dans la prise de d\u00e9cision. Les diapositives fournissent [&hellip;]\" \/>\n<meta property=\"og:url\" content=\"https:\/\/climatlantic.panchroma.dev\/fr\/donnees\/zone-dapprentissage-donneesclimatiques-ca\/\" \/>\n<meta property=\"og:site_name\" content=\"CLIMAtlantic\" \/>\n<meta property=\"article:publisher\" content=\"https:\/\/www.facebook.com\/CLIMAtlanticInc\/\" \/>\n<meta property=\"article:modified_time\" content=\"2021-12-10T01:51:18+00:00\" \/>\n<meta name=\"twitter:card\" content=\"summary_large_image\" \/>\n<meta name=\"twitter:label1\" content=\"Dur\u00e9e de lecture estim\u00e9e\" \/>\n\t<meta name=\"twitter:data1\" content=\"1 minute\" \/>\n<script type=\"application\/ld+json\" class=\"yoast-schema-graph\">{\"@context\":\"https:\/\/schema.org\",\"@graph\":[{\"@type\":\"WebPage\",\"@id\":\"https:\/\/climatlantic.panchroma.dev\/fr\/donnees\/zone-dapprentissage-donneesclimatiques-ca\/\",\"url\":\"https:\/\/climatlantic.panchroma.dev\/fr\/donnees\/zone-dapprentissage-donneesclimatiques-ca\/\",\"name\":\"Zone d\u2019apprentissage \u2013 Donneesclimatiques.ca - CLIMAtlantic\",\"isPartOf\":{\"@id\":\"https:\/\/climatlantic.panchroma.dev\/fr\/#website\"},\"datePublished\":\"2021-12-07T20:53:10+00:00\",\"dateModified\":\"2021-12-10T01:51:18+00:00\",\"breadcrumb\":{\"@id\":\"https:\/\/climatlantic.panchroma.dev\/fr\/donnees\/zone-dapprentissage-donneesclimatiques-ca\/#breadcrumb\"},\"inLanguage\":\"fr-FR\",\"potentialAction\":[{\"@type\":\"ReadAction\",\"target\":[\"https:\/\/climatlantic.panchroma.dev\/fr\/donnees\/zone-dapprentissage-donneesclimatiques-ca\/\"]}]},{\"@type\":\"BreadcrumbList\",\"@id\":\"https:\/\/climatlantic.panchroma.dev\/fr\/donnees\/zone-dapprentissage-donneesclimatiques-ca\/#breadcrumb\",\"itemListElement\":[{\"@type\":\"ListItem\",\"position\":1,\"name\":\"Home\",\"item\":\"https:\/\/climatlantic.panchroma.dev\/fr\/\"},{\"@type\":\"ListItem\",\"position\":2,\"name\":\"Donn\u00e9es\",\"item\":\"https:\/\/climatlantic.panchroma.dev\/fr\/data\/\"},{\"@type\":\"ListItem\",\"position\":3,\"name\":\"Zone d\u2019apprentissage \u2013 Donneesclimatiques.ca\"}]},{\"@type\":\"WebSite\",\"@id\":\"https:\/\/climatlantic.panchroma.dev\/fr\/#website\",\"url\":\"https:\/\/climatlantic.panchroma.dev\/fr\/\",\"name\":\"Climatlantic\",\"description\":\"Enhancing Atlantic Climate Resilience\",\"publisher\":{\"@id\":\"https:\/\/climatlantic.panchroma.dev\/fr\/#organization\"},\"potentialAction\":[{\"@type\":\"SearchAction\",\"target\":{\"@type\":\"EntryPoint\",\"urlTemplate\":\"https:\/\/climatlantic.panchroma.dev\/fr\/?s={search_term_string}\"},\"query-input\":{\"@type\":\"PropertyValueSpecification\",\"valueRequired\":true,\"valueName\":\"search_term_string\"}}],\"inLanguage\":\"fr-FR\"},{\"@type\":\"Organization\",\"@id\":\"https:\/\/climatlantic.panchroma.dev\/fr\/#organization\",\"name\":\"CLIMAtlantic\",\"url\":\"https:\/\/climatlantic.panchroma.dev\/fr\/\",\"logo\":{\"@type\":\"ImageObject\",\"inLanguage\":\"fr-FR\",\"@id\":\"https:\/\/climatlantic.panchroma.dev\/fr\/#\/schema\/logo\/image\/\",\"url\":\"https:\/\/climatlantic.ca\/wp\/wp-content\/uploads\/2021\/07\/cropped-Climatlantic_Favicon.png\",\"contentUrl\":\"https:\/\/climatlantic.ca\/wp\/wp-content\/uploads\/2021\/07\/cropped-Climatlantic_Favicon.png\",\"width\":512,\"height\":512,\"caption\":\"CLIMAtlantic\"},\"image\":{\"@id\":\"https:\/\/climatlantic.panchroma.dev\/fr\/#\/schema\/logo\/image\/\"},\"sameAs\":[\"https:\/\/www.facebook.com\/CLIMAtlanticInc\/\",\"http:\/\/instagram.com\/climatlantic\",\"https:\/\/www.linkedin.com\/company\/climatlantic\/\"]}]}<\/script>\n<!-- \/ Yoast SEO plugin. -->","yoast_head_json":{"title":"Zone d\u2019apprentissage \u2013 Donneesclimatiques.ca - CLIMAtlantic","robots":{"index":"index","follow":"follow","max-snippet":"max-snippet:-1","max-image-preview":"max-image-preview:large","max-video-preview":"max-video-preview:-1"},"canonical":"https:\/\/climatlantic.panchroma.dev\/fr\/donnees\/zone-dapprentissage-donneesclimatiques-ca\/","og_locale":"fr_FR","og_type":"article","og_title":"Zone d\u2019apprentissage \u2013 Donneesclimatiques.ca - CLIMAtlantic","og_description":"INFORMATIONS ET DONN\u00c9ES SUR LE CLIMAT Zone d\u2019apprentissage \u2013 Donneesclimatiques.ca Une zone d\u2019apprentissage tr\u00e8s utile de Donneesclimatiques.ca o\u00f9 vous pouvez \u00e9galement t\u00e9l\u00e9charger du mat\u00e9riel de formation (en format PowerPoint) \u00e0 utiliser dans vos propres s\u00e9ances de formation. Cette pr\u00e9sentation introduit le concept d\u2019information climatique et son importance dans la prise de d\u00e9cision. Les diapositives fournissent [&hellip;]","og_url":"https:\/\/climatlantic.panchroma.dev\/fr\/donnees\/zone-dapprentissage-donneesclimatiques-ca\/","og_site_name":"CLIMAtlantic","article_publisher":"https:\/\/www.facebook.com\/CLIMAtlanticInc\/","article_modified_time":"2021-12-10T01:51:18+00:00","twitter_card":"summary_large_image","twitter_misc":{"Dur\u00e9e de lecture estim\u00e9e":"1 minute"},"schema":{"@context":"https:\/\/schema.org","@graph":[{"@type":"WebPage","@id":"https:\/\/climatlantic.panchroma.dev\/fr\/donnees\/zone-dapprentissage-donneesclimatiques-ca\/","url":"https:\/\/climatlantic.panchroma.dev\/fr\/donnees\/zone-dapprentissage-donneesclimatiques-ca\/","name":"Zone d\u2019apprentissage \u2013 Donneesclimatiques.ca - CLIMAtlantic","isPartOf":{"@id":"https:\/\/climatlantic.panchroma.dev\/fr\/#website"},"datePublished":"2021-12-07T20:53:10+00:00","dateModified":"2021-12-10T01:51:18+00:00","breadcrumb":{"@id":"https:\/\/climatlantic.panchroma.dev\/fr\/donnees\/zone-dapprentissage-donneesclimatiques-ca\/#breadcrumb"},"inLanguage":"fr-FR","potentialAction":[{"@type":"ReadAction","target":["https:\/\/climatlantic.panchroma.dev\/fr\/donnees\/zone-dapprentissage-donneesclimatiques-ca\/"]}]},{"@type":"BreadcrumbList","@id":"https:\/\/climatlantic.panchroma.dev\/fr\/donnees\/zone-dapprentissage-donneesclimatiques-ca\/#breadcrumb","itemListElement":[{"@type":"ListItem","position":1,"name":"Home","item":"https:\/\/climatlantic.panchroma.dev\/fr\/"},{"@type":"ListItem","position":2,"name":"Donn\u00e9es","item":"https:\/\/climatlantic.panchroma.dev\/fr\/data\/"},{"@type":"ListItem","position":3,"name":"Zone d\u2019apprentissage \u2013 Donneesclimatiques.ca"}]},{"@type":"WebSite","@id":"https:\/\/climatlantic.panchroma.dev\/fr\/#website","url":"https:\/\/climatlantic.panchroma.dev\/fr\/","name":"Climatlantic","description":"Enhancing Atlantic Climate Resilience","publisher":{"@id":"https:\/\/climatlantic.panchroma.dev\/fr\/#organization"},"potentialAction":[{"@type":"SearchAction","target":{"@type":"EntryPoint","urlTemplate":"https:\/\/climatlantic.panchroma.dev\/fr\/?s={search_term_string}"},"query-input":{"@type":"PropertyValueSpecification","valueRequired":true,"valueName":"search_term_string"}}],"inLanguage":"fr-FR"},{"@type":"Organization","@id":"https:\/\/climatlantic.panchroma.dev\/fr\/#organization","name":"CLIMAtlantic","url":"https:\/\/climatlantic.panchroma.dev\/fr\/","logo":{"@type":"ImageObject","inLanguage":"fr-FR","@id":"https:\/\/climatlantic.panchroma.dev\/fr\/#\/schema\/logo\/image\/","url":"https:\/\/climatlantic.ca\/wp\/wp-content\/uploads\/2021\/07\/cropped-Climatlantic_Favicon.png","contentUrl":"https:\/\/climatlantic.ca\/wp\/wp-content\/uploads\/2021\/07\/cropped-Climatlantic_Favicon.png","width":512,"height":512,"caption":"CLIMAtlantic"},"image":{"@id":"https:\/\/climatlantic.panchroma.dev\/fr\/#\/schema\/logo\/image\/"},"sameAs":["https:\/\/www.facebook.com\/CLIMAtlanticInc\/","http:\/\/instagram.com\/climatlantic","https:\/\/www.linkedin.com\/company\/climatlantic\/"]}]}},"_links":{"self":[{"href":"https:\/\/climatlantic.panchroma.dev\/fr\/wp-json\/wp\/v2\/pages\/2344","targetHints":{"allow":["GET"]}}],"collection":[{"href":"https:\/\/climatlantic.panchroma.dev\/fr\/wp-json\/wp\/v2\/pages"}],"about":[{"href":"https:\/\/climatlantic.panchroma.dev\/fr\/wp-json\/wp\/v2\/types\/page"}],"author":[{"embeddable":true,"href":"https:\/\/climatlantic.panchroma.dev\/fr\/wp-json\/wp\/v2\/users\/18"}],"replies":[{"embeddable":true,"href":"https:\/\/climatlantic.panchroma.dev\/fr\/wp-json\/wp\/v2\/comments?post=2344"}],"version-history":[{"count":3,"href":"https:\/\/climatlantic.panchroma.dev\/fr\/wp-json\/wp\/v2\/pages\/2344\/revisions"}],"predecessor-version":[{"id":2461,"href":"https:\/\/climatlantic.panchroma.dev\/fr\/wp-json\/wp\/v2\/pages\/2344\/revisions\/2461"}],"up":[{"embeddable":true,"href":"https:\/\/climatlantic.panchroma.dev\/fr\/wp-json\/wp\/v2\/pages\/2190"}],"wp:attachment":[{"href":"https:\/\/climatlantic.panchroma.dev\/fr\/wp-json\/wp\/v2\/media?parent=2344"}],"wp:term":[{"taxonomy":"category","embeddable":true,"href":"https:\/\/climatlantic.panchroma.dev\/fr\/wp-json\/wp\/v2\/categories?post=2344"},{"taxonomy":"post_tag","embeddable":true,"href":"https:\/\/climatlantic.panchroma.dev\/fr\/wp-json\/wp\/v2\/tags?post=2344"}],"curies":[{"name":"wp","href":"https:\/\/api.w.org\/{rel}","templated":true}]}}