{"id":2193,"date":"2021-12-06T22:55:56","date_gmt":"2021-12-06T22:55:56","guid":{"rendered":"https:\/\/climatlantic.ca\/wp\/donnees\/donnees-et-informations-climatiques\/"},"modified":"2024-05-27T11:50:51","modified_gmt":"2024-05-27T14:50:51","slug":"donnees-et-informations-climatiques","status":"publish","type":"page","link":"https:\/\/climatlantic.panchroma.dev\/fr\/donnees\/donnees-et-informations-climatiques\/","title":{"rendered":"Donn\u00e9es et informations climatiques"},"content":{"rendered":"<p>[et_pb_section fb_built=&#8221;1&#8243; _builder_version=&#8221;4.16&#8243; _module_preset=&#8221;default&#8221; global_colors_info=&#8221;{}&#8221;][et_pb_row _builder_version=&#8221;4.16&#8243; _module_preset=&#8221;default&#8221; min_height=&#8221;43px&#8221; global_colors_info=&#8221;{}&#8221;][et_pb_column type=&#8221;4_4&#8243; _builder_version=&#8221;4.16&#8243; _module_preset=&#8221;default&#8221; global_colors_info=&#8221;{}&#8221;][et_pb_text _builder_version=&#8221;4.16&#8243; _module_preset=&#8221;default&#8221; min_height=&#8221;37px&#8221; global_colors_info=&#8221;{}&#8221;]<\/p>\n<h2>Donn\u00e9es et informations climatiques<\/h2>\n<p>Dans cette section, vous trouverez divers outils et sources de donn\u00e9es \u00e0 explorer, en fonction de votre niveau d\u2019int\u00e9r\u00eat, de vos connaissances et de votre exp\u00e9rience.<\/p>\n<p>Les outils et les sources de donn\u00e9es combinent la science du climat, la cartographie et divers textes pour sensibiliser les Canadiens \u00e0 l\u2019enjeu mondial des changements climatiques. Toute cette documentation est con\u00e7ue pour faciliter la prise de mesures locales, r\u00e9gionales et nationales qui nous aideront \u00e0 passer du risque \u00e0 la r\u00e9silience. La documentation donne acc\u00e8s \u00e0 plusieurs collections de donn\u00e9es allant des observations aux projections climatiques et aux r\u00e9analyses.<\/p>\n<p>[\/et_pb_text][\/et_pb_column][\/et_pb_row][et_pb_row column_structure=&#8221;1_3,1_3,1_3&#8243; _builder_version=&#8221;4.16&#8243; _module_preset=&#8221;default&#8221; global_colors_info=&#8221;{}&#8221;][et_pb_column type=&#8221;1_3&#8243; _builder_version=&#8221;4.16&#8243; _module_preset=&#8221;default&#8221; global_colors_info=&#8221;{}&#8221;][et_pb_image src=&#8221;https:\/\/climatlantic.ca\/wp\/wp-content\/uploads\/2021\/12\/climatedata.jpeg&#8221; alt=&#8221;Carte du Canada pr\u00e9sentant des donn\u00e9es spatiales li\u00e9es au climat.&#8221; title_text=&#8221;CLIMAtlantic-Climate-Atlas&#8221; url=&#8221;https:\/\/atlasclimatique.ca\/&#8221; url_new_window=&#8221;on&#8221; _builder_version=&#8221;4.23.1&#8243; _module_preset=&#8221;default&#8221; global_colors_info=&#8221;{}&#8221;][\/et_pb_image][et_pb_text _builder_version=&#8221;4.16&#8243; _module_preset=&#8221;default&#8221; global_colors_info=&#8221;{}&#8221;]<\/p>\n<h4><a href=\"https:\/\/atlasclimatique.ca\/\"><strong>Atlas climatique du Canada<\/strong><\/a><\/h4>\n<p>The <a href=\"https:\/\/atlasclimatique.ca\/\" target=\"_blank\" rel=\"noopener\"><em>L\u2019Atlas climatique du Canada <\/em><\/a> combine la science du climat, la cartographie et divers textes pour sensibiliser les Canadiens \u00e0 l\u2019enjeu mondial des changements climatiques. Il est con\u00e7u pour inspirer la prise de mesures locales, r\u00e9gionales et nationales qui nous permettront de passer du risque \u00e0 la r\u00e9silience.<\/p>\n<p>Cet outil interactif s\u2019adresse aux citoyens, aux chercheurs, aux entreprises et aux dirigeants communautaires et politiques pour les informer sur les changements climatiques au Canada.<\/p>\n<p>&nbsp;<\/p>\n<p>[\/et_pb_text][\/et_pb_column][et_pb_column type=&#8221;1_3&#8243; _builder_version=&#8221;4.16&#8243; _module_preset=&#8221;default&#8221; global_colors_info=&#8221;{}&#8221;][et_pb_image src=&#8221;https:\/\/climatlantic.ca\/wp\/wp-content\/uploads\/2021\/12\/climatedata-2.jpeg&#8221; alt=&#8221;Capture d&apos;\u00e9cran de la page web ClimateData.ca sur la sant\u00e9.&#8221; title_text=&#8221;CLIMAtlantic-ClimateData&#8221; url=&#8221;https:\/\/donneesclimatiques.ca\/&#8221; url_new_window=&#8221;on&#8221; _builder_version=&#8221;4.23.1&#8243; _module_preset=&#8221;default&#8221; global_colors_info=&#8221;{}&#8221;][\/et_pb_image][et_pb_text _builder_version=&#8221;4.16&#8243; _module_preset=&#8221;default&#8221; global_colors_info=&#8221;{}&#8221;]<\/p>\n<h4><a href=\"https:\/\/donneesclimatiques.ca\/\"><strong>Donneesclimatiques.ca<\/strong><\/a><\/h4>\n<p><a href=\"https:\/\/donneesclimatiques.ca\/\" target=\"_blank\" rel=\"noopener\">Donneesclimatiques.ca<\/a> fournit des donn\u00e9es climatiques \u00e0 haute r\u00e9solution pour aider les d\u00e9cideurs \u00e0 b\u00e2tir un Canada plus r\u00e9silient. Commencez \u00e0 explorer des \u00e9tudes de cas et \u00e0 t\u00e9l\u00e9charger des donn\u00e9es climatiques localis\u00e9es par variable ou par secteur.<\/p>\n<p>Cette plateforme est soutenue par <a href=\"https:\/\/www.canada.ca\/fr\/environnement-changement-climatique\/services\/changements-climatiques\/centre-canadien-services-climatiques.html\">le Centre canadien des services climatiques (CCSC)<\/a> d&#8217;Environnement et Changement climatique Canada dans le cadre de ses efforts visant \u00e0 fournir aux Canadiens un acc\u00e8s facile aux donn\u00e9es relatives au climat et \u00e0 les aider \u00e0 accro\u00eetre leur r\u00e9silience face aux changements climatiques.<\/p>\n<p>[\/et_pb_text][\/et_pb_column][et_pb_column type=&#8221;1_3&#8243; _builder_version=&#8221;4.16&#8243; _module_preset=&#8221;default&#8221; global_colors_info=&#8221;{}&#8221;][et_pb_image src=&#8221;https:\/\/climatlantic.ca\/wp\/wp-content\/uploads\/2021\/10\/PAVICS.png&#8221; alt=&#8221;Capture d&apos;\u00e9cran du site web de PAVICS.&#8221; title_text=&#8221;CLIMAtlantic-PAVICS&#8221; url=&#8221;https:\/\/pavics.ouranos.ca\/index_fr.html&#8221; url_new_window=&#8221;on&#8221; _builder_version=&#8221;4.23.1&#8243; _module_preset=&#8221;default&#8221; global_colors_info=&#8221;{}&#8221;][\/et_pb_image][et_pb_text _builder_version=&#8221;4.16&#8243; _module_preset=&#8221;default&#8221; global_colors_info=&#8221;{}&#8221;]<\/p>\n<h4><a href=\"https:\/\/pavics.ouranos.ca\/index.html\"><strong>La Plateforme pour l\u2019analyse et la visualisation de la science du climat (PAVICS)<\/strong><\/a><\/h4>\n<p><a href=\"https:\/\/pavics.ouranos.ca\/index_fr.html\" target=\"_blank\" rel=\"noopener\">PAVICS<\/a> est un laboratoire virtuel facilitant l\u2019analyse des donn\u00e9es climatiques. Il donne acc\u00e8s \u00e0 plusieurs collections de donn\u00e9es allant des observations aux projections climatiques et aux r\u00e9analyses. Dans un environnement de programmation Python, il permet d\u2019analyser ces donn\u00e9es sans avoir \u00e0 les t\u00e9l\u00e9charger. Cet environnement de travail est constamment mis \u00e0 jour gr\u00e2ce aux biblioth\u00e8ques les plus efficaces pour l\u2019analyse des donn\u00e9es climatiques, tout en assurant un contr\u00f4le de qualit\u00e9 sur les donn\u00e9es fournies et les m\u00e9tadonn\u00e9es connexes.<\/p>\n<p>[\/et_pb_text][\/et_pb_column][\/et_pb_row][et_pb_row _builder_version=&#8221;4.16&#8243; _module_preset=&#8221;default&#8221; global_colors_info=&#8221;{}&#8221;][et_pb_column type=&#8221;4_4&#8243; _builder_version=&#8221;4.16&#8243; _module_preset=&#8221;default&#8221; global_colors_info=&#8221;{}&#8221;][et_pb_text _builder_version=&#8221;4.16&#8243; _module_preset=&#8221;default&#8221; global_colors_info=&#8221;{}&#8221;]<\/p>\n<h4><a href=\"https:\/\/www.canada.ca\/fr\/environnement-changement-climatique\/services\/changements-climatiques\/centre-canadien-services-climatiques\/essentiels.html\">Renseignements essentiels sur le climat<\/a><\/h4>\n<p>Une introduction aux concepts, tendances, projections, sc\u00e9narios et strat\u00e9gies de r\u00e9silience en mati\u00e8re de changement climatique dans une perspective canadienne.\u00a0<\/p>\n<p>[\/et_pb_text][et_pb_image src=&#8221;https:\/\/climatlantic.ca\/wp\/wp-content\/uploads\/2021\/12\/scenarios.jpeg&#8221; alt=&#8221;Graphique montrant l&apos;\u00e9volution de la temp\u00e9rature moyenne entre 1900 et 2100 selon trois sc\u00e9narios d&apos;\u00e9missions diff\u00e9rents, le sc\u00e9nario \u00e0 fortes \u00e9missions entra\u00eenant la plus forte augmentation de temp\u00e9rature et le sc\u00e9nario \u00e0 faibles \u00e9missions la plus faible.&#8221; title_text=&#8221;CLIMAtlantic-scenarios&#8221; _builder_version=&#8221;4.23.1&#8243; _module_preset=&#8221;default&#8221; global_colors_info=&#8221;{}&#8221;][\/et_pb_image][et_pb_text _builder_version=&#8221;4.25.1&#8243; _module_preset=&#8221;default&#8221; global_colors_info=&#8221;{}&#8221;]<\/p>\n<h4><a href=\"https:\/\/institutclimatique.ca\/\" target=\"_blank\" rel=\"noopener\">L&#8217;Institut climatique du canada<\/a><\/h4>\n<p>The <a href=\"https:\/\/institutclimatique.ca\/\" target=\"_blank\" rel=\"noopener\">L\u2019Institut climatique du Canada\u00a0<\/a> r\u00e9unit des experts de diverses disciplines afin d\u2019entreprendre des recherches rigoureuses, de mener des analyses \u00e9clairantes et d\u2019engager un \u00e9ventail d\u2019intervenants et de d\u00e9tenteurs de droits afin de clarifier les d\u00e9fis climatiques et les choix politiques transformateurs qui attendent le Canada.<\/p>\n<p>[\/et_pb_text][et_pb_image src=&#8221;https:\/\/climatlantic.ca\/wp\/wp-content\/uploads\/2024\/05\/L-Institut-Climatique-Du-Canada-Capture-d-ecran-27524.png&#8221; alt=&#8221;Capture d&#8217;\u00e9cran de la page d&#8217;accueil du site web de l&#8217;Institut canadien du climat, r\u00e9alis\u00e9e le 27 mai 2024.&#8221; title_text=&#8221;L-Institut-Climatique-Du-Canada-Capture d ecran-27524&#8243; url=&#8221;https:\/\/institutclimatique.ca\/&#8221; url_new_window=&#8221;on&#8221; _builder_version=&#8221;4.25.1&#8243; _module_preset=&#8221;default&#8221; hover_enabled=&#8221;0&#8243; global_colors_info=&#8221;{}&#8221; sticky_enabled=&#8221;0&#8243;][\/et_pb_image][et_pb_text _builder_version=&#8221;4.16&#8243; _module_preset=&#8221;default&#8221; custom_margin=&#8221;||||false|false&#8221; custom_padding=&#8221;18px||||false|false&#8221; global_colors_info=&#8221;{}&#8221;]<\/p>\n<h2>Rapports<\/h2>\n<p>[\/et_pb_text][et_pb_text _builder_version=&#8221;4.16&#8243; _module_preset=&#8221;default&#8221; global_colors_info=&#8221;{}&#8221;]<\/p>\n<h4><a href=\"https:\/\/www.rncan.gc.ca\/climate-change\/impacts-adaptations\/rapport-sur-le-climat-changeant-du-canada\/21188?_ga=2.177699491.787894557.1638823324-1779571994.1638823324\" target=\"_blank\" rel=\"noopener\">Rapport sur le climat changeant du Canada 2019<\/a><\/h4>\n<p>[\/et_pb_text][et_pb_image src=&#8221;https:\/\/climatlantic.ca\/wp\/wp-content\/uploads\/2021\/12\/climate-report-1.png&#8221; alt=&#8221;Le texte se lit comme suit : %22Rapport sur les changements climatiques au Canada%22 (%22Canada&apos;s Changing Climate Report%22). En arri\u00e8re-plan, un paysage de montagne.&#8221; title_text=&#8221;CLIMAtlantic-CCCR&#8221; url=&#8221;https:\/\/www.rncan.gc.ca\/climate-change\/impacts-adaptations\/rapport-sur-le-climat-changeant-du-canada&#8221; url_new_window=&#8221;on&#8221; _builder_version=&#8221;4.23.1&#8243; _module_preset=&#8221;default&#8221; global_colors_info=&#8221;{}&#8221;][\/et_pb_image][et_pb_text _builder_version=&#8221;4.16&#8243; _module_preset=&#8221;default&#8221; custom_margin=&#8221;||||false|false&#8221; custom_padding=&#8221;18px||||false|false&#8221; global_colors_info=&#8221;{}&#8221;]<\/p>\n<h2>Adaptation aux changements climatiques<\/h2>\n<p>[\/et_pb_text][et_pb_text _builder_version=&#8221;4.16&#8243; _module_preset=&#8221;default&#8221; global_colors_info=&#8221;{}&#8221;]<\/p>\n<h4><a href=\"https:\/\/changingclimate.ca\/fr\/\" target=\"_blank\" rel=\"noopener\">ChangingClimate.ca<\/a><\/h4>\n<p>Une s\u00e9rie de rapports sur la fa\u00e7on dont le changement climatique a un impact sur nos collectivit\u00e9s, notre environnement et notre \u00e9conomie, et comment nous nous adaptons.<\/p>\n<p>[\/et_pb_text][et_pb_image src=&#8221;https:\/\/climatlantic.ca\/wp\/wp-content\/uploads\/2021\/12\/map-of-adaptation.png&#8221; alt=&#8221;Le texte se lit comme suit : %22Carte des mesures d&apos;adaptation : Explorez les \u00e9tudes de cas de tout le Canada pour voir comment les communaut\u00e9s et les secteurs s&apos;adaptent aux changements climatiques. Apprenez-en davantage sur les approches qui pourraient inspirer vos propres mesures d&apos;adaptation.%22 En arri\u00e8re-plan se trouve une image satellite du Canada.&#8221; title_text=&#8221;CLIMAtlantic-Map-of-Adaptation-Actions&#8221; url=&#8221;https:\/\/changingclimate.ca\/fr\/etudes-de-cas\/&#8221; url_new_window=&#8221;on&#8221; _builder_version=&#8221;4.23.1&#8243; _module_preset=&#8221;default&#8221; global_colors_info=&#8221;{}&#8221;][\/et_pb_image][et_pb_text _builder_version=&#8221;4.25.1&#8243; _module_preset=&#8221;default&#8221; global_colors_info=&#8221;{}&#8221;]<\/p>\n<h4><a href=\"https:\/\/www.canada.ca\/fr\/environnement-changement-climatique\/services\/changements-climatiques\/centre-canadien-services-climatiques.html\">Centre canadien des services climatiques<\/a><\/h4>\n<ul>\n<li><a href=\"https:\/\/changements-climatiques.canada.ca\/repertoire-climatique?lang=fr\" target=\"_blank\" rel=\"noopener\">Ressources climatiques, ensembles de donn\u00e9es, outils et conseils<\/a><\/li>\n<li><a href=\"https:\/\/www.canada.ca\/fr\/environnement-changement-climatique\/services\/changements-climatiques\/centre-canadien-services-climatiques\/essentiels.html\">Informations sur le climat<\/a><\/li>\n<li><a href=\"https:\/\/climate-change.canada.ca\/centre-aide\/Index\" target=\"_blank\" rel=\"noopener\">Bureau d&#8217;assistance des services climatiques<\/a><\/li>\n<li><a href=\"https:\/\/www.canada.ca\/fr\/environnement-changement-climatique\/services\/changements-climatiques\/centre-canadien-services-climatiques\/afficher-telecharger.html\" target=\"_blank\" rel=\"noopener\">T\u00e9l\u00e9charger les donn\u00e9es climatiquesDownload climate data<\/a><\/li>\n<\/ul>\n<h4>Pour en savoir plus, consultez le site <a href=\"https:\/\/donneesclimatiques.ca\/apprendre\/\" target=\"_blank\" rel=\"noopener\">donneesclimatiques.ca\/apprendre<\/a> sur les sujets ci-dessous :<\/h4>\n<ul>\n<li><a href=\"https:\/\/donneesclimatiques.ca\/apprendre\/#sujet-1\" target=\"_blank\" rel=\"noopener\">Introduction \u00e0 l\u2019information climatique pour la prise de d\u00e9cision<\/a><\/li>\n<li><a href=\"https:\/\/donneesclimatiques.ca\/apprendre\/#sujet-2\" target=\"_blank\" rel=\"noopener\">Comprendre les donn\u00e9es historiques<\/a><\/li>\n<li><a href=\"https:\/\/donneesclimatiques.ca\/apprendre\/#sujet-3\" target=\"_blank\" rel=\"noopener\">Comprendre les projections futures<\/a><\/li>\n<li><a href=\"https:\/\/donneesclimatiques.ca\/apprendre\/#sujet-4\" target=\"_blank\" rel=\"noopener\">Science du climat 101<\/a><\/li>\n<li><a href=\"https:\/\/donneesclimatiques.ca\/apprendre\/#sujet-6\" target=\"_blank\" rel=\"noopener\">Comment utiliser les donn\u00e9es Intensit\u00e9-Dur\u00e9e-Fr\u00e9quence (IDF) des pluies<\/a><\/li>\n<li><a href=\"https:\/\/donneesclimatiques.ca\/apprendre\/#training-materials\" target=\"_blank\" rel=\"noopener\">Mat\u00e9riel de formation<\/a><\/li>\n<\/ul>\n<h4><a href=\"https:\/\/climatlantic.ca\/fr\/donnees\/guide-de-donnees-pour-le-canada-atlantique\/\" target=\"_blank\" rel=\"noopener\">Guide de donn\u00e9es pour le Canada atlantique <\/a><\/h4>\n<p>Trouver de l\u2019information sur les donn\u00e9es et les projections climatiques, et trouvez les bonnes ressources, pour le Canada atlantique avec le guide de donn\u00e9es de CLIMAtlantic.<\/p>\n<p>[\/et_pb_text][et_pb_text _builder_version=&#8221;4.25.1&#8243; _module_preset=&#8221;default&#8221; global_colors_info=&#8221;{}&#8221;]<\/p>\n<h5 style=\"text-align: center;\"><strong>Nous sommes l\u00e0 pour vous aider. N\u2019h\u00e9sitez pas \u00e0 communiquer avec nous! Nous esp\u00e9rons avoir de vos nouvelles.<\/strong><\/h5>\n<p>[\/et_pb_text][\/et_pb_column][\/et_pb_row][et_pb_row _builder_version=&#8221;4.16&#8243; _module_preset=&#8221;default&#8221; global_colors_info=&#8221;{}&#8221;][et_pb_column type=&#8221;4_4&#8243; _builder_version=&#8221;4.16&#8243; _module_preset=&#8221;default&#8221; global_colors_info=&#8221;{}&#8221;][et_pb_button button_url=&#8221;https:\/\/climatlantic.ca\/wp\/help-desk\/&#8221; button_text=&#8221;Envoyez-nous un message&#8221; button_alignment=&#8221;center&#8221; _builder_version=&#8221;4.16&#8243; _module_preset=&#8221;default&#8221; global_colors_info=&#8221;{}&#8221;][\/et_pb_button][\/et_pb_column][\/et_pb_row][\/et_pb_section]<\/p>\n","protected":false},"excerpt":{"rendered":"<p>Donn\u00e9es et informations climatiques Dans cette section, vous trouverez divers outils et sources de donn\u00e9es \u00e0 explorer, en fonction de votre niveau d\u2019int\u00e9r\u00eat, de vos connaissances et de votre exp\u00e9rience. Les outils et les sources de donn\u00e9es combinent la science du climat, la cartographie et divers textes pour sensibiliser les Canadiens \u00e0 l\u2019enjeu mondial des [&hellip;]<\/p>\n","protected":false},"author":18,"featured_media":0,"parent":2190,"menu_order":1,"comment_status":"closed","ping_status":"closed","template":"","meta":{"_et_pb_use_builder":"on","_et_pb_old_content":"","_et_gb_content_width":"","footnotes":""},"categories":[],"tags":[],"class_list":["post-2193","page","type-page","status-publish","hentry"],"yoast_head":"<!-- This site is optimized with the Yoast SEO plugin v26.5 - https:\/\/yoast.com\/wordpress\/plugins\/seo\/ -->\n<title>Donn\u00e9es et informations climatiques - CLIMAtlantic<\/title>\n<meta name=\"robots\" content=\"index, follow, max-snippet:-1, max-image-preview:large, max-video-preview:-1\" \/>\n<link rel=\"canonical\" href=\"https:\/\/climatlantic.panchroma.dev\/fr\/donnees\/donnees-et-informations-climatiques\/\" \/>\n<meta property=\"og:locale\" content=\"fr_FR\" \/>\n<meta property=\"og:type\" content=\"article\" \/>\n<meta property=\"og:title\" content=\"Donn\u00e9es et informations climatiques - CLIMAtlantic\" \/>\n<meta property=\"og:description\" content=\"Donn\u00e9es et informations climatiques Dans cette section, vous trouverez divers outils et sources de donn\u00e9es \u00e0 explorer, en fonction de votre niveau d\u2019int\u00e9r\u00eat, de vos connaissances et de votre exp\u00e9rience. Les outils et les sources de donn\u00e9es combinent la science du climat, la cartographie et divers textes pour sensibiliser les Canadiens \u00e0 l\u2019enjeu mondial des [&hellip;]\" \/>\n<meta property=\"og:url\" content=\"https:\/\/climatlantic.panchroma.dev\/fr\/donnees\/donnees-et-informations-climatiques\/\" \/>\n<meta property=\"og:site_name\" content=\"CLIMAtlantic\" \/>\n<meta property=\"article:publisher\" content=\"https:\/\/www.facebook.com\/CLIMAtlanticInc\/\" \/>\n<meta property=\"article:modified_time\" content=\"2024-05-27T14:50:51+00:00\" \/>\n<meta name=\"twitter:card\" content=\"summary_large_image\" \/>\n<meta name=\"twitter:label1\" content=\"Dur\u00e9e de lecture estim\u00e9e\" \/>\n\t<meta name=\"twitter:data1\" content=\"7 minutes\" \/>\n<script type=\"application\/ld+json\" class=\"yoast-schema-graph\">{\"@context\":\"https:\/\/schema.org\",\"@graph\":[{\"@type\":\"WebPage\",\"@id\":\"https:\/\/climatlantic.panchroma.dev\/fr\/donnees\/donnees-et-informations-climatiques\/\",\"url\":\"https:\/\/climatlantic.panchroma.dev\/fr\/donnees\/donnees-et-informations-climatiques\/\",\"name\":\"Donn\u00e9es et informations climatiques - CLIMAtlantic\",\"isPartOf\":{\"@id\":\"https:\/\/climatlantic.panchroma.dev\/fr\/#website\"},\"datePublished\":\"2021-12-06T22:55:56+00:00\",\"dateModified\":\"2024-05-27T14:50:51+00:00\",\"breadcrumb\":{\"@id\":\"https:\/\/climatlantic.panchroma.dev\/fr\/donnees\/donnees-et-informations-climatiques\/#breadcrumb\"},\"inLanguage\":\"fr-FR\",\"potentialAction\":[{\"@type\":\"ReadAction\",\"target\":[\"https:\/\/climatlantic.panchroma.dev\/fr\/donnees\/donnees-et-informations-climatiques\/\"]}]},{\"@type\":\"BreadcrumbList\",\"@id\":\"https:\/\/climatlantic.panchroma.dev\/fr\/donnees\/donnees-et-informations-climatiques\/#breadcrumb\",\"itemListElement\":[{\"@type\":\"ListItem\",\"position\":1,\"name\":\"Home\",\"item\":\"https:\/\/climatlantic.panchroma.dev\/fr\/\"},{\"@type\":\"ListItem\",\"position\":2,\"name\":\"Donn\u00e9es\",\"item\":\"https:\/\/climatlantic.panchroma.dev\/fr\/data\/\"},{\"@type\":\"ListItem\",\"position\":3,\"name\":\"Donn\u00e9es et informations climatiques\"}]},{\"@type\":\"WebSite\",\"@id\":\"https:\/\/climatlantic.panchroma.dev\/fr\/#website\",\"url\":\"https:\/\/climatlantic.panchroma.dev\/fr\/\",\"name\":\"Climatlantic\",\"description\":\"Enhancing Atlantic Climate Resilience\",\"publisher\":{\"@id\":\"https:\/\/climatlantic.panchroma.dev\/fr\/#organization\"},\"potentialAction\":[{\"@type\":\"SearchAction\",\"target\":{\"@type\":\"EntryPoint\",\"urlTemplate\":\"https:\/\/climatlantic.panchroma.dev\/fr\/?s={search_term_string}\"},\"query-input\":{\"@type\":\"PropertyValueSpecification\",\"valueRequired\":true,\"valueName\":\"search_term_string\"}}],\"inLanguage\":\"fr-FR\"},{\"@type\":\"Organization\",\"@id\":\"https:\/\/climatlantic.panchroma.dev\/fr\/#organization\",\"name\":\"CLIMAtlantic\",\"url\":\"https:\/\/climatlantic.panchroma.dev\/fr\/\",\"logo\":{\"@type\":\"ImageObject\",\"inLanguage\":\"fr-FR\",\"@id\":\"https:\/\/climatlantic.panchroma.dev\/fr\/#\/schema\/logo\/image\/\",\"url\":\"https:\/\/climatlantic.ca\/wp\/wp-content\/uploads\/2021\/07\/cropped-Climatlantic_Favicon.png\",\"contentUrl\":\"https:\/\/climatlantic.ca\/wp\/wp-content\/uploads\/2021\/07\/cropped-Climatlantic_Favicon.png\",\"width\":512,\"height\":512,\"caption\":\"CLIMAtlantic\"},\"image\":{\"@id\":\"https:\/\/climatlantic.panchroma.dev\/fr\/#\/schema\/logo\/image\/\"},\"sameAs\":[\"https:\/\/www.facebook.com\/CLIMAtlanticInc\/\",\"http:\/\/instagram.com\/climatlantic\",\"https:\/\/www.linkedin.com\/company\/climatlantic\/\"]}]}<\/script>\n<!-- \/ Yoast SEO plugin. -->","yoast_head_json":{"title":"Donn\u00e9es et informations climatiques - CLIMAtlantic","robots":{"index":"index","follow":"follow","max-snippet":"max-snippet:-1","max-image-preview":"max-image-preview:large","max-video-preview":"max-video-preview:-1"},"canonical":"https:\/\/climatlantic.panchroma.dev\/fr\/donnees\/donnees-et-informations-climatiques\/","og_locale":"fr_FR","og_type":"article","og_title":"Donn\u00e9es et informations climatiques - CLIMAtlantic","og_description":"Donn\u00e9es et informations climatiques Dans cette section, vous trouverez divers outils et sources de donn\u00e9es \u00e0 explorer, en fonction de votre niveau d\u2019int\u00e9r\u00eat, de vos connaissances et de votre exp\u00e9rience. Les outils et les sources de donn\u00e9es combinent la science du climat, la cartographie et divers textes pour sensibiliser les Canadiens \u00e0 l\u2019enjeu mondial des [&hellip;]","og_url":"https:\/\/climatlantic.panchroma.dev\/fr\/donnees\/donnees-et-informations-climatiques\/","og_site_name":"CLIMAtlantic","article_publisher":"https:\/\/www.facebook.com\/CLIMAtlanticInc\/","article_modified_time":"2024-05-27T14:50:51+00:00","twitter_card":"summary_large_image","twitter_misc":{"Dur\u00e9e de lecture estim\u00e9e":"7 minutes"},"schema":{"@context":"https:\/\/schema.org","@graph":[{"@type":"WebPage","@id":"https:\/\/climatlantic.panchroma.dev\/fr\/donnees\/donnees-et-informations-climatiques\/","url":"https:\/\/climatlantic.panchroma.dev\/fr\/donnees\/donnees-et-informations-climatiques\/","name":"Donn\u00e9es et informations climatiques - CLIMAtlantic","isPartOf":{"@id":"https:\/\/climatlantic.panchroma.dev\/fr\/#website"},"datePublished":"2021-12-06T22:55:56+00:00","dateModified":"2024-05-27T14:50:51+00:00","breadcrumb":{"@id":"https:\/\/climatlantic.panchroma.dev\/fr\/donnees\/donnees-et-informations-climatiques\/#breadcrumb"},"inLanguage":"fr-FR","potentialAction":[{"@type":"ReadAction","target":["https:\/\/climatlantic.panchroma.dev\/fr\/donnees\/donnees-et-informations-climatiques\/"]}]},{"@type":"BreadcrumbList","@id":"https:\/\/climatlantic.panchroma.dev\/fr\/donnees\/donnees-et-informations-climatiques\/#breadcrumb","itemListElement":[{"@type":"ListItem","position":1,"name":"Home","item":"https:\/\/climatlantic.panchroma.dev\/fr\/"},{"@type":"ListItem","position":2,"name":"Donn\u00e9es","item":"https:\/\/climatlantic.panchroma.dev\/fr\/data\/"},{"@type":"ListItem","position":3,"name":"Donn\u00e9es et informations climatiques"}]},{"@type":"WebSite","@id":"https:\/\/climatlantic.panchroma.dev\/fr\/#website","url":"https:\/\/climatlantic.panchroma.dev\/fr\/","name":"Climatlantic","description":"Enhancing Atlantic Climate Resilience","publisher":{"@id":"https:\/\/climatlantic.panchroma.dev\/fr\/#organization"},"potentialAction":[{"@type":"SearchAction","target":{"@type":"EntryPoint","urlTemplate":"https:\/\/climatlantic.panchroma.dev\/fr\/?s={search_term_string}"},"query-input":{"@type":"PropertyValueSpecification","valueRequired":true,"valueName":"search_term_string"}}],"inLanguage":"fr-FR"},{"@type":"Organization","@id":"https:\/\/climatlantic.panchroma.dev\/fr\/#organization","name":"CLIMAtlantic","url":"https:\/\/climatlantic.panchroma.dev\/fr\/","logo":{"@type":"ImageObject","inLanguage":"fr-FR","@id":"https:\/\/climatlantic.panchroma.dev\/fr\/#\/schema\/logo\/image\/","url":"https:\/\/climatlantic.ca\/wp\/wp-content\/uploads\/2021\/07\/cropped-Climatlantic_Favicon.png","contentUrl":"https:\/\/climatlantic.ca\/wp\/wp-content\/uploads\/2021\/07\/cropped-Climatlantic_Favicon.png","width":512,"height":512,"caption":"CLIMAtlantic"},"image":{"@id":"https:\/\/climatlantic.panchroma.dev\/fr\/#\/schema\/logo\/image\/"},"sameAs":["https:\/\/www.facebook.com\/CLIMAtlanticInc\/","http:\/\/instagram.com\/climatlantic","https:\/\/www.linkedin.com\/company\/climatlantic\/"]}]}},"_links":{"self":[{"href":"https:\/\/climatlantic.panchroma.dev\/fr\/wp-json\/wp\/v2\/pages\/2193","targetHints":{"allow":["GET"]}}],"collection":[{"href":"https:\/\/climatlantic.panchroma.dev\/fr\/wp-json\/wp\/v2\/pages"}],"about":[{"href":"https:\/\/climatlantic.panchroma.dev\/fr\/wp-json\/wp\/v2\/types\/page"}],"author":[{"embeddable":true,"href":"https:\/\/climatlantic.panchroma.dev\/fr\/wp-json\/wp\/v2\/users\/18"}],"replies":[{"embeddable":true,"href":"https:\/\/climatlantic.panchroma.dev\/fr\/wp-json\/wp\/v2\/comments?post=2193"}],"version-history":[{"count":5,"href":"https:\/\/climatlantic.panchroma.dev\/fr\/wp-json\/wp\/v2\/pages\/2193\/revisions"}],"predecessor-version":[{"id":13408,"href":"https:\/\/climatlantic.panchroma.dev\/fr\/wp-json\/wp\/v2\/pages\/2193\/revisions\/13408"}],"up":[{"embeddable":true,"href":"https:\/\/climatlantic.panchroma.dev\/fr\/wp-json\/wp\/v2\/pages\/2190"}],"wp:attachment":[{"href":"https:\/\/climatlantic.panchroma.dev\/fr\/wp-json\/wp\/v2\/media?parent=2193"}],"wp:term":[{"taxonomy":"category","embeddable":true,"href":"https:\/\/climatlantic.panchroma.dev\/fr\/wp-json\/wp\/v2\/categories?post=2193"},{"taxonomy":"post_tag","embeddable":true,"href":"https:\/\/climatlantic.panchroma.dev\/fr\/wp-json\/wp\/v2\/tags?post=2193"}],"curies":[{"name":"wp","href":"https:\/\/api.w.org\/{rel}","templated":true}]}}