{"id":2174,"date":"2021-12-06T21:55:37","date_gmt":"2021-12-06T21:55:37","guid":{"rendered":"https:\/\/climatlantic.ca\/wp\/impacts\/communautes-autochtones\/"},"modified":"2023-11-24T14:12:18","modified_gmt":"2023-11-24T18:12:18","slug":"communautes-autochtones","status":"publish","type":"page","link":"https:\/\/climatlantic.panchroma.dev\/fr\/impacts\/communautes-autochtones\/","title":{"rendered":"Communaut\u00e9s autochtones"},"content":{"rendered":"<p>[et_pb_section fb_built=&#8221;1&#8243; _builder_version=&#8221;4.16&#8243; _module_preset=&#8221;default&#8221; global_colors_info=&#8221;{}&#8221;][et_pb_row _builder_version=&#8221;4.16&#8243; _module_preset=&#8221;default&#8221; min_height=&#8221;596.7px&#8221; custom_padding=&#8221;||0px|||&#8221; global_colors_info=&#8221;{}&#8221;][et_pb_column type=&#8221;4_4&#8243; _builder_version=&#8221;4.16&#8243; _module_preset=&#8221;default&#8221; global_colors_info=&#8221;{}&#8221;][et_pb_text _builder_version=&#8221;4.16&#8243; _module_preset=&#8221;default&#8221; global_colors_info=&#8221;{}&#8221;]<\/p>\n<p>IMPACTS DES CHANGEMENTS CLIMATIQUES<\/p>\n<h3>Communaut\u00e9s autochtones<\/h3>\n<p>Les populations autochtones sont souvent plus vuln\u00e9rables aux changements climatiques en raison de :<\/p>\n<ul>\n<li>Leur relation \u00e9troite avec l\u2019environnement,<\/li>\n<li>leur d\u00e9pendance \u00e0 l\u2019\u00e9gard de la terre et de la mer \u00e0 des fins de subsistance,<\/li>\n<li>la probabilit\u00e9 qu\u2019elles habitent des zones o\u00f9 l\u2019impact est plus s\u00e9v\u00e8re, comme les r\u00e9gions c\u00f4ti\u00e8res,<\/li>\n<li>leur statut socio-\u00e9conomique inf\u00e9rieur et leur marginalisation,<\/li>\n<li>leur manque d\u2019acc\u00e8s \u00e0 des soins de sant\u00e9 de qualit\u00e9.<\/li>\n<\/ul>\n<blockquote>\n<p>\u00ab Les communaut\u00e9s autochtones, noires et autres communaut\u00e9s marginalis\u00e9es au Canada et dans le monde sont plus expos\u00e9es aux impacts des changements climatiques (Simmons, 2020). Elles sont plus susceptibles de r\u00e9sider dans des endroits o\u00f9 elles subissent l\u2019impact de la mauvaise qualit\u00e9 de l\u2019air et de la contamination de l\u2019eau par les industries polluantes, ainsi que de la d\u00e9vastation climatique future r\u00e9sultant de l\u2019\u00e9l\u00e9vation du niveau de la mer, de temp\u00eates et d\u2019inondations d\u00e9cha\u00een\u00e9es, ainsi que de vagues de chaleur intenses (Nations Unies, 2019). \u00bb \uf05btraduction\uf05d\u00a0<\/p>\n<\/blockquote>\n<p>De nombreuses collectivit\u00e9s disposent d\u2019infrastructures importantes qui sont vuln\u00e9rables aux impacts des changements climatiques. Il s\u2019agit notamment de collectivit\u00e9s disposant de lagunes de traitement des eaux us\u00e9es situ\u00e9es \u00e0 proximit\u00e9 de rivi\u00e8res ou de la c\u00f4te, o\u00f9 les inondations printani\u00e8res provoquent des d\u00e9bordements contamin\u00e9s et cr\u00e9ent des risques sanitaires. Cela pr\u00e9sente des risques pour la sant\u00e9 de ces collectivit\u00e9s. Les collectivit\u00e9s qui d\u00e9pendent partiellement ou enti\u00e8rement du service de traversier ou de pont sont \u00e9galement sujettes aux perturbations li\u00e9es aux conditions m\u00e9t\u00e9orologiques, comme la p\u00e9ninsule de Kingston au Nouveau-Brunswick et les collectivit\u00e9s isol\u00e9es de Terre-Neuve-et-Labrador.<\/p>\n<p>[\/et_pb_text][et_pb_image src=&#8221;https:\/\/climatlantic.ca\/wp\/wp-content\/uploads\/2021\/12\/Indigenous-1.jpeg&#8221; title_text=&#8221;CLIMAtlantic-Indigenous&#8221; _builder_version=&#8221;4.23.1&#8243; _module_preset=&#8221;default&#8221; hover_enabled=&#8221;0&#8243; global_colors_info=&#8221;{}&#8221; alt=&#8221;Un groupe de personnes au bord d&#8217;une rivi\u00e8re, dont beaucoup portent des jupes \u00e0 rubans. Certains tiennent des tambours d\u00e9cor\u00e9s de fa\u00e7on complexe et d&#8217;autres brandissent un drapeau des Premi\u00e8res nations. Le reflet dans l&#8217;eau est celui d&#8217;une usine.&#8221; sticky_enabled=&#8221;0&#8243;][\/et_pb_image][et_pb_text _builder_version=&#8221;4.16&#8243; _module_preset=&#8221;default&#8221; min_height=&#8221;85px&#8221; global_colors_info=&#8221;{}&#8221;]<\/p>\n<p><strong>Lectures compl\u00e9mentaires :<\/strong><\/p>\n<p><a href=\"https:\/\/choixclimatiques.ca\/publications\/racisme-environnemental-et-les-changements-climatiques\/\/\">Waldron, Ingrid (2021). Environmental Racism and Climate Change: Determinants of Health in Mi\u2019kmaw and African Nova Scotian Communities (Racisme environnemental et changement climatique : D\u00e9terminants de la sant\u00e9 dans les communaut\u00e9s mi\u2019kmaq et afro-n\u00e9o-\u00e9cossaises) (<\/a>Institut canadien des choix climatiques).<\/p>\n<p>The Environmental Noxiousness, Racial Inequities &amp; Community Health Project (The ENRICH Project): <a href=\"https:\/\/www.enrichproject.org\/\">https:\/\/www.enrichproject.org\/<\/a> (en anglais seulement)<\/p>\n<p>&nbsp;<\/p>\n<p>[\/et_pb_text][\/et_pb_column][\/et_pb_row][\/et_pb_section]<\/p>\n","protected":false},"excerpt":{"rendered":"<p>IMPACTS DES CHANGEMENTS CLIMATIQUES Communaut\u00e9s autochtones Les populations autochtones sont souvent plus vuln\u00e9rables aux changements climatiques en raison de : Leur relation \u00e9troite avec l\u2019environnement, leur d\u00e9pendance \u00e0 l\u2019\u00e9gard de la terre et de la mer \u00e0 des fins de subsistance, la probabilit\u00e9 qu\u2019elles habitent des zones o\u00f9 l\u2019impact est plus s\u00e9v\u00e8re, comme les r\u00e9gions [&hellip;]<\/p>\n","protected":false},"author":18,"featured_media":0,"parent":2156,"menu_order":0,"comment_status":"closed","ping_status":"closed","template":"","meta":{"_et_pb_use_builder":"on","_et_pb_old_content":"","_et_gb_content_width":"","footnotes":""},"categories":[],"tags":[],"class_list":["post-2174","page","type-page","status-publish","hentry"],"yoast_head":"<!-- This site is optimized with the Yoast SEO plugin v26.5 - https:\/\/yoast.com\/wordpress\/plugins\/seo\/ -->\n<title>Communaut\u00e9s autochtones - CLIMAtlantic<\/title>\n<meta name=\"robots\" content=\"index, follow, max-snippet:-1, max-image-preview:large, max-video-preview:-1\" \/>\n<link rel=\"canonical\" href=\"https:\/\/climatlantic.panchroma.dev\/fr\/impacts\/communautes-autochtones\/\" \/>\n<meta property=\"og:locale\" content=\"fr_FR\" \/>\n<meta property=\"og:type\" content=\"article\" \/>\n<meta property=\"og:title\" content=\"Communaut\u00e9s autochtones - CLIMAtlantic\" \/>\n<meta property=\"og:description\" content=\"IMPACTS DES CHANGEMENTS CLIMATIQUES Communaut\u00e9s autochtones Les populations autochtones sont souvent plus vuln\u00e9rables aux changements climatiques en raison de : Leur relation \u00e9troite avec l\u2019environnement, leur d\u00e9pendance \u00e0 l\u2019\u00e9gard de la terre et de la mer \u00e0 des fins de subsistance, la probabilit\u00e9 qu\u2019elles habitent des zones o\u00f9 l\u2019impact est plus s\u00e9v\u00e8re, comme les r\u00e9gions [&hellip;]\" \/>\n<meta property=\"og:url\" content=\"https:\/\/climatlantic.panchroma.dev\/fr\/impacts\/communautes-autochtones\/\" \/>\n<meta property=\"og:site_name\" content=\"CLIMAtlantic\" \/>\n<meta property=\"article:publisher\" content=\"https:\/\/www.facebook.com\/CLIMAtlanticInc\/\" \/>\n<meta property=\"article:modified_time\" content=\"2023-11-24T18:12:18+00:00\" \/>\n<meta name=\"twitter:card\" content=\"summary_large_image\" \/>\n<meta name=\"twitter:label1\" content=\"Dur\u00e9e de lecture estim\u00e9e\" \/>\n\t<meta name=\"twitter:data1\" content=\"3 minutes\" \/>\n<script type=\"application\/ld+json\" class=\"yoast-schema-graph\">{\"@context\":\"https:\/\/schema.org\",\"@graph\":[{\"@type\":\"WebPage\",\"@id\":\"https:\/\/climatlantic.panchroma.dev\/fr\/impacts\/communautes-autochtones\/\",\"url\":\"https:\/\/climatlantic.panchroma.dev\/fr\/impacts\/communautes-autochtones\/\",\"name\":\"Communaut\u00e9s autochtones - CLIMAtlantic\",\"isPartOf\":{\"@id\":\"https:\/\/climatlantic.panchroma.dev\/fr\/#website\"},\"datePublished\":\"2021-12-06T21:55:37+00:00\",\"dateModified\":\"2023-11-24T18:12:18+00:00\",\"breadcrumb\":{\"@id\":\"https:\/\/climatlantic.panchroma.dev\/fr\/impacts\/communautes-autochtones\/#breadcrumb\"},\"inLanguage\":\"fr-FR\",\"potentialAction\":[{\"@type\":\"ReadAction\",\"target\":[\"https:\/\/climatlantic.panchroma.dev\/fr\/impacts\/communautes-autochtones\/\"]}]},{\"@type\":\"BreadcrumbList\",\"@id\":\"https:\/\/climatlantic.panchroma.dev\/fr\/impacts\/communautes-autochtones\/#breadcrumb\",\"itemListElement\":[{\"@type\":\"ListItem\",\"position\":1,\"name\":\"Home\",\"item\":\"https:\/\/climatlantic.panchroma.dev\/fr\/\"},{\"@type\":\"ListItem\",\"position\":2,\"name\":\"Impacts\",\"item\":\"https:\/\/climatlantic.panchroma.dev\/fr\/impacts\/\"},{\"@type\":\"ListItem\",\"position\":3,\"name\":\"Communaut\u00e9s autochtones\"}]},{\"@type\":\"WebSite\",\"@id\":\"https:\/\/climatlantic.panchroma.dev\/fr\/#website\",\"url\":\"https:\/\/climatlantic.panchroma.dev\/fr\/\",\"name\":\"Climatlantic\",\"description\":\"Enhancing Atlantic Climate Resilience\",\"publisher\":{\"@id\":\"https:\/\/climatlantic.panchroma.dev\/fr\/#organization\"},\"potentialAction\":[{\"@type\":\"SearchAction\",\"target\":{\"@type\":\"EntryPoint\",\"urlTemplate\":\"https:\/\/climatlantic.panchroma.dev\/fr\/?s={search_term_string}\"},\"query-input\":{\"@type\":\"PropertyValueSpecification\",\"valueRequired\":true,\"valueName\":\"search_term_string\"}}],\"inLanguage\":\"fr-FR\"},{\"@type\":\"Organization\",\"@id\":\"https:\/\/climatlantic.panchroma.dev\/fr\/#organization\",\"name\":\"CLIMAtlantic\",\"url\":\"https:\/\/climatlantic.panchroma.dev\/fr\/\",\"logo\":{\"@type\":\"ImageObject\",\"inLanguage\":\"fr-FR\",\"@id\":\"https:\/\/climatlantic.panchroma.dev\/fr\/#\/schema\/logo\/image\/\",\"url\":\"https:\/\/climatlantic.ca\/wp\/wp-content\/uploads\/2021\/07\/cropped-Climatlantic_Favicon.png\",\"contentUrl\":\"https:\/\/climatlantic.ca\/wp\/wp-content\/uploads\/2021\/07\/cropped-Climatlantic_Favicon.png\",\"width\":512,\"height\":512,\"caption\":\"CLIMAtlantic\"},\"image\":{\"@id\":\"https:\/\/climatlantic.panchroma.dev\/fr\/#\/schema\/logo\/image\/\"},\"sameAs\":[\"https:\/\/www.facebook.com\/CLIMAtlanticInc\/\",\"http:\/\/instagram.com\/climatlantic\",\"https:\/\/www.linkedin.com\/company\/climatlantic\/\"]}]}<\/script>\n<!-- \/ Yoast SEO plugin. -->","yoast_head_json":{"title":"Communaut\u00e9s autochtones - CLIMAtlantic","robots":{"index":"index","follow":"follow","max-snippet":"max-snippet:-1","max-image-preview":"max-image-preview:large","max-video-preview":"max-video-preview:-1"},"canonical":"https:\/\/climatlantic.panchroma.dev\/fr\/impacts\/communautes-autochtones\/","og_locale":"fr_FR","og_type":"article","og_title":"Communaut\u00e9s autochtones - CLIMAtlantic","og_description":"IMPACTS DES CHANGEMENTS CLIMATIQUES Communaut\u00e9s autochtones Les populations autochtones sont souvent plus vuln\u00e9rables aux changements climatiques en raison de : Leur relation \u00e9troite avec l\u2019environnement, leur d\u00e9pendance \u00e0 l\u2019\u00e9gard de la terre et de la mer \u00e0 des fins de subsistance, la probabilit\u00e9 qu\u2019elles habitent des zones o\u00f9 l\u2019impact est plus s\u00e9v\u00e8re, comme les r\u00e9gions [&hellip;]","og_url":"https:\/\/climatlantic.panchroma.dev\/fr\/impacts\/communautes-autochtones\/","og_site_name":"CLIMAtlantic","article_publisher":"https:\/\/www.facebook.com\/CLIMAtlanticInc\/","article_modified_time":"2023-11-24T18:12:18+00:00","twitter_card":"summary_large_image","twitter_misc":{"Dur\u00e9e de lecture estim\u00e9e":"3 minutes"},"schema":{"@context":"https:\/\/schema.org","@graph":[{"@type":"WebPage","@id":"https:\/\/climatlantic.panchroma.dev\/fr\/impacts\/communautes-autochtones\/","url":"https:\/\/climatlantic.panchroma.dev\/fr\/impacts\/communautes-autochtones\/","name":"Communaut\u00e9s autochtones - CLIMAtlantic","isPartOf":{"@id":"https:\/\/climatlantic.panchroma.dev\/fr\/#website"},"datePublished":"2021-12-06T21:55:37+00:00","dateModified":"2023-11-24T18:12:18+00:00","breadcrumb":{"@id":"https:\/\/climatlantic.panchroma.dev\/fr\/impacts\/communautes-autochtones\/#breadcrumb"},"inLanguage":"fr-FR","potentialAction":[{"@type":"ReadAction","target":["https:\/\/climatlantic.panchroma.dev\/fr\/impacts\/communautes-autochtones\/"]}]},{"@type":"BreadcrumbList","@id":"https:\/\/climatlantic.panchroma.dev\/fr\/impacts\/communautes-autochtones\/#breadcrumb","itemListElement":[{"@type":"ListItem","position":1,"name":"Home","item":"https:\/\/climatlantic.panchroma.dev\/fr\/"},{"@type":"ListItem","position":2,"name":"Impacts","item":"https:\/\/climatlantic.panchroma.dev\/fr\/impacts\/"},{"@type":"ListItem","position":3,"name":"Communaut\u00e9s autochtones"}]},{"@type":"WebSite","@id":"https:\/\/climatlantic.panchroma.dev\/fr\/#website","url":"https:\/\/climatlantic.panchroma.dev\/fr\/","name":"Climatlantic","description":"Enhancing Atlantic Climate Resilience","publisher":{"@id":"https:\/\/climatlantic.panchroma.dev\/fr\/#organization"},"potentialAction":[{"@type":"SearchAction","target":{"@type":"EntryPoint","urlTemplate":"https:\/\/climatlantic.panchroma.dev\/fr\/?s={search_term_string}"},"query-input":{"@type":"PropertyValueSpecification","valueRequired":true,"valueName":"search_term_string"}}],"inLanguage":"fr-FR"},{"@type":"Organization","@id":"https:\/\/climatlantic.panchroma.dev\/fr\/#organization","name":"CLIMAtlantic","url":"https:\/\/climatlantic.panchroma.dev\/fr\/","logo":{"@type":"ImageObject","inLanguage":"fr-FR","@id":"https:\/\/climatlantic.panchroma.dev\/fr\/#\/schema\/logo\/image\/","url":"https:\/\/climatlantic.ca\/wp\/wp-content\/uploads\/2021\/07\/cropped-Climatlantic_Favicon.png","contentUrl":"https:\/\/climatlantic.ca\/wp\/wp-content\/uploads\/2021\/07\/cropped-Climatlantic_Favicon.png","width":512,"height":512,"caption":"CLIMAtlantic"},"image":{"@id":"https:\/\/climatlantic.panchroma.dev\/fr\/#\/schema\/logo\/image\/"},"sameAs":["https:\/\/www.facebook.com\/CLIMAtlanticInc\/","http:\/\/instagram.com\/climatlantic","https:\/\/www.linkedin.com\/company\/climatlantic\/"]}]}},"_links":{"self":[{"href":"https:\/\/climatlantic.panchroma.dev\/fr\/wp-json\/wp\/v2\/pages\/2174","targetHints":{"allow":["GET"]}}],"collection":[{"href":"https:\/\/climatlantic.panchroma.dev\/fr\/wp-json\/wp\/v2\/pages"}],"about":[{"href":"https:\/\/climatlantic.panchroma.dev\/fr\/wp-json\/wp\/v2\/types\/page"}],"author":[{"embeddable":true,"href":"https:\/\/climatlantic.panchroma.dev\/fr\/wp-json\/wp\/v2\/users\/18"}],"replies":[{"embeddable":true,"href":"https:\/\/climatlantic.panchroma.dev\/fr\/wp-json\/wp\/v2\/comments?post=2174"}],"version-history":[{"count":5,"href":"https:\/\/climatlantic.panchroma.dev\/fr\/wp-json\/wp\/v2\/pages\/2174\/revisions"}],"predecessor-version":[{"id":10929,"href":"https:\/\/climatlantic.panchroma.dev\/fr\/wp-json\/wp\/v2\/pages\/2174\/revisions\/10929"}],"up":[{"embeddable":true,"href":"https:\/\/climatlantic.panchroma.dev\/fr\/wp-json\/wp\/v2\/pages\/2156"}],"wp:attachment":[{"href":"https:\/\/climatlantic.panchroma.dev\/fr\/wp-json\/wp\/v2\/media?parent=2174"}],"wp:term":[{"taxonomy":"category","embeddable":true,"href":"https:\/\/climatlantic.panchroma.dev\/fr\/wp-json\/wp\/v2\/categories?post=2174"},{"taxonomy":"post_tag","embeddable":true,"href":"https:\/\/climatlantic.panchroma.dev\/fr\/wp-json\/wp\/v2\/tags?post=2174"}],"curies":[{"name":"wp","href":"https:\/\/api.w.org\/{rel}","templated":true}]}}