{"id":2162,"date":"2021-12-06T21:39:28","date_gmt":"2021-12-06T21:39:28","guid":{"rendered":"https:\/\/climatlantic.ca\/wp\/impacts\/biodiversite\/"},"modified":"2023-11-24T14:03:46","modified_gmt":"2023-11-24T18:03:46","slug":"biodiversite","status":"publish","type":"page","link":"https:\/\/climatlantic.panchroma.dev\/fr\/impacts\/biodiversite\/","title":{"rendered":"Biodiversit\u00e9"},"content":{"rendered":"<p>[et_pb_section fb_built=&#8221;1&#8243; _builder_version=&#8221;4.16&#8243; _module_preset=&#8221;default&#8221; global_colors_info=&#8221;{}&#8221;][et_pb_row _builder_version=&#8221;4.16&#8243; _module_preset=&#8221;default&#8221; custom_padding=&#8221;||0px|||&#8221; global_colors_info=&#8221;{}&#8221;][et_pb_column type=&#8221;4_4&#8243; _builder_version=&#8221;4.16&#8243; _module_preset=&#8221;default&#8221; global_colors_info=&#8221;{}&#8221;][et_pb_text _builder_version=&#8221;4.16&#8243; _module_preset=&#8221;default&#8221; global_colors_info=&#8221;{}&#8221;]<\/p>\n<p>IMPACTS DES CHANGEMENTS CLIMATIQUES<\/p>\n<h3>Biodiversit\u00e9<\/h3>\n<p>Les changements climatiques et la perte de biodiversit\u00e9 sont deux des probl\u00e8mes les plus urgents auxquels nous sommes confront\u00e9s aujourd\u2019hui. Pour faire face \u00e0 la double crise du changement climatique et de la perte de biodiversit\u00e9, il faut des niveaux d&#8217;action extraordinaires dans tous les secteurs, \u00e0 une vitesse sans pr\u00e9c\u00e9dent.<\/p>\n<p>Si les cercles scientifiques et politiques reconnaissent que ces deux ph\u00e9nom\u00e8nes sont interconnect\u00e9s, dans la pratique, ils sont largement trait\u00e9s en vase clos. Les faits montrent que les changements climatiques, et en particulier le changement d\u2019affectation des terres et la d\u00e9forestation, influencent la biodiversit\u00e9, entra\u00eenant ainsi de profondes r\u00e9percussions sociales, culturelles, \u00e9conomiques et \u00e9cologiques. Un certain nombre d\u2019esp\u00e8ces ont d\u00e9j\u00e0 modifi\u00e9 leur aire de r\u00e9partition vers le nord, tandis que d\u2019autres esp\u00e8ces actuellement pr\u00e9sentes dans notre r\u00e9gion risquent d\u2019\u00eatre repouss\u00e9es plus au nord et hors de leur aire de r\u00e9partition actuelle. Certaines esp\u00e8ces pourraient ne pas \u00eatre en mesure de s\u2019adapter aux changements.<strong><\/strong><\/p>\n<p>L&#8217;adaptation des syst\u00e8mes alimentaires, qui est le principal moteur de la d\u00e9forestation et de la perte de biodiversit\u00e9, est essentielle, et le rapport d&#8217;adaptation du GIEC AR6 WG2, comme les aspects alimentaires <a href=\"https:\/\/www.facebook.com\/CLIMAtlanticInc\/posts\/pfbid0dHFKWfn2y2jrPPQcdXz8UzxZKSPc11WFtR1M2hJDA2WWXcHHijLYhLS4GZEYncdil\">couverts ici par nous<\/a>, montre certains aspects pour concentrer les efforts (Harwatt et al., 2022).<\/p>\n<p>[\/et_pb_text][et_pb_image src=&#8221;https:\/\/climatlantic.ca\/wp\/wp-content\/uploads\/2023\/02\/Whale-1-scaled.jpeg&#8221; alt=&#8221;Une personne dans un bateau observe une baleine dans l&#8217;eau \u00e0 proximit\u00e9.&#8221; title_text=&#8221;CLIMAtlantic-Whale&#8221; _builder_version=&#8221;4.23.1&#8243; _module_preset=&#8221;default&#8221; hover_enabled=&#8221;0&#8243; global_colors_info=&#8221;{}&#8221; sticky_enabled=&#8221;0&#8243;][\/et_pb_image][et_pb_text _builder_version=&#8221;4.16&#8243; _module_preset=&#8221;default&#8221; custom_padding=&#8221;||13px|||&#8221; global_colors_info=&#8221;{}&#8221;]<\/p>\n<p><strong>Lecture compl\u00e9mentaire :<\/strong><\/p>\n<p>Harwatt, H., Wetterberg, K., Giritharan, A., &amp; Benton, T. (2022). <a href=\"https:\/\/www.chathamhouse.org\/2022\/10\/aligning-food-systems-climate-and-biodiversity-targets\/about-authors\">Aligning food systems with climate and biodiversity targets. DOI: 10.55317\/9781784135416<\/a><\/p>\n<p>IPBES-IPCC CO-SPONSORED WORKSHOP REPORT ON BIODIVERSITY AND CLIMATE CHANGE: (RAPPORT D\u2019ATELIER COPARRAIN\u00c9 PAR L\u2019IPBES et le GIEC SUR LA BIODIVERSIT\u00c9 ET LES CHANGEMENTS CLIMATIQUES) :<\/p>\n<p>P\u00f6rtner, H.O., Scholes, R.J., Agard, J., Archer, E., Arneth, A., Bai, X., Barnes, D., Burrows, M., Chan, L., Cheung, W.L., Diamond, S., Donatti, C., Duarte, C., Eisenhauer, N., Foden, W., Gasalla, M. A., Handa, C., Hickler, T., Hoegh-Guldberg, O., Ichii, K., Jacob, U., Insarov, G., Kiessling, W., Leadley, P., Leemans, R., Levin, L., Lim, M., Maharaj, S., Managi, S., Marquet, P. A., McElwee, P., Midgley, G., Oberdorff, T., Obura, D., Osman, E., Pandit, R., Pascual, U., Pires, A. P. F., Popp, A., ReyesGarc\u00eda, V., Sankaran, M., Settele, J., Shin, Y. J., Sintayehu, D. W., Smith, P., Steiner, N., Strassburg, B., Sukumar, R., Trisos, C., Val, A.L., Wu, J., Aldrian, E., Parmesan, C., Pichs-Madruga, R., Roberts, D.C., Rogers, A.D., D\u00edaz, S., Fischer, M., Hashimoto, S., Lavorel, S., Wu, N., Ngo, H.T. 2021. Rapport de l\u2019atelier coparrain\u00e9 par l\u2019IPBES et le GIEC sur la biodiversit\u00e9 et les changements climatiques; IPBES et GIEC. DOI:10.5281\/zenodo.4782538. R\u00e9cup\u00e9r\u00e9 sur <a href=\"https:\/\/ipbes.net\/sites\/default\/files\/2021-06\/20210609_workshop_report_embargo_3pm_CEST_10_june_0.pdf\">https:\/\/ipbes.net\/sites\/default\/files\/2021-06\/20210609_workshop_report_embargo_3pm_CEST_10_june_0.pdf<\/a><\/p>\n<p>[\/et_pb_text][\/et_pb_column][\/et_pb_row][\/et_pb_section]<\/p>\n","protected":false},"excerpt":{"rendered":"<p>IMPACTS DES CHANGEMENTS CLIMATIQUES Biodiversit\u00e9 Les changements climatiques et la perte de biodiversit\u00e9 sont deux des probl\u00e8mes les plus urgents auxquels nous sommes confront\u00e9s aujourd\u2019hui. Pour faire face \u00e0 la double crise du changement climatique et de la perte de biodiversit\u00e9, il faut des niveaux d&#8217;action extraordinaires dans tous les secteurs, \u00e0 une vitesse sans [&hellip;]<\/p>\n","protected":false},"author":18,"featured_media":0,"parent":2156,"menu_order":6,"comment_status":"closed","ping_status":"closed","template":"","meta":{"_et_pb_use_builder":"on","_et_pb_old_content":"","_et_gb_content_width":"","footnotes":""},"categories":[],"tags":[],"class_list":["post-2162","page","type-page","status-publish","hentry"],"yoast_head":"<!-- This site is optimized with the Yoast SEO plugin v26.5 - https:\/\/yoast.com\/wordpress\/plugins\/seo\/ -->\n<title>Biodiversit\u00e9 - CLIMAtlantic<\/title>\n<meta name=\"robots\" content=\"index, follow, max-snippet:-1, max-image-preview:large, max-video-preview:-1\" \/>\n<link rel=\"canonical\" href=\"https:\/\/climatlantic.panchroma.dev\/fr\/impacts\/biodiversite\/\" \/>\n<meta property=\"og:locale\" content=\"fr_FR\" \/>\n<meta property=\"og:type\" content=\"article\" \/>\n<meta property=\"og:title\" content=\"Biodiversit\u00e9 - CLIMAtlantic\" \/>\n<meta property=\"og:description\" content=\"IMPACTS DES CHANGEMENTS CLIMATIQUES Biodiversit\u00e9 Les changements climatiques et la perte de biodiversit\u00e9 sont deux des probl\u00e8mes les plus urgents auxquels nous sommes confront\u00e9s aujourd\u2019hui. Pour faire face \u00e0 la double crise du changement climatique et de la perte de biodiversit\u00e9, il faut des niveaux d&#039;action extraordinaires dans tous les secteurs, \u00e0 une vitesse sans [&hellip;]\" \/>\n<meta property=\"og:url\" content=\"https:\/\/climatlantic.panchroma.dev\/fr\/impacts\/biodiversite\/\" \/>\n<meta property=\"og:site_name\" content=\"CLIMAtlantic\" \/>\n<meta property=\"article:publisher\" content=\"https:\/\/www.facebook.com\/CLIMAtlanticInc\/\" \/>\n<meta property=\"article:modified_time\" content=\"2023-11-24T18:03:46+00:00\" \/>\n<meta name=\"twitter:card\" content=\"summary_large_image\" \/>\n<meta name=\"twitter:label1\" content=\"Dur\u00e9e de lecture estim\u00e9e\" \/>\n\t<meta name=\"twitter:data1\" content=\"3 minutes\" \/>\n<script type=\"application\/ld+json\" class=\"yoast-schema-graph\">{\"@context\":\"https:\/\/schema.org\",\"@graph\":[{\"@type\":\"WebPage\",\"@id\":\"https:\/\/climatlantic.panchroma.dev\/fr\/impacts\/biodiversite\/\",\"url\":\"https:\/\/climatlantic.panchroma.dev\/fr\/impacts\/biodiversite\/\",\"name\":\"Biodiversit\u00e9 - CLIMAtlantic\",\"isPartOf\":{\"@id\":\"https:\/\/climatlantic.panchroma.dev\/fr\/#website\"},\"datePublished\":\"2021-12-06T21:39:28+00:00\",\"dateModified\":\"2023-11-24T18:03:46+00:00\",\"breadcrumb\":{\"@id\":\"https:\/\/climatlantic.panchroma.dev\/fr\/impacts\/biodiversite\/#breadcrumb\"},\"inLanguage\":\"fr-FR\",\"potentialAction\":[{\"@type\":\"ReadAction\",\"target\":[\"https:\/\/climatlantic.panchroma.dev\/fr\/impacts\/biodiversite\/\"]}]},{\"@type\":\"BreadcrumbList\",\"@id\":\"https:\/\/climatlantic.panchroma.dev\/fr\/impacts\/biodiversite\/#breadcrumb\",\"itemListElement\":[{\"@type\":\"ListItem\",\"position\":1,\"name\":\"Home\",\"item\":\"https:\/\/climatlantic.panchroma.dev\/fr\/\"},{\"@type\":\"ListItem\",\"position\":2,\"name\":\"Impacts\",\"item\":\"https:\/\/climatlantic.panchroma.dev\/fr\/impacts\/\"},{\"@type\":\"ListItem\",\"position\":3,\"name\":\"Biodiversit\u00e9\"}]},{\"@type\":\"WebSite\",\"@id\":\"https:\/\/climatlantic.panchroma.dev\/fr\/#website\",\"url\":\"https:\/\/climatlantic.panchroma.dev\/fr\/\",\"name\":\"Climatlantic\",\"description\":\"Enhancing Atlantic Climate Resilience\",\"publisher\":{\"@id\":\"https:\/\/climatlantic.panchroma.dev\/fr\/#organization\"},\"potentialAction\":[{\"@type\":\"SearchAction\",\"target\":{\"@type\":\"EntryPoint\",\"urlTemplate\":\"https:\/\/climatlantic.panchroma.dev\/fr\/?s={search_term_string}\"},\"query-input\":{\"@type\":\"PropertyValueSpecification\",\"valueRequired\":true,\"valueName\":\"search_term_string\"}}],\"inLanguage\":\"fr-FR\"},{\"@type\":\"Organization\",\"@id\":\"https:\/\/climatlantic.panchroma.dev\/fr\/#organization\",\"name\":\"CLIMAtlantic\",\"url\":\"https:\/\/climatlantic.panchroma.dev\/fr\/\",\"logo\":{\"@type\":\"ImageObject\",\"inLanguage\":\"fr-FR\",\"@id\":\"https:\/\/climatlantic.panchroma.dev\/fr\/#\/schema\/logo\/image\/\",\"url\":\"https:\/\/climatlantic.ca\/wp\/wp-content\/uploads\/2021\/07\/cropped-Climatlantic_Favicon.png\",\"contentUrl\":\"https:\/\/climatlantic.ca\/wp\/wp-content\/uploads\/2021\/07\/cropped-Climatlantic_Favicon.png\",\"width\":512,\"height\":512,\"caption\":\"CLIMAtlantic\"},\"image\":{\"@id\":\"https:\/\/climatlantic.panchroma.dev\/fr\/#\/schema\/logo\/image\/\"},\"sameAs\":[\"https:\/\/www.facebook.com\/CLIMAtlanticInc\/\",\"http:\/\/instagram.com\/climatlantic\",\"https:\/\/www.linkedin.com\/company\/climatlantic\/\"]}]}<\/script>\n<!-- \/ Yoast SEO plugin. -->","yoast_head_json":{"title":"Biodiversit\u00e9 - CLIMAtlantic","robots":{"index":"index","follow":"follow","max-snippet":"max-snippet:-1","max-image-preview":"max-image-preview:large","max-video-preview":"max-video-preview:-1"},"canonical":"https:\/\/climatlantic.panchroma.dev\/fr\/impacts\/biodiversite\/","og_locale":"fr_FR","og_type":"article","og_title":"Biodiversit\u00e9 - CLIMAtlantic","og_description":"IMPACTS DES CHANGEMENTS CLIMATIQUES Biodiversit\u00e9 Les changements climatiques et la perte de biodiversit\u00e9 sont deux des probl\u00e8mes les plus urgents auxquels nous sommes confront\u00e9s aujourd\u2019hui. Pour faire face \u00e0 la double crise du changement climatique et de la perte de biodiversit\u00e9, il faut des niveaux d'action extraordinaires dans tous les secteurs, \u00e0 une vitesse sans [&hellip;]","og_url":"https:\/\/climatlantic.panchroma.dev\/fr\/impacts\/biodiversite\/","og_site_name":"CLIMAtlantic","article_publisher":"https:\/\/www.facebook.com\/CLIMAtlanticInc\/","article_modified_time":"2023-11-24T18:03:46+00:00","twitter_card":"summary_large_image","twitter_misc":{"Dur\u00e9e de lecture estim\u00e9e":"3 minutes"},"schema":{"@context":"https:\/\/schema.org","@graph":[{"@type":"WebPage","@id":"https:\/\/climatlantic.panchroma.dev\/fr\/impacts\/biodiversite\/","url":"https:\/\/climatlantic.panchroma.dev\/fr\/impacts\/biodiversite\/","name":"Biodiversit\u00e9 - CLIMAtlantic","isPartOf":{"@id":"https:\/\/climatlantic.panchroma.dev\/fr\/#website"},"datePublished":"2021-12-06T21:39:28+00:00","dateModified":"2023-11-24T18:03:46+00:00","breadcrumb":{"@id":"https:\/\/climatlantic.panchroma.dev\/fr\/impacts\/biodiversite\/#breadcrumb"},"inLanguage":"fr-FR","potentialAction":[{"@type":"ReadAction","target":["https:\/\/climatlantic.panchroma.dev\/fr\/impacts\/biodiversite\/"]}]},{"@type":"BreadcrumbList","@id":"https:\/\/climatlantic.panchroma.dev\/fr\/impacts\/biodiversite\/#breadcrumb","itemListElement":[{"@type":"ListItem","position":1,"name":"Home","item":"https:\/\/climatlantic.panchroma.dev\/fr\/"},{"@type":"ListItem","position":2,"name":"Impacts","item":"https:\/\/climatlantic.panchroma.dev\/fr\/impacts\/"},{"@type":"ListItem","position":3,"name":"Biodiversit\u00e9"}]},{"@type":"WebSite","@id":"https:\/\/climatlantic.panchroma.dev\/fr\/#website","url":"https:\/\/climatlantic.panchroma.dev\/fr\/","name":"Climatlantic","description":"Enhancing Atlantic Climate Resilience","publisher":{"@id":"https:\/\/climatlantic.panchroma.dev\/fr\/#organization"},"potentialAction":[{"@type":"SearchAction","target":{"@type":"EntryPoint","urlTemplate":"https:\/\/climatlantic.panchroma.dev\/fr\/?s={search_term_string}"},"query-input":{"@type":"PropertyValueSpecification","valueRequired":true,"valueName":"search_term_string"}}],"inLanguage":"fr-FR"},{"@type":"Organization","@id":"https:\/\/climatlantic.panchroma.dev\/fr\/#organization","name":"CLIMAtlantic","url":"https:\/\/climatlantic.panchroma.dev\/fr\/","logo":{"@type":"ImageObject","inLanguage":"fr-FR","@id":"https:\/\/climatlantic.panchroma.dev\/fr\/#\/schema\/logo\/image\/","url":"https:\/\/climatlantic.ca\/wp\/wp-content\/uploads\/2021\/07\/cropped-Climatlantic_Favicon.png","contentUrl":"https:\/\/climatlantic.ca\/wp\/wp-content\/uploads\/2021\/07\/cropped-Climatlantic_Favicon.png","width":512,"height":512,"caption":"CLIMAtlantic"},"image":{"@id":"https:\/\/climatlantic.panchroma.dev\/fr\/#\/schema\/logo\/image\/"},"sameAs":["https:\/\/www.facebook.com\/CLIMAtlanticInc\/","http:\/\/instagram.com\/climatlantic","https:\/\/www.linkedin.com\/company\/climatlantic\/"]}]}},"_links":{"self":[{"href":"https:\/\/climatlantic.panchroma.dev\/fr\/wp-json\/wp\/v2\/pages\/2162","targetHints":{"allow":["GET"]}}],"collection":[{"href":"https:\/\/climatlantic.panchroma.dev\/fr\/wp-json\/wp\/v2\/pages"}],"about":[{"href":"https:\/\/climatlantic.panchroma.dev\/fr\/wp-json\/wp\/v2\/types\/page"}],"author":[{"embeddable":true,"href":"https:\/\/climatlantic.panchroma.dev\/fr\/wp-json\/wp\/v2\/users\/18"}],"replies":[{"embeddable":true,"href":"https:\/\/climatlantic.panchroma.dev\/fr\/wp-json\/wp\/v2\/comments?post=2162"}],"version-history":[{"count":5,"href":"https:\/\/climatlantic.panchroma.dev\/fr\/wp-json\/wp\/v2\/pages\/2162\/revisions"}],"predecessor-version":[{"id":10925,"href":"https:\/\/climatlantic.panchroma.dev\/fr\/wp-json\/wp\/v2\/pages\/2162\/revisions\/10925"}],"up":[{"embeddable":true,"href":"https:\/\/climatlantic.panchroma.dev\/fr\/wp-json\/wp\/v2\/pages\/2156"}],"wp:attachment":[{"href":"https:\/\/climatlantic.panchroma.dev\/fr\/wp-json\/wp\/v2\/media?parent=2162"}],"wp:term":[{"taxonomy":"category","embeddable":true,"href":"https:\/\/climatlantic.panchroma.dev\/fr\/wp-json\/wp\/v2\/categories?post=2162"},{"taxonomy":"post_tag","embeddable":true,"href":"https:\/\/climatlantic.panchroma.dev\/fr\/wp-json\/wp\/v2\/tags?post=2162"}],"curies":[{"name":"wp","href":"https:\/\/api.w.org\/{rel}","templated":true}]}}