{"id":2147,"date":"2021-12-06T21:22:57","date_gmt":"2021-12-06T21:22:57","guid":{"rendered":"https:\/\/climatlantic.ca\/wp\/adaptation\/tourisme\/"},"modified":"2023-12-01T09:43:03","modified_gmt":"2023-12-01T13:43:03","slug":"tourisme","status":"publish","type":"page","link":"https:\/\/climatlantic.panchroma.dev\/fr\/adaptation\/tourisme\/","title":{"rendered":"Tourisme"},"content":{"rendered":"<p>[et_pb_section fb_built=&#8221;1&#8243; _builder_version=&#8221;4.16&#8243; _module_preset=&#8221;default&#8221; global_colors_info=&#8221;{}&#8221;][et_pb_row _builder_version=&#8221;4.16&#8243; _module_preset=&#8221;default&#8221; global_colors_info=&#8221;{}&#8221;][et_pb_column type=&#8221;4_4&#8243; _builder_version=&#8221;4.16&#8243; _module_preset=&#8221;default&#8221; global_colors_info=&#8221;{}&#8221;][et_pb_text _builder_version=&#8221;4.16&#8243; _module_preset=&#8221;default&#8221; global_colors_info=&#8221;{}&#8221;]<\/p>\n<p>ADAPTATION AUX CHANGEMENTS CLIMATIQUES<\/p>\n<h3>Tourisme<\/h3>\n<p>Le tourisme est une composante fondamentale de la durabilit\u00e9 \u00e9conomique de la plupart des collectivit\u00e9s situ\u00e9es le long du littoral atlantique et est consid\u00e9r\u00e9 comme un \u00e9l\u00e9ment cl\u00e9 de la revitalisation \u00e9conomique des collectivit\u00e9s autrefois tributaires de la p\u00eache.<\/p>\n<p>L\u2019\u00e9l\u00e9vation du niveau de la mer, l\u2019accroissement de l\u2019\u00e9rosion c\u00f4ti\u00e8re, le r\u00e9tr\u00e9cissement et l\u2019\u00e9paississement des plages (par l\u2019accumulation de s\u00e9diments \u00e0 grains de plus en plus gros) ainsi que l\u2019augmentation des temp\u00eates ont tous des effets n\u00e9gatifs sur le tourisme dans les r\u00e9gions c\u00f4ti\u00e8res. Les dommages caus\u00e9s aux infrastructures constituent une pr\u00e9occupation suppl\u00e9mentaire. L\u2019am\u00e9nagement du littoral et la construction d\u2019infrastructures de protection limiteraient la migration des plages et des r\u00e9seaux de dunes vers l\u2019int\u00e9rieur des terres.<\/p>\n<ul>\n<li><strong>Une industrie sensible au climat :<\/strong> Le tourisme est vital pour le Canada atlantique et pour toutes les collectivit\u00e9s c\u00f4ti\u00e8res. Les conditions m\u00e9t\u00e9orologiques et le climat sont des \u00e9l\u00e9ments essentiels dans la prise de d\u00e9cisions sur le choix des vacances. Les changements climatiques peuvent avoir des incidences tant\u00f4t n\u00e9gatives, tant\u00f4t positives sur cette d\u00e9cision.<\/li>\n<li><strong>Activit\u00e9s touristiques :<\/strong> Un \u00e9t\u00e9 plus long et un r\u00e9chauffement g\u00e9n\u00e9ral peuvent attirer au Canada atlantique des touristes qui recherchent des temp\u00e9ratures agr\u00e9ables et qui pourraient y trouver des temp\u00e9ratures plus chaudes. En revanche, des hivers plus doux et plus courts ne sont toutefois pas une bonne nouvelle pour les activit\u00e9s hivernales en plein air. Le secteur du tourisme hivernal du Canada atlantique \uf02d secteur modeste mais dynamique \uf02d pourrait subir les effets n\u00e9gatifs du changement climatique.<\/li>\n<li><strong>Mobilit\u00e9 et infrastructures :<\/strong> Le r\u00e9tr\u00e9cissement des plages d\u00fb \u00e0 l\u2019\u00e9l\u00e9vation du niveau de la mer, \u00e0 l\u2019\u00e9rosion c\u00f4ti\u00e8re et aux temp\u00eates peut affecter l\u2019acc\u00e8s \u00e0 la c\u00f4te et limiter les activit\u00e9s touristiques de plage. Les ph\u00e9nom\u00e8nes m\u00e9t\u00e9orologiques extr\u00eames, tels que les ouragans, peuvent freiner les projets de vacances et endommager les infrastructures touristique.<\/li>\n<li><strong>Attractions touristiques :<\/strong> Les sites arch\u00e9ologiques et culturels importants du Canada atlantique peuvent \u00eatre particuli\u00e8rement vuln\u00e9rables aux conditions m\u00e9t\u00e9orologiques extr\u00eames et aux impacts c\u00f4tiers des changements climatiques.<\/li>\n<\/ul>\n<p>&nbsp;<\/p>\n<h5>Adaptation:<\/h5>\n<ul>\n<li><strong>En profiter :<\/strong>\u00a0Prolonger les activit\u00e9s touristiques au-del\u00e0 de la saison touristique normale.<\/li>\n<li><strong>Diversifier :<\/strong> Diversifier les possibilit\u00e9s de tourisme, en accordant une attention particuli\u00e8re \u00e0 la commercialisation de nouvelles activit\u00e9s (vinification, par ex.) qui pourraient appara\u00eetre en raison du changement climatique.<\/li>\n<li><strong>Prot\u00e9ger :<\/strong> R\u00e9examiner les strat\u00e9gies visant \u00e0 prot\u00e9ger les sites d\u2019importance culturelle et les infrastructures touristiques contre la variabilit\u00e9 et les extr\u00eames climatiques.<\/li>\n<li><strong>D\u00e9placer :<\/strong> D\u00e9placer les infrastructures qui n\u00e9cessitent une solution \u00e0 long terme, et planifier toute infrastructure touristique en dehors des zones \u00e0 risque.<\/li>\n<\/ul>\n<p>[\/et_pb_text][et_pb_image src=&#8221;https:\/\/climatlantic.ca\/wp\/wp-content\/uploads\/2021\/10\/hopewell.jpeg&#8221; alt=&#8221;Un groupe de personnes dans des kayaks jaunes pagayant \u00e0 Hopewell Rocks.&#8221; title_text=&#8221;CLIMAtlantic-Hopewell&#8221; _builder_version=&#8221;4.23.1&#8243; _module_preset=&#8221;default&#8221; hover_enabled=&#8221;0&#8243; global_colors_info=&#8221;{}&#8221; sticky_enabled=&#8221;0&#8243;][\/et_pb_image][\/et_pb_column][\/et_pb_row][\/et_pb_section]<\/p>\n","protected":false},"excerpt":{"rendered":"<p>ADAPTATION AUX CHANGEMENTS CLIMATIQUES Tourisme Le tourisme est une composante fondamentale de la durabilit\u00e9 \u00e9conomique de la plupart des collectivit\u00e9s situ\u00e9es le long du littoral atlantique et est consid\u00e9r\u00e9 comme un \u00e9l\u00e9ment cl\u00e9 de la revitalisation \u00e9conomique des collectivit\u00e9s autrefois tributaires de la p\u00eache. L\u2019\u00e9l\u00e9vation du niveau de la mer, l\u2019accroissement de l\u2019\u00e9rosion c\u00f4ti\u00e8re, le [&hellip;]<\/p>\n","protected":false},"author":18,"featured_media":0,"parent":2117,"menu_order":7,"comment_status":"closed","ping_status":"closed","template":"","meta":{"_et_pb_use_builder":"on","_et_pb_old_content":"","_et_gb_content_width":"","footnotes":""},"categories":[],"tags":[],"class_list":["post-2147","page","type-page","status-publish","hentry"],"yoast_head":"<!-- This site is optimized with the Yoast SEO plugin v26.5 - https:\/\/yoast.com\/wordpress\/plugins\/seo\/ -->\n<title>Tourisme - CLIMAtlantic<\/title>\n<meta name=\"robots\" content=\"index, follow, max-snippet:-1, max-image-preview:large, max-video-preview:-1\" \/>\n<link rel=\"canonical\" href=\"https:\/\/climatlantic.panchroma.dev\/fr\/adaptation\/tourisme\/\" \/>\n<meta property=\"og:locale\" content=\"fr_FR\" \/>\n<meta property=\"og:type\" content=\"article\" \/>\n<meta property=\"og:title\" content=\"Tourisme - CLIMAtlantic\" \/>\n<meta property=\"og:description\" content=\"ADAPTATION AUX CHANGEMENTS CLIMATIQUES Tourisme Le tourisme est une composante fondamentale de la durabilit\u00e9 \u00e9conomique de la plupart des collectivit\u00e9s situ\u00e9es le long du littoral atlantique et est consid\u00e9r\u00e9 comme un \u00e9l\u00e9ment cl\u00e9 de la revitalisation \u00e9conomique des collectivit\u00e9s autrefois tributaires de la p\u00eache. L\u2019\u00e9l\u00e9vation du niveau de la mer, l\u2019accroissement de l\u2019\u00e9rosion c\u00f4ti\u00e8re, le [&hellip;]\" \/>\n<meta property=\"og:url\" content=\"https:\/\/climatlantic.panchroma.dev\/fr\/adaptation\/tourisme\/\" \/>\n<meta property=\"og:site_name\" content=\"CLIMAtlantic\" \/>\n<meta property=\"article:publisher\" content=\"https:\/\/www.facebook.com\/CLIMAtlanticInc\/\" \/>\n<meta property=\"article:modified_time\" content=\"2023-12-01T13:43:03+00:00\" \/>\n<meta name=\"twitter:card\" content=\"summary_large_image\" \/>\n<meta name=\"twitter:label1\" content=\"Dur\u00e9e de lecture estim\u00e9e\" \/>\n\t<meta name=\"twitter:data1\" content=\"3 minutes\" \/>\n<script type=\"application\/ld+json\" class=\"yoast-schema-graph\">{\"@context\":\"https:\/\/schema.org\",\"@graph\":[{\"@type\":\"WebPage\",\"@id\":\"https:\/\/climatlantic.panchroma.dev\/fr\/adaptation\/tourisme\/\",\"url\":\"https:\/\/climatlantic.panchroma.dev\/fr\/adaptation\/tourisme\/\",\"name\":\"Tourisme - CLIMAtlantic\",\"isPartOf\":{\"@id\":\"https:\/\/climatlantic.panchroma.dev\/fr\/#website\"},\"datePublished\":\"2021-12-06T21:22:57+00:00\",\"dateModified\":\"2023-12-01T13:43:03+00:00\",\"breadcrumb\":{\"@id\":\"https:\/\/climatlantic.panchroma.dev\/fr\/adaptation\/tourisme\/#breadcrumb\"},\"inLanguage\":\"fr-FR\",\"potentialAction\":[{\"@type\":\"ReadAction\",\"target\":[\"https:\/\/climatlantic.panchroma.dev\/fr\/adaptation\/tourisme\/\"]}]},{\"@type\":\"BreadcrumbList\",\"@id\":\"https:\/\/climatlantic.panchroma.dev\/fr\/adaptation\/tourisme\/#breadcrumb\",\"itemListElement\":[{\"@type\":\"ListItem\",\"position\":1,\"name\":\"Home\",\"item\":\"https:\/\/climatlantic.panchroma.dev\/fr\/\"},{\"@type\":\"ListItem\",\"position\":2,\"name\":\"Adaptation\",\"item\":\"https:\/\/climatlantic.panchroma.dev\/fr\/adaptation\/\"},{\"@type\":\"ListItem\",\"position\":3,\"name\":\"Tourisme\"}]},{\"@type\":\"WebSite\",\"@id\":\"https:\/\/climatlantic.panchroma.dev\/fr\/#website\",\"url\":\"https:\/\/climatlantic.panchroma.dev\/fr\/\",\"name\":\"Climatlantic\",\"description\":\"Enhancing Atlantic Climate Resilience\",\"publisher\":{\"@id\":\"https:\/\/climatlantic.panchroma.dev\/fr\/#organization\"},\"potentialAction\":[{\"@type\":\"SearchAction\",\"target\":{\"@type\":\"EntryPoint\",\"urlTemplate\":\"https:\/\/climatlantic.panchroma.dev\/fr\/?s={search_term_string}\"},\"query-input\":{\"@type\":\"PropertyValueSpecification\",\"valueRequired\":true,\"valueName\":\"search_term_string\"}}],\"inLanguage\":\"fr-FR\"},{\"@type\":\"Organization\",\"@id\":\"https:\/\/climatlantic.panchroma.dev\/fr\/#organization\",\"name\":\"CLIMAtlantic\",\"url\":\"https:\/\/climatlantic.panchroma.dev\/fr\/\",\"logo\":{\"@type\":\"ImageObject\",\"inLanguage\":\"fr-FR\",\"@id\":\"https:\/\/climatlantic.panchroma.dev\/fr\/#\/schema\/logo\/image\/\",\"url\":\"https:\/\/climatlantic.ca\/wp\/wp-content\/uploads\/2021\/07\/cropped-Climatlantic_Favicon.png\",\"contentUrl\":\"https:\/\/climatlantic.ca\/wp\/wp-content\/uploads\/2021\/07\/cropped-Climatlantic_Favicon.png\",\"width\":512,\"height\":512,\"caption\":\"CLIMAtlantic\"},\"image\":{\"@id\":\"https:\/\/climatlantic.panchroma.dev\/fr\/#\/schema\/logo\/image\/\"},\"sameAs\":[\"https:\/\/www.facebook.com\/CLIMAtlanticInc\/\",\"http:\/\/instagram.com\/climatlantic\",\"https:\/\/www.linkedin.com\/company\/climatlantic\/\"]}]}<\/script>\n<!-- \/ Yoast SEO plugin. -->","yoast_head_json":{"title":"Tourisme - CLIMAtlantic","robots":{"index":"index","follow":"follow","max-snippet":"max-snippet:-1","max-image-preview":"max-image-preview:large","max-video-preview":"max-video-preview:-1"},"canonical":"https:\/\/climatlantic.panchroma.dev\/fr\/adaptation\/tourisme\/","og_locale":"fr_FR","og_type":"article","og_title":"Tourisme - CLIMAtlantic","og_description":"ADAPTATION AUX CHANGEMENTS CLIMATIQUES Tourisme Le tourisme est une composante fondamentale de la durabilit\u00e9 \u00e9conomique de la plupart des collectivit\u00e9s situ\u00e9es le long du littoral atlantique et est consid\u00e9r\u00e9 comme un \u00e9l\u00e9ment cl\u00e9 de la revitalisation \u00e9conomique des collectivit\u00e9s autrefois tributaires de la p\u00eache. L\u2019\u00e9l\u00e9vation du niveau de la mer, l\u2019accroissement de l\u2019\u00e9rosion c\u00f4ti\u00e8re, le [&hellip;]","og_url":"https:\/\/climatlantic.panchroma.dev\/fr\/adaptation\/tourisme\/","og_site_name":"CLIMAtlantic","article_publisher":"https:\/\/www.facebook.com\/CLIMAtlanticInc\/","article_modified_time":"2023-12-01T13:43:03+00:00","twitter_card":"summary_large_image","twitter_misc":{"Dur\u00e9e de lecture estim\u00e9e":"3 minutes"},"schema":{"@context":"https:\/\/schema.org","@graph":[{"@type":"WebPage","@id":"https:\/\/climatlantic.panchroma.dev\/fr\/adaptation\/tourisme\/","url":"https:\/\/climatlantic.panchroma.dev\/fr\/adaptation\/tourisme\/","name":"Tourisme - CLIMAtlantic","isPartOf":{"@id":"https:\/\/climatlantic.panchroma.dev\/fr\/#website"},"datePublished":"2021-12-06T21:22:57+00:00","dateModified":"2023-12-01T13:43:03+00:00","breadcrumb":{"@id":"https:\/\/climatlantic.panchroma.dev\/fr\/adaptation\/tourisme\/#breadcrumb"},"inLanguage":"fr-FR","potentialAction":[{"@type":"ReadAction","target":["https:\/\/climatlantic.panchroma.dev\/fr\/adaptation\/tourisme\/"]}]},{"@type":"BreadcrumbList","@id":"https:\/\/climatlantic.panchroma.dev\/fr\/adaptation\/tourisme\/#breadcrumb","itemListElement":[{"@type":"ListItem","position":1,"name":"Home","item":"https:\/\/climatlantic.panchroma.dev\/fr\/"},{"@type":"ListItem","position":2,"name":"Adaptation","item":"https:\/\/climatlantic.panchroma.dev\/fr\/adaptation\/"},{"@type":"ListItem","position":3,"name":"Tourisme"}]},{"@type":"WebSite","@id":"https:\/\/climatlantic.panchroma.dev\/fr\/#website","url":"https:\/\/climatlantic.panchroma.dev\/fr\/","name":"Climatlantic","description":"Enhancing Atlantic Climate Resilience","publisher":{"@id":"https:\/\/climatlantic.panchroma.dev\/fr\/#organization"},"potentialAction":[{"@type":"SearchAction","target":{"@type":"EntryPoint","urlTemplate":"https:\/\/climatlantic.panchroma.dev\/fr\/?s={search_term_string}"},"query-input":{"@type":"PropertyValueSpecification","valueRequired":true,"valueName":"search_term_string"}}],"inLanguage":"fr-FR"},{"@type":"Organization","@id":"https:\/\/climatlantic.panchroma.dev\/fr\/#organization","name":"CLIMAtlantic","url":"https:\/\/climatlantic.panchroma.dev\/fr\/","logo":{"@type":"ImageObject","inLanguage":"fr-FR","@id":"https:\/\/climatlantic.panchroma.dev\/fr\/#\/schema\/logo\/image\/","url":"https:\/\/climatlantic.ca\/wp\/wp-content\/uploads\/2021\/07\/cropped-Climatlantic_Favicon.png","contentUrl":"https:\/\/climatlantic.ca\/wp\/wp-content\/uploads\/2021\/07\/cropped-Climatlantic_Favicon.png","width":512,"height":512,"caption":"CLIMAtlantic"},"image":{"@id":"https:\/\/climatlantic.panchroma.dev\/fr\/#\/schema\/logo\/image\/"},"sameAs":["https:\/\/www.facebook.com\/CLIMAtlanticInc\/","http:\/\/instagram.com\/climatlantic","https:\/\/www.linkedin.com\/company\/climatlantic\/"]}]}},"_links":{"self":[{"href":"https:\/\/climatlantic.panchroma.dev\/fr\/wp-json\/wp\/v2\/pages\/2147","targetHints":{"allow":["GET"]}}],"collection":[{"href":"https:\/\/climatlantic.panchroma.dev\/fr\/wp-json\/wp\/v2\/pages"}],"about":[{"href":"https:\/\/climatlantic.panchroma.dev\/fr\/wp-json\/wp\/v2\/types\/page"}],"author":[{"embeddable":true,"href":"https:\/\/climatlantic.panchroma.dev\/fr\/wp-json\/wp\/v2\/users\/18"}],"replies":[{"embeddable":true,"href":"https:\/\/climatlantic.panchroma.dev\/fr\/wp-json\/wp\/v2\/comments?post=2147"}],"version-history":[{"count":5,"href":"https:\/\/climatlantic.panchroma.dev\/fr\/wp-json\/wp\/v2\/pages\/2147\/revisions"}],"predecessor-version":[{"id":11010,"href":"https:\/\/climatlantic.panchroma.dev\/fr\/wp-json\/wp\/v2\/pages\/2147\/revisions\/11010"}],"up":[{"embeddable":true,"href":"https:\/\/climatlantic.panchroma.dev\/fr\/wp-json\/wp\/v2\/pages\/2117"}],"wp:attachment":[{"href":"https:\/\/climatlantic.panchroma.dev\/fr\/wp-json\/wp\/v2\/media?parent=2147"}],"wp:term":[{"taxonomy":"category","embeddable":true,"href":"https:\/\/climatlantic.panchroma.dev\/fr\/wp-json\/wp\/v2\/categories?post=2147"},{"taxonomy":"post_tag","embeddable":true,"href":"https:\/\/climatlantic.panchroma.dev\/fr\/wp-json\/wp\/v2\/tags?post=2147"}],"curies":[{"name":"wp","href":"https:\/\/api.w.org\/{rel}","templated":true}]}}