{"id":2139,"date":"2021-12-06T21:09:39","date_gmt":"2021-12-06T21:09:39","guid":{"rendered":"https:\/\/climatlantic.ca\/wp\/adaptation\/solutions-fondees-sur-la-nature\/"},"modified":"2024-04-10T13:17:22","modified_gmt":"2024-04-10T16:17:22","slug":"approches-basees-sur-la-nature","status":"publish","type":"page","link":"https:\/\/climatlantic.panchroma.dev\/fr\/adaptation\/approches-basees-sur-la-nature\/","title":{"rendered":"Approches bas\u00e9es sur la nature"},"content":{"rendered":"<p>[et_pb_section fb_built=&#8221;1&#8243; _builder_version=&#8221;4.16&#8243; _module_preset=&#8221;default&#8221; global_colors_info=&#8221;{}&#8221;][et_pb_row _builder_version=&#8221;4.16&#8243; _module_preset=&#8221;default&#8221; global_colors_info=&#8221;{}&#8221;][et_pb_column type=&#8221;4_4&#8243; _builder_version=&#8221;4.16&#8243; _module_preset=&#8221;default&#8221; global_colors_info=&#8221;{}&#8221;][et_pb_text _builder_version=&#8221;4.16&#8243; _module_preset=&#8221;default&#8221; min_height=&#8221;118px&#8221; global_colors_info=&#8221;{}&#8221;]<\/p>\n<p>ADAPTATION AUX CHANGEMENTS CLIMATIQUES<\/p>\n<h3>Approches bas\u00e9es sur la nature<\/h3>\n<p>Les approches bas\u00e9es sur la nature constituent tout un train de mesures de protection, d\u2019am\u00e9lioration de la gestion et de restauration des for\u00eats, des prairies, des zones agricoles et des zones humides qui pr\u00e9sentent des avantages \u00e0 la fois en termes d\u2019att\u00e9nuation et d\u2019adaptation aux changements climatiques. Les approches ax\u00e9es sur la restauration et la protection des zones naturelles peuvent s\u2019av\u00e9rer profitables pour l\u2019att\u00e9nuation et l\u2019adaptation aux changements climatiques. Les for\u00eats, les zones humides, les dunes et d\u2019autres \u00e9cosyst\u00e8mes naturels contribuent \u00e0 accro\u00eetre la r\u00e9silience des collectivit\u00e9s face aux changements climatiques. Les approches bas\u00e9es sur la nature sont pour la plupart peu co\u00fbteuses, ne requi\u00e8rent pas d\u2019approches techniques importantes et elles ont pour avantages secondaires d\u2019accro\u00eetre la biodiversit\u00e9 et d\u2019emprisonner le carbone.<\/p>\n<p>[\/et_pb_text][et_pb_image src=&#8221;https:\/\/climatlantic.ca\/wp\/wp-content\/uploads\/2021\/12\/nature-based-solutions-canada.ca_.jpeg&#8221; alt=&#8221;Un paysage de marais avec une v\u00e9g\u00e9tation verdoyante.&#8221; title_text=&#8221;nature based solutions canada.ca&#8221; _builder_version=&#8221;4.24.3&#8243; _module_preset=&#8221;default&#8221; hover_enabled=&#8221;0&#8243; global_colors_info=&#8221;{}&#8221; sticky_enabled=&#8221;0&#8243; align=&#8221;center&#8221;][\/et_pb_image][et_pb_text _builder_version=&#8221;4.16&#8243; _module_preset=&#8221;default&#8221; global_colors_info=&#8221;{}&#8221;]<\/p>\n<p><strong>Lecture compl\u00e9mentaire :<\/strong><\/p>\n<p>Agence f\u00e9d\u00e9rale de gestion des urgences, Solutions bas\u00e9es sur la nature\u00a0<a href=\"https:\/\/www.fema.gov\/emergency-managers\/risk-management\/nature-based-solutions\">https:\/\/www.fema.gov\/emergency-managers\/risk-management\/nature-based-solutions<\/a><\/p>\n<p>Collaboratif sur l\u2019infrastructure naturelle des maritimes, Planifier pour la nature\u00a0<a href=\"http:\/\/planwithnature.ca\/planning-for-nature\/\">http:\/\/planwithnature.ca\/fr\/la-planification-pour-la-nature\/<\/a><\/p>\n<p>Drever, C. Ronnie, et al.\u00a0<a href=\"https:\/\/www.science.org\/doi\/10.1126\/sciadv.abd6034\">\u00ab Natural climate solutions for Canada \u00bb.\u00a0<\/a><em>Science Advances<\/em>\u00a07.23 (2021) : eabd6034. Consult\u00e9 sur le site\u00a0<a href=\"https:\/\/www.natureunited.ca\/what-we-do\/our-priorities\/innovating-for-climate-change\/natural-climate-solutions\/\">https:\/\/www.natureunited.ca\/what-we-do\/our-priorities\/innovating-for-climate-change\/natural-climate-solutions\/<\/a><\/p>\n<p>Nelson, Erin. \u00ab\u00a0Assessing the suitability of living shoreline techniques for coastal erosion in Prince Edward Island, Canada\u00a0\u00bb (2022). Consult\u00e9 sur le site\u00a0<a href=\"https:\/\/library2.smu.ca\/bitstream\/handle\/01\/30892\/Nelson_Erin_Honours_2022.pdf?sequence=1&amp;isAllowed=y\">https:\/\/library2.smu.ca\/bitstream\/handle\/01\/30892\/Nelson_Erin_Honours_2022.pdf?sequence=1&amp;isAllowed=y<\/a><\/p>\n<p>Programme Environnemental de l\u2019Organisation des Nations Unies, L\u2019adaptation fond\u00e9e sur les \u00e9cosyst\u00e8mes (AfE)\u00a0<a href=\"https:\/\/www.unep.org\/fr\/explore-topics\/climate-action\/ce-que-nous-faisons\/adaptation-et-resilience\/ladaptation-fondee-sur\">https:\/\/www.unep.org\/fr\/explore-topics\/climate-action\/ce-que-nous-faisons\/adaptation-et-resilience\/ladaptation-fondee-sur<\/a><\/p>\n<p>[\/et_pb_text][\/et_pb_column][\/et_pb_row][\/et_pb_section]<\/p>\n","protected":false},"excerpt":{"rendered":"<p>ADAPTATION AUX CHANGEMENTS CLIMATIQUES Approches bas\u00e9es sur la nature Les approches bas\u00e9es sur la nature constituent tout un train de mesures de protection, d\u2019am\u00e9lioration de la gestion et de restauration des for\u00eats, des prairies, des zones agricoles et des zones humides qui pr\u00e9sentent des avantages \u00e0 la fois en termes d\u2019att\u00e9nuation et d\u2019adaptation aux changements [&hellip;]<\/p>\n","protected":false},"author":1,"featured_media":422,"parent":2117,"menu_order":1,"comment_status":"closed","ping_status":"closed","template":"","meta":{"_et_pb_use_builder":"on","_et_pb_old_content":"","_et_gb_content_width":"","footnotes":""},"categories":[],"tags":[],"class_list":["post-2139","page","type-page","status-publish","has-post-thumbnail","hentry"],"yoast_head":"<!-- This site is optimized with the Yoast SEO plugin v26.5 - https:\/\/yoast.com\/wordpress\/plugins\/seo\/ -->\n<title>Approches bas\u00e9es sur la nature - CLIMAtlantic<\/title>\n<meta name=\"robots\" content=\"index, follow, max-snippet:-1, max-image-preview:large, max-video-preview:-1\" \/>\n<link rel=\"canonical\" href=\"https:\/\/climatlantic.panchroma.dev\/fr\/adaptation\/approches-basees-sur-la-nature\/\" \/>\n<meta property=\"og:locale\" content=\"fr_FR\" \/>\n<meta property=\"og:type\" content=\"article\" \/>\n<meta property=\"og:title\" content=\"Approches bas\u00e9es sur la nature - CLIMAtlantic\" \/>\n<meta property=\"og:description\" content=\"ADAPTATION AUX CHANGEMENTS CLIMATIQUES Approches bas\u00e9es sur la nature Les approches bas\u00e9es sur la nature constituent tout un train de mesures de protection, d\u2019am\u00e9lioration de la gestion et de restauration des for\u00eats, des prairies, des zones agricoles et des zones humides qui pr\u00e9sentent des avantages \u00e0 la fois en termes d\u2019att\u00e9nuation et d\u2019adaptation aux changements [&hellip;]\" \/>\n<meta property=\"og:url\" content=\"https:\/\/climatlantic.panchroma.dev\/fr\/adaptation\/approches-basees-sur-la-nature\/\" \/>\n<meta property=\"og:site_name\" content=\"CLIMAtlantic\" \/>\n<meta property=\"article:publisher\" content=\"https:\/\/www.facebook.com\/CLIMAtlanticInc\/\" \/>\n<meta property=\"article:modified_time\" content=\"2024-04-10T16:17:22+00:00\" \/>\n<meta property=\"og:image\" content=\"https:\/\/climatlantic.panchroma.dev\/wp-content\/uploads\/2021\/08\/NB-Forest-Aerial.jpg\" \/>\n\t<meta property=\"og:image:width\" content=\"800\" \/>\n\t<meta property=\"og:image:height\" content=\"600\" \/>\n\t<meta property=\"og:image:type\" content=\"image\/jpeg\" \/>\n<meta name=\"twitter:card\" content=\"summary_large_image\" \/>\n<meta name=\"twitter:label1\" content=\"Dur\u00e9e de lecture estim\u00e9e\" \/>\n\t<meta name=\"twitter:data1\" content=\"2 minutes\" \/>\n<script type=\"application\/ld+json\" class=\"yoast-schema-graph\">{\"@context\":\"https:\/\/schema.org\",\"@graph\":[{\"@type\":\"WebPage\",\"@id\":\"https:\/\/climatlantic.panchroma.dev\/fr\/adaptation\/approches-basees-sur-la-nature\/\",\"url\":\"https:\/\/climatlantic.panchroma.dev\/fr\/adaptation\/approches-basees-sur-la-nature\/\",\"name\":\"Approches bas\u00e9es sur la nature - CLIMAtlantic\",\"isPartOf\":{\"@id\":\"https:\/\/climatlantic.panchroma.dev\/fr\/#website\"},\"primaryImageOfPage\":{\"@id\":\"https:\/\/climatlantic.panchroma.dev\/fr\/adaptation\/approches-basees-sur-la-nature\/#primaryimage\"},\"image\":{\"@id\":\"https:\/\/climatlantic.panchroma.dev\/fr\/adaptation\/approches-basees-sur-la-nature\/#primaryimage\"},\"thumbnailUrl\":\"https:\/\/climatlantic.panchroma.dev\/wp-content\/uploads\/2021\/08\/NB-Forest-Aerial.jpg\",\"datePublished\":\"2021-12-06T21:09:39+00:00\",\"dateModified\":\"2024-04-10T16:17:22+00:00\",\"breadcrumb\":{\"@id\":\"https:\/\/climatlantic.panchroma.dev\/fr\/adaptation\/approches-basees-sur-la-nature\/#breadcrumb\"},\"inLanguage\":\"fr-FR\",\"potentialAction\":[{\"@type\":\"ReadAction\",\"target\":[\"https:\/\/climatlantic.panchroma.dev\/fr\/adaptation\/approches-basees-sur-la-nature\/\"]}]},{\"@type\":\"ImageObject\",\"inLanguage\":\"fr-FR\",\"@id\":\"https:\/\/climatlantic.panchroma.dev\/fr\/adaptation\/approches-basees-sur-la-nature\/#primaryimage\",\"url\":\"https:\/\/climatlantic.panchroma.dev\/wp-content\/uploads\/2021\/08\/NB-Forest-Aerial.jpg\",\"contentUrl\":\"https:\/\/climatlantic.panchroma.dev\/wp-content\/uploads\/2021\/08\/NB-Forest-Aerial.jpg\",\"width\":800,\"height\":600,\"caption\":\"NB Forest Aerial\"},{\"@type\":\"BreadcrumbList\",\"@id\":\"https:\/\/climatlantic.panchroma.dev\/fr\/adaptation\/approches-basees-sur-la-nature\/#breadcrumb\",\"itemListElement\":[{\"@type\":\"ListItem\",\"position\":1,\"name\":\"Home\",\"item\":\"https:\/\/climatlantic.panchroma.dev\/fr\/\"},{\"@type\":\"ListItem\",\"position\":2,\"name\":\"Adaptation\",\"item\":\"https:\/\/climatlantic.panchroma.dev\/fr\/adaptation\/\"},{\"@type\":\"ListItem\",\"position\":3,\"name\":\"Approches bas\u00e9es sur la nature\"}]},{\"@type\":\"WebSite\",\"@id\":\"https:\/\/climatlantic.panchroma.dev\/fr\/#website\",\"url\":\"https:\/\/climatlantic.panchroma.dev\/fr\/\",\"name\":\"Climatlantic\",\"description\":\"Enhancing Atlantic Climate Resilience\",\"publisher\":{\"@id\":\"https:\/\/climatlantic.panchroma.dev\/fr\/#organization\"},\"potentialAction\":[{\"@type\":\"SearchAction\",\"target\":{\"@type\":\"EntryPoint\",\"urlTemplate\":\"https:\/\/climatlantic.panchroma.dev\/fr\/?s={search_term_string}\"},\"query-input\":{\"@type\":\"PropertyValueSpecification\",\"valueRequired\":true,\"valueName\":\"search_term_string\"}}],\"inLanguage\":\"fr-FR\"},{\"@type\":\"Organization\",\"@id\":\"https:\/\/climatlantic.panchroma.dev\/fr\/#organization\",\"name\":\"CLIMAtlantic\",\"url\":\"https:\/\/climatlantic.panchroma.dev\/fr\/\",\"logo\":{\"@type\":\"ImageObject\",\"inLanguage\":\"fr-FR\",\"@id\":\"https:\/\/climatlantic.panchroma.dev\/fr\/#\/schema\/logo\/image\/\",\"url\":\"https:\/\/climatlantic.ca\/wp\/wp-content\/uploads\/2021\/07\/cropped-Climatlantic_Favicon.png\",\"contentUrl\":\"https:\/\/climatlantic.ca\/wp\/wp-content\/uploads\/2021\/07\/cropped-Climatlantic_Favicon.png\",\"width\":512,\"height\":512,\"caption\":\"CLIMAtlantic\"},\"image\":{\"@id\":\"https:\/\/climatlantic.panchroma.dev\/fr\/#\/schema\/logo\/image\/\"},\"sameAs\":[\"https:\/\/www.facebook.com\/CLIMAtlanticInc\/\",\"http:\/\/instagram.com\/climatlantic\",\"https:\/\/www.linkedin.com\/company\/climatlantic\/\"]}]}<\/script>\n<!-- \/ Yoast SEO plugin. -->","yoast_head_json":{"title":"Approches bas\u00e9es sur la nature - CLIMAtlantic","robots":{"index":"index","follow":"follow","max-snippet":"max-snippet:-1","max-image-preview":"max-image-preview:large","max-video-preview":"max-video-preview:-1"},"canonical":"https:\/\/climatlantic.panchroma.dev\/fr\/adaptation\/approches-basees-sur-la-nature\/","og_locale":"fr_FR","og_type":"article","og_title":"Approches bas\u00e9es sur la nature - CLIMAtlantic","og_description":"ADAPTATION AUX CHANGEMENTS CLIMATIQUES Approches bas\u00e9es sur la nature Les approches bas\u00e9es sur la nature constituent tout un train de mesures de protection, d\u2019am\u00e9lioration de la gestion et de restauration des for\u00eats, des prairies, des zones agricoles et des zones humides qui pr\u00e9sentent des avantages \u00e0 la fois en termes d\u2019att\u00e9nuation et d\u2019adaptation aux changements [&hellip;]","og_url":"https:\/\/climatlantic.panchroma.dev\/fr\/adaptation\/approches-basees-sur-la-nature\/","og_site_name":"CLIMAtlantic","article_publisher":"https:\/\/www.facebook.com\/CLIMAtlanticInc\/","article_modified_time":"2024-04-10T16:17:22+00:00","og_image":[{"width":800,"height":600,"url":"https:\/\/climatlantic.panchroma.dev\/wp-content\/uploads\/2021\/08\/NB-Forest-Aerial.jpg","type":"image\/jpeg"}],"twitter_card":"summary_large_image","twitter_misc":{"Dur\u00e9e de lecture estim\u00e9e":"2 minutes"},"schema":{"@context":"https:\/\/schema.org","@graph":[{"@type":"WebPage","@id":"https:\/\/climatlantic.panchroma.dev\/fr\/adaptation\/approches-basees-sur-la-nature\/","url":"https:\/\/climatlantic.panchroma.dev\/fr\/adaptation\/approches-basees-sur-la-nature\/","name":"Approches bas\u00e9es sur la nature - CLIMAtlantic","isPartOf":{"@id":"https:\/\/climatlantic.panchroma.dev\/fr\/#website"},"primaryImageOfPage":{"@id":"https:\/\/climatlantic.panchroma.dev\/fr\/adaptation\/approches-basees-sur-la-nature\/#primaryimage"},"image":{"@id":"https:\/\/climatlantic.panchroma.dev\/fr\/adaptation\/approches-basees-sur-la-nature\/#primaryimage"},"thumbnailUrl":"https:\/\/climatlantic.panchroma.dev\/wp-content\/uploads\/2021\/08\/NB-Forest-Aerial.jpg","datePublished":"2021-12-06T21:09:39+00:00","dateModified":"2024-04-10T16:17:22+00:00","breadcrumb":{"@id":"https:\/\/climatlantic.panchroma.dev\/fr\/adaptation\/approches-basees-sur-la-nature\/#breadcrumb"},"inLanguage":"fr-FR","potentialAction":[{"@type":"ReadAction","target":["https:\/\/climatlantic.panchroma.dev\/fr\/adaptation\/approches-basees-sur-la-nature\/"]}]},{"@type":"ImageObject","inLanguage":"fr-FR","@id":"https:\/\/climatlantic.panchroma.dev\/fr\/adaptation\/approches-basees-sur-la-nature\/#primaryimage","url":"https:\/\/climatlantic.panchroma.dev\/wp-content\/uploads\/2021\/08\/NB-Forest-Aerial.jpg","contentUrl":"https:\/\/climatlantic.panchroma.dev\/wp-content\/uploads\/2021\/08\/NB-Forest-Aerial.jpg","width":800,"height":600,"caption":"NB Forest Aerial"},{"@type":"BreadcrumbList","@id":"https:\/\/climatlantic.panchroma.dev\/fr\/adaptation\/approches-basees-sur-la-nature\/#breadcrumb","itemListElement":[{"@type":"ListItem","position":1,"name":"Home","item":"https:\/\/climatlantic.panchroma.dev\/fr\/"},{"@type":"ListItem","position":2,"name":"Adaptation","item":"https:\/\/climatlantic.panchroma.dev\/fr\/adaptation\/"},{"@type":"ListItem","position":3,"name":"Approches bas\u00e9es sur la nature"}]},{"@type":"WebSite","@id":"https:\/\/climatlantic.panchroma.dev\/fr\/#website","url":"https:\/\/climatlantic.panchroma.dev\/fr\/","name":"Climatlantic","description":"Enhancing Atlantic Climate Resilience","publisher":{"@id":"https:\/\/climatlantic.panchroma.dev\/fr\/#organization"},"potentialAction":[{"@type":"SearchAction","target":{"@type":"EntryPoint","urlTemplate":"https:\/\/climatlantic.panchroma.dev\/fr\/?s={search_term_string}"},"query-input":{"@type":"PropertyValueSpecification","valueRequired":true,"valueName":"search_term_string"}}],"inLanguage":"fr-FR"},{"@type":"Organization","@id":"https:\/\/climatlantic.panchroma.dev\/fr\/#organization","name":"CLIMAtlantic","url":"https:\/\/climatlantic.panchroma.dev\/fr\/","logo":{"@type":"ImageObject","inLanguage":"fr-FR","@id":"https:\/\/climatlantic.panchroma.dev\/fr\/#\/schema\/logo\/image\/","url":"https:\/\/climatlantic.ca\/wp\/wp-content\/uploads\/2021\/07\/cropped-Climatlantic_Favicon.png","contentUrl":"https:\/\/climatlantic.ca\/wp\/wp-content\/uploads\/2021\/07\/cropped-Climatlantic_Favicon.png","width":512,"height":512,"caption":"CLIMAtlantic"},"image":{"@id":"https:\/\/climatlantic.panchroma.dev\/fr\/#\/schema\/logo\/image\/"},"sameAs":["https:\/\/www.facebook.com\/CLIMAtlanticInc\/","http:\/\/instagram.com\/climatlantic","https:\/\/www.linkedin.com\/company\/climatlantic\/"]}]}},"_links":{"self":[{"href":"https:\/\/climatlantic.panchroma.dev\/fr\/wp-json\/wp\/v2\/pages\/2139","targetHints":{"allow":["GET"]}}],"collection":[{"href":"https:\/\/climatlantic.panchroma.dev\/fr\/wp-json\/wp\/v2\/pages"}],"about":[{"href":"https:\/\/climatlantic.panchroma.dev\/fr\/wp-json\/wp\/v2\/types\/page"}],"author":[{"embeddable":true,"href":"https:\/\/climatlantic.panchroma.dev\/fr\/wp-json\/wp\/v2\/users\/1"}],"replies":[{"embeddable":true,"href":"https:\/\/climatlantic.panchroma.dev\/fr\/wp-json\/wp\/v2\/comments?post=2139"}],"version-history":[{"count":5,"href":"https:\/\/climatlantic.panchroma.dev\/fr\/wp-json\/wp\/v2\/pages\/2139\/revisions"}],"predecessor-version":[{"id":12636,"href":"https:\/\/climatlantic.panchroma.dev\/fr\/wp-json\/wp\/v2\/pages\/2139\/revisions\/12636"}],"up":[{"embeddable":true,"href":"https:\/\/climatlantic.panchroma.dev\/fr\/wp-json\/wp\/v2\/pages\/2117"}],"wp:featuredmedia":[{"embeddable":true,"href":"https:\/\/climatlantic.panchroma.dev\/fr\/wp-json\/wp\/v2\/media\/422"}],"wp:attachment":[{"href":"https:\/\/climatlantic.panchroma.dev\/fr\/wp-json\/wp\/v2\/media?parent=2139"}],"wp:term":[{"taxonomy":"category","embeddable":true,"href":"https:\/\/climatlantic.panchroma.dev\/fr\/wp-json\/wp\/v2\/categories?post=2139"},{"taxonomy":"post_tag","embeddable":true,"href":"https:\/\/climatlantic.panchroma.dev\/fr\/wp-json\/wp\/v2\/tags?post=2139"}],"curies":[{"name":"wp","href":"https:\/\/api.w.org\/{rel}","templated":true}]}}