{"id":2136,"date":"2021-12-06T21:03:52","date_gmt":"2021-12-06T21:03:52","guid":{"rendered":"https:\/\/climatlantic.ca\/wp\/adaptation\/municipalites\/"},"modified":"2023-11-24T16:26:36","modified_gmt":"2023-11-24T20:26:36","slug":"municipalites","status":"publish","type":"page","link":"https:\/\/climatlantic.panchroma.dev\/fr\/adaptation\/municipalites\/","title":{"rendered":"Municipalit\u00e9s"},"content":{"rendered":"<p>[et_pb_section fb_built=&#8221;1&#8243; _builder_version=&#8221;4.16&#8243; _module_preset=&#8221;default&#8221; global_colors_info=&#8221;{}&#8221;][et_pb_row _builder_version=&#8221;4.16&#8243; _module_preset=&#8221;default&#8221; custom_padding=&#8221;||0px|||&#8221; global_colors_info=&#8221;{}&#8221;][et_pb_column type=&#8221;4_4&#8243; _builder_version=&#8221;4.16&#8243; _module_preset=&#8221;default&#8221; global_colors_info=&#8221;{}&#8221;][et_pb_text _builder_version=&#8221;4.21.0&#8243; _module_preset=&#8221;default&#8221; min_height=&#8221;112px&#8221; global_colors_info=&#8221;{}&#8221;]<\/p>\n<p>ADAPTATION AUX CHANGEMENTS CLIMATIQUES<\/p>\n<h3>Municipalit\u00e9s<\/h3>\n<p><span style=\"font-weight: 400;\">Si le changement climatique est un probl\u00e8me mondial, ses effets se font d&#8217;abord sentir au niveau local. En premi\u00e8re ligne des impacts climatiques, les municipalit\u00e9s ont un r\u00f4le consid\u00e9rable \u00e0 jouer dans la gestion des risques li\u00e9s au changement climatique. Un certain nombre de collectivit\u00e9s, principalement des grandes municipalit\u00e9s, <\/span><a href=\"https:\/\/www.halifax.ca\/sites\/default\/files\/documents\/about-the-city\/energy-environment\/HRM_HaliFACT_vNew%20Logo_.pdf\"><span style=\"font-weight: 400;\">comme la municipalit\u00e9 r\u00e9gionale d&#8217;Halifax<\/span><\/a><span style=\"font-weight: 400;\">, ont commenc\u00e9 \u00e0 mettre en \u0153uvre des mesures d&#8217;adaptation.\u00a0<\/span><\/p>\n<p><span style=\"font-weight: 400;\">CLIMAtlantic met \u00e0 la disposition des municipalit\u00e9s diverses ressources pour les aider \u00e0 s&#8217;adapter aux changements climatiques :<br \/><\/span><\/p>\n<p><span style=\"font-weight: 400;\"><span style=\"text-decoration: underline;\"><strong><\/strong><\/span><\/span><\/p>\n<h5><strong><a href=\"https:\/\/climatlantic.ca\/fr\/adaptation-cotiere\/\">Bo\u00eete \u00e0 outils pour l&#8217;adaptation c\u00f4ti\u00e8re<\/a><\/strong><\/h5>\n<p><span style=\"font-weight: 400;\">Cette bo\u00eete \u00e0 outils est con\u00e7ue pour aider les communaut\u00e9s rurales et c\u00f4ti\u00e8res et les propri\u00e9taires qui sont confront\u00e9s \u00e0 des probl\u00e8mes d&#8217;inondation et\/ou d&#8217;\u00e9rosion \u00e0 se pr\u00e9parer aux effets du changement climatique. Apr\u00e8s avoir rempli le questionnaire appropri\u00e9, des options et des sc\u00e9narios d&#8217;adaptation recommand\u00e9s pourront \u00eatre t\u00e9l\u00e9charg\u00e9s.\u00a0<\/span><\/p>\n<p><strong><\/strong><\/p>\n<h5><strong><a href=\"https:\/\/climatlantic.ca\/fr\/carte-de-reseautage\/\">Carte de r\u00e9seautage<\/a><\/strong><\/h5>\n<p><span style=\"font-weight: 400;\">D\u00e9velopp\u00e9e pour cr\u00e9er des r\u00e9seaux entre les individus et les organisations du Canada atlantique, la carte de r\u00e9seautage renforce la capacit\u00e9 de la r\u00e9gion \u00e0 r\u00e9pondre et \u00e0 s&#8217;adapter au changement climatique. Les individus et les organisations sont invit\u00e9s \u00e0 ajouter une \u00e9pingle.<\/span><\/p>\n<h5><strong><\/strong><\/h5>\n<h5><strong><a href=\"https:\/\/drive.google.com\/file\/d\/1StLN7bKtcRbiYiAnv1Vcz3YL17hmBmR2\/view?usp=share_link\">Retraite [planifi\u00e9] : l&#8217;\u00e9l\u00e9phant dans le cadre d&#8217;adaptation<\/a><\/strong><\/h5>\n<p><span style=\"font-weight: 400;\">Dans ce document de travail r\u00e9dig\u00e9 pour CLIMAtlantic, Hope Parnham, de DV8 Consulting, \u00e9tudie les effets du repli communautaire g\u00e9r\u00e9 tout en d\u00e9crivant les \u00e9tapes n\u00e9cessaires \u00e0 une adaptation climatique durable au niveau communautaire.<\/span><\/p>\n<p><span style=\"font-weight: 400;\">Un certain nombre d&#8217;organisations apportent leur soutien aux municipalit\u00e9s, que ce soit pour les aider \u00e0 renforcer leurs capacit\u00e9s, pour les financer ou pour leur fournir des outils :<\/span><\/p>\n<h5><strong><a href=\"https:\/\/fcm.ca\/fr\">F\u00e9d\u00e9ration canadienne des municipalit\u00e9s<\/a> (FCM)<\/strong><\/h5>\n<p><span style=\"font-weight: 400;\">La FCM offre un certain nombre de possibilit\u00e9s de financement pour les mesures d&#8217;adaptation municipales, qui seront disponibles dans le cadre de la mise en \u0153uvre de la strat\u00e9gie nationale d&#8217;adaptation. Ces possibilit\u00e9s comprennent le <\/span><a href=\"https:\/\/fondsmunicipalvert.ca\/\"><span style=\"font-weight: 400;\">Fonds municipal vert<\/span><\/a><span style=\"font-weight: 400;\"> (FMV), un programme de 1,6 milliard de dollars qui fournit des fonds, des ressources et des formations aux municipalit\u00e9s, et le <\/span><a href=\"https:\/\/fcm.ca\/fr\/programmes\/programme-gestion-actifs-municipaux\"><span style=\"font-weight: 400;\">Programme de gestion des actifs municipaux<\/span><\/a><span style=\"font-weight: 400;\">, qui aide les municipalit\u00e9s \u00e0 mieux g\u00e9rer leurs actifs.<\/span><\/p>\n<p><span style=\"font-weight: 400;\"><\/span><\/p>\n<h5><strong><a href=\"https:\/\/icleicanada.org\/fr\/\">ICLEI Canada<\/a><\/strong><\/h5>\n<p><span style=\"font-weight: 400;\">ICLEI Canada, un r\u00e9seau mondial d&#8217;action et de politique publique, soutient les municipalit\u00e9s par le biais de divers programmes et d\u00e9veloppe <\/span><a href=\"https:\/\/icleicanada.org\/fr\/resources\/\"><span style=\"font-weight: 400;\">des outils et des ressources<\/span><\/a><span style=\"font-weight: 400;\"> sp\u00e9cialement con\u00e7us pour les professionnels de la durabilit\u00e9 urbaine. Des protocoles nationaux et internationaux de r\u00e9duction des \u00e9missions de gaz \u00e0 effet de serre aux \u00e9tudes de cas mettant en valeur l&#8217;innovation communautaire, le personnel des collectivit\u00e9s locales et les \u00e9lus qui travaillent avec ICLEI acc\u00e8dent \u00e0 des solutions novatrices.<\/span><\/p>\n<p><span style=\"font-weight: 400;\"><\/span><\/p>\n<h5><strong><a href=\"https:\/\/www.centreintactadaptationclimat.ca\/\">Centre Intact sur l&#8217;adaptation climatique<\/a><\/strong><\/h5>\n<p><span style=\"font-weight: 400;\">Bas\u00e9 \u00e0 l&#8217;universit\u00e9 de Waterloo, Le Centre Intact sur l&#8217;adaptation climatique effectue des recherches et d\u00e9veloppe <\/span><a href=\"https:\/\/www.centreintactadaptationclimat.ca\/les-rapports-recents\/\"><span style=\"font-weight: 400;\">des ressources et des rapports<\/span><\/a><span style=\"font-weight: 400;\"> d&#8217;int\u00e9r\u00eat pour les municipalit\u00e9s, notamment des rapports sur l&#8217;utilisation d&#8217;approches fond\u00e9es sur la nature et des conseils sur la protection des propri\u00e9taires contre les inondations.<\/span><\/p>\n<p><span style=\"font-weight: 400;\"><\/span><\/p>\n<h5><strong><a href=\"https:\/\/www.evergreen.ca\/fr\/\">Evergreen Canada\u00a0<\/a><\/strong><\/h5>\n<p><span style=\"font-weight: 400;\">Evergreen Canada, organisme national sans but lucratif \u00e0 vocation environnementale, m\u00e8ne de nombreux projets int\u00e9ressant les villes et les centres urbains, tels que le <\/span><a href=\"https:\/\/www.evergreen.ca\/fr\/\"><span style=\"font-weight: 400;\">R\u00e9seau de solutions communautaires<\/span><\/a><span style=\"font-weight: 400;\">.<\/span><\/p>\n<p><span style=\"font-weight: 400;\"><\/span><\/p>\n<h5><strong><a href=\"https:\/\/donneesclimatiques.ca\/\">Donne\u00e9sClimatiques.ca<\/a><\/strong><\/h5>\n<p><span style=\"font-weight: 400;\">En tant que centre de donn\u00e9es g\u00e9r\u00e9 \u00e0 l&#8217;\u00e9chelle nationale, Donn\u00e9esClimatiques.ca permet d&#8217;acc\u00e9der \u00e0 des donn\u00e9es et \u00e0 des projections climatiques et de les interpr\u00e9ter pour l&#8217;ensemble du Canada. Deux modules sectoriels, <\/span><a href=\"https:\/\/donneesclimatiques.ca\/explorer\/secteur\/transport\/\"><span style=\"font-weight: 400;\">transports<\/span><\/a><span style=\"font-weight: 400;\"> et <\/span><a href=\"https:\/\/donneesclimatiques.ca\/explorer\/secteur\/batiments\/\"><span style=\"font-weight: 400;\">b\u00e2timents<\/span><\/a><span style=\"font-weight: 400;\">, peuvent int\u00e9resser les municipalit\u00e9s et contiennent des variables importantes pour ces secteurs, ainsi que d&#8217;autres informations et ressources.<\/span><\/p>\n<p><span style=\"font-weight: 400;\">Si vous avez besoin d&#8217;aide ou d&#8217;informations compl\u00e9mentaires, veuillez nous contacter par <\/span><a href=\"https:\/\/climatlantic.ca\/fr\/service-d-aide\/\"><span style=\"font-weight: 400;\">notre service d&#8217;assistance<\/span><\/a><span style=\"font-weight: 400;\"> ou <\/span><a href=\"mailto:info@climatlantic.ca\"><span style=\"font-weight: 400;\">par courriel<\/span><\/a><span style=\"font-weight: 400;\">.<\/span><\/p>\n<p>[\/et_pb_text][et_pb_image src=&#8221;https:\/\/climatlantic.ca\/wp\/wp-content\/uploads\/2021\/12\/fredericton-flood-april-27.jpeg&#8221; title_text=&#8221;CLIMAtlantic-Fredericton-flood&#8221; _builder_version=&#8221;4.23.1&#8243; _module_preset=&#8221;default&#8221; hover_enabled=&#8221;0&#8243; global_colors_info=&#8221;{}&#8221; alt=&#8221;Fredericton, N.-B., avec des eaux de crue au premier plan.&#8221; sticky_enabled=&#8221;0&#8243;][\/et_pb_image][et_pb_text _builder_version=&#8221;4.21.0&#8243; _module_preset=&#8221;default&#8221; global_colors_info=&#8221;{}&#8221;]<\/p>\n<p>&nbsp;<\/p>\n<p><strong>Lectures compl\u00e9mentaires :<\/strong><\/p>\n<p><a href=\"https:\/\/www.canada.ca\/fr\/environnement-changement-climatique\/nouvelles\/2022\/11\/la-strategie-nationale-dadaptation-du-canada-protegera-les-collectivites-et-batira-une-economie-forte.html\"><span style=\"font-weight: 400;\">Environnement et Changement climatique Canada. (2022a). La Strat\u00e9gie nationale d\u2019adaptation du Canada prot\u00e9gera les collectivit\u00e9s et b\u00e2tira une \u00e9conomie forte.<\/span><\/a><\/p>\n<p><a href=\"https:\/\/www.canada.ca\/fr\/services\/environnement\/meteo\/changementsclimatiques\/plan-climatique\/strategie-nationale-adaptation\/strategie-complete.html\"><span style=\"font-weight: 400;\">Environnement et Changement climatique Canada. (2022b). Strat\u00e9gie nationale d\u2019adaptation du Canada: B\u00e2tir des collectivit\u00e9s r\u00e9silientes et une \u00e9conomie forte<\/span><\/a><span style=\"font-weight: 400;\">.<\/span><\/p>\n<p><a href=\"https:\/\/www.halifax.ca\/sites\/default\/files\/documents\/about-the-city\/energy-environment\/HRM_HaliFACT_vNew%20Logo_.pdf\"><span style=\"font-weight: 400;\">Halifax Regional Municipality. (2020). <\/span><i><span style=\"font-weight: 400;\">HalifAct: Acting on Climate Change Together<\/span><\/i><span style=\"font-weight: 400;\">.\u00a0<\/span><\/a><\/p>\n<p><a href=\"https:\/\/drive.google.com\/file\/d\/1StLN7bKtcRbiYiAnv1Vcz3YL17hmBmR2\/view\"><span style=\"font-weight: 400;\">Parnham, H. (2023) le retrait [planifi\u00e9] : l\u2019\u00e9l\u00e9phant sur la table \u2013 cadre d\u2019adaptation. Pr\u00e9par\u00e9 pour CLIMAtlantic par DV8 Consulting.<\/span><\/a><\/p>\n<p>&nbsp;<\/p>\n<p>[\/et_pb_text][\/et_pb_column][\/et_pb_row][\/et_pb_section]<\/p>\n","protected":false},"excerpt":{"rendered":"<p>ADAPTATION AUX CHANGEMENTS CLIMATIQUES Municipalit\u00e9s Si le changement climatique est un probl\u00e8me mondial, ses effets se font d&#8217;abord sentir au niveau local. En premi\u00e8re ligne des impacts climatiques, les municipalit\u00e9s ont un r\u00f4le consid\u00e9rable \u00e0 jouer dans la gestion des risques li\u00e9s au changement climatique. Un certain nombre de collectivit\u00e9s, principalement des grandes municipalit\u00e9s, comme [&hellip;]<\/p>\n","protected":false},"author":1,"featured_media":0,"parent":2117,"menu_order":6,"comment_status":"closed","ping_status":"closed","template":"","meta":{"_et_pb_use_builder":"on","_et_pb_old_content":"","_et_gb_content_width":"","footnotes":""},"categories":[],"tags":[],"class_list":["post-2136","page","type-page","status-publish","hentry"],"yoast_head":"<!-- This site is optimized with the Yoast SEO plugin v26.5 - https:\/\/yoast.com\/wordpress\/plugins\/seo\/ -->\n<title>Municipalit\u00e9s - CLIMAtlantic<\/title>\n<meta name=\"robots\" content=\"index, follow, max-snippet:-1, max-image-preview:large, max-video-preview:-1\" \/>\n<link rel=\"canonical\" href=\"https:\/\/climatlantic.panchroma.dev\/fr\/adaptation\/municipalites\/\" \/>\n<meta property=\"og:locale\" content=\"fr_FR\" \/>\n<meta property=\"og:type\" content=\"article\" \/>\n<meta property=\"og:title\" content=\"Municipalit\u00e9s - CLIMAtlantic\" \/>\n<meta property=\"og:description\" content=\"ADAPTATION AUX CHANGEMENTS CLIMATIQUES Municipalit\u00e9s Si le changement climatique est un probl\u00e8me mondial, ses effets se font d&#039;abord sentir au niveau local. En premi\u00e8re ligne des impacts climatiques, les municipalit\u00e9s ont un r\u00f4le consid\u00e9rable \u00e0 jouer dans la gestion des risques li\u00e9s au changement climatique. Un certain nombre de collectivit\u00e9s, principalement des grandes municipalit\u00e9s, comme [&hellip;]\" \/>\n<meta property=\"og:url\" content=\"https:\/\/climatlantic.panchroma.dev\/fr\/adaptation\/municipalites\/\" \/>\n<meta property=\"og:site_name\" content=\"CLIMAtlantic\" \/>\n<meta property=\"article:publisher\" content=\"https:\/\/www.facebook.com\/CLIMAtlanticInc\/\" \/>\n<meta property=\"article:modified_time\" content=\"2023-11-24T20:26:36+00:00\" \/>\n<meta name=\"twitter:card\" content=\"summary_large_image\" \/>\n<meta name=\"twitter:label1\" content=\"Dur\u00e9e de lecture estim\u00e9e\" \/>\n\t<meta name=\"twitter:data1\" content=\"4 minutes\" \/>\n<script type=\"application\/ld+json\" class=\"yoast-schema-graph\">{\"@context\":\"https:\/\/schema.org\",\"@graph\":[{\"@type\":\"WebPage\",\"@id\":\"https:\/\/climatlantic.panchroma.dev\/fr\/adaptation\/municipalites\/\",\"url\":\"https:\/\/climatlantic.panchroma.dev\/fr\/adaptation\/municipalites\/\",\"name\":\"Municipalit\u00e9s - CLIMAtlantic\",\"isPartOf\":{\"@id\":\"https:\/\/climatlantic.panchroma.dev\/fr\/#website\"},\"datePublished\":\"2021-12-06T21:03:52+00:00\",\"dateModified\":\"2023-11-24T20:26:36+00:00\",\"breadcrumb\":{\"@id\":\"https:\/\/climatlantic.panchroma.dev\/fr\/adaptation\/municipalites\/#breadcrumb\"},\"inLanguage\":\"fr-FR\",\"potentialAction\":[{\"@type\":\"ReadAction\",\"target\":[\"https:\/\/climatlantic.panchroma.dev\/fr\/adaptation\/municipalites\/\"]}]},{\"@type\":\"BreadcrumbList\",\"@id\":\"https:\/\/climatlantic.panchroma.dev\/fr\/adaptation\/municipalites\/#breadcrumb\",\"itemListElement\":[{\"@type\":\"ListItem\",\"position\":1,\"name\":\"Home\",\"item\":\"https:\/\/climatlantic.panchroma.dev\/fr\/\"},{\"@type\":\"ListItem\",\"position\":2,\"name\":\"Adaptation\",\"item\":\"https:\/\/climatlantic.panchroma.dev\/fr\/adaptation\/\"},{\"@type\":\"ListItem\",\"position\":3,\"name\":\"Municipalit\u00e9s\"}]},{\"@type\":\"WebSite\",\"@id\":\"https:\/\/climatlantic.panchroma.dev\/fr\/#website\",\"url\":\"https:\/\/climatlantic.panchroma.dev\/fr\/\",\"name\":\"Climatlantic\",\"description\":\"Enhancing Atlantic Climate Resilience\",\"publisher\":{\"@id\":\"https:\/\/climatlantic.panchroma.dev\/fr\/#organization\"},\"potentialAction\":[{\"@type\":\"SearchAction\",\"target\":{\"@type\":\"EntryPoint\",\"urlTemplate\":\"https:\/\/climatlantic.panchroma.dev\/fr\/?s={search_term_string}\"},\"query-input\":{\"@type\":\"PropertyValueSpecification\",\"valueRequired\":true,\"valueName\":\"search_term_string\"}}],\"inLanguage\":\"fr-FR\"},{\"@type\":\"Organization\",\"@id\":\"https:\/\/climatlantic.panchroma.dev\/fr\/#organization\",\"name\":\"CLIMAtlantic\",\"url\":\"https:\/\/climatlantic.panchroma.dev\/fr\/\",\"logo\":{\"@type\":\"ImageObject\",\"inLanguage\":\"fr-FR\",\"@id\":\"https:\/\/climatlantic.panchroma.dev\/fr\/#\/schema\/logo\/image\/\",\"url\":\"https:\/\/climatlantic.ca\/wp\/wp-content\/uploads\/2021\/07\/cropped-Climatlantic_Favicon.png\",\"contentUrl\":\"https:\/\/climatlantic.ca\/wp\/wp-content\/uploads\/2021\/07\/cropped-Climatlantic_Favicon.png\",\"width\":512,\"height\":512,\"caption\":\"CLIMAtlantic\"},\"image\":{\"@id\":\"https:\/\/climatlantic.panchroma.dev\/fr\/#\/schema\/logo\/image\/\"},\"sameAs\":[\"https:\/\/www.facebook.com\/CLIMAtlanticInc\/\",\"http:\/\/instagram.com\/climatlantic\",\"https:\/\/www.linkedin.com\/company\/climatlantic\/\"]}]}<\/script>\n<!-- \/ Yoast SEO plugin. -->","yoast_head_json":{"title":"Municipalit\u00e9s - CLIMAtlantic","robots":{"index":"index","follow":"follow","max-snippet":"max-snippet:-1","max-image-preview":"max-image-preview:large","max-video-preview":"max-video-preview:-1"},"canonical":"https:\/\/climatlantic.panchroma.dev\/fr\/adaptation\/municipalites\/","og_locale":"fr_FR","og_type":"article","og_title":"Municipalit\u00e9s - CLIMAtlantic","og_description":"ADAPTATION AUX CHANGEMENTS CLIMATIQUES Municipalit\u00e9s Si le changement climatique est un probl\u00e8me mondial, ses effets se font d'abord sentir au niveau local. En premi\u00e8re ligne des impacts climatiques, les municipalit\u00e9s ont un r\u00f4le consid\u00e9rable \u00e0 jouer dans la gestion des risques li\u00e9s au changement climatique. Un certain nombre de collectivit\u00e9s, principalement des grandes municipalit\u00e9s, comme [&hellip;]","og_url":"https:\/\/climatlantic.panchroma.dev\/fr\/adaptation\/municipalites\/","og_site_name":"CLIMAtlantic","article_publisher":"https:\/\/www.facebook.com\/CLIMAtlanticInc\/","article_modified_time":"2023-11-24T20:26:36+00:00","twitter_card":"summary_large_image","twitter_misc":{"Dur\u00e9e de lecture estim\u00e9e":"4 minutes"},"schema":{"@context":"https:\/\/schema.org","@graph":[{"@type":"WebPage","@id":"https:\/\/climatlantic.panchroma.dev\/fr\/adaptation\/municipalites\/","url":"https:\/\/climatlantic.panchroma.dev\/fr\/adaptation\/municipalites\/","name":"Municipalit\u00e9s - CLIMAtlantic","isPartOf":{"@id":"https:\/\/climatlantic.panchroma.dev\/fr\/#website"},"datePublished":"2021-12-06T21:03:52+00:00","dateModified":"2023-11-24T20:26:36+00:00","breadcrumb":{"@id":"https:\/\/climatlantic.panchroma.dev\/fr\/adaptation\/municipalites\/#breadcrumb"},"inLanguage":"fr-FR","potentialAction":[{"@type":"ReadAction","target":["https:\/\/climatlantic.panchroma.dev\/fr\/adaptation\/municipalites\/"]}]},{"@type":"BreadcrumbList","@id":"https:\/\/climatlantic.panchroma.dev\/fr\/adaptation\/municipalites\/#breadcrumb","itemListElement":[{"@type":"ListItem","position":1,"name":"Home","item":"https:\/\/climatlantic.panchroma.dev\/fr\/"},{"@type":"ListItem","position":2,"name":"Adaptation","item":"https:\/\/climatlantic.panchroma.dev\/fr\/adaptation\/"},{"@type":"ListItem","position":3,"name":"Municipalit\u00e9s"}]},{"@type":"WebSite","@id":"https:\/\/climatlantic.panchroma.dev\/fr\/#website","url":"https:\/\/climatlantic.panchroma.dev\/fr\/","name":"Climatlantic","description":"Enhancing Atlantic Climate Resilience","publisher":{"@id":"https:\/\/climatlantic.panchroma.dev\/fr\/#organization"},"potentialAction":[{"@type":"SearchAction","target":{"@type":"EntryPoint","urlTemplate":"https:\/\/climatlantic.panchroma.dev\/fr\/?s={search_term_string}"},"query-input":{"@type":"PropertyValueSpecification","valueRequired":true,"valueName":"search_term_string"}}],"inLanguage":"fr-FR"},{"@type":"Organization","@id":"https:\/\/climatlantic.panchroma.dev\/fr\/#organization","name":"CLIMAtlantic","url":"https:\/\/climatlantic.panchroma.dev\/fr\/","logo":{"@type":"ImageObject","inLanguage":"fr-FR","@id":"https:\/\/climatlantic.panchroma.dev\/fr\/#\/schema\/logo\/image\/","url":"https:\/\/climatlantic.ca\/wp\/wp-content\/uploads\/2021\/07\/cropped-Climatlantic_Favicon.png","contentUrl":"https:\/\/climatlantic.ca\/wp\/wp-content\/uploads\/2021\/07\/cropped-Climatlantic_Favicon.png","width":512,"height":512,"caption":"CLIMAtlantic"},"image":{"@id":"https:\/\/climatlantic.panchroma.dev\/fr\/#\/schema\/logo\/image\/"},"sameAs":["https:\/\/www.facebook.com\/CLIMAtlanticInc\/","http:\/\/instagram.com\/climatlantic","https:\/\/www.linkedin.com\/company\/climatlantic\/"]}]}},"_links":{"self":[{"href":"https:\/\/climatlantic.panchroma.dev\/fr\/wp-json\/wp\/v2\/pages\/2136","targetHints":{"allow":["GET"]}}],"collection":[{"href":"https:\/\/climatlantic.panchroma.dev\/fr\/wp-json\/wp\/v2\/pages"}],"about":[{"href":"https:\/\/climatlantic.panchroma.dev\/fr\/wp-json\/wp\/v2\/types\/page"}],"author":[{"embeddable":true,"href":"https:\/\/climatlantic.panchroma.dev\/fr\/wp-json\/wp\/v2\/users\/1"}],"replies":[{"embeddable":true,"href":"https:\/\/climatlantic.panchroma.dev\/fr\/wp-json\/wp\/v2\/comments?post=2136"}],"version-history":[{"count":5,"href":"https:\/\/climatlantic.panchroma.dev\/fr\/wp-json\/wp\/v2\/pages\/2136\/revisions"}],"predecessor-version":[{"id":10950,"href":"https:\/\/climatlantic.panchroma.dev\/fr\/wp-json\/wp\/v2\/pages\/2136\/revisions\/10950"}],"up":[{"embeddable":true,"href":"https:\/\/climatlantic.panchroma.dev\/fr\/wp-json\/wp\/v2\/pages\/2117"}],"wp:attachment":[{"href":"https:\/\/climatlantic.panchroma.dev\/fr\/wp-json\/wp\/v2\/media?parent=2136"}],"wp:term":[{"taxonomy":"category","embeddable":true,"href":"https:\/\/climatlantic.panchroma.dev\/fr\/wp-json\/wp\/v2\/categories?post=2136"},{"taxonomy":"post_tag","embeddable":true,"href":"https:\/\/climatlantic.panchroma.dev\/fr\/wp-json\/wp\/v2\/tags?post=2136"}],"curies":[{"name":"wp","href":"https:\/\/api.w.org\/{rel}","templated":true}]}}