{"id":2127,"date":"2021-12-06T20:34:07","date_gmt":"2021-12-06T20:34:07","guid":{"rendered":"https:\/\/climatlantic.ca\/wp\/adaptation\/communautes-autochtones\/"},"modified":"2023-11-24T16:17:44","modified_gmt":"2023-11-24T20:17:44","slug":"communautes-autochtones","status":"publish","type":"page","link":"https:\/\/climatlantic.panchroma.dev\/fr\/adaptation\/communautes-autochtones\/","title":{"rendered":"Communaut\u00e9s autochtones"},"content":{"rendered":"<p>[et_pb_section fb_built=&#8221;1&#8243; _builder_version=&#8221;4.16&#8243; _module_preset=&#8221;default&#8221; global_colors_info=&#8221;{}&#8221;][et_pb_row _builder_version=&#8221;4.16&#8243; _module_preset=&#8221;default&#8221; min_height=&#8221;488.7px&#8221; custom_padding=&#8221;||10px|||&#8221; global_colors_info=&#8221;{}&#8221;][et_pb_column type=&#8221;4_4&#8243; _builder_version=&#8221;4.16&#8243; _module_preset=&#8221;default&#8221; global_colors_info=&#8221;{}&#8221;][et_pb_text _builder_version=&#8221;4.16&#8243; _module_preset=&#8221;default&#8221; global_colors_info=&#8221;{}&#8221;]<\/p>\n<p>ADAPTATION AUX CHANGEMENTS CLIMATIQUES<\/p>\n<h3>Communaut\u00e9s autochtones<\/h3>\n<p>Les nations Mi\u2019kmaq, Wolastoqiyik, Peskotomuhkati du Grand Conseil de la Nation Waban-aki, les Inuits et les Innus occupent les terres du Canada atlantique depuis des temps imm\u00e9moriaux et se sont adapt\u00e9es aux changements climatiques et environnementaux au fil d\u2019innombrables g\u00e9n\u00e9rations. Les partenariats avec les peuples autochtones locaux et le leadership de ces derniers sont essentiels pour garantir que les connaissances, les perspectives et les exp\u00e9riences qu\u2019ils d\u00e9tiennent de la vie sur terre informent l\u2019adaptation dans leurs communaut\u00e9s et dans la r\u00e9gion.<\/p>\n<p>Pour les peuples autochtones, la r\u00e9silience est ancr\u00e9e dans les connaissances \u00e9cologiques traditionnelles (CET), car leur capacit\u00e9 \u00e0 s\u2019adapter aux changements environnementaux repose avant tout sur leur connaissance approfondie de la terre. Comme les changements climatiques ont un impact de plus en plus grand sur les paysages et les communaut\u00e9s autochtones, il est essentiel de r\u00e9agir rapidement et de s\u2019adapter.<\/p>\n<p>Face \u00e0 l\u2019instabilit\u00e9 croissante du climat, la reconnaissance des droits des autochtones et une collaboration respectueuse dans les deux sens sont la voie \u00e0 suivre pour mettre en place de meilleurs syst\u00e8mes d\u2019alerte pr\u00e9coce et pour soutenir les efforts locaux visant \u00e0 renforcer la r\u00e9silience.<\/p>\n<p>&nbsp;<\/p>\n<h3><span style=\"font-size: medium;\">Adaptation :<\/span><\/h3>\n<ul>\n<li><strong>Observation : <\/strong>Faire des observations minutieuses sur leurs terres, \u00e9changer des informations et des exp\u00e9riences, et planifier l\u2019avenir.<\/li>\n<li><strong>Gestion des for\u00eats :<\/strong> Ces strat\u00e9gies impliquent la mise en place de zones de conservation, de zones de gestion de la coupe de bois et des bassins versants, qui ont un r\u00f4le important \u00e0 jouer pour renverser le processus de d\u00e9forestation, permettant ainsi de pi\u00e9ger le carbone et de promouvoir le d\u00e9veloppement durable.<\/li>\n<li><strong>Protection :<\/strong> R\u00e9examiner les strat\u00e9gies visant \u00e0 prot\u00e9ger les sites et les infrastructures d\u2019importance culturelle contre la variabilit\u00e9 et les extr\u00eames climatiques.\u00a0<\/li>\n<\/ul>\n<p>[\/et_pb_text][\/et_pb_column][\/et_pb_row][et_pb_row _builder_version=&#8221;4.21.0&#8243; _module_preset=&#8221;default&#8221; global_colors_info=&#8221;{}&#8221;][et_pb_column type=&#8221;4_4&#8243; _builder_version=&#8221;4.21.0&#8243; _module_preset=&#8221;default&#8221; global_colors_info=&#8221;{}&#8221;][et_pb_image src=&#8221;https:\/\/climatlantic.ca\/wp\/wp-content\/uploads\/2021\/12\/Indigenous.jpeg&#8221; title_text=&#8221;CLIMAtlantic-Indigenous&#8221; _builder_version=&#8221;4.23.1&#8243; _module_preset=&#8221;default&#8221; hover_enabled=&#8221;0&#8243; global_colors_info=&#8221;{}&#8221; alt=&#8221;Un groupe de personnes au bord d&#8217;une rivi\u00e8re, dont beaucoup portent des jupes \u00e0 rubans. Certains tiennent des tambours d\u00e9cor\u00e9s de fa\u00e7on complexe et d&#8217;autres brandissent un drapeau des Premi\u00e8res nations. Le reflet dans l&#8217;eau est celui d&#8217;une usine.&#8221; sticky_enabled=&#8221;0&#8243;][\/et_pb_image][\/et_pb_column][\/et_pb_row][et_pb_row _builder_version=&#8221;4.21.0&#8243; _module_preset=&#8221;default&#8221; global_colors_info=&#8221;{}&#8221;][et_pb_column type=&#8221;4_4&#8243; _builder_version=&#8221;4.21.0&#8243; _module_preset=&#8221;default&#8221; global_colors_info=&#8221;{}&#8221;][et_pb_text _builder_version=&#8221;4.21.0&#8243; _module_preset=&#8221;default&#8221; global_colors_info=&#8221;{}&#8221;]<\/p>\n<h5>Ressources :<\/h5>\n<p><span style=\"font-weight: 400;\">Destin\u00e9e aux personnes qui soutiennent les communaut\u00e9s autochtones et collaborent avec elles, cette infographie examine la mani\u00e8re dont les changements climatiques affectent les Premi\u00e8res nations, les Inuits et les M\u00e9tis, ainsi que leurs communaut\u00e9s, et donne un aper\u00e7u des priorit\u00e9s de certaines de ces communaut\u00e9s. Cliquez sur l&#8217;infographie pour l&#8217;ouvrir et l&#8217;agrandir dans un nouvel onglet. <\/span><span style=\"font-size: 14px;\">\u00a0<\/span><\/p>\n<p>[\/et_pb_text][\/et_pb_column][\/et_pb_row][et_pb_row column_structure=&#8221;1_4,1_2,1_4&#8243; _builder_version=&#8221;4.21.0&#8243; _module_preset=&#8221;default&#8221; global_colors_info=&#8221;{}&#8221;][et_pb_column type=&#8221;1_4&#8243; _builder_version=&#8221;4.21.0&#8243; _module_preset=&#8221;default&#8221; global_colors_info=&#8221;{}&#8221;][\/et_pb_column][et_pb_column type=&#8221;1_2&#8243; _builder_version=&#8221;4.21.0&#8243; _module_preset=&#8221;default&#8221; global_colors_info=&#8221;{}&#8221;][et_pb_image src=&#8221;https:\/\/climatlantic.ca\/wp\/wp-content\/uploads\/2023\/08\/CLIMAtlantic-Travailler-avec-les-communautes-autochtones-infographie.png&#8221; alt=&#8221;Une infographie qui examine la mani\u00e8re dont les changements climatiques affectent les Premi\u00e8res nations, les Inuits et les M\u00e9tis ainsi que leurs communaut\u00e9s, et qui fournit un contexte sur les priorit\u00e9s de certaines de ces communaut\u00e9s.&#8221; title_text=&#8221;CLIMAtlantic Travailler avec les communautes autochtones infographie&#8221; url=&#8221;https:\/\/climatlantic.ca\/wp\/wp-content\/uploads\/2023\/08\/Infographics_Autochtones_fr.pdf&#8221; url_new_window=&#8221;on&#8221; _builder_version=&#8221;4.23.1&#8243; _module_preset=&#8221;default&#8221; hover_enabled=&#8221;0&#8243; global_colors_info=&#8221;{}&#8221; sticky_enabled=&#8221;0&#8243;][\/et_pb_image][\/et_pb_column][et_pb_column type=&#8221;1_4&#8243; _builder_version=&#8221;4.21.0&#8243; _module_preset=&#8221;default&#8221; global_colors_info=&#8221;{}&#8221;][\/et_pb_column][\/et_pb_row][et_pb_row _builder_version=&#8221;4.21.0&#8243; _module_preset=&#8221;default&#8221; global_colors_info=&#8221;{}&#8221;][et_pb_column type=&#8221;4_4&#8243; _builder_version=&#8221;4.21.0&#8243; _module_preset=&#8221;default&#8221; global_colors_info=&#8221;{}&#8221;][et_pb_text _builder_version=&#8221;4.21.0&#8243; _module_preset=&#8221;default&#8221; min_height=&#8221;85px&#8221; global_colors_info=&#8221;{}&#8221;]<\/p>\n<p><strong>Lectures compl\u00e9mentaires :<br \/><\/strong><a href=\"https:\/\/choixclimatiques.ca\/publications\/racisme-environnemental-et-les-changements-climatiques\/\">Waldron, Ingrid (2021). Racisme environnemental et changement climatique : D\u00e9terminants de la sant\u00e9 dans les communaut\u00e9s mi\u2019kmaq et afro-n\u00e9o-\u00e9cossaises (Institut canadien des choix climatiques).<\/a><\/p>\n<p><a href=\"https:\/\/www.enrichproject.org\/\">The Environmental Noxiousness, Racial Inequities &amp; Community Health Project (The ENRICH Project).<\/a> (En anglais seulement.)<\/p>\n<p>&nbsp;<\/p>\n<p>[\/et_pb_text][\/et_pb_column][\/et_pb_row][\/et_pb_section]<\/p>\n","protected":false},"excerpt":{"rendered":"<p>ADAPTATION AUX CHANGEMENTS CLIMATIQUES Communaut\u00e9s autochtones Les nations Mi\u2019kmaq, Wolastoqiyik, Peskotomuhkati du Grand Conseil de la Nation Waban-aki, les Inuits et les Innus occupent les terres du Canada atlantique depuis des temps imm\u00e9moriaux et se sont adapt\u00e9es aux changements climatiques et environnementaux au fil d\u2019innombrables g\u00e9n\u00e9rations. Les partenariats avec les peuples autochtones locaux et le [&hellip;]<\/p>\n","protected":false},"author":18,"featured_media":0,"parent":2117,"menu_order":9,"comment_status":"closed","ping_status":"closed","template":"","meta":{"_et_pb_use_builder":"on","_et_pb_old_content":"","_et_gb_content_width":"","footnotes":""},"categories":[],"tags":[],"class_list":["post-2127","page","type-page","status-publish","hentry"],"yoast_head":"<!-- This site is optimized with the Yoast SEO plugin v26.5 - https:\/\/yoast.com\/wordpress\/plugins\/seo\/ -->\n<title>Communaut\u00e9s autochtones - CLIMAtlantic<\/title>\n<meta name=\"robots\" content=\"index, follow, max-snippet:-1, max-image-preview:large, max-video-preview:-1\" \/>\n<link rel=\"canonical\" href=\"https:\/\/climatlantic.panchroma.dev\/fr\/adaptation\/communautes-autochtones\/\" \/>\n<meta property=\"og:locale\" content=\"fr_FR\" \/>\n<meta property=\"og:type\" content=\"article\" \/>\n<meta property=\"og:title\" content=\"Communaut\u00e9s autochtones - CLIMAtlantic\" \/>\n<meta property=\"og:description\" content=\"ADAPTATION AUX CHANGEMENTS CLIMATIQUES Communaut\u00e9s autochtones Les nations Mi\u2019kmaq, Wolastoqiyik, Peskotomuhkati du Grand Conseil de la Nation Waban-aki, les Inuits et les Innus occupent les terres du Canada atlantique depuis des temps imm\u00e9moriaux et se sont adapt\u00e9es aux changements climatiques et environnementaux au fil d\u2019innombrables g\u00e9n\u00e9rations. Les partenariats avec les peuples autochtones locaux et le [&hellip;]\" \/>\n<meta property=\"og:url\" content=\"https:\/\/climatlantic.panchroma.dev\/fr\/adaptation\/communautes-autochtones\/\" \/>\n<meta property=\"og:site_name\" content=\"CLIMAtlantic\" \/>\n<meta property=\"article:publisher\" content=\"https:\/\/www.facebook.com\/CLIMAtlanticInc\/\" \/>\n<meta property=\"article:modified_time\" content=\"2023-11-24T20:17:44+00:00\" \/>\n<meta name=\"twitter:card\" content=\"summary_large_image\" \/>\n<meta name=\"twitter:label1\" content=\"Dur\u00e9e de lecture estim\u00e9e\" \/>\n\t<meta name=\"twitter:data1\" content=\"4 minutes\" \/>\n<script type=\"application\/ld+json\" class=\"yoast-schema-graph\">{\"@context\":\"https:\/\/schema.org\",\"@graph\":[{\"@type\":\"WebPage\",\"@id\":\"https:\/\/climatlantic.panchroma.dev\/fr\/adaptation\/communautes-autochtones\/\",\"url\":\"https:\/\/climatlantic.panchroma.dev\/fr\/adaptation\/communautes-autochtones\/\",\"name\":\"Communaut\u00e9s autochtones - CLIMAtlantic\",\"isPartOf\":{\"@id\":\"https:\/\/climatlantic.panchroma.dev\/fr\/#website\"},\"datePublished\":\"2021-12-06T20:34:07+00:00\",\"dateModified\":\"2023-11-24T20:17:44+00:00\",\"breadcrumb\":{\"@id\":\"https:\/\/climatlantic.panchroma.dev\/fr\/adaptation\/communautes-autochtones\/#breadcrumb\"},\"inLanguage\":\"fr-FR\",\"potentialAction\":[{\"@type\":\"ReadAction\",\"target\":[\"https:\/\/climatlantic.panchroma.dev\/fr\/adaptation\/communautes-autochtones\/\"]}]},{\"@type\":\"BreadcrumbList\",\"@id\":\"https:\/\/climatlantic.panchroma.dev\/fr\/adaptation\/communautes-autochtones\/#breadcrumb\",\"itemListElement\":[{\"@type\":\"ListItem\",\"position\":1,\"name\":\"Home\",\"item\":\"https:\/\/climatlantic.panchroma.dev\/fr\/\"},{\"@type\":\"ListItem\",\"position\":2,\"name\":\"Adaptation\",\"item\":\"https:\/\/climatlantic.panchroma.dev\/fr\/adaptation\/\"},{\"@type\":\"ListItem\",\"position\":3,\"name\":\"Communaut\u00e9s autochtones\"}]},{\"@type\":\"WebSite\",\"@id\":\"https:\/\/climatlantic.panchroma.dev\/fr\/#website\",\"url\":\"https:\/\/climatlantic.panchroma.dev\/fr\/\",\"name\":\"Climatlantic\",\"description\":\"Enhancing Atlantic Climate Resilience\",\"publisher\":{\"@id\":\"https:\/\/climatlantic.panchroma.dev\/fr\/#organization\"},\"potentialAction\":[{\"@type\":\"SearchAction\",\"target\":{\"@type\":\"EntryPoint\",\"urlTemplate\":\"https:\/\/climatlantic.panchroma.dev\/fr\/?s={search_term_string}\"},\"query-input\":{\"@type\":\"PropertyValueSpecification\",\"valueRequired\":true,\"valueName\":\"search_term_string\"}}],\"inLanguage\":\"fr-FR\"},{\"@type\":\"Organization\",\"@id\":\"https:\/\/climatlantic.panchroma.dev\/fr\/#organization\",\"name\":\"CLIMAtlantic\",\"url\":\"https:\/\/climatlantic.panchroma.dev\/fr\/\",\"logo\":{\"@type\":\"ImageObject\",\"inLanguage\":\"fr-FR\",\"@id\":\"https:\/\/climatlantic.panchroma.dev\/fr\/#\/schema\/logo\/image\/\",\"url\":\"https:\/\/climatlantic.ca\/wp\/wp-content\/uploads\/2021\/07\/cropped-Climatlantic_Favicon.png\",\"contentUrl\":\"https:\/\/climatlantic.ca\/wp\/wp-content\/uploads\/2021\/07\/cropped-Climatlantic_Favicon.png\",\"width\":512,\"height\":512,\"caption\":\"CLIMAtlantic\"},\"image\":{\"@id\":\"https:\/\/climatlantic.panchroma.dev\/fr\/#\/schema\/logo\/image\/\"},\"sameAs\":[\"https:\/\/www.facebook.com\/CLIMAtlanticInc\/\",\"http:\/\/instagram.com\/climatlantic\",\"https:\/\/www.linkedin.com\/company\/climatlantic\/\"]}]}<\/script>\n<!-- \/ Yoast SEO plugin. -->","yoast_head_json":{"title":"Communaut\u00e9s autochtones - CLIMAtlantic","robots":{"index":"index","follow":"follow","max-snippet":"max-snippet:-1","max-image-preview":"max-image-preview:large","max-video-preview":"max-video-preview:-1"},"canonical":"https:\/\/climatlantic.panchroma.dev\/fr\/adaptation\/communautes-autochtones\/","og_locale":"fr_FR","og_type":"article","og_title":"Communaut\u00e9s autochtones - CLIMAtlantic","og_description":"ADAPTATION AUX CHANGEMENTS CLIMATIQUES Communaut\u00e9s autochtones Les nations Mi\u2019kmaq, Wolastoqiyik, Peskotomuhkati du Grand Conseil de la Nation Waban-aki, les Inuits et les Innus occupent les terres du Canada atlantique depuis des temps imm\u00e9moriaux et se sont adapt\u00e9es aux changements climatiques et environnementaux au fil d\u2019innombrables g\u00e9n\u00e9rations. Les partenariats avec les peuples autochtones locaux et le [&hellip;]","og_url":"https:\/\/climatlantic.panchroma.dev\/fr\/adaptation\/communautes-autochtones\/","og_site_name":"CLIMAtlantic","article_publisher":"https:\/\/www.facebook.com\/CLIMAtlanticInc\/","article_modified_time":"2023-11-24T20:17:44+00:00","twitter_card":"summary_large_image","twitter_misc":{"Dur\u00e9e de lecture estim\u00e9e":"4 minutes"},"schema":{"@context":"https:\/\/schema.org","@graph":[{"@type":"WebPage","@id":"https:\/\/climatlantic.panchroma.dev\/fr\/adaptation\/communautes-autochtones\/","url":"https:\/\/climatlantic.panchroma.dev\/fr\/adaptation\/communautes-autochtones\/","name":"Communaut\u00e9s autochtones - CLIMAtlantic","isPartOf":{"@id":"https:\/\/climatlantic.panchroma.dev\/fr\/#website"},"datePublished":"2021-12-06T20:34:07+00:00","dateModified":"2023-11-24T20:17:44+00:00","breadcrumb":{"@id":"https:\/\/climatlantic.panchroma.dev\/fr\/adaptation\/communautes-autochtones\/#breadcrumb"},"inLanguage":"fr-FR","potentialAction":[{"@type":"ReadAction","target":["https:\/\/climatlantic.panchroma.dev\/fr\/adaptation\/communautes-autochtones\/"]}]},{"@type":"BreadcrumbList","@id":"https:\/\/climatlantic.panchroma.dev\/fr\/adaptation\/communautes-autochtones\/#breadcrumb","itemListElement":[{"@type":"ListItem","position":1,"name":"Home","item":"https:\/\/climatlantic.panchroma.dev\/fr\/"},{"@type":"ListItem","position":2,"name":"Adaptation","item":"https:\/\/climatlantic.panchroma.dev\/fr\/adaptation\/"},{"@type":"ListItem","position":3,"name":"Communaut\u00e9s autochtones"}]},{"@type":"WebSite","@id":"https:\/\/climatlantic.panchroma.dev\/fr\/#website","url":"https:\/\/climatlantic.panchroma.dev\/fr\/","name":"Climatlantic","description":"Enhancing Atlantic Climate Resilience","publisher":{"@id":"https:\/\/climatlantic.panchroma.dev\/fr\/#organization"},"potentialAction":[{"@type":"SearchAction","target":{"@type":"EntryPoint","urlTemplate":"https:\/\/climatlantic.panchroma.dev\/fr\/?s={search_term_string}"},"query-input":{"@type":"PropertyValueSpecification","valueRequired":true,"valueName":"search_term_string"}}],"inLanguage":"fr-FR"},{"@type":"Organization","@id":"https:\/\/climatlantic.panchroma.dev\/fr\/#organization","name":"CLIMAtlantic","url":"https:\/\/climatlantic.panchroma.dev\/fr\/","logo":{"@type":"ImageObject","inLanguage":"fr-FR","@id":"https:\/\/climatlantic.panchroma.dev\/fr\/#\/schema\/logo\/image\/","url":"https:\/\/climatlantic.ca\/wp\/wp-content\/uploads\/2021\/07\/cropped-Climatlantic_Favicon.png","contentUrl":"https:\/\/climatlantic.ca\/wp\/wp-content\/uploads\/2021\/07\/cropped-Climatlantic_Favicon.png","width":512,"height":512,"caption":"CLIMAtlantic"},"image":{"@id":"https:\/\/climatlantic.panchroma.dev\/fr\/#\/schema\/logo\/image\/"},"sameAs":["https:\/\/www.facebook.com\/CLIMAtlanticInc\/","http:\/\/instagram.com\/climatlantic","https:\/\/www.linkedin.com\/company\/climatlantic\/"]}]}},"_links":{"self":[{"href":"https:\/\/climatlantic.panchroma.dev\/fr\/wp-json\/wp\/v2\/pages\/2127","targetHints":{"allow":["GET"]}}],"collection":[{"href":"https:\/\/climatlantic.panchroma.dev\/fr\/wp-json\/wp\/v2\/pages"}],"about":[{"href":"https:\/\/climatlantic.panchroma.dev\/fr\/wp-json\/wp\/v2\/types\/page"}],"author":[{"embeddable":true,"href":"https:\/\/climatlantic.panchroma.dev\/fr\/wp-json\/wp\/v2\/users\/18"}],"replies":[{"embeddable":true,"href":"https:\/\/climatlantic.panchroma.dev\/fr\/wp-json\/wp\/v2\/comments?post=2127"}],"version-history":[{"count":5,"href":"https:\/\/climatlantic.panchroma.dev\/fr\/wp-json\/wp\/v2\/pages\/2127\/revisions"}],"predecessor-version":[{"id":10946,"href":"https:\/\/climatlantic.panchroma.dev\/fr\/wp-json\/wp\/v2\/pages\/2127\/revisions\/10946"}],"up":[{"embeddable":true,"href":"https:\/\/climatlantic.panchroma.dev\/fr\/wp-json\/wp\/v2\/pages\/2117"}],"wp:attachment":[{"href":"https:\/\/climatlantic.panchroma.dev\/fr\/wp-json\/wp\/v2\/media?parent=2127"}],"wp:term":[{"taxonomy":"category","embeddable":true,"href":"https:\/\/climatlantic.panchroma.dev\/fr\/wp-json\/wp\/v2\/categories?post=2127"},{"taxonomy":"post_tag","embeddable":true,"href":"https:\/\/climatlantic.panchroma.dev\/fr\/wp-json\/wp\/v2\/tags?post=2127"}],"curies":[{"name":"wp","href":"https:\/\/api.w.org\/{rel}","templated":true}]}}