{"id":2112,"date":"2021-12-06T18:51:55","date_gmt":"2021-12-06T18:51:55","guid":{"rendered":"https:\/\/climatlantic.ca\/wp\/risques\/"},"modified":"2025-08-28T13:53:19","modified_gmt":"2025-08-28T16:53:19","slug":"risques","status":"publish","type":"page","link":"https:\/\/climatlantic.panchroma.dev\/fr\/risques\/","title":{"rendered":"Risques"},"content":{"rendered":"<p>[et_pb_section fb_built=&#8221;1&#8243; _builder_version=&#8221;4.16&#8243; _module_preset=&#8221;default&#8221; global_colors_info=&#8221;{}&#8221; da_is_popup=&#8221;off&#8221; da_exit_intent=&#8221;off&#8221; da_has_close=&#8221;on&#8221; da_alt_close=&#8221;off&#8221; da_dark_close=&#8221;off&#8221; da_not_modal=&#8221;on&#8221; da_is_singular=&#8221;off&#8221; da_with_loader=&#8221;off&#8221; da_has_shadow=&#8221;on&#8221; da_disable_devices=&#8221;off|off|off&#8221;][et_pb_row _builder_version=&#8221;4.16&#8243; _module_preset=&#8221;default&#8221; global_colors_info=&#8221;{}&#8221;][et_pb_column type=&#8221;4_4&#8243; _builder_version=&#8221;4.16&#8243; _module_preset=&#8221;default&#8221; global_colors_info=&#8221;{}&#8221;][et_pb_text _builder_version=&#8221;4.16&#8243; _module_preset=&#8221;default&#8221; global_colors_info=&#8221;{}&#8221;]<\/p>\n<h3>Risques<\/h3>\n<p>En langage simple, le risque est la probabilit\u00e9 qu\u2019une certaine cons\u00e9quence se produise. Les probabilit\u00e9s sont estim\u00e9es sur la base des meilleures connaissances scientifiques actuelles, avec une marge d\u2019incertitude, et les cons\u00e9quences sont estim\u00e9es en fonction du jugement des experts et de l\u2019exp\u00e9rience acquise lors d\u2019\u00e9v\u00e9nements similaires.<\/p>\n<p>Le concept de risque est un aspect essentiel de la fa\u00e7on dont le <a href=\"https:\/\/www.ipcc.ch\/site\/assets\/uploads\/2021\/02\/Risk-guidance-FINAL_15Feb2021.pdf\">Groupe d\u2019experts intergouvernemental sur l\u2019\u00e9volution du climat (GIEC)<\/a>\u00a0et le <a href=\"https:\/\/www.canada.ca\/fr\/environnement-changement-climatique\/services\/changements-climatiques\/centre-canadien-services-climatiques.html\">Centre canadien des services climatiques (CCSC)<\/a> \u00e9valuent et communiquent aux d\u00e9cideurs les effets n\u00e9fastes potentiels des changements climatiques et les options de r\u00e9ponse \u00e0 ces changements. Pour soutenir l\u2019utilisation des donn\u00e9es et des informations climatiques dans l\u2019\u00e9valuation des risques li\u00e9s aux changements climatiques et dans la planification de l\u2019adaptation, le CCSC renvoie les utilisateurs \u00e0 des m\u00e9thodologies pertinentes et les met en relation avec des partenaires qui fournissent de tels services (c\u2019est-\u00e0-dire des consultants, des entreprises, des organismes sans but lucratif, des universit\u00e9s et des organismes de recherche).<\/p>\n<p><span style=\"font-weight: 400;\">Les risques peuvent provenir des impacts des changements climatiques et des r\u00e9ponses humaines \u00e0 ceux-ci. Les cons\u00e9quences n\u00e9gatives des changements climatiques peuvent affecter nos moyens de subsistance, notre bien-\u00eatre et notre sant\u00e9, ainsi que l\u2019\u00e9conomie, les biens sociaux et culturels, les infrastructures, les services, les \u00e9cosyst\u00e8mes locaux et les esp\u00e8ces.<\/span><\/p>\n<p>[\/et_pb_text][\/et_pb_column][\/et_pb_row][et_pb_row column_structure=&#8221;1_2,1_2&#8243; _builder_version=&#8221;4.16&#8243; _module_preset=&#8221;default&#8221; custom_margin=&#8221;-27px|auto||auto||&#8221; custom_padding=&#8221;27px|||||&#8221; global_colors_info=&#8221;{}&#8221;][et_pb_column type=&#8221;1_2&#8243; _builder_version=&#8221;4.16&#8243; _module_preset=&#8221;default&#8221; global_colors_info=&#8221;{}&#8221;][et_pb_text _builder_version=&#8221;4.16&#8243; _module_preset=&#8221;default&#8221; global_colors_info=&#8221;{}&#8221;]<\/p>\n<p>Les risques li\u00e9s \u00e0 la hausse des temp\u00e9ratures et \u00e0 d\u2019autres impacts \u00e9cologiques sont de plus en plus importants. Le risque est une combinaison de la menace (par exemple, l\u2019\u00e9l\u00e9vation du niveau de la mer), de l\u2019exposition (la probabilit\u00e9 de l\u2019impact) et de la vuln\u00e9rabilit\u00e9 (la sensibilit\u00e9 d\u2019une collectivit\u00e9, par exemple, \u00e0 l\u2019impact).<\/p>\n<ul>\n<li><span style=\"font-weight: 400;\">De par sa situation Halifax court un fort risque d&#8217;\u00e9l\u00e9vation du niveau de la mer (al\u00e9a). La collectivit\u00e9 est situ\u00e9e \u00e0 faible altitude et certaines de ses infrastructures se trouvent dans des zones inondables (exposition). En cas d&#8217;inondation, on estime que les services d&#8217;adaptation de Halifax ne seraient pas suffisants pour \u00e9viter de graves cons\u00e9quences pour les personnes et les infrastructures (vuln\u00e9rabilit\u00e9).<\/span><\/li>\n<\/ul>\n<p>Figure : Les impacts climatiques associ\u00e9s aux risques c\u00f4tiers r\u00e9sultent de l&#8217;interaction<br \/>entre les al\u00e9as c\u00f4tiers et la vuln\u00e9rabilit\u00e9 des syst\u00e8mes expos\u00e9s (d&#8217;apr\u00e8s le GIEC, 2014).<\/p>\n<p>[\/et_pb_text][\/et_pb_column][et_pb_column type=&#8221;1_2&#8243; _builder_version=&#8221;4.16&#8243; _module_preset=&#8221;default&#8221; global_colors_info=&#8221;{}&#8221;][et_pb_image src=&#8221;https:\/\/climatlantic.ca\/wp\/wp-content\/uploads\/2021\/09\/The-IPCC-AR5-conceptual-framework-with-risk-at-the-center-22.png&#8221; alt=&#8221;Diagramme montrant le risque comme l&apos;intersection des dangers, de la vuln\u00e9rabilit\u00e9 et de l&apos;exposition. Le diagramme d\u00e9crit \u00e9galement les relations entre les \u00e9missions, le climat et les processus socio-\u00e9conomiques, avec le risque au centre.&#8221; title_text=&#8221;CLIMAtlantic-IPCC-conceptual-framework&#8221; _builder_version=&#8221;4.23.1&#8243; _module_preset=&#8221;default&#8221; global_colors_info=&#8221;{}&#8221;][\/et_pb_image][\/et_pb_column][\/et_pb_row][et_pb_row _builder_version=&#8221;4.16&#8243; _module_preset=&#8221;default&#8221; global_colors_info=&#8221;{}&#8221;][et_pb_column type=&#8221;4_4&#8243; _builder_version=&#8221;4.16&#8243; _module_preset=&#8221;default&#8221; global_colors_info=&#8221;{}&#8221;][et_pb_text _builder_version=&#8221;4.16&#8243; _module_preset=&#8221;default&#8221; global_colors_info=&#8221;{}&#8221;]<\/p>\n<p><strong>Comment ce risque \u00e9voluera-t-il au fil du temps?<\/strong><\/p>\n<p>Le risque est de nature dynamique; chacun des trois \u00e9l\u00e9ments (menace, vuln\u00e9rabilit\u00e9 et exposition) est susceptible d\u2019\u00e9voluer dans le temps en raison des changements climatiques ou des changements socio-\u00e9conomiques. Selon la variable sp\u00e9cifique et le cadre temporel, ces changements peuvent \u00eatre naturels, involontaires ou d\u00e9lib\u00e9r\u00e9s (par exemple par la gestion des risques).<\/p>\n<p>Veuillez noter que l\u2019incertitude peut r\u00e9sider dans les menaces climatiques, l\u2019exposition, la vuln\u00e9rabilit\u00e9 ou la sensibilit\u00e9, l\u2019\u00e9conomie, le comportement humain et la technologie. Chacun de ces \u00e9l\u00e9ments peut changer avec le temps, que ce soit naturellement, involontairement ou d\u00e9lib\u00e9r\u00e9ment.<\/p>\n<p>[\/et_pb_text][\/et_pb_column][\/et_pb_row][et_pb_row _builder_version=&#8221;4.16&#8243; _module_preset=&#8221;default&#8221; global_colors_info=&#8221;{}&#8221;][et_pb_column type=&#8221;4_4&#8243; _builder_version=&#8221;4.16&#8243; _module_preset=&#8221;default&#8221; global_colors_info=&#8221;{}&#8221;][et_pb_text _builder_version=&#8221;4.25.0&#8243; _module_preset=&#8221;default&#8221; global_colors_info=&#8221;{}&#8221;]<\/p>\n<p><strong>Lectures compl\u00e9mentaires :<\/strong><\/p>\n<p><a href=\"https:\/\/climatlantic.ca\/wp\/wp-content\/uploads\/2022\/11\/Risques-climatiques-responsabilites-et-obligations-municipalites-Nov-23-2022-FR.pdf\">Risques climatiques, responsabilit\u00e9s et obligations pour les municipalit\u00e9s : Explorer les responsabilit\u00e9s des municipalit\u00e9s pour prendre en compte, g\u00e9rer et divulguer les risques d\u2019inondation associ\u00e9s aux changements climatiques.<\/a>\u00a0 Ce rapport, pr\u00e9par\u00e9 par East Coast Environmental Law au nom de CLIMAtlantic, a \u00e9t\u00e9 inspir\u00e9 par le besoin de ressources pouvant aider les municipalit\u00e9s du Canada atlantique \u00e0 comprendre comment la crise climatique peut affecter leurs responsabilit\u00e9s et leurs obligations.\u00a0<a href=\"https:\/\/climatlantic.ca\/wp\/wp-content\/uploads\/2022\/11\/Risques-climatiques-responsabilites-et-obligations-municipalites-Nov-23-2022-FR.pdf\">Texte int\u00e9gral<\/a>\u00a0|\u00a0<a href=\"https:\/\/climatlantic.ca\/wp\/wp-content\/uploads\/2022\/11\/Risques-climatiques-responsabilites-et-obligations-municipalites-Resume-23-Nov-2022-FR.pdf\">R\u00e9sum\u00e9<\/a><\/p>\n<p><a href=\"https:\/\/www.ipcc.ch\/site\/assets\/uploads\/2021\/02\/Risk-guidance-FINAL_15Feb2021.pdf.\">Reisinger, Andy, Mark Howden, Carolina Vera, et al. (2020). Le concept de risque dans le sixi\u00e8me rapport d\u2019\u00e9valuation du GIEC : A Summary of Cross-Working Group Discussions. Groupe d\u2019experts intergouvernemental sur l\u2019\u00e9volution du climat, Gen\u00e8ve, Suisse. pp15<\/a>. (Veuillez noter que ce rapport n&#8217;est disponible qu&#8217;en anglais).<\/p>\n<p><a href=\"https:\/\/www.mdpi.com\/2071-1050\/10\/5\/1399\">Connelly, Angela et Carter, Jeremy et Handley, John et Hincks, Stephen. (2018). Enhancing the Practical Utility of Risk Assessments in Climate Change Adaptation. Sustainability. (Am\u00e9liorer l\u2019utilit\u00e9 pratique des \u00e9valuations des risques dans l\u2019adaptation au changement climatique. Durabilit\u00e9.) 10. 1399. 10.3390\/su10051399<\/a>.\u00a0<\/p>\n<p><a href=\"https:\/\/www.ipcc.ch\/site\/assets\/uploads\/sites\/2\/2019\/09\/IPCC-Special-Report-1.5-SPM_fr.pdf\">GIEC, 2018 : R\u00e9chauffement plan\u00e9taire de 1,5\u00b0C. Rapport sp\u00e9cial du GIEC sur les cons\u00e9quences d\u2019un r\u00e9chauffement plan\u00e9taire de 1,5\u00b0C par rapport aux niveaux pr\u00e9industriels et les trajectoires connexes d\u2019\u00e9missions mondiales de gaz \u00e0 effet de serre, dans le contexte du renforcement de la r\u00e9ponse mondiale \u00e0 la menace des changements climatiques, du d\u00e9veloppement durable et de la lutte contre la pauvret\u00e9 [V. Masson Delmotte, P. Zhai, H. O. P\u00f6rtner, D. Roberts, J. Skea, P.R. Shukla, A. Pirani, W. Moufouma-Okia, C. P\u00e9an, R. Pidcock, S. Connors, J. B. R. Matthews, Y. Chen, X. Zhou, M. I. Gomis, E. Lonnoy, T. Maycock, M. Tignor, T. Waterfield (\u00e9d.)]. Sous presse.<\/a><\/p>\n<p>[\/et_pb_text][\/et_pb_column][\/et_pb_row][\/et_pb_section]<\/p>\n","protected":false},"excerpt":{"rendered":"<p>Risques En langage simple, le risque est la probabilit\u00e9 qu\u2019une certaine cons\u00e9quence se produise. Les probabilit\u00e9s sont estim\u00e9es sur la base des meilleures connaissances scientifiques actuelles, avec une marge d\u2019incertitude, et les cons\u00e9quences sont estim\u00e9es en fonction du jugement des experts et de l\u2019exp\u00e9rience acquise lors d\u2019\u00e9v\u00e9nements similaires. Le concept de risque est un aspect [&hellip;]<\/p>\n","protected":false},"author":3,"featured_media":0,"parent":0,"menu_order":0,"comment_status":"closed","ping_status":"closed","template":"","meta":{"_et_pb_use_builder":"on","_et_pb_old_content":"","_et_gb_content_width":"","footnotes":""},"categories":[],"tags":[],"class_list":["post-2112","page","type-page","status-publish","hentry"],"yoast_head":"<!-- This site is optimized with the Yoast SEO plugin v26.5 - https:\/\/yoast.com\/wordpress\/plugins\/seo\/ -->\n<title>Risques - CLIMAtlantic<\/title>\n<meta name=\"robots\" content=\"index, follow, max-snippet:-1, max-image-preview:large, max-video-preview:-1\" \/>\n<link rel=\"canonical\" href=\"https:\/\/climatlantic.panchroma.dev\/fr\/risques\/\" \/>\n<meta property=\"og:locale\" content=\"fr_FR\" \/>\n<meta property=\"og:type\" content=\"article\" \/>\n<meta property=\"og:title\" content=\"Risques - CLIMAtlantic\" \/>\n<meta property=\"og:description\" content=\"Risques En langage simple, le risque est la probabilit\u00e9 qu\u2019une certaine cons\u00e9quence se produise. Les probabilit\u00e9s sont estim\u00e9es sur la base des meilleures connaissances scientifiques actuelles, avec une marge d\u2019incertitude, et les cons\u00e9quences sont estim\u00e9es en fonction du jugement des experts et de l\u2019exp\u00e9rience acquise lors d\u2019\u00e9v\u00e9nements similaires. Le concept de risque est un aspect [&hellip;]\" \/>\n<meta property=\"og:url\" content=\"https:\/\/climatlantic.panchroma.dev\/fr\/risques\/\" \/>\n<meta property=\"og:site_name\" content=\"CLIMAtlantic\" \/>\n<meta property=\"article:publisher\" content=\"https:\/\/www.facebook.com\/CLIMAtlanticInc\/\" \/>\n<meta property=\"article:modified_time\" content=\"2025-08-28T16:53:19+00:00\" \/>\n<meta name=\"twitter:card\" content=\"summary_large_image\" \/>\n<meta name=\"twitter:label1\" content=\"Dur\u00e9e de lecture estim\u00e9e\" \/>\n\t<meta name=\"twitter:data1\" content=\"6 minutes\" \/>\n<script type=\"application\/ld+json\" class=\"yoast-schema-graph\">{\"@context\":\"https:\/\/schema.org\",\"@graph\":[{\"@type\":\"WebPage\",\"@id\":\"https:\/\/climatlantic.panchroma.dev\/fr\/risques\/\",\"url\":\"https:\/\/climatlantic.panchroma.dev\/fr\/risques\/\",\"name\":\"Risques - CLIMAtlantic\",\"isPartOf\":{\"@id\":\"https:\/\/climatlantic.panchroma.dev\/fr\/#website\"},\"datePublished\":\"2021-12-06T18:51:55+00:00\",\"dateModified\":\"2025-08-28T16:53:19+00:00\",\"breadcrumb\":{\"@id\":\"https:\/\/climatlantic.panchroma.dev\/fr\/risques\/#breadcrumb\"},\"inLanguage\":\"fr-FR\",\"potentialAction\":[{\"@type\":\"ReadAction\",\"target\":[\"https:\/\/climatlantic.panchroma.dev\/fr\/risques\/\"]}]},{\"@type\":\"BreadcrumbList\",\"@id\":\"https:\/\/climatlantic.panchroma.dev\/fr\/risques\/#breadcrumb\",\"itemListElement\":[{\"@type\":\"ListItem\",\"position\":1,\"name\":\"Home\",\"item\":\"https:\/\/climatlantic.panchroma.dev\/fr\/\"},{\"@type\":\"ListItem\",\"position\":2,\"name\":\"Risques\"}]},{\"@type\":\"WebSite\",\"@id\":\"https:\/\/climatlantic.panchroma.dev\/fr\/#website\",\"url\":\"https:\/\/climatlantic.panchroma.dev\/fr\/\",\"name\":\"Climatlantic\",\"description\":\"Enhancing Atlantic Climate Resilience\",\"publisher\":{\"@id\":\"https:\/\/climatlantic.panchroma.dev\/fr\/#organization\"},\"potentialAction\":[{\"@type\":\"SearchAction\",\"target\":{\"@type\":\"EntryPoint\",\"urlTemplate\":\"https:\/\/climatlantic.panchroma.dev\/fr\/?s={search_term_string}\"},\"query-input\":{\"@type\":\"PropertyValueSpecification\",\"valueRequired\":true,\"valueName\":\"search_term_string\"}}],\"inLanguage\":\"fr-FR\"},{\"@type\":\"Organization\",\"@id\":\"https:\/\/climatlantic.panchroma.dev\/fr\/#organization\",\"name\":\"CLIMAtlantic\",\"url\":\"https:\/\/climatlantic.panchroma.dev\/fr\/\",\"logo\":{\"@type\":\"ImageObject\",\"inLanguage\":\"fr-FR\",\"@id\":\"https:\/\/climatlantic.panchroma.dev\/fr\/#\/schema\/logo\/image\/\",\"url\":\"https:\/\/climatlantic.ca\/wp\/wp-content\/uploads\/2021\/07\/cropped-Climatlantic_Favicon.png\",\"contentUrl\":\"https:\/\/climatlantic.ca\/wp\/wp-content\/uploads\/2021\/07\/cropped-Climatlantic_Favicon.png\",\"width\":512,\"height\":512,\"caption\":\"CLIMAtlantic\"},\"image\":{\"@id\":\"https:\/\/climatlantic.panchroma.dev\/fr\/#\/schema\/logo\/image\/\"},\"sameAs\":[\"https:\/\/www.facebook.com\/CLIMAtlanticInc\/\",\"http:\/\/instagram.com\/climatlantic\",\"https:\/\/www.linkedin.com\/company\/climatlantic\/\"]}]}<\/script>\n<!-- \/ Yoast SEO plugin. -->","yoast_head_json":{"title":"Risques - CLIMAtlantic","robots":{"index":"index","follow":"follow","max-snippet":"max-snippet:-1","max-image-preview":"max-image-preview:large","max-video-preview":"max-video-preview:-1"},"canonical":"https:\/\/climatlantic.panchroma.dev\/fr\/risques\/","og_locale":"fr_FR","og_type":"article","og_title":"Risques - CLIMAtlantic","og_description":"Risques En langage simple, le risque est la probabilit\u00e9 qu\u2019une certaine cons\u00e9quence se produise. Les probabilit\u00e9s sont estim\u00e9es sur la base des meilleures connaissances scientifiques actuelles, avec une marge d\u2019incertitude, et les cons\u00e9quences sont estim\u00e9es en fonction du jugement des experts et de l\u2019exp\u00e9rience acquise lors d\u2019\u00e9v\u00e9nements similaires. Le concept de risque est un aspect [&hellip;]","og_url":"https:\/\/climatlantic.panchroma.dev\/fr\/risques\/","og_site_name":"CLIMAtlantic","article_publisher":"https:\/\/www.facebook.com\/CLIMAtlanticInc\/","article_modified_time":"2025-08-28T16:53:19+00:00","twitter_card":"summary_large_image","twitter_misc":{"Dur\u00e9e de lecture estim\u00e9e":"6 minutes"},"schema":{"@context":"https:\/\/schema.org","@graph":[{"@type":"WebPage","@id":"https:\/\/climatlantic.panchroma.dev\/fr\/risques\/","url":"https:\/\/climatlantic.panchroma.dev\/fr\/risques\/","name":"Risques - CLIMAtlantic","isPartOf":{"@id":"https:\/\/climatlantic.panchroma.dev\/fr\/#website"},"datePublished":"2021-12-06T18:51:55+00:00","dateModified":"2025-08-28T16:53:19+00:00","breadcrumb":{"@id":"https:\/\/climatlantic.panchroma.dev\/fr\/risques\/#breadcrumb"},"inLanguage":"fr-FR","potentialAction":[{"@type":"ReadAction","target":["https:\/\/climatlantic.panchroma.dev\/fr\/risques\/"]}]},{"@type":"BreadcrumbList","@id":"https:\/\/climatlantic.panchroma.dev\/fr\/risques\/#breadcrumb","itemListElement":[{"@type":"ListItem","position":1,"name":"Home","item":"https:\/\/climatlantic.panchroma.dev\/fr\/"},{"@type":"ListItem","position":2,"name":"Risques"}]},{"@type":"WebSite","@id":"https:\/\/climatlantic.panchroma.dev\/fr\/#website","url":"https:\/\/climatlantic.panchroma.dev\/fr\/","name":"Climatlantic","description":"Enhancing Atlantic Climate Resilience","publisher":{"@id":"https:\/\/climatlantic.panchroma.dev\/fr\/#organization"},"potentialAction":[{"@type":"SearchAction","target":{"@type":"EntryPoint","urlTemplate":"https:\/\/climatlantic.panchroma.dev\/fr\/?s={search_term_string}"},"query-input":{"@type":"PropertyValueSpecification","valueRequired":true,"valueName":"search_term_string"}}],"inLanguage":"fr-FR"},{"@type":"Organization","@id":"https:\/\/climatlantic.panchroma.dev\/fr\/#organization","name":"CLIMAtlantic","url":"https:\/\/climatlantic.panchroma.dev\/fr\/","logo":{"@type":"ImageObject","inLanguage":"fr-FR","@id":"https:\/\/climatlantic.panchroma.dev\/fr\/#\/schema\/logo\/image\/","url":"https:\/\/climatlantic.ca\/wp\/wp-content\/uploads\/2021\/07\/cropped-Climatlantic_Favicon.png","contentUrl":"https:\/\/climatlantic.ca\/wp\/wp-content\/uploads\/2021\/07\/cropped-Climatlantic_Favicon.png","width":512,"height":512,"caption":"CLIMAtlantic"},"image":{"@id":"https:\/\/climatlantic.panchroma.dev\/fr\/#\/schema\/logo\/image\/"},"sameAs":["https:\/\/www.facebook.com\/CLIMAtlanticInc\/","http:\/\/instagram.com\/climatlantic","https:\/\/www.linkedin.com\/company\/climatlantic\/"]}]}},"_links":{"self":[{"href":"https:\/\/climatlantic.panchroma.dev\/fr\/wp-json\/wp\/v2\/pages\/2112","targetHints":{"allow":["GET"]}}],"collection":[{"href":"https:\/\/climatlantic.panchroma.dev\/fr\/wp-json\/wp\/v2\/pages"}],"about":[{"href":"https:\/\/climatlantic.panchroma.dev\/fr\/wp-json\/wp\/v2\/types\/page"}],"author":[{"embeddable":true,"href":"https:\/\/climatlantic.panchroma.dev\/fr\/wp-json\/wp\/v2\/users\/3"}],"replies":[{"embeddable":true,"href":"https:\/\/climatlantic.panchroma.dev\/fr\/wp-json\/wp\/v2\/comments?post=2112"}],"version-history":[{"count":5,"href":"https:\/\/climatlantic.panchroma.dev\/fr\/wp-json\/wp\/v2\/pages\/2112\/revisions"}],"predecessor-version":[{"id":18018,"href":"https:\/\/climatlantic.panchroma.dev\/fr\/wp-json\/wp\/v2\/pages\/2112\/revisions\/18018"}],"wp:attachment":[{"href":"https:\/\/climatlantic.panchroma.dev\/fr\/wp-json\/wp\/v2\/media?parent=2112"}],"wp:term":[{"taxonomy":"category","embeddable":true,"href":"https:\/\/climatlantic.panchroma.dev\/fr\/wp-json\/wp\/v2\/categories?post=2112"},{"taxonomy":"post_tag","embeddable":true,"href":"https:\/\/climatlantic.panchroma.dev\/fr\/wp-json\/wp\/v2\/tags?post=2112"}],"curies":[{"name":"wp","href":"https:\/\/api.w.org\/{rel}","templated":true}]}}