{"id":2085,"date":"2021-12-06T15:55:13","date_gmt":"2021-12-06T15:55:13","guid":{"rendered":"https:\/\/climatlantic.ca\/wp\/?page_id=2085"},"modified":"2025-11-25T17:04:54","modified_gmt":"2025-11-25T21:04:54","slug":"apropos","status":"publish","type":"page","link":"https:\/\/climatlantic.panchroma.dev\/fr\/apropos\/","title":{"rendered":"\u00c0 propos"},"content":{"rendered":"<p>[et_pb_section fb_built=&#8221;1&#8243; _builder_version=&#8221;4.16&#8243; _module_preset=&#8221;default&#8221; custom_margin=&#8221;||||false|false&#8221; custom_margin_tablet=&#8221;&#8221; custom_margin_phone=&#8221;&#8221; custom_margin_last_edited=&#8221;on|tablet&#8221; custom_padding=&#8221;0px||0px||false|false&#8221; da_disable_devices=&#8221;off|off|off&#8221; global_colors_info=&#8221;{}&#8221; da_is_popup=&#8221;off&#8221; da_exit_intent=&#8221;off&#8221; da_has_close=&#8221;on&#8221; da_alt_close=&#8221;off&#8221; da_dark_close=&#8221;off&#8221; da_not_modal=&#8221;on&#8221; da_is_singular=&#8221;off&#8221; da_with_loader=&#8221;off&#8221; da_has_shadow=&#8221;on&#8221;][et_pb_row _builder_version=&#8221;4.16&#8243; _module_preset=&#8221;default&#8221; custom_padding=&#8221;||1px|||&#8221; global_colors_info=&#8221;{}&#8221;][et_pb_column type=&#8221;4_4&#8243; _builder_version=&#8221;4.16&#8243; _module_preset=&#8221;default&#8221; global_colors_info=&#8221;{}&#8221;][et_pb_divider divider_weight=&#8221;0px&#8221; _builder_version=&#8221;4.27.4&#8243; _module_preset=&#8221;default&#8221; background_image=&#8221;https:\/\/climatlantic.ca\/wp\/wp-content\/uploads\/2025\/07\/CLIMAtlantic-Group_Photo_2025-1-scaled-e1753986972172.png&#8221; background_enable_video_mp4=&#8221;off&#8221; height=&#8221;610px&#8221; height_tablet=&#8221;350px&#8221; height_phone=&#8221;250px&#8221; height_last_edited=&#8221;on|tablet&#8221; global_colors_info=&#8221;{}&#8221;][\/et_pb_divider][\/et_pb_column][\/et_pb_row][et_pb_row custom_padding_last_edited=&#8221;on|phone&#8221; module_class=&#8221;pa-inline-buttons&#8221; _builder_version=&#8221;4.16&#8243; _module_preset=&#8221;default&#8221; custom_margin=&#8221;|auto||auto|false|false&#8221; custom_padding=&#8221;21px||5px||false|false&#8221; custom_padding_tablet=&#8221;&#8221; custom_padding_phone=&#8221;&#8221; global_colors_info=&#8221;{}&#8221;][et_pb_column type=&#8221;4_4&#8243; _builder_version=&#8221;4.16&#8243; _module_preset=&#8221;default&#8221; global_colors_info=&#8221;{}&#8221;][et_pb_button button_url=&#8221;@ET-DC@eyJkeW5hbWljIjp0cnVlLCJjb250ZW50IjoicG9zdF9saW5rX3VybF9wYWdlIiwic2V0dGluZ3MiOnsicG9zdF9pZCI6IjE0NTI5In19@&#8221; button_text=&#8221;Rencontrez l\u2019\u00e9quipe &#8221; _builder_version=&#8221;4.27.4&#8243; _dynamic_attributes=&#8221;button_url&#8221; _module_preset=&#8221;default&#8221; custom_margin=&#8221;|10px|||false|false&#8221; custom_padding=&#8221;||||false|false&#8221; global_colors_info=&#8221;{}&#8221;][\/et_pb_button][et_pb_button button_url=&#8221;@ET-DC@eyJkeW5hbWljIjp0cnVlLCJjb250ZW50IjoicG9zdF9saW5rX3VybF9wYWdlIiwic2V0dGluZ3MiOnsicG9zdF9pZCI6IjkyNCJ9fQ==@&#8221; button_text=&#8221;Conseil d\u2019administration&#8221; _builder_version=&#8221;4.16&#8243; _dynamic_attributes=&#8221;button_url&#8221; _module_preset=&#8221;default&#8221; custom_margin=&#8221;|10px|||false|false&#8221; custom_padding=&#8221;||||false|false&#8221; global_colors_info=&#8221;{}&#8221;][\/et_pb_button][et_pb_button button_url=&#8221;@ET-DC@eyJkeW5hbWljIjp0cnVlLCJjb250ZW50IjoicG9zdF9saW5rX3VybF9wYWdlIiwic2V0dGluZ3MiOnsicG9zdF9pZCI6Ijk0MiJ9fQ==@&#8221; button_text=&#8221;Comit\u00e9 consultatif&#8221; _builder_version=&#8221;4.16&#8243; _dynamic_attributes=&#8221;button_url&#8221; _module_preset=&#8221;default&#8221; custom_margin=&#8221;|10px|||false|false&#8221; global_colors_info=&#8221;{}&#8221;][\/et_pb_button][et_pb_button button_url=&#8221;@ET-DC@eyJkeW5hbWljIjp0cnVlLCJjb250ZW50IjoicG9zdF9saW5rX3VybF9wYWdlIiwic2V0dGluZ3MiOnsicG9zdF9pZCI6Ijk3In19@&#8221; button_text=&#8221;Partenaires&#8221; _builder_version=&#8221;4.16&#8243; _dynamic_attributes=&#8221;button_url&#8221; _module_preset=&#8221;default&#8221; global_colors_info=&#8221;{}&#8221;][\/et_pb_button][\/et_pb_column][\/et_pb_row][et_pb_row custom_padding_last_edited=&#8221;on|phone&#8221; module_class=&#8221;pa-inline-buttons&#8221; _builder_version=&#8221;4.27.4&#8243; _module_preset=&#8221;default&#8221; min_height=&#8221;623.8px&#8221; custom_margin=&#8221;|auto||auto|false|false&#8221; custom_padding=&#8221;17px||12px||false|false&#8221; custom_padding_tablet=&#8221;&#8221; custom_padding_phone=&#8221;&#8221; global_colors_info=&#8221;{}&#8221;][et_pb_column type=&#8221;4_4&#8243; _builder_version=&#8221;4.16&#8243; _module_preset=&#8221;default&#8221; global_colors_info=&#8221;{}&#8221;][et_pb_text disabled_on=&#8221;off|off|off&#8221; _builder_version=&#8221;4.27.4&#8243; _module_preset=&#8221;default&#8221; global_colors_info=&#8221;{}&#8221;]<\/p>\n<h3>Au sujet de CLIMAtlantic<\/h3>\n<p>CLIMAtlantic facilite l\u2019acc\u00e8s aux informations climatiques pertinentes au niveau r\u00e9gional et soutient leur utilisation efficace dans la planification et la prise de d\u00e9cisions pour le Nouveau-Brunswick, la Nouvelle-\u00c9cosse, l\u2019\u00cele-du-Prince-\u00c9douard et Terre\u2011Neuve\u2011et\u2011Labrador.<\/p>\n<p>Nous sommes ax\u00e9s sur les utilisateurs, et nous nous concentrons sur les besoins des communaut\u00e9s autochtones, des universit\u00e9s, des gouvernements provinciaux, des municipalit\u00e9s, des districts de services locaux, des organismes \u00e0 but non lucratif, de l\u2019industrie et des propri\u00e9taires fonciers.<\/p>\n<p>CLIMAtlantic travaille avec tous les groupes r\u00e9gionaux et locaux pour s\u2019assurer qu\u2019il existe un solide r\u00e9seau de collaboration, et que les donn\u00e9es et les outils sont facilement accessibles.<\/p>\n<p>CLIMAtlantic a \u00e9t\u00e9 cr\u00e9\u00e9 en partenariat avec le Centre canadien des services climatiques (CCSC), tous les gouvernements des provinces du Canada atlantique, et avec le soutien de l\u2019Ecology Action Centre, du R\u00e9seau environnemental du Nouveau\u2011Brunswick (RENB) et du Groupe Aster. <span style=\"font-weight: 400;\">Le r\u00e9seau canadien de plateformes climatiques en partenariat avec le Centre canadien des services climatiques (CCSC) comprend <\/span><a href=\"https:\/\/www.ouranos.ca\/en\/\"><span style=\"font-weight: 400;\">Ouranos<\/span><\/a><span style=\"font-weight: 400;\">\u00a0(Qu\u00e9bec), le <\/span><a href=\"https:\/\/www.pacificclimate.org\/\"><span style=\"font-weight: 400;\">Pacific Climate Impacts Consortium<\/span><\/a><span style=\"font-weight: 400;\">\u00a0(Colombie-Britannique), <\/span><a href=\"https:\/\/climatewest.ca\/\"><span style=\"font-weight: 400;\">ClimateWest<\/span><\/a> <span style=\"font-weight: 400;\">(Prairies) et le <\/span><a href=\"https:\/\/orcca-craco.ca\/\"><span style=\"font-weight: 400;\">Centre de ressources d\u2019adaptation climatique de l\u2019Ontario<\/span><\/a><span style=\"font-weight: 400;\">\u00a0 (Ontario et Grands Lacs). Les plateformes r\u00e9gionales de donn\u00e9es climatiques soutiennent les efforts visant \u00e0 rendre toutes les collectivit\u00e9s plus r\u00e9silientes face aux ph\u00e9nom\u00e8nes m\u00e9t\u00e9orologiques extr\u00eames.<\/span><\/p>\n<p>[\/et_pb_text][et_pb_video src=&#8221;https:\/\/www.youtube.com\/watch?v=_pP2pr-ZSMY&#8221; _builder_version=&#8221;4.27.4&#8243; _module_preset=&#8221;default&#8221; width=&#8221;100%&#8221; module_alignment=&#8221;center&#8221; global_colors_info=&#8221;{}&#8221;][\/et_pb_video][et_pb_divider _builder_version=&#8221;4.16&#8243; _module_preset=&#8221;default&#8221; custom_margin=&#8221;||3px||false|false&#8221; global_colors_info=&#8221;{}&#8221;][\/et_pb_divider][et_pb_text _builder_version=&#8221;4.16&#8243; _module_preset=&#8221;default&#8221; min_height=&#8221;300px&#8221; custom_margin=&#8221;||||false|false&#8221; custom_padding=&#8221;||14px||false|false&#8221; global_colors_info=&#8221;{}&#8221;]<\/p>\n<h3>Notre Mission<\/h3>\n<p>La mission de CLIMAtlantic est de fournir aux habitants du Canada atlantique les informations et le soutien n\u00e9cessaires pour prendre en compte les impacts des changements climatiques dans leurs d\u00e9cisions. Cette mission est motiv\u00e9e par le besoin d\u2019informations climatiques accessibles, fiables et utilisables pour faire face aux risques li\u00e9s au climat et soutenir l\u2019adaptation. Ces besoins s\u2019appuient sur un large \u00e9ventail de facteurs cl\u00e9s tels que :<\/p>\n<ul>\n<li>les facteurs sociaux &#8211; les impacts des changements climatiques sur les collectivit\u00e9s et la sant\u00e9 humaine;<\/li>\n<li>les facteurs \u00e9conomiques &#8211; les r\u00e9percussions des changements climatiques sur la comp\u00e9titivit\u00e9 des secteurs \u00e9conomiques du Canada atlantique comme l\u2019agriculture, l\u2019\u00e9nergie et l\u2019assurance; et<\/li>\n<li>les facteurs environnementaux &#8211; les r\u00e9percussions des changements climatiques sur les \u00e9cosyst\u00e8mes, les esp\u00e8ces et les c\u00f4tes; et les menaces croissantes pour la vie et les biens d\u00e9coulant de catastrophes dues \u00e0 des \u00e9v\u00e9nements graves li\u00e9s au climat.<\/li>\n<\/ul>\n<p>La demande de services climatiques continue de cro\u00eetre au Canada et \u00e0 l\u2019\u00e9tranger, ainsi que dans notre r\u00e9gion, d\u2019o\u00f9 l\u2019importance d\u2019un groupe d\u2019intervenants travaillant ensemble.<\/p>\n<p>[\/et_pb_text][et_pb_button button_text=&#8221;DONNER&#8221; _builder_version=&#8221;4.27.4&#8243; _module_preset=&#8221;default&#8221; button_url=&#8221;https:\/\/www.canadahelps.org\/fr\/organismesdebienfaisance\/climatlantic-inc\/&#8221; url_new_window=&#8221;on&#8221; admin_label=&#8221;DONNER&#8221; custom_button=&#8221;on&#8221; button_text_size=&#8221;18px&#8221; hover_enabled=&#8221;0&#8243; sticky_enabled=&#8221;0&#8243;][\/et_pb_button][et_pb_divider _builder_version=&#8221;4.27.4&#8243; _module_preset=&#8221;default&#8221; hover_enabled=&#8221;0&#8243; global_colors_info=&#8221;{}&#8221; sticky_enabled=&#8221;0&#8243;][\/et_pb_divider][\/et_pb_column][\/et_pb_row][et_pb_row column_structure=&#8221;1_2,1_2&#8243; module_class=&#8221;pa-inline-buttons&#8221; _builder_version=&#8221;4.21.0&#8243; _module_preset=&#8221;default&#8221; custom_padding=&#8221;0px||0px||false|false&#8221; global_colors_info=&#8221;{}&#8221;][et_pb_column type=&#8221;1_2&#8243; _builder_version=&#8221;4.16&#8243; _module_preset=&#8221;default&#8221; global_colors_info=&#8221;{}&#8221;][et_pb_text _builder_version=&#8221;4.21.0&#8243; _module_preset=&#8221;default&#8221; min_height=&#8221;300px&#8221; custom_margin=&#8221;||||false|false&#8221; custom_padding=&#8221;0px||0px||false|false&#8221; global_colors_info=&#8221;{}&#8221;]<\/p>\n<h3>Principes directeurs<\/h3>\n<p>Nos approches des changements climatiques doivent tenir compte de sa complexit\u00e9. Dans cette infographie, nous proposons quelques principes directeurs que nous nous effor\u00e7ons d\u2019appliquer pour nous adapter de mani\u00e8re significative aux changements climatiques. Cette infographie est destin\u00e9e \u00e0 tous ceux qui participent \u00e0 l\u2019action climatique.<\/p>\n<p>Vous trouverez ci-dessous d\u2019autres de nos principes directeurs :<\/p>\n<ul>\n<li>Maintenir\u00a0<strong>une orientation r\u00e9gionale<\/strong> sur l\u2019avancement des connaissances en mati\u00e8re de changements climatiques et d\u2019adaptation, tout en reconnaissant les int\u00e9r\u00eats communs des provinces de l\u2019Atlantique et du gouvernement f\u00e9d\u00e9ral ;<\/li>\n<li>Fournir des services et des renseignements sur le climat en adoptant une solide approche ax\u00e9e sur l\u2019utilisateur et adapt\u00e9e aux besoins locaux et \u00e0 la g\u00e9ographie,\u00a0<strong>ce qui implique une interaction et un engagement continus, r\u00e9guliers et \u00e9volutifs avec les d\u00e9positaires des connaissances et les utilisateurs ;<\/strong><\/li>\n<li>Pr\u00e9coniser des approches de grande qualit\u00e9 fond\u00e9es sur\u00a0<strong>les preuves et les connaissances en fonction du lieu g\u00e9ographique<\/strong>, et veiller \u00e0 une\u00a0<strong>\u00e9laboration et am\u00e9lioration constantes des<\/strong> programmes et des services ;<\/li>\n<li>Prendre en compte de\u00a0<strong>multiples disciplines et perspectives<\/strong> pour \u00e9valuer et r\u00e9pondre aux besoins des partenaires et des collaborateurs*, en abordant les impacts des changements climatiques et les mesures d\u2019adaptation d\u2019une mani\u00e8re multidimensionnelle qui tient compte des consid\u00e9rations \u00e9conomiques, sociales et environnementales ;<\/li>\n<li>Veiller \u00e0 accorder suffisamment d\u2019attention\u00a0<strong>aux consid\u00e9rations sociales et \u00e9cologiques particuli\u00e8res<\/strong>, telles que l\u2019\u00e9ventail des zones climatiques de la r\u00e9gion (de subarctique \u00e0 maritime) et les l\u00e9gislations provinciales en mati\u00e8re de langues officielles ;<\/li>\n<li>\u00catre\u00a0<strong>flexible, r\u00e9actif et proactif<\/strong>, afin de r\u00e9pondre aux besoins des partenaires et des collaborateurs, de modifier les r\u00e9alit\u00e9s op\u00e9rationnelles et de demeurer une institution pertinente et \u00e9volutive qui r\u00e9pond aux besoins des Canadiens de l\u2019Atlantique ;<\/li>\n<li>\u00c9tablir et maintenir des relations respectueuses et \u00e9thiques avec les communaut\u00e9s et les organisations autochtones, en reconnaissant l\u2019importance\u00a0<strong>des connaissances et des perspectives autochtones<\/strong> en vue de l\u2019avancement de l\u2019adaptation aux changements climatiques ;<\/li>\n<li>S\u2019engager \u00e0 privil\u00e9gier la justice\u00a0<strong>en respectant la nature, en amplifiant les diff\u00e9rents savoirs et modes de connaissance, et en \u00e9largissant la port\u00e9e de l\u2019adaptation traditionnelle, et ce, afin de renforcer l\u2019engagement et la collaboration<\/strong> dans l\u2019ensemble de nos m\u00e9thodologies, programmes et services ;\u00a0<\/li>\n<li><strong>Collaborer et s\u2019associer<\/strong>\u00a0avec tout un \u00e9ventail de titulaires de droit, de parties prenantes, de communaut\u00e9s, d\u2019organisations, d\u2019agences, d\u2019individus et d\u2019autres centres r\u00e9gionaux de services climatiques, afin de fournir des programmes et des services.<\/li>\n<\/ul>\n<p>* On entend par collaborateurs et partenaires toutes les personnes, agences, organisations qui travaillent avec nous afin de faire progresser la r\u00e9silience climatique au Canada atlantique.<\/p>\n<p>[\/et_pb_text][\/et_pb_column][et_pb_column type=&#8221;1_2&#8243; _builder_version=&#8221;4.21.0&#8243; _module_preset=&#8221;default&#8221; global_colors_info=&#8221;{}&#8221;][et_pb_image src=&#8221;https:\/\/climatlantic.ca\/wp\/wp-content\/uploads\/2023\/08\/CLIMAtlantic-Principes-directeurs-infographie-scaled.png&#8221; alt=&#8221;Cette infographie expose en d\u00e9tail quatre principes pr\u00e9sidant \u00e0 la prise de mesures en vue de l\u2019adaptation aux changements climatiques.&#8221; title_text=&#8221;CLIMAtlantic Principes directeurs infographie&#8221; url=&#8221;https:\/\/climatlantic.ca\/wp\/wp-content\/uploads\/2023\/08\/Infographics_Principes_fr.pdf&#8221; url_new_window=&#8221;on&#8221; align=&#8221;center&#8221; _builder_version=&#8221;4.25.1&#8243; _module_preset=&#8221;default&#8221; custom_margin=&#8221;125px||||false|false&#8221; global_colors_info=&#8221;{}&#8221;][\/et_pb_image][\/et_pb_column][\/et_pb_row][et_pb_row _builder_version=&#8221;4.21.0&#8243; _module_preset=&#8221;default&#8221; global_colors_info=&#8221;{}&#8221;][et_pb_column type=&#8221;4_4&#8243; _builder_version=&#8221;4.21.0&#8243; _module_preset=&#8221;default&#8221; global_colors_info=&#8221;{}&#8221;][et_pb_text _builder_version=&#8221;4.21.0&#8243; _module_preset=&#8221;default&#8221; global_colors_info=&#8221;{}&#8221;][\/et_pb_text][\/et_pb_column][\/et_pb_row][\/et_pb_section]<\/p>\n","protected":false},"excerpt":{"rendered":"<p>Au sujet de CLIMAtlantic CLIMAtlantic facilite l\u2019acc\u00e8s aux informations climatiques pertinentes au niveau r\u00e9gional et soutient leur utilisation efficace dans la planification et la prise de d\u00e9cisions pour le Nouveau-Brunswick, la Nouvelle-\u00c9cosse, l\u2019\u00cele-du-Prince-\u00c9douard et Terre\u2011Neuve\u2011et\u2011Labrador. Nous sommes ax\u00e9s sur les utilisateurs, et nous nous concentrons sur les besoins des communaut\u00e9s autochtones, des universit\u00e9s, des gouvernements [&hellip;]<\/p>\n","protected":false},"author":1,"featured_media":0,"parent":0,"menu_order":0,"comment_status":"closed","ping_status":"closed","template":"","meta":{"_et_pb_use_builder":"on","_et_pb_old_content":"","_et_gb_content_width":"","footnotes":""},"categories":[37],"tags":[],"class_list":["post-2085","page","type-page","status-publish","hentry","category-adaptation"],"yoast_head":"<!-- This site is optimized with the Yoast SEO plugin v26.5 - https:\/\/yoast.com\/wordpress\/plugins\/seo\/ -->\n<title>\u00c0 propos - CLIMAtlantic<\/title>\n<meta name=\"robots\" content=\"index, follow, max-snippet:-1, max-image-preview:large, max-video-preview:-1\" \/>\n<link rel=\"canonical\" href=\"https:\/\/climatlantic.panchroma.dev\/fr\/apropos\/\" \/>\n<meta property=\"og:locale\" content=\"fr_FR\" \/>\n<meta property=\"og:type\" content=\"article\" \/>\n<meta property=\"og:title\" content=\"\u00c0 propos - CLIMAtlantic\" \/>\n<meta property=\"og:description\" content=\"Au sujet de CLIMAtlantic CLIMAtlantic facilite l\u2019acc\u00e8s aux informations climatiques pertinentes au niveau r\u00e9gional et soutient leur utilisation efficace dans la planification et la prise de d\u00e9cisions pour le Nouveau-Brunswick, la Nouvelle-\u00c9cosse, l\u2019\u00cele-du-Prince-\u00c9douard et Terre\u2011Neuve\u2011et\u2011Labrador. Nous sommes ax\u00e9s sur les utilisateurs, et nous nous concentrons sur les besoins des communaut\u00e9s autochtones, des universit\u00e9s, des gouvernements [&hellip;]\" \/>\n<meta property=\"og:url\" content=\"https:\/\/climatlantic.panchroma.dev\/fr\/apropos\/\" \/>\n<meta property=\"og:site_name\" content=\"CLIMAtlantic\" \/>\n<meta property=\"article:publisher\" content=\"https:\/\/www.facebook.com\/CLIMAtlanticInc\/\" \/>\n<meta property=\"article:modified_time\" content=\"2025-11-25T21:04:54+00:00\" \/>\n<meta name=\"twitter:card\" content=\"summary_large_image\" \/>\n<meta name=\"twitter:label1\" content=\"Dur\u00e9e de lecture estim\u00e9e\" \/>\n\t<meta name=\"twitter:data1\" content=\"9 minutes\" \/>\n<script type=\"application\/ld+json\" class=\"yoast-schema-graph\">{\"@context\":\"https:\/\/schema.org\",\"@graph\":[{\"@type\":\"WebPage\",\"@id\":\"https:\/\/climatlantic.panchroma.dev\/fr\/apropos\/\",\"url\":\"https:\/\/climatlantic.panchroma.dev\/fr\/apropos\/\",\"name\":\"\u00c0 propos - CLIMAtlantic\",\"isPartOf\":{\"@id\":\"https:\/\/climatlantic.panchroma.dev\/fr\/#website\"},\"datePublished\":\"2021-12-06T15:55:13+00:00\",\"dateModified\":\"2025-11-25T21:04:54+00:00\",\"breadcrumb\":{\"@id\":\"https:\/\/climatlantic.panchroma.dev\/fr\/apropos\/#breadcrumb\"},\"inLanguage\":\"fr-FR\",\"potentialAction\":[{\"@type\":\"ReadAction\",\"target\":[\"https:\/\/climatlantic.panchroma.dev\/fr\/apropos\/\"]}]},{\"@type\":\"BreadcrumbList\",\"@id\":\"https:\/\/climatlantic.panchroma.dev\/fr\/apropos\/#breadcrumb\",\"itemListElement\":[{\"@type\":\"ListItem\",\"position\":1,\"name\":\"Home\",\"item\":\"https:\/\/climatlantic.panchroma.dev\/fr\/\"},{\"@type\":\"ListItem\",\"position\":2,\"name\":\"\u00c0 propos\"}]},{\"@type\":\"WebSite\",\"@id\":\"https:\/\/climatlantic.panchroma.dev\/fr\/#website\",\"url\":\"https:\/\/climatlantic.panchroma.dev\/fr\/\",\"name\":\"Climatlantic\",\"description\":\"Enhancing Atlantic Climate Resilience\",\"publisher\":{\"@id\":\"https:\/\/climatlantic.panchroma.dev\/fr\/#organization\"},\"potentialAction\":[{\"@type\":\"SearchAction\",\"target\":{\"@type\":\"EntryPoint\",\"urlTemplate\":\"https:\/\/climatlantic.panchroma.dev\/fr\/?s={search_term_string}\"},\"query-input\":{\"@type\":\"PropertyValueSpecification\",\"valueRequired\":true,\"valueName\":\"search_term_string\"}}],\"inLanguage\":\"fr-FR\"},{\"@type\":\"Organization\",\"@id\":\"https:\/\/climatlantic.panchroma.dev\/fr\/#organization\",\"name\":\"CLIMAtlantic\",\"url\":\"https:\/\/climatlantic.panchroma.dev\/fr\/\",\"logo\":{\"@type\":\"ImageObject\",\"inLanguage\":\"fr-FR\",\"@id\":\"https:\/\/climatlantic.panchroma.dev\/fr\/#\/schema\/logo\/image\/\",\"url\":\"https:\/\/climatlantic.ca\/wp\/wp-content\/uploads\/2021\/07\/cropped-Climatlantic_Favicon.png\",\"contentUrl\":\"https:\/\/climatlantic.ca\/wp\/wp-content\/uploads\/2021\/07\/cropped-Climatlantic_Favicon.png\",\"width\":512,\"height\":512,\"caption\":\"CLIMAtlantic\"},\"image\":{\"@id\":\"https:\/\/climatlantic.panchroma.dev\/fr\/#\/schema\/logo\/image\/\"},\"sameAs\":[\"https:\/\/www.facebook.com\/CLIMAtlanticInc\/\",\"http:\/\/instagram.com\/climatlantic\",\"https:\/\/www.linkedin.com\/company\/climatlantic\/\"]}]}<\/script>\n<!-- \/ Yoast SEO plugin. -->","yoast_head_json":{"title":"\u00c0 propos - CLIMAtlantic","robots":{"index":"index","follow":"follow","max-snippet":"max-snippet:-1","max-image-preview":"max-image-preview:large","max-video-preview":"max-video-preview:-1"},"canonical":"https:\/\/climatlantic.panchroma.dev\/fr\/apropos\/","og_locale":"fr_FR","og_type":"article","og_title":"\u00c0 propos - CLIMAtlantic","og_description":"Au sujet de CLIMAtlantic CLIMAtlantic facilite l\u2019acc\u00e8s aux informations climatiques pertinentes au niveau r\u00e9gional et soutient leur utilisation efficace dans la planification et la prise de d\u00e9cisions pour le Nouveau-Brunswick, la Nouvelle-\u00c9cosse, l\u2019\u00cele-du-Prince-\u00c9douard et Terre\u2011Neuve\u2011et\u2011Labrador. Nous sommes ax\u00e9s sur les utilisateurs, et nous nous concentrons sur les besoins des communaut\u00e9s autochtones, des universit\u00e9s, des gouvernements [&hellip;]","og_url":"https:\/\/climatlantic.panchroma.dev\/fr\/apropos\/","og_site_name":"CLIMAtlantic","article_publisher":"https:\/\/www.facebook.com\/CLIMAtlanticInc\/","article_modified_time":"2025-11-25T21:04:54+00:00","twitter_card":"summary_large_image","twitter_misc":{"Dur\u00e9e de lecture estim\u00e9e":"9 minutes"},"schema":{"@context":"https:\/\/schema.org","@graph":[{"@type":"WebPage","@id":"https:\/\/climatlantic.panchroma.dev\/fr\/apropos\/","url":"https:\/\/climatlantic.panchroma.dev\/fr\/apropos\/","name":"\u00c0 propos - CLIMAtlantic","isPartOf":{"@id":"https:\/\/climatlantic.panchroma.dev\/fr\/#website"},"datePublished":"2021-12-06T15:55:13+00:00","dateModified":"2025-11-25T21:04:54+00:00","breadcrumb":{"@id":"https:\/\/climatlantic.panchroma.dev\/fr\/apropos\/#breadcrumb"},"inLanguage":"fr-FR","potentialAction":[{"@type":"ReadAction","target":["https:\/\/climatlantic.panchroma.dev\/fr\/apropos\/"]}]},{"@type":"BreadcrumbList","@id":"https:\/\/climatlantic.panchroma.dev\/fr\/apropos\/#breadcrumb","itemListElement":[{"@type":"ListItem","position":1,"name":"Home","item":"https:\/\/climatlantic.panchroma.dev\/fr\/"},{"@type":"ListItem","position":2,"name":"\u00c0 propos"}]},{"@type":"WebSite","@id":"https:\/\/climatlantic.panchroma.dev\/fr\/#website","url":"https:\/\/climatlantic.panchroma.dev\/fr\/","name":"Climatlantic","description":"Enhancing Atlantic Climate Resilience","publisher":{"@id":"https:\/\/climatlantic.panchroma.dev\/fr\/#organization"},"potentialAction":[{"@type":"SearchAction","target":{"@type":"EntryPoint","urlTemplate":"https:\/\/climatlantic.panchroma.dev\/fr\/?s={search_term_string}"},"query-input":{"@type":"PropertyValueSpecification","valueRequired":true,"valueName":"search_term_string"}}],"inLanguage":"fr-FR"},{"@type":"Organization","@id":"https:\/\/climatlantic.panchroma.dev\/fr\/#organization","name":"CLIMAtlantic","url":"https:\/\/climatlantic.panchroma.dev\/fr\/","logo":{"@type":"ImageObject","inLanguage":"fr-FR","@id":"https:\/\/climatlantic.panchroma.dev\/fr\/#\/schema\/logo\/image\/","url":"https:\/\/climatlantic.ca\/wp\/wp-content\/uploads\/2021\/07\/cropped-Climatlantic_Favicon.png","contentUrl":"https:\/\/climatlantic.ca\/wp\/wp-content\/uploads\/2021\/07\/cropped-Climatlantic_Favicon.png","width":512,"height":512,"caption":"CLIMAtlantic"},"image":{"@id":"https:\/\/climatlantic.panchroma.dev\/fr\/#\/schema\/logo\/image\/"},"sameAs":["https:\/\/www.facebook.com\/CLIMAtlanticInc\/","http:\/\/instagram.com\/climatlantic","https:\/\/www.linkedin.com\/company\/climatlantic\/"]}]}},"_links":{"self":[{"href":"https:\/\/climatlantic.panchroma.dev\/fr\/wp-json\/wp\/v2\/pages\/2085","targetHints":{"allow":["GET"]}}],"collection":[{"href":"https:\/\/climatlantic.panchroma.dev\/fr\/wp-json\/wp\/v2\/pages"}],"about":[{"href":"https:\/\/climatlantic.panchroma.dev\/fr\/wp-json\/wp\/v2\/types\/page"}],"author":[{"embeddable":true,"href":"https:\/\/climatlantic.panchroma.dev\/fr\/wp-json\/wp\/v2\/users\/1"}],"replies":[{"embeddable":true,"href":"https:\/\/climatlantic.panchroma.dev\/fr\/wp-json\/wp\/v2\/comments?post=2085"}],"version-history":[{"count":7,"href":"https:\/\/climatlantic.panchroma.dev\/fr\/wp-json\/wp\/v2\/pages\/2085\/revisions"}],"predecessor-version":[{"id":18896,"href":"https:\/\/climatlantic.panchroma.dev\/fr\/wp-json\/wp\/v2\/pages\/2085\/revisions\/18896"}],"wp:attachment":[{"href":"https:\/\/climatlantic.panchroma.dev\/fr\/wp-json\/wp\/v2\/media?parent=2085"}],"wp:term":[{"taxonomy":"category","embeddable":true,"href":"https:\/\/climatlantic.panchroma.dev\/fr\/wp-json\/wp\/v2\/categories?post=2085"},{"taxonomy":"post_tag","embeddable":true,"href":"https:\/\/climatlantic.panchroma.dev\/fr\/wp-json\/wp\/v2\/tags?post=2085"}],"curies":[{"name":"wp","href":"https:\/\/api.w.org\/{rel}","templated":true}]}}