{"id":18310,"date":"2025-10-02T13:15:49","date_gmt":"2025-10-02T16:15:49","guid":{"rendered":"https:\/\/climatlantic.ca\/?page_id=18310"},"modified":"2025-12-02T11:14:36","modified_gmt":"2025-12-02T15:14:36","slug":"conference-2026","status":"publish","type":"page","link":"https:\/\/climatlantic.panchroma.dev\/fr\/nos-actualites-et-evenements\/conference-2026\/","title":{"rendered":"Conf\u00e9rence 2026"},"content":{"rendered":"<p>[et_pb_section fb_built=&#8221;1&#8243; fullwidth=&#8221;on&#8221; _builder_version=&#8221;4.27.4&#8243; _module_preset=&#8221;default&#8221; background_color=&#8221;RGBA(255,255,255,0)&#8221; custom_margin=&#8221;||||false|false&#8221; custom_padding=&#8221;||||false|false&#8221; da_disable_devices=&#8221;off|off|off&#8221; global_colors_info=&#8221;{}&#8221; da_is_popup=&#8221;off&#8221; da_exit_intent=&#8221;off&#8221; da_has_close=&#8221;on&#8221; da_alt_close=&#8221;off&#8221; da_dark_close=&#8221;off&#8221; da_not_modal=&#8221;on&#8221; da_is_singular=&#8221;off&#8221; da_with_loader=&#8221;off&#8221; da_has_shadow=&#8221;on&#8221;][et_pb_fullwidth_header title=&#8221;R\u00e9silience connect\u00e9e : Conf\u00e9rence sur l&#8217;adaptation dans la r\u00e9gion de l\u2019Atlantique 2026&#8243; subhead=&#8221;Nouer le temps, l&#8217;espace, les savoirs et les valeurs&#8221; text_orientation=&#8221;center&#8221; background_overlay_color=&#8221;RGBA(255,255,255,0)&#8221; content_max_width=&#8221;120%&#8221; title_tablet=&#8221;R\u00e9silience connect\u00e9e : Conf\u00e9rence sur l&#8217;adaptation dans la r\u00e9gion de l\u2019Atlantique 2026&#8243; title_phone=&#8221;R\u00e9silience connect\u00e9e : Conf\u00e9rence sur l&#8217;adaptation dans la r\u00e9gion de l\u2019Atlantique 2026&#8243; title_last_edited=&#8221;on|desktop&#8221; content_max_width_tablet=&#8221;110%&#8221; content_max_width_phone=&#8221;100%&#8221; content_max_width_last_edited=&#8221;on|tablet&#8221; _builder_version=&#8221;4.27.4&#8243; _module_preset=&#8221;default&#8221; title_text_align=&#8221;center&#8221; title_text_color=&#8221;#FFFFFF&#8221; title_font_size=&#8221;34px&#8221; title_line_height=&#8221;1.3em&#8221; subhead_font=&#8221;&#8211;et_global_heading_font|700|||||||&#8221; subhead_text_color=&#8221;#F89D1E&#8221; subhead_font_size=&#8221;25px&#8221; subhead_line_height=&#8221;1.3em&#8221; background_color=&#8221;RGBA(255,255,255,0)&#8221; background_image=&#8221;https:\/\/climatlantic.ca\/wp\/wp-content\/uploads\/2025\/09\/Conference_Background_1.png&#8221; background_enable_video_mp4=&#8221;off&#8221; width=&#8221;100%&#8221; height=&#8221;295px&#8221; height_tablet=&#8221;230px&#8221; height_phone=&#8221;200px&#8221; height_last_edited=&#8221;on|desktop&#8221; custom_margin=&#8221;0px|0px||0px|false|false&#8221; custom_margin_tablet=&#8221;40px||||false|false&#8221; custom_margin_phone=&#8221;||||false|false&#8221; custom_margin_last_edited=&#8221;on|desktop&#8221; custom_padding=&#8221;96px|0px||0px|false|false&#8221; custom_padding_tablet=&#8221;25px||||false|false&#8221; custom_padding_phone=&#8221;15px||||false|false&#8221; custom_padding_last_edited=&#8221;on|phone&#8221; title_font_size_tablet=&#8221;27px&#8221; title_font_size_phone=&#8221;16px&#8221; title_font_size_last_edited=&#8221;on|tablet&#8221; subhead_font_size_tablet=&#8221;18.2px&#8221; subhead_font_size_phone=&#8221;14px&#8221; subhead_font_size_last_edited=&#8221;on|phone&#8221; global_colors_info=&#8221;{}&#8221;][\/et_pb_fullwidth_header][\/et_pb_section][et_pb_section fb_built=&#8221;1&#8243; _builder_version=&#8221;4.27.4&#8243; _module_preset=&#8221;default&#8221; background_color=&#8221;#238ACA&#8221; custom_margin=&#8221;0px||||false|false&#8221; custom_margin_tablet=&#8221;0px||||false|false&#8221; custom_margin_phone=&#8221;0px||||false|false&#8221; custom_margin_last_edited=&#8221;on|desktop&#8221; custom_padding=&#8221;20px||18px||false|false&#8221; da_disable_devices=&#8221;off|off|off&#8221; global_colors_info=&#8221;{}&#8221; da_is_popup=&#8221;off&#8221; da_exit_intent=&#8221;off&#8221; da_has_close=&#8221;on&#8221; da_alt_close=&#8221;off&#8221; da_dark_close=&#8221;off&#8221; da_not_modal=&#8221;on&#8221; da_is_singular=&#8221;off&#8221; da_with_loader=&#8221;off&#8221; da_has_shadow=&#8221;on&#8221;][et_pb_row _builder_version=&#8221;4.27.4&#8243; _module_preset=&#8221;default&#8221; custom_padding=&#8221;5px||0px||false|false&#8221; global_colors_info=&#8221;{}&#8221;][et_pb_column type=&#8221;4_4&#8243; _builder_version=&#8221;4.27.4&#8243; _module_preset=&#8221;default&#8221; global_colors_info=&#8221;{}&#8221;][et_pb_text _builder_version=&#8221;4.27.4&#8243; _module_preset=&#8221;default&#8221; text_text_color=&#8221;#238ACA&#8221; header_text_color=&#8221;#FFFFFF&#8221; header_font_size=&#8221;32px&#8221; header_2_text_color=&#8221;#FFFFFF&#8221; header_3_text_color=&#8221;#FFFFFF&#8221; header_3_font_size=&#8221;26px&#8221; header_3_line_height=&#8221;1.5em&#8221; text_orientation=&#8221;center&#8221; custom_padding=&#8221;||||false|false&#8221; header_font_size_tablet=&#8221;26px&#8221; header_font_size_phone=&#8221;22px&#8221; header_font_size_last_edited=&#8221;on|tablet&#8221; header_3_font_size_tablet=&#8221;26px&#8221; header_3_font_size_phone=&#8221;20px&#8221; header_3_font_size_last_edited=&#8221;on|phone&#8221; global_colors_info=&#8221;{}&#8221;]<\/p>\n<h1>May 27 &#8211; 28, 2026<\/h1>\n<h3>Halifax, Nouvelle-\u00c9cosse<\/h3>\n<p>[\/et_pb_text][\/et_pb_column][\/et_pb_row][\/et_pb_section][et_pb_section fb_built=&#8221;1&#8243; _builder_version=&#8221;4.27.4&#8243; _module_preset=&#8221;default&#8221; da_disable_devices=&#8221;off|off|off&#8221; global_colors_info=&#8221;{}&#8221; da_is_popup=&#8221;off&#8221; da_exit_intent=&#8221;off&#8221; da_has_close=&#8221;on&#8221; da_alt_close=&#8221;off&#8221; da_dark_close=&#8221;off&#8221; da_not_modal=&#8221;on&#8221; da_is_singular=&#8221;off&#8221; da_with_loader=&#8221;off&#8221; da_has_shadow=&#8221;on&#8221;][et_pb_row custom_padding_last_edited=&#8221;on|phone&#8221; _builder_version=&#8221;4.27.4&#8243; _module_preset=&#8221;default&#8221; custom_padding=&#8221;0px|80px||80px|false|false&#8221; custom_padding_tablet=&#8221;|40px||40px|false|false&#8221; custom_padding_phone=&#8221;|0px||0px|false|false&#8221; global_colors_info=&#8221;{}&#8221;][et_pb_column type=&#8221;4_4&#8243; _builder_version=&#8221;4.27.4&#8243; _module_preset=&#8221;default&#8221; global_colors_info=&#8221;{}&#8221;][et_pb_text _builder_version=&#8221;4.27.4&#8243; _module_preset=&#8221;default&#8221; header_5_text_align=&#8221;left&#8221; global_colors_info=&#8221;{}&#8221;]<\/p>\n<p><span style=\"font-weight: 400;\">Joignez-vous \u00e0 CLIMAtlantic pour deux jours de rencontres et d&#8217;\u00e9changes afin de renforcer la r\u00e9silience climatique dans la r\u00e9gion de l\u2019Atlantique. Cette conf\u00e9rence r\u00e9unira des praticiens de l&#8217;adaptation aux changements climatiques, des d\u00e9tenteurs de connaissances, des leaders communautaires, des d\u00e9cideurs politiques, des ing\u00e9nieurs, des universitaires, des jeunes, des artistes et une foule d\u2019autres personnes.<\/span><\/p>\n<p><strong>Nous explorerons les th\u00e8mes suivants tout au long de la conf\u00e9rence :<\/strong><\/p>\n<p>[\/et_pb_text][et_pb_text _builder_version=&#8221;4.27.4&#8243; _module_preset=&#8221;default&#8221; max_width=&#8221;95%&#8221; max_width_tablet=&#8221;92%&#8221; max_width_phone=&#8221;100%&#8221; max_width_last_edited=&#8221;on|phone&#8221; module_alignment=&#8221;center&#8221; custom_margin=&#8221;||0px||false|false&#8221; custom_padding=&#8221;||||false|false&#8221; header_5_font_size_tablet=&#8221;&#8221; header_5_font_size_phone=&#8221;&#8221; header_5_font_size_last_edited=&#8221;on|phone&#8221; global_colors_info=&#8221;{}&#8221;]<\/p>\n<ul>\n<li>\n<h5><em><strong>De la r\u00e9ponse \u00e0 la pr\u00e9paration<\/strong><\/em><\/h5>\n<\/li>\n<li>\n<h5><em><strong>Laisser la nature prendre les devants<\/strong><\/em><\/h5>\n<\/li>\n<li>\n<h5><em><strong>S&#8217;aligner sur les priorit\u00e9s sociales, \u00e9conomiques et environnementales<\/strong><\/em><\/h5>\n<\/li>\n<li>\n<h5><em><strong>\u00c9viter et r\u00e9agir \u00e0 la maladaptation<\/strong><\/em><\/h5>\n<\/li>\n<li>\n<h5><em><strong>L&#8217;adaptation en tant que processus continu et \u00e9volutif<\/strong><\/em><\/h5>\n<\/li>\n<\/ul>\n<p>[\/et_pb_text][et_pb_text _builder_version=&#8221;4.27.4&#8243; _module_preset=&#8221;default&#8221; custom_margin=&#8221;||15px||false|false&#8221; global_colors_info=&#8221;{}&#8221;]<\/p>\n<p><span style=\"font-weight: 400;\">Profitez d&#8217;ateliers captivants, d&#8217;activit\u00e9s pratiques, de tables rondes et de conf\u00e9rences ax\u00e9es sur les risques climatiques, l&#8217;adaptation et la r\u00e9silience. Nous ferons aussi \u00e9tat d\u2019approches et d\u2019\u00e9tudes de cas propres \u00e0 la r\u00e9gion de l&#8217;Atlantique. Vous repartirez de la conf\u00e9rence avec des outils et des ressources pratiques pour renforcer la r\u00e9silience connect\u00e9e, ainsi qu&#8217;un r\u00e9seau plus vaste et toutes sortes de pistes pour en apprendre plus long sur la r\u00e9silience connect\u00e9e.<\/span><\/p>\n<p><strong>Les inscriptions pour la conf\u00e9rence ouvriront en janvier 2026 et un appel \u00e0 candidatures pour les conf\u00e9renciers sera lanc\u00e9 \u00e0 l&#8217;automne 2025.<\/strong><\/p>\n<p>Les personnes suivantes assureront la copr\u00e9sidence de cette conf\u00e9rence :<\/p>\n<ul>\n<li><strong>Sabine Dietz<\/strong>, directrice g\u00e9n\u00e9rale de CLIMAtlantic<\/li>\n<li><strong>Tim Bernard<\/strong>, gestionnaire des ressources naturelles de la Premi\u00e8re Nation de Lennox Island<\/li>\n<li><strong>Stephanie Arnold<\/strong>, directrice g\u00e9n\u00e9rale adjointe et sp\u00e9cialiste des Services climatiques de l&#8217;\u00cele-du-Prince-\u00c9douard chez CLIMAtlantic<strong><br \/><\/strong><\/li>\n<\/ul>\n<p>[\/et_pb_text][et_pb_text _builder_version=&#8221;4.27.4&#8243; _module_preset=&#8221;default&#8221; header_4_text_color=&#8221;#F89D1E&#8221; width=&#8221;101%&#8221; max_width=&#8221;101%&#8221; global_colors_info=&#8221;{}&#8221;]<\/p>\n<h4 style=\"text-align: center;\"><span>Demande de propositions : Soutien \u00e0 la conf\u00e9rence<\/span><\/h4>\n<p style=\"text-align: center;\"><span>Nous recherchons un prestataire exp\u00e9riment\u00e9 pour aider notre \u00e9quipe dans la planification, la logistique et la mise en \u0153uvre de la conf\u00e9rence. <\/span><\/p>\n<p style=\"text-align: center;\"><strong>Les candidatures sont accept\u00e9es jusqu&#8217;\u00e0 ce que le poste soit pourvu.<\/strong><\/p>\n<p>[\/et_pb_text][et_pb_button button_url=&#8221;https:\/\/climatlantic.ca\/wp\/wp-content\/uploads\/2025\/12\/Request-for-Proposals_Conference-support_FR_updated-Dec-2.docx.pdf&#8221; url_new_window=&#8221;on&#8221; button_text=&#8221;Plus d&#8217;informations + Soumettre votre proposition&#8221; button_alignment=&#8221;center&#8221; _builder_version=&#8221;4.27.4&#8243; _module_preset=&#8221;default&#8221; custom_button=&#8221;on&#8221; button_text_size=&#8221;16px&#8221; button_icon=&#8221;&#x6c;||divi||400&#8243; hover_enabled=&#8221;0&#8243; box_shadow_style=&#8221;preset1&#8243; box_shadow_blur=&#8221;10px&#8221; global_colors_info=&#8221;{}&#8221; sticky_enabled=&#8221;0&#8243;][\/et_pb_button][et_pb_cta title=&#8221;Soyez parmi les premiers inform\u00e9s des inscriptions, des possibilit\u00e9s de contribution et plus encore \u2014 remplissez le formulaire ci-dessous!&#8221; _builder_version=&#8221;4.27.4&#8243; _module_preset=&#8221;default&#8221; header_text_color=&#8221;#FFFFFF&#8221; header_font_size=&#8221;27px&#8221; background_color=&#8221;#50B848&#8243; button_alignment=&#8221;left&#8221; width=&#8221;100%&#8221; max_height=&#8221;116px&#8221; custom_padding=&#8221;12px||||false|false&#8221; header_font_size_tablet=&#8221;20px&#8221; header_font_size_phone=&#8221;16px&#8221; header_font_size_last_edited=&#8221;on|phone&#8221; module_alignment_tablet=&#8221;&#8221; module_alignment_phone=&#8221;&#8221; module_alignment_last_edited=&#8221;on|desktop&#8221; global_colors_info=&#8221;{}&#8221;][\/et_pb_cta][et_pb_text _builder_version=&#8221;4.27.4&#8243; _module_preset=&#8221;default&#8221; global_colors_info=&#8221;{}&#8221;]<p>Please activate your license to enable all features and receive new updates.<\/p>[\/et_pb_text][\/et_pb_column][\/et_pb_row][et_pb_row _builder_version=&#8221;4.27.4&#8243; _module_preset=&#8221;default&#8221; global_colors_info=&#8221;{}&#8221;][et_pb_column type=&#8221;4_4&#8243; _builder_version=&#8221;4.27.4&#8243; _module_preset=&#8221;default&#8221; global_colors_info=&#8221;{}&#8221;][et_pb_text _builder_version=&#8221;4.27.4&#8243; _module_preset=&#8221;default&#8221; global_colors_info=&#8221;{}&#8221;]<\/p>\n<p><em>Appuy\u00e9 par :<\/em><\/p>\n<p>[\/et_pb_text][\/et_pb_column][\/et_pb_row][et_pb_row column_structure=&#8221;1_4,1_4,1_4,1_4&#8243; _builder_version=&#8221;4.27.4&#8243; _module_preset=&#8221;default&#8221; global_colors_info=&#8221;{}&#8221;][et_pb_column type=&#8221;1_4&#8243; _builder_version=&#8221;4.27.4&#8243; _module_preset=&#8221;default&#8221; global_colors_info=&#8221;{}&#8221;][et_pb_image src=&#8221;https:\/\/climatlantic.ca\/wp\/wp-content\/uploads\/2025\/11\/nsflag_colour.png&#8221; alt=&#8221;Government of Nova Scotia logo<\/p>\n<p>Logo du gouvernement de la Nouvelle-\u00c9cosse&#8221; title_text=&#8221;Government of Nova Scotia&#8221; align=&#8221;center&#8221; _builder_version=&#8221;4.27.4&#8243; _module_preset=&#8221;default&#8221; global_colors_info=&#8221;{}&#8221;][\/et_pb_image][\/et_pb_column][et_pb_column type=&#8221;1_4&#8243; _builder_version=&#8221;4.27.4&#8243; _module_preset=&#8221;default&#8221; global_colors_info=&#8221;{}&#8221;][et_pb_image src=&#8221;https:\/\/climatlantic.ca\/wp\/wp-content\/uploads\/2025\/11\/government-brand-small.png&#8221; alt=&#8221;Government of Newfoundland and Labrador logo<br \/>\nLogo du gouvernement de Terre-Neuve-et-Labrador&#8221; title_text=&#8221;Government of Newfoundland and Labrador&#8221; align=&#8221;center&#8221; _builder_version=&#8221;4.27.4&#8243; _module_preset=&#8221;default&#8221; global_colors_info=&#8221;{}&#8221;][\/et_pb_image][\/et_pb_column][et_pb_column type=&#8221;1_4&#8243; _builder_version=&#8221;4.27.4&#8243; _module_preset=&#8221;default&#8221; global_colors_info=&#8221;{}&#8221;][et_pb_image src=&#8221;https:\/\/climatlantic.ca\/wp\/wp-content\/uploads\/2025\/11\/nb-colour-couleur.png&#8221; alt=&#8221;Government of New Brunswick logo<br \/>\nLogo du gouvernement du Nouveau-Brunswick&#8221; title_text=&#8221;Government of New Brunswick&#8221; align=&#8221;center&#8221; _builder_version=&#8221;4.27.4&#8243; _module_preset=&#8221;default&#8221; width=&#8221;80%&#8221; global_colors_info=&#8221;{}&#8221;][\/et_pb_image][\/et_pb_column][et_pb_column type=&#8221;1_4&#8243; _builder_version=&#8221;4.27.4&#8243; _module_preset=&#8221;default&#8221; global_colors_info=&#8221;{}&#8221;][et_pb_image src=&#8221;https:\/\/climatlantic.ca\/wp\/wp-content\/uploads\/2025\/11\/Screenshot-2025-11-25-110214.png&#8221; alt=&#8221;Government of Prince Edward Island logo<br \/>\nLogo du gouvernement de l&#8217;\u00cele-du-Prince-\u00c9douard&#8221; title_text=&#8221;Gouvernement de l&#8217;\u00cele-du-Prince-\u00c9douard&#8221; align=&#8221;center&#8221; _builder_version=&#8221;4.27.4&#8243; _module_preset=&#8221;default&#8221; width=&#8221;65%&#8221; global_colors_info=&#8221;{}&#8221;][\/et_pb_image][\/et_pb_column][\/et_pb_row][\/et_pb_section]<\/p>\n","protected":false},"excerpt":{"rendered":"<p>May 27 &#8211; 28, 2026 Halifax, Nouvelle-\u00c9cosseJoignez-vous \u00e0 CLIMAtlantic pour deux jours de rencontres et d&#8217;\u00e9changes afin de renforcer la r\u00e9silience climatique dans la r\u00e9gion de l\u2019Atlantique. Cette conf\u00e9rence r\u00e9unira des praticiens de l&#8217;adaptation aux changements climatiques, des d\u00e9tenteurs de connaissances, des leaders communautaires, des d\u00e9cideurs politiques, des ing\u00e9nieurs, des universitaires, des jeunes, des artistes [&hellip;]<\/p>\n","protected":false},"author":1,"featured_media":0,"parent":5441,"menu_order":0,"comment_status":"closed","ping_status":"closed","template":"","meta":{"_et_pb_use_builder":"on","_et_pb_old_content":"","_et_gb_content_width":"","footnotes":""},"categories":[],"tags":[],"class_list":["post-18310","page","type-page","status-publish","hentry"],"yoast_head":"<!-- This site is optimized with the Yoast SEO plugin v26.5 - https:\/\/yoast.com\/wordpress\/plugins\/seo\/ -->\n<title>Conf\u00e9rence 2026 - CLIMAtlantic<\/title>\n<meta name=\"robots\" content=\"index, follow, max-snippet:-1, max-image-preview:large, max-video-preview:-1\" \/>\n<link rel=\"canonical\" href=\"https:\/\/climatlantic.panchroma.dev\/fr\/nos-actualites-et-evenements\/conference-2026\/\" \/>\n<meta property=\"og:locale\" content=\"fr_FR\" \/>\n<meta property=\"og:type\" content=\"article\" \/>\n<meta property=\"og:title\" content=\"Conf\u00e9rence 2026 - CLIMAtlantic\" \/>\n<meta property=\"og:description\" content=\"May 27 - 28, 2026 Halifax, Nouvelle-\u00c9cosseJoignez-vous \u00e0 CLIMAtlantic pour deux jours de rencontres et d&#039;\u00e9changes afin de renforcer la r\u00e9silience climatique dans la r\u00e9gion de l\u2019Atlantique. Cette conf\u00e9rence r\u00e9unira des praticiens de l&#039;adaptation aux changements climatiques, des d\u00e9tenteurs de connaissances, des leaders communautaires, des d\u00e9cideurs politiques, des ing\u00e9nieurs, des universitaires, des jeunes, des artistes [&hellip;]\" \/>\n<meta property=\"og:url\" content=\"https:\/\/climatlantic.panchroma.dev\/fr\/nos-actualites-et-evenements\/conference-2026\/\" \/>\n<meta property=\"og:site_name\" content=\"CLIMAtlantic\" \/>\n<meta property=\"article:publisher\" content=\"https:\/\/www.facebook.com\/CLIMAtlanticInc\/\" \/>\n<meta property=\"article:modified_time\" content=\"2025-12-02T15:14:36+00:00\" \/>\n<meta name=\"twitter:card\" content=\"summary_large_image\" \/>\n<meta name=\"twitter:label1\" content=\"Dur\u00e9e de lecture estim\u00e9e\" \/>\n\t<meta name=\"twitter:data1\" content=\"8 minutes\" \/>\n<script type=\"application\/ld+json\" class=\"yoast-schema-graph\">{\"@context\":\"https:\/\/schema.org\",\"@graph\":[{\"@type\":\"WebPage\",\"@id\":\"https:\/\/climatlantic.panchroma.dev\/fr\/nos-actualites-et-evenements\/conference-2026\/\",\"url\":\"https:\/\/climatlantic.panchroma.dev\/fr\/nos-actualites-et-evenements\/conference-2026\/\",\"name\":\"Conf\u00e9rence 2026 - CLIMAtlantic\",\"isPartOf\":{\"@id\":\"https:\/\/climatlantic.panchroma.dev\/fr\/#website\"},\"datePublished\":\"2025-10-02T16:15:49+00:00\",\"dateModified\":\"2025-12-02T15:14:36+00:00\",\"breadcrumb\":{\"@id\":\"https:\/\/climatlantic.panchroma.dev\/fr\/nos-actualites-et-evenements\/conference-2026\/#breadcrumb\"},\"inLanguage\":\"fr-FR\",\"potentialAction\":[{\"@type\":\"ReadAction\",\"target\":[\"https:\/\/climatlantic.panchroma.dev\/fr\/nos-actualites-et-evenements\/conference-2026\/\"]}]},{\"@type\":\"BreadcrumbList\",\"@id\":\"https:\/\/climatlantic.panchroma.dev\/fr\/nos-actualites-et-evenements\/conference-2026\/#breadcrumb\",\"itemListElement\":[{\"@type\":\"ListItem\",\"position\":1,\"name\":\"Home\",\"item\":\"https:\/\/climatlantic.panchroma.dev\/fr\/\"},{\"@type\":\"ListItem\",\"position\":2,\"name\":\"Nos actualit\u00e9s et \u00e9v\u00e9nements\",\"item\":\"https:\/\/climatlantic.panchroma.dev\/fr\/our-news-events\/\"},{\"@type\":\"ListItem\",\"position\":3,\"name\":\"Conf\u00e9rence 2026\"}]},{\"@type\":\"WebSite\",\"@id\":\"https:\/\/climatlantic.panchroma.dev\/fr\/#website\",\"url\":\"https:\/\/climatlantic.panchroma.dev\/fr\/\",\"name\":\"Climatlantic\",\"description\":\"Enhancing Atlantic Climate Resilience\",\"publisher\":{\"@id\":\"https:\/\/climatlantic.panchroma.dev\/fr\/#organization\"},\"potentialAction\":[{\"@type\":\"SearchAction\",\"target\":{\"@type\":\"EntryPoint\",\"urlTemplate\":\"https:\/\/climatlantic.panchroma.dev\/fr\/?s={search_term_string}\"},\"query-input\":{\"@type\":\"PropertyValueSpecification\",\"valueRequired\":true,\"valueName\":\"search_term_string\"}}],\"inLanguage\":\"fr-FR\"},{\"@type\":\"Organization\",\"@id\":\"https:\/\/climatlantic.panchroma.dev\/fr\/#organization\",\"name\":\"CLIMAtlantic\",\"url\":\"https:\/\/climatlantic.panchroma.dev\/fr\/\",\"logo\":{\"@type\":\"ImageObject\",\"inLanguage\":\"fr-FR\",\"@id\":\"https:\/\/climatlantic.panchroma.dev\/fr\/#\/schema\/logo\/image\/\",\"url\":\"https:\/\/climatlantic.ca\/wp\/wp-content\/uploads\/2021\/07\/cropped-Climatlantic_Favicon.png\",\"contentUrl\":\"https:\/\/climatlantic.ca\/wp\/wp-content\/uploads\/2021\/07\/cropped-Climatlantic_Favicon.png\",\"width\":512,\"height\":512,\"caption\":\"CLIMAtlantic\"},\"image\":{\"@id\":\"https:\/\/climatlantic.panchroma.dev\/fr\/#\/schema\/logo\/image\/\"},\"sameAs\":[\"https:\/\/www.facebook.com\/CLIMAtlanticInc\/\",\"http:\/\/instagram.com\/climatlantic\",\"https:\/\/www.linkedin.com\/company\/climatlantic\/\"]}]}<\/script>\n<!-- \/ Yoast SEO plugin. -->","yoast_head_json":{"title":"Conf\u00e9rence 2026 - CLIMAtlantic","robots":{"index":"index","follow":"follow","max-snippet":"max-snippet:-1","max-image-preview":"max-image-preview:large","max-video-preview":"max-video-preview:-1"},"canonical":"https:\/\/climatlantic.panchroma.dev\/fr\/nos-actualites-et-evenements\/conference-2026\/","og_locale":"fr_FR","og_type":"article","og_title":"Conf\u00e9rence 2026 - CLIMAtlantic","og_description":"May 27 - 28, 2026 Halifax, Nouvelle-\u00c9cosseJoignez-vous \u00e0 CLIMAtlantic pour deux jours de rencontres et d'\u00e9changes afin de renforcer la r\u00e9silience climatique dans la r\u00e9gion de l\u2019Atlantique. Cette conf\u00e9rence r\u00e9unira des praticiens de l'adaptation aux changements climatiques, des d\u00e9tenteurs de connaissances, des leaders communautaires, des d\u00e9cideurs politiques, des ing\u00e9nieurs, des universitaires, des jeunes, des artistes [&hellip;]","og_url":"https:\/\/climatlantic.panchroma.dev\/fr\/nos-actualites-et-evenements\/conference-2026\/","og_site_name":"CLIMAtlantic","article_publisher":"https:\/\/www.facebook.com\/CLIMAtlanticInc\/","article_modified_time":"2025-12-02T15:14:36+00:00","twitter_card":"summary_large_image","twitter_misc":{"Dur\u00e9e de lecture estim\u00e9e":"8 minutes"},"schema":{"@context":"https:\/\/schema.org","@graph":[{"@type":"WebPage","@id":"https:\/\/climatlantic.panchroma.dev\/fr\/nos-actualites-et-evenements\/conference-2026\/","url":"https:\/\/climatlantic.panchroma.dev\/fr\/nos-actualites-et-evenements\/conference-2026\/","name":"Conf\u00e9rence 2026 - CLIMAtlantic","isPartOf":{"@id":"https:\/\/climatlantic.panchroma.dev\/fr\/#website"},"datePublished":"2025-10-02T16:15:49+00:00","dateModified":"2025-12-02T15:14:36+00:00","breadcrumb":{"@id":"https:\/\/climatlantic.panchroma.dev\/fr\/nos-actualites-et-evenements\/conference-2026\/#breadcrumb"},"inLanguage":"fr-FR","potentialAction":[{"@type":"ReadAction","target":["https:\/\/climatlantic.panchroma.dev\/fr\/nos-actualites-et-evenements\/conference-2026\/"]}]},{"@type":"BreadcrumbList","@id":"https:\/\/climatlantic.panchroma.dev\/fr\/nos-actualites-et-evenements\/conference-2026\/#breadcrumb","itemListElement":[{"@type":"ListItem","position":1,"name":"Home","item":"https:\/\/climatlantic.panchroma.dev\/fr\/"},{"@type":"ListItem","position":2,"name":"Nos actualit\u00e9s et \u00e9v\u00e9nements","item":"https:\/\/climatlantic.panchroma.dev\/fr\/our-news-events\/"},{"@type":"ListItem","position":3,"name":"Conf\u00e9rence 2026"}]},{"@type":"WebSite","@id":"https:\/\/climatlantic.panchroma.dev\/fr\/#website","url":"https:\/\/climatlantic.panchroma.dev\/fr\/","name":"Climatlantic","description":"Enhancing Atlantic Climate Resilience","publisher":{"@id":"https:\/\/climatlantic.panchroma.dev\/fr\/#organization"},"potentialAction":[{"@type":"SearchAction","target":{"@type":"EntryPoint","urlTemplate":"https:\/\/climatlantic.panchroma.dev\/fr\/?s={search_term_string}"},"query-input":{"@type":"PropertyValueSpecification","valueRequired":true,"valueName":"search_term_string"}}],"inLanguage":"fr-FR"},{"@type":"Organization","@id":"https:\/\/climatlantic.panchroma.dev\/fr\/#organization","name":"CLIMAtlantic","url":"https:\/\/climatlantic.panchroma.dev\/fr\/","logo":{"@type":"ImageObject","inLanguage":"fr-FR","@id":"https:\/\/climatlantic.panchroma.dev\/fr\/#\/schema\/logo\/image\/","url":"https:\/\/climatlantic.ca\/wp\/wp-content\/uploads\/2021\/07\/cropped-Climatlantic_Favicon.png","contentUrl":"https:\/\/climatlantic.ca\/wp\/wp-content\/uploads\/2021\/07\/cropped-Climatlantic_Favicon.png","width":512,"height":512,"caption":"CLIMAtlantic"},"image":{"@id":"https:\/\/climatlantic.panchroma.dev\/fr\/#\/schema\/logo\/image\/"},"sameAs":["https:\/\/www.facebook.com\/CLIMAtlanticInc\/","http:\/\/instagram.com\/climatlantic","https:\/\/www.linkedin.com\/company\/climatlantic\/"]}]}},"_links":{"self":[{"href":"https:\/\/climatlantic.panchroma.dev\/fr\/wp-json\/wp\/v2\/pages\/18310","targetHints":{"allow":["GET"]}}],"collection":[{"href":"https:\/\/climatlantic.panchroma.dev\/fr\/wp-json\/wp\/v2\/pages"}],"about":[{"href":"https:\/\/climatlantic.panchroma.dev\/fr\/wp-json\/wp\/v2\/types\/page"}],"author":[{"embeddable":true,"href":"https:\/\/climatlantic.panchroma.dev\/fr\/wp-json\/wp\/v2\/users\/1"}],"replies":[{"embeddable":true,"href":"https:\/\/climatlantic.panchroma.dev\/fr\/wp-json\/wp\/v2\/comments?post=18310"}],"version-history":[{"count":9,"href":"https:\/\/climatlantic.panchroma.dev\/fr\/wp-json\/wp\/v2\/pages\/18310\/revisions"}],"predecessor-version":[{"id":18946,"href":"https:\/\/climatlantic.panchroma.dev\/fr\/wp-json\/wp\/v2\/pages\/18310\/revisions\/18946"}],"up":[{"embeddable":true,"href":"https:\/\/climatlantic.panchroma.dev\/fr\/wp-json\/wp\/v2\/pages\/5441"}],"wp:attachment":[{"href":"https:\/\/climatlantic.panchroma.dev\/fr\/wp-json\/wp\/v2\/media?parent=18310"}],"wp:term":[{"taxonomy":"category","embeddable":true,"href":"https:\/\/climatlantic.panchroma.dev\/fr\/wp-json\/wp\/v2\/categories?post=18310"},{"taxonomy":"post_tag","embeddable":true,"href":"https:\/\/climatlantic.panchroma.dev\/fr\/wp-json\/wp\/v2\/tags?post=18310"}],"curies":[{"name":"wp","href":"https:\/\/api.w.org\/{rel}","templated":true}]}}