{"id":15060,"date":"2024-09-20T09:50:56","date_gmt":"2024-09-20T12:50:56","guid":{"rendered":"https:\/\/climatlantic.ca\/outils\/possibilites-financement\/subventions-de-wawanesa-pour-la-prevention-des-feux-incontroles-dans-les-communautes\/"},"modified":"2025-10-28T11:58:34","modified_gmt":"2025-10-28T14:58:34","slug":"subventions-de-wawanesa-pour-la-prevention-des-feux-incontroles-dans-les-communautes","status":"publish","type":"page","link":"https:\/\/climatlantic.panchroma.dev\/fr\/outils\/possibilites-financement\/subventions-de-wawanesa-pour-la-prevention-des-feux-incontroles-dans-les-communautes\/","title":{"rendered":"Subventions de Wawanesa pour la pr\u00e9vention des feux incontr\u00f4l\u00e9s dans les communaut\u00e9s"},"content":{"rendered":"<p>[et_pb_section fb_built=&#8221;1&#8243; _builder_version=&#8221;4.21.0&#8243; _module_preset=&#8221;default&#8221; da_disable_devices=&#8221;off|off|off&#8221; global_colors_info=&#8221;{}&#8221; da_is_popup=&#8221;off&#8221; da_exit_intent=&#8221;off&#8221; da_has_close=&#8221;on&#8221; da_alt_close=&#8221;off&#8221; da_dark_close=&#8221;off&#8221; da_not_modal=&#8221;on&#8221; da_is_singular=&#8221;off&#8221; da_with_loader=&#8221;off&#8221; da_has_shadow=&#8221;on&#8221;][et_pb_row _builder_version=&#8221;4.21.0&#8243; _module_preset=&#8221;default&#8221; global_colors_info=&#8221;{}&#8221;][et_pb_column type=&#8221;4_4&#8243; _builder_version=&#8221;4.21.0&#8243; _module_preset=&#8221;default&#8221; global_colors_info=&#8221;{}&#8221;][et_pb_image src=&#8221;https:\/\/climatlantic.ca\/wp\/wp-content\/uploads\/2024\/09\/french-1024&#215;538.jpg&#8221; alt=&#8221;Une image de trois randonneurs dans une for\u00eat bois\u00e9e, avec un logo \u00e0 gauche d&#8217;eux avec le texte &#8216;Subventions communautaires pour la pr\u00e9vention des incendies de for\u00eat&#8217;.&#8221; title_text=&#8221;french&#8221; url=&#8221;https:\/\/www.wawanesa.com\/canada\/wildfire-grants?language_id=102&#8243; url_new_window=&#8221;on&#8221; align=&#8221;center&#8221; _builder_version=&#8221;4.27.0&#8243; _module_preset=&#8221;default&#8221; width=&#8221;78%&#8221; custom_margin=&#8221;||12px||false|false&#8221; global_colors_info=&#8221;{}&#8221;][\/et_pb_image][et_pb_text _builder_version=&#8221;4.27.4&#8243; _module_preset=&#8221;default&#8221; custom_margin=&#8221;||188px|||&#8221; link_option_url_new_window=&#8221;on&#8221; hover_enabled=&#8221;0&#8243; global_colors_info=&#8221;{}&#8221; sticky_enabled=&#8221;0&#8243;]<\/p>\n<div class=\"et_pb_column et_pb_column_4_4 et_pb_column_19  et_pb_css_mix_blend_mode_passthrough et-last-child\">\n<div class=\"et_pb_module et_pb_text et_pb_text_18  et_pb_text_align_left et_pb_bg_layout_light\">\n<h4 class=\"et_pb_text_inner\"><a href=\"https:\/\/www.wawanesa.com\/canada\/wildfire-grants?language_id=102\" target=\"_blank\" rel=\"noopener\"><span style=\"text-decoration: underline;\">Subventions de Wawanesa pour la pr\u00e9vention des feux incontr\u00f4l\u00e9s dans les communaut\u00e9s<\/span><\/a><\/h4>\n<p><span data-sheets-root=\"1\">La compagnie d\u2019assurance Wawanesa offre des subventions dans le but de pr\u00e9venir les feux incontr\u00f4l\u00e9s dans les communaut\u00e9s. Les projets doivent viser \u00e0 am\u00e9liorer la r\u00e9silience des communaut\u00e9s locales face aux changements climatiques par diverses activit\u00e9s de pr\u00e9vention des incendies incontr\u00f4l\u00e9s. Parmi les exemples de projets financ\u00e9s pr\u00e9c\u00e9demment, citons la cr\u00e9ation de zones tampons autour des habitations, l\u2019\u00e9valuation des habitations avec des incitations en vue de l\u2019installation de syst\u00e8mes de gicleurs, des plans communautaires de protection contre les incendies hors de contr\u00f4le et des initiatives d\u2019\u00e9ducation du public. Les efforts visant \u00e0 r\u00e9duire le risque et l\u2019impact des incendies incontr\u00f4l\u00e9s contribuent \u00e0 prot\u00e9ger les habitations, les \u00e9cosyst\u00e8mes et les infrastructures contre les menaces croissantes d\u2019incendie, am\u00e9liorant ainsi la capacit\u00e9 d\u2019adaptation locale.<\/span><\/p>\n<p>Les candidatures doivent \u00eatre d\u00e9pos\u00e9es avant le 9 d\u00e9cembre 2025.<\/p>\n<p><span style=\"font-size: 14px;\"><\/span><\/p>\n<\/div>\n<\/div>\n<p>[\/et_pb_text][et_pb_button button_url=&#8221;@ET-DC@eyJkeW5hbWljIjp0cnVlLCJjb250ZW50IjoicG9zdF9saW5rX3VybF9wYWdlIiwic2V0dGluZ3MiOnsicG9zdF9pZCI6IjY2ODIifX0=@&#8221; button_text=&#8221;RETOUR AUX OPPORTUNIT\u00c9S DE FINANCEMENT&#8221; _builder_version=&#8221;4.27.4&#8243; _dynamic_attributes=&#8221;button_url&#8221; _module_preset=&#8221;default&#8221; custom_margin=&#8221;0px||||false|false&#8221; custom_padding=&#8221;||0px||false|false&#8221; global_colors_info=&#8221;{}&#8221;][\/et_pb_button][\/et_pb_column][\/et_pb_row][\/et_pb_section]<\/p>\n","protected":false},"excerpt":{"rendered":"<p>Subventions de Wawanesa pour la pr\u00e9vention des feux incontr\u00f4l\u00e9s dans les communaut\u00e9s La compagnie d\u2019assurance Wawanesa offre des subventions dans le but de pr\u00e9venir les feux incontr\u00f4l\u00e9s dans les communaut\u00e9s. Les projets doivent viser \u00e0 am\u00e9liorer la r\u00e9silience des communaut\u00e9s locales face aux changements climatiques par diverses activit\u00e9s de pr\u00e9vention des incendies incontr\u00f4l\u00e9s. Parmi les [&hellip;]<\/p>\n","protected":false},"author":18,"featured_media":0,"parent":7052,"menu_order":0,"comment_status":"closed","ping_status":"closed","template":"","meta":{"_et_pb_use_builder":"on","_et_pb_old_content":"","_et_gb_content_width":"","footnotes":""},"categories":[],"tags":[],"class_list":["post-15060","page","type-page","status-publish","hentry"],"yoast_head":"<!-- This site is optimized with the Yoast SEO plugin v26.5 - https:\/\/yoast.com\/wordpress\/plugins\/seo\/ -->\n<title>Subventions de Wawanesa pour la pr\u00e9vention des feux incontr\u00f4l\u00e9s dans les communaut\u00e9s - CLIMAtlantic<\/title>\n<meta name=\"robots\" content=\"index, follow, max-snippet:-1, max-image-preview:large, max-video-preview:-1\" \/>\n<link rel=\"canonical\" href=\"https:\/\/climatlantic.panchroma.dev\/fr\/outils\/possibilites-financement\/subventions-de-wawanesa-pour-la-prevention-des-feux-incontroles-dans-les-communautes\/\" \/>\n<meta property=\"og:locale\" content=\"fr_FR\" \/>\n<meta property=\"og:type\" content=\"article\" \/>\n<meta property=\"og:title\" content=\"Subventions de Wawanesa pour la pr\u00e9vention des feux incontr\u00f4l\u00e9s dans les communaut\u00e9s - CLIMAtlantic\" \/>\n<meta property=\"og:description\" content=\"Subventions de Wawanesa pour la pr\u00e9vention des feux incontr\u00f4l\u00e9s dans les communaut\u00e9s La compagnie d\u2019assurance Wawanesa offre des subventions dans le but de pr\u00e9venir les feux incontr\u00f4l\u00e9s dans les communaut\u00e9s. Les projets doivent viser \u00e0 am\u00e9liorer la r\u00e9silience des communaut\u00e9s locales face aux changements climatiques par diverses activit\u00e9s de pr\u00e9vention des incendies incontr\u00f4l\u00e9s. Parmi les [&hellip;]\" \/>\n<meta property=\"og:url\" content=\"https:\/\/climatlantic.panchroma.dev\/fr\/outils\/possibilites-financement\/subventions-de-wawanesa-pour-la-prevention-des-feux-incontroles-dans-les-communautes\/\" \/>\n<meta property=\"og:site_name\" content=\"CLIMAtlantic\" \/>\n<meta property=\"article:publisher\" content=\"https:\/\/www.facebook.com\/CLIMAtlanticInc\/\" \/>\n<meta property=\"article:modified_time\" content=\"2025-10-28T14:58:34+00:00\" \/>\n<meta name=\"twitter:card\" content=\"summary_large_image\" \/>\n<meta name=\"twitter:label1\" content=\"Dur\u00e9e de lecture estim\u00e9e\" \/>\n\t<meta name=\"twitter:data1\" content=\"2 minutes\" \/>\n<script type=\"application\/ld+json\" class=\"yoast-schema-graph\">{\"@context\":\"https:\/\/schema.org\",\"@graph\":[{\"@type\":\"WebPage\",\"@id\":\"https:\/\/climatlantic.panchroma.dev\/fr\/outils\/possibilites-financement\/subventions-de-wawanesa-pour-la-prevention-des-feux-incontroles-dans-les-communautes\/\",\"url\":\"https:\/\/climatlantic.panchroma.dev\/fr\/outils\/possibilites-financement\/subventions-de-wawanesa-pour-la-prevention-des-feux-incontroles-dans-les-communautes\/\",\"name\":\"Subventions de Wawanesa pour la pr\u00e9vention des feux incontr\u00f4l\u00e9s dans les communaut\u00e9s - CLIMAtlantic\",\"isPartOf\":{\"@id\":\"https:\/\/climatlantic.panchroma.dev\/fr\/#website\"},\"datePublished\":\"2024-09-20T12:50:56+00:00\",\"dateModified\":\"2025-10-28T14:58:34+00:00\",\"breadcrumb\":{\"@id\":\"https:\/\/climatlantic.panchroma.dev\/fr\/outils\/possibilites-financement\/subventions-de-wawanesa-pour-la-prevention-des-feux-incontroles-dans-les-communautes\/#breadcrumb\"},\"inLanguage\":\"fr-FR\",\"potentialAction\":[{\"@type\":\"ReadAction\",\"target\":[\"https:\/\/climatlantic.panchroma.dev\/fr\/outils\/possibilites-financement\/subventions-de-wawanesa-pour-la-prevention-des-feux-incontroles-dans-les-communautes\/\"]}]},{\"@type\":\"BreadcrumbList\",\"@id\":\"https:\/\/climatlantic.panchroma.dev\/fr\/outils\/possibilites-financement\/subventions-de-wawanesa-pour-la-prevention-des-feux-incontroles-dans-les-communautes\/#breadcrumb\",\"itemListElement\":[{\"@type\":\"ListItem\",\"position\":1,\"name\":\"Home\",\"item\":\"https:\/\/climatlantic.panchroma.dev\/fr\/\"},{\"@type\":\"ListItem\",\"position\":2,\"name\":\"Outils\",\"item\":\"https:\/\/climatlantic.panchroma.dev\/fr\/tools\/\"},{\"@type\":\"ListItem\",\"position\":3,\"name\":\"Possibilit\u00e9s de financement\",\"item\":\"https:\/\/climatlantic.panchroma.dev\/fr\/tools\/funding-opportunities\/\"},{\"@type\":\"ListItem\",\"position\":4,\"name\":\"Subventions de Wawanesa pour la pr\u00e9vention des feux incontr\u00f4l\u00e9s dans les communaut\u00e9s\"}]},{\"@type\":\"WebSite\",\"@id\":\"https:\/\/climatlantic.panchroma.dev\/fr\/#website\",\"url\":\"https:\/\/climatlantic.panchroma.dev\/fr\/\",\"name\":\"Climatlantic\",\"description\":\"Enhancing Atlantic Climate Resilience\",\"publisher\":{\"@id\":\"https:\/\/climatlantic.panchroma.dev\/fr\/#organization\"},\"potentialAction\":[{\"@type\":\"SearchAction\",\"target\":{\"@type\":\"EntryPoint\",\"urlTemplate\":\"https:\/\/climatlantic.panchroma.dev\/fr\/?s={search_term_string}\"},\"query-input\":{\"@type\":\"PropertyValueSpecification\",\"valueRequired\":true,\"valueName\":\"search_term_string\"}}],\"inLanguage\":\"fr-FR\"},{\"@type\":\"Organization\",\"@id\":\"https:\/\/climatlantic.panchroma.dev\/fr\/#organization\",\"name\":\"CLIMAtlantic\",\"url\":\"https:\/\/climatlantic.panchroma.dev\/fr\/\",\"logo\":{\"@type\":\"ImageObject\",\"inLanguage\":\"fr-FR\",\"@id\":\"https:\/\/climatlantic.panchroma.dev\/fr\/#\/schema\/logo\/image\/\",\"url\":\"https:\/\/climatlantic.ca\/wp\/wp-content\/uploads\/2021\/07\/cropped-Climatlantic_Favicon.png\",\"contentUrl\":\"https:\/\/climatlantic.ca\/wp\/wp-content\/uploads\/2021\/07\/cropped-Climatlantic_Favicon.png\",\"width\":512,\"height\":512,\"caption\":\"CLIMAtlantic\"},\"image\":{\"@id\":\"https:\/\/climatlantic.panchroma.dev\/fr\/#\/schema\/logo\/image\/\"},\"sameAs\":[\"https:\/\/www.facebook.com\/CLIMAtlanticInc\/\",\"http:\/\/instagram.com\/climatlantic\",\"https:\/\/www.linkedin.com\/company\/climatlantic\/\"]}]}<\/script>\n<!-- \/ Yoast SEO plugin. -->","yoast_head_json":{"title":"Subventions de Wawanesa pour la pr\u00e9vention des feux incontr\u00f4l\u00e9s dans les communaut\u00e9s - CLIMAtlantic","robots":{"index":"index","follow":"follow","max-snippet":"max-snippet:-1","max-image-preview":"max-image-preview:large","max-video-preview":"max-video-preview:-1"},"canonical":"https:\/\/climatlantic.panchroma.dev\/fr\/outils\/possibilites-financement\/subventions-de-wawanesa-pour-la-prevention-des-feux-incontroles-dans-les-communautes\/","og_locale":"fr_FR","og_type":"article","og_title":"Subventions de Wawanesa pour la pr\u00e9vention des feux incontr\u00f4l\u00e9s dans les communaut\u00e9s - CLIMAtlantic","og_description":"Subventions de Wawanesa pour la pr\u00e9vention des feux incontr\u00f4l\u00e9s dans les communaut\u00e9s La compagnie d\u2019assurance Wawanesa offre des subventions dans le but de pr\u00e9venir les feux incontr\u00f4l\u00e9s dans les communaut\u00e9s. Les projets doivent viser \u00e0 am\u00e9liorer la r\u00e9silience des communaut\u00e9s locales face aux changements climatiques par diverses activit\u00e9s de pr\u00e9vention des incendies incontr\u00f4l\u00e9s. Parmi les [&hellip;]","og_url":"https:\/\/climatlantic.panchroma.dev\/fr\/outils\/possibilites-financement\/subventions-de-wawanesa-pour-la-prevention-des-feux-incontroles-dans-les-communautes\/","og_site_name":"CLIMAtlantic","article_publisher":"https:\/\/www.facebook.com\/CLIMAtlanticInc\/","article_modified_time":"2025-10-28T14:58:34+00:00","twitter_card":"summary_large_image","twitter_misc":{"Dur\u00e9e de lecture estim\u00e9e":"2 minutes"},"schema":{"@context":"https:\/\/schema.org","@graph":[{"@type":"WebPage","@id":"https:\/\/climatlantic.panchroma.dev\/fr\/outils\/possibilites-financement\/subventions-de-wawanesa-pour-la-prevention-des-feux-incontroles-dans-les-communautes\/","url":"https:\/\/climatlantic.panchroma.dev\/fr\/outils\/possibilites-financement\/subventions-de-wawanesa-pour-la-prevention-des-feux-incontroles-dans-les-communautes\/","name":"Subventions de Wawanesa pour la pr\u00e9vention des feux incontr\u00f4l\u00e9s dans les communaut\u00e9s - CLIMAtlantic","isPartOf":{"@id":"https:\/\/climatlantic.panchroma.dev\/fr\/#website"},"datePublished":"2024-09-20T12:50:56+00:00","dateModified":"2025-10-28T14:58:34+00:00","breadcrumb":{"@id":"https:\/\/climatlantic.panchroma.dev\/fr\/outils\/possibilites-financement\/subventions-de-wawanesa-pour-la-prevention-des-feux-incontroles-dans-les-communautes\/#breadcrumb"},"inLanguage":"fr-FR","potentialAction":[{"@type":"ReadAction","target":["https:\/\/climatlantic.panchroma.dev\/fr\/outils\/possibilites-financement\/subventions-de-wawanesa-pour-la-prevention-des-feux-incontroles-dans-les-communautes\/"]}]},{"@type":"BreadcrumbList","@id":"https:\/\/climatlantic.panchroma.dev\/fr\/outils\/possibilites-financement\/subventions-de-wawanesa-pour-la-prevention-des-feux-incontroles-dans-les-communautes\/#breadcrumb","itemListElement":[{"@type":"ListItem","position":1,"name":"Home","item":"https:\/\/climatlantic.panchroma.dev\/fr\/"},{"@type":"ListItem","position":2,"name":"Outils","item":"https:\/\/climatlantic.panchroma.dev\/fr\/tools\/"},{"@type":"ListItem","position":3,"name":"Possibilit\u00e9s de financement","item":"https:\/\/climatlantic.panchroma.dev\/fr\/tools\/funding-opportunities\/"},{"@type":"ListItem","position":4,"name":"Subventions de Wawanesa pour la pr\u00e9vention des feux incontr\u00f4l\u00e9s dans les communaut\u00e9s"}]},{"@type":"WebSite","@id":"https:\/\/climatlantic.panchroma.dev\/fr\/#website","url":"https:\/\/climatlantic.panchroma.dev\/fr\/","name":"Climatlantic","description":"Enhancing Atlantic Climate Resilience","publisher":{"@id":"https:\/\/climatlantic.panchroma.dev\/fr\/#organization"},"potentialAction":[{"@type":"SearchAction","target":{"@type":"EntryPoint","urlTemplate":"https:\/\/climatlantic.panchroma.dev\/fr\/?s={search_term_string}"},"query-input":{"@type":"PropertyValueSpecification","valueRequired":true,"valueName":"search_term_string"}}],"inLanguage":"fr-FR"},{"@type":"Organization","@id":"https:\/\/climatlantic.panchroma.dev\/fr\/#organization","name":"CLIMAtlantic","url":"https:\/\/climatlantic.panchroma.dev\/fr\/","logo":{"@type":"ImageObject","inLanguage":"fr-FR","@id":"https:\/\/climatlantic.panchroma.dev\/fr\/#\/schema\/logo\/image\/","url":"https:\/\/climatlantic.ca\/wp\/wp-content\/uploads\/2021\/07\/cropped-Climatlantic_Favicon.png","contentUrl":"https:\/\/climatlantic.ca\/wp\/wp-content\/uploads\/2021\/07\/cropped-Climatlantic_Favicon.png","width":512,"height":512,"caption":"CLIMAtlantic"},"image":{"@id":"https:\/\/climatlantic.panchroma.dev\/fr\/#\/schema\/logo\/image\/"},"sameAs":["https:\/\/www.facebook.com\/CLIMAtlanticInc\/","http:\/\/instagram.com\/climatlantic","https:\/\/www.linkedin.com\/company\/climatlantic\/"]}]}},"_links":{"self":[{"href":"https:\/\/climatlantic.panchroma.dev\/fr\/wp-json\/wp\/v2\/pages\/15060","targetHints":{"allow":["GET"]}}],"collection":[{"href":"https:\/\/climatlantic.panchroma.dev\/fr\/wp-json\/wp\/v2\/pages"}],"about":[{"href":"https:\/\/climatlantic.panchroma.dev\/fr\/wp-json\/wp\/v2\/types\/page"}],"author":[{"embeddable":true,"href":"https:\/\/climatlantic.panchroma.dev\/fr\/wp-json\/wp\/v2\/users\/18"}],"replies":[{"embeddable":true,"href":"https:\/\/climatlantic.panchroma.dev\/fr\/wp-json\/wp\/v2\/comments?post=15060"}],"version-history":[{"count":5,"href":"https:\/\/climatlantic.panchroma.dev\/fr\/wp-json\/wp\/v2\/pages\/15060\/revisions"}],"predecessor-version":[{"id":18578,"href":"https:\/\/climatlantic.panchroma.dev\/fr\/wp-json\/wp\/v2\/pages\/15060\/revisions\/18578"}],"up":[{"embeddable":true,"href":"https:\/\/climatlantic.panchroma.dev\/fr\/wp-json\/wp\/v2\/pages\/7052"}],"wp:attachment":[{"href":"https:\/\/climatlantic.panchroma.dev\/fr\/wp-json\/wp\/v2\/media?parent=15060"}],"wp:term":[{"taxonomy":"category","embeddable":true,"href":"https:\/\/climatlantic.panchroma.dev\/fr\/wp-json\/wp\/v2\/categories?post=15060"},{"taxonomy":"post_tag","embeddable":true,"href":"https:\/\/climatlantic.panchroma.dev\/fr\/wp-json\/wp\/v2\/tags?post=15060"}],"curies":[{"name":"wp","href":"https:\/\/api.w.org\/{rel}","templated":true}]}}