{"id":14827,"date":"2024-08-29T14:10:18","date_gmt":"2024-08-29T17:10:18","guid":{"rendered":"https:\/\/climatlantic.ca\/?page_id=14827"},"modified":"2025-01-06T12:44:31","modified_gmt":"2025-01-06T16:44:31","slug":"now-for-net-zero","status":"publish","type":"page","link":"https:\/\/climatlantic.panchroma.dev\/fr\/outils\/possibilites-financement\/now-for-net-zero\/","title":{"rendered":"N:OW for Net-Zero"},"content":{"rendered":"<p>[et_pb_section fb_built=&#8221;1&#8243; _builder_version=&#8221;4.21.0&#8243; _module_preset=&#8221;default&#8221; da_disable_devices=&#8221;off|off|off&#8221; global_colors_info=&#8221;{}&#8221; da_is_popup=&#8221;off&#8221; da_exit_intent=&#8221;off&#8221; da_has_close=&#8221;on&#8221; da_alt_close=&#8221;off&#8221; da_dark_close=&#8221;off&#8221; da_not_modal=&#8221;on&#8221; da_is_singular=&#8221;off&#8221; da_with_loader=&#8221;off&#8221; da_has_shadow=&#8221;on&#8221;][et_pb_row _builder_version=&#8221;4.21.0&#8243; _module_preset=&#8221;default&#8221; global_colors_info=&#8221;{}&#8221;][et_pb_column type=&#8221;4_4&#8243; _builder_version=&#8221;4.21.0&#8243; _module_preset=&#8221;default&#8221; global_colors_info=&#8221;{}&#8221;][et_pb_image src=&#8221;https:\/\/climatlantic.ca\/wp\/wp-content\/uploads\/2024\/08\/NOW-for-Net-Zero-Horizontal-Logo-1280&#215;343-1.png&#8221; alt=&#8221;Un logo simple pour \u00ab NOW for net-zero \u00bb, avec le mot \u00ab now \u00bb dans une zone de texte bleue et une fleur \u00e0 droite.&#8221; title_text=&#8221;NOW-for-Net-Zero-Horizontal-Logo-1280&#215;343&#8243; url=&#8221;https:\/\/nowfornetzero.org\/funding\/&#8221; url_new_window=&#8221;on&#8221; align=&#8221;center&#8221; _builder_version=&#8221;4.27.0&#8243; _module_preset=&#8221;default&#8221; custom_margin=&#8221;||12px||false|false&#8221; global_colors_info=&#8221;{}&#8221;][\/et_pb_image][et_pb_text content_tablet=&#8221;<\/p>\n<div class=%22et_pb_column et_pb_column_4_4 et_pb_column_19  et_pb_css_mix_blend_mode_passthrough et-last-child%22>\n<div class=%22et_pb_module et_pb_text et_pb_text_18 et_pb_text_align_left et_pb_bg_layout_light%22>\n<div class=%22et_pb_text_inner%22>\n<h4><strong><span style=%22text-decoration: underline;%22>N:OW for Net-Zero<\/span><\/strong><\/h4>\n<p>\u00a0<\/p>\n<\/div>\n<\/div>\n<\/div>\n<p><span data-sheets-root=%221%22>N:OW for Net-Zero fournit des fonds aux \u00e9tudiants et aux \u00e9ducateurs qui souhaitent mettre en \u0153uvre des projets pratiques. Bien que l&#8217;accent soit mis sur les projets visant \u00e0 r\u00e9duire les \u00e9missions de gaz \u00e0 effet de serre, le fonds offre \u00e9galement la possibilit\u00e9 de lier l&#8217;att\u00e9nuation des changements climatiques gr\u00e2ce \u00e0 l&#8217;adaptation par des projets qui r\u00e9duisent les impacts futurs des changements climatiques tout en r\u00e9duisant les \u00e9missions de gaz \u00e0 effet de serre.<\/span><\/p>\n<p>Les projets doivent \u00eatre men\u00e9s par des jeunes et mis en \u0153uvre par un groupe d&#8217;au moins deux jeunes et un adulte. Sont \u00e9galement admissibles les projets des communaut\u00e9s autochtones qui impliquent de mani\u00e8re substantielle des jeunes. La priorit\u00e9 sera donn\u00e9e aux projets qui r\u00e9pondent aux deux objectifs, ainsi qu&#8217;\u00e0 ceux qui se d\u00e9roulent dans des collectivit\u00e9s rurales, \u00e9loign\u00e9es et autochtones.<\/p>\n<p>Les montants de financement sont flexibles, les projets compris entre 2 500 et 15 000 dollars \u00e9tant prioritaires. Il est possible de soumettre les demandes par \u00e9crit ou en vid\u00e9o, ou les demandes peuvent aussi \u00eatre pr\u00e9sent\u00e9es lors d&#8217;une r\u00e9union virtuelle programm\u00e9e. Les demandes de financement pour le cycle 2 ont \u00e9t\u00e9 cl\u00f4tur\u00e9es le 12 septembre 2024.<\/p>\n<p>\u00a0<\/p>\n<p data-pm-slice=%221 1 %91%93%22>(Veuillez noter que le site web mentionn\u00e9 ci-dessus n\u2019est disponible qu\u2019en anglais.)<\/p>\n<p>&#8221; content_phone=&#8221;<\/p>\n<div class=%22et_pb_column et_pb_column_4_4 et_pb_column_19  et_pb_css_mix_blend_mode_passthrough et-last-child%22>\n<div class=%22et_pb_module et_pb_text et_pb_text_18 et_pb_text_align_left et_pb_bg_layout_light%22>\n<div class=%22et_pb_text_inner%22>\n<h4><strong><span style=%22text-decoration: underline;%22>N:OW for Net-Zero<\/span><\/strong><\/h4>\n<p>\u00a0<\/p>\n<\/div>\n<\/div>\n<\/div>\n<p><span data-sheets-root=%221%22>N:OW for Net-Zero fournit des fonds aux \u00e9tudiants et aux \u00e9ducateurs qui souhaitent mettre en \u0153uvre des projets pratiques. Bien que l&#8217;accent soit mis sur les projets visant \u00e0 r\u00e9duire les \u00e9missions de gaz \u00e0 effet de serre, le fonds offre \u00e9galement la possibilit\u00e9 de lier l&#8217;att\u00e9nuation des changements climatiques gr\u00e2ce \u00e0 l&#8217;adaptation par des projets qui r\u00e9duisent les impacts futurs des changements climatiques tout en r\u00e9duisant les \u00e9missions de gaz \u00e0 effet de serre.<\/span><\/p>\n<p>Les projets doivent \u00eatre men\u00e9s par des jeunes et mis en \u0153uvre par un groupe d&#8217;au moins deux jeunes et un adulte. Sont \u00e9galement admissibles les projets des communaut\u00e9s autochtones qui impliquent de mani\u00e8re substantielle des jeunes. La priorit\u00e9 sera donn\u00e9e aux projets qui r\u00e9pondent aux deux objectifs, ainsi qu&#8217;\u00e0 ceux qui se d\u00e9roulent dans des collectivit\u00e9s rurales, \u00e9loign\u00e9es et autochtones.<\/p>\n<p>Les montants de financement sont flexibles, les projets compris entre 2 500 et 15 000 dollars \u00e9tant prioritaires. Il est possible de soumettre les demandes par \u00e9crit ou en vid\u00e9o, ou les demandes peuvent aussi \u00eatre pr\u00e9sent\u00e9es lors d&#8217;une r\u00e9union virtuelle programm\u00e9e. Les demandes de financement pour le cycle 2 ont \u00e9t\u00e9 cl\u00f4tur\u00e9es le 12 septembre 2024.<\/p>\n<p>\u00a0<\/p>\n<p data-pm-slice=%221 1 %91%93%22>(Veuillez noter que le site web mentionn\u00e9 ci-dessus n\u2019est disponible qu\u2019en anglais.)<\/p>\n<p>&#8221; content_last_edited=&#8221;on|desktop&#8221; _builder_version=&#8221;4.27.4&#8243; _module_preset=&#8221;default&#8221; link_option_url=&#8221;https:\/\/nowfornetzero.org\/funding\/&#8221; link_option_url_new_window=&#8221;on&#8221; global_colors_info=&#8221;{}&#8221;]<\/p>\n<div class=\"et_pb_column et_pb_column_4_4 et_pb_column_19  et_pb_css_mix_blend_mode_passthrough et-last-child\">\n<div class=\"et_pb_module et_pb_text et_pb_text_18 et_pb_text_align_left et_pb_bg_layout_light\">\n<div class=\"et_pb_text_inner\">\n<h4><strong><span style=\"text-decoration: underline;\">N:OW for Net-Zero<\/span><\/strong><\/h4>\n<p>&nbsp;<\/p>\n<\/div>\n<\/div>\n<\/div>\n<p><span data-sheets-root=\"1\">N:OW for Net-Zero fournit des fonds aux \u00e9tudiants et aux \u00e9ducateurs qui souhaitent mettre en \u0153uvre des projets pratiques. Bien que l&#8217;accent soit mis sur les projets visant \u00e0 r\u00e9duire les \u00e9missions de gaz \u00e0 effet de serre, le fonds offre \u00e9galement la possibilit\u00e9 de lier l&#8217;att\u00e9nuation des changements climatiques gr\u00e2ce \u00e0 l&#8217;adaptation par des projets qui r\u00e9duisent les impacts futurs des changements climatiques tout en r\u00e9duisant les \u00e9missions de gaz \u00e0 effet de serre.<\/span><\/p>\n<p>Les projets doivent \u00eatre men\u00e9s par des jeunes et mis en \u0153uvre par un groupe d&#8217;au moins deux jeunes et un adulte. Sont \u00e9galement admissibles les projets des communaut\u00e9s autochtones qui impliquent de mani\u00e8re substantielle des jeunes. La priorit\u00e9 sera donn\u00e9e aux projets qui r\u00e9pondent aux deux objectifs, ainsi qu&#8217;\u00e0 ceux qui se d\u00e9roulent dans des collectivit\u00e9s rurales, \u00e9loign\u00e9es et autochtones.<\/p>\n<p>Les montants de financement sont flexibles, les projets compris entre 2 500 et 15 000 dollars \u00e9tant prioritaires. Il est possible de soumettre les demandes par \u00e9crit ou en vid\u00e9o, ou les demandes peuvent aussi \u00eatre pr\u00e9sent\u00e9es lors d&#8217;une r\u00e9union virtuelle programm\u00e9e. Les demandes de financement pour le cycle 2 ont \u00e9t\u00e9 cl\u00f4tur\u00e9es le 12 septembre 2024.<\/p>\n<p data-pm-slice=\"1 1 []\">(Veuillez noter que le site web mentionn\u00e9 ci-dessus n\u2019est disponible qu\u2019en anglais.)<\/p>\n<p>[\/et_pb_text][et_pb_button button_url=&#8221;@ET-DC@eyJkeW5hbWljIjp0cnVlLCJjb250ZW50IjoicG9zdF9saW5rX3VybF9wYWdlIiwic2V0dGluZ3MiOnsicG9zdF9pZCI6IjY2ODIifX0=@&#8221; button_text=&#8221;RETOUR AUX OPPORTUNIT\u00c9S DE FINANCEMENT&#8221; _builder_version=&#8221;4.21.0&#8243; _dynamic_attributes=&#8221;button_url&#8221; _module_preset=&#8221;default&#8221; custom_margin=&#8221;-12px||||false|false&#8221; custom_padding=&#8221;||||false|false&#8221; global_colors_info=&#8221;{}&#8221;][\/et_pb_button][\/et_pb_column][\/et_pb_row][\/et_pb_section]<\/p>\n","protected":false},"excerpt":{"rendered":"<p>N:OW for Net-Zero &nbsp; N:OW for Net-Zero fournit des fonds aux \u00e9tudiants et aux \u00e9ducateurs qui souhaitent mettre en \u0153uvre des projets pratiques. Bien que l&#8217;accent soit mis sur les projets visant \u00e0 r\u00e9duire les \u00e9missions de gaz \u00e0 effet de serre, le fonds offre \u00e9galement la possibilit\u00e9 de lier l&#8217;att\u00e9nuation des changements climatiques gr\u00e2ce [&hellip;]<\/p>\n","protected":false},"author":18,"featured_media":0,"parent":7052,"menu_order":0,"comment_status":"closed","ping_status":"closed","template":"","meta":{"_et_pb_use_builder":"on","_et_pb_old_content":"","_et_gb_content_width":"","footnotes":""},"categories":[],"tags":[],"class_list":["post-14827","page","type-page","status-publish","hentry"],"yoast_head":"<!-- This site is optimized with the Yoast SEO plugin v26.5 - https:\/\/yoast.com\/wordpress\/plugins\/seo\/ -->\n<title>N:OW for Net-Zero - CLIMAtlantic<\/title>\n<meta name=\"robots\" content=\"index, follow, max-snippet:-1, max-image-preview:large, max-video-preview:-1\" \/>\n<link rel=\"canonical\" href=\"https:\/\/climatlantic.panchroma.dev\/fr\/outils\/possibilites-financement\/now-for-net-zero\/\" \/>\n<meta property=\"og:locale\" content=\"fr_FR\" \/>\n<meta property=\"og:type\" content=\"article\" \/>\n<meta property=\"og:title\" content=\"N:OW for Net-Zero - CLIMAtlantic\" \/>\n<meta property=\"og:description\" content=\"N:OW for Net-Zero &nbsp; N:OW for Net-Zero fournit des fonds aux \u00e9tudiants et aux \u00e9ducateurs qui souhaitent mettre en \u0153uvre des projets pratiques. Bien que l&#039;accent soit mis sur les projets visant \u00e0 r\u00e9duire les \u00e9missions de gaz \u00e0 effet de serre, le fonds offre \u00e9galement la possibilit\u00e9 de lier l&#039;att\u00e9nuation des changements climatiques gr\u00e2ce [&hellip;]\" \/>\n<meta property=\"og:url\" content=\"https:\/\/climatlantic.panchroma.dev\/fr\/outils\/possibilites-financement\/now-for-net-zero\/\" \/>\n<meta property=\"og:site_name\" content=\"CLIMAtlantic\" \/>\n<meta property=\"article:publisher\" content=\"https:\/\/www.facebook.com\/CLIMAtlanticInc\/\" \/>\n<meta property=\"article:modified_time\" content=\"2025-01-06T16:44:31+00:00\" \/>\n<meta name=\"twitter:card\" content=\"summary_large_image\" \/>\n<meta name=\"twitter:label1\" content=\"Dur\u00e9e de lecture estim\u00e9e\" \/>\n\t<meta name=\"twitter:data1\" content=\"5 minutes\" \/>\n<script type=\"application\/ld+json\" class=\"yoast-schema-graph\">{\"@context\":\"https:\/\/schema.org\",\"@graph\":[{\"@type\":\"WebPage\",\"@id\":\"https:\/\/climatlantic.panchroma.dev\/fr\/outils\/possibilites-financement\/now-for-net-zero\/\",\"url\":\"https:\/\/climatlantic.panchroma.dev\/fr\/outils\/possibilites-financement\/now-for-net-zero\/\",\"name\":\"N:OW for Net-Zero - CLIMAtlantic\",\"isPartOf\":{\"@id\":\"https:\/\/climatlantic.panchroma.dev\/fr\/#website\"},\"datePublished\":\"2024-08-29T17:10:18+00:00\",\"dateModified\":\"2025-01-06T16:44:31+00:00\",\"breadcrumb\":{\"@id\":\"https:\/\/climatlantic.panchroma.dev\/fr\/outils\/possibilites-financement\/now-for-net-zero\/#breadcrumb\"},\"inLanguage\":\"fr-FR\",\"potentialAction\":[{\"@type\":\"ReadAction\",\"target\":[\"https:\/\/climatlantic.panchroma.dev\/fr\/outils\/possibilites-financement\/now-for-net-zero\/\"]}]},{\"@type\":\"BreadcrumbList\",\"@id\":\"https:\/\/climatlantic.panchroma.dev\/fr\/outils\/possibilites-financement\/now-for-net-zero\/#breadcrumb\",\"itemListElement\":[{\"@type\":\"ListItem\",\"position\":1,\"name\":\"Home\",\"item\":\"https:\/\/climatlantic.panchroma.dev\/fr\/\"},{\"@type\":\"ListItem\",\"position\":2,\"name\":\"Outils\",\"item\":\"https:\/\/climatlantic.panchroma.dev\/fr\/tools\/\"},{\"@type\":\"ListItem\",\"position\":3,\"name\":\"Possibilit\u00e9s de financement\",\"item\":\"https:\/\/climatlantic.panchroma.dev\/fr\/tools\/funding-opportunities\/\"},{\"@type\":\"ListItem\",\"position\":4,\"name\":\"N:OW for Net-Zero\"}]},{\"@type\":\"WebSite\",\"@id\":\"https:\/\/climatlantic.panchroma.dev\/fr\/#website\",\"url\":\"https:\/\/climatlantic.panchroma.dev\/fr\/\",\"name\":\"Climatlantic\",\"description\":\"Enhancing Atlantic Climate Resilience\",\"publisher\":{\"@id\":\"https:\/\/climatlantic.panchroma.dev\/fr\/#organization\"},\"potentialAction\":[{\"@type\":\"SearchAction\",\"target\":{\"@type\":\"EntryPoint\",\"urlTemplate\":\"https:\/\/climatlantic.panchroma.dev\/fr\/?s={search_term_string}\"},\"query-input\":{\"@type\":\"PropertyValueSpecification\",\"valueRequired\":true,\"valueName\":\"search_term_string\"}}],\"inLanguage\":\"fr-FR\"},{\"@type\":\"Organization\",\"@id\":\"https:\/\/climatlantic.panchroma.dev\/fr\/#organization\",\"name\":\"CLIMAtlantic\",\"url\":\"https:\/\/climatlantic.panchroma.dev\/fr\/\",\"logo\":{\"@type\":\"ImageObject\",\"inLanguage\":\"fr-FR\",\"@id\":\"https:\/\/climatlantic.panchroma.dev\/fr\/#\/schema\/logo\/image\/\",\"url\":\"https:\/\/climatlantic.ca\/wp\/wp-content\/uploads\/2021\/07\/cropped-Climatlantic_Favicon.png\",\"contentUrl\":\"https:\/\/climatlantic.ca\/wp\/wp-content\/uploads\/2021\/07\/cropped-Climatlantic_Favicon.png\",\"width\":512,\"height\":512,\"caption\":\"CLIMAtlantic\"},\"image\":{\"@id\":\"https:\/\/climatlantic.panchroma.dev\/fr\/#\/schema\/logo\/image\/\"},\"sameAs\":[\"https:\/\/www.facebook.com\/CLIMAtlanticInc\/\",\"http:\/\/instagram.com\/climatlantic\",\"https:\/\/www.linkedin.com\/company\/climatlantic\/\"]}]}<\/script>\n<!-- \/ Yoast SEO plugin. -->","yoast_head_json":{"title":"N:OW for Net-Zero - CLIMAtlantic","robots":{"index":"index","follow":"follow","max-snippet":"max-snippet:-1","max-image-preview":"max-image-preview:large","max-video-preview":"max-video-preview:-1"},"canonical":"https:\/\/climatlantic.panchroma.dev\/fr\/outils\/possibilites-financement\/now-for-net-zero\/","og_locale":"fr_FR","og_type":"article","og_title":"N:OW for Net-Zero - CLIMAtlantic","og_description":"N:OW for Net-Zero &nbsp; N:OW for Net-Zero fournit des fonds aux \u00e9tudiants et aux \u00e9ducateurs qui souhaitent mettre en \u0153uvre des projets pratiques. Bien que l'accent soit mis sur les projets visant \u00e0 r\u00e9duire les \u00e9missions de gaz \u00e0 effet de serre, le fonds offre \u00e9galement la possibilit\u00e9 de lier l'att\u00e9nuation des changements climatiques gr\u00e2ce [&hellip;]","og_url":"https:\/\/climatlantic.panchroma.dev\/fr\/outils\/possibilites-financement\/now-for-net-zero\/","og_site_name":"CLIMAtlantic","article_publisher":"https:\/\/www.facebook.com\/CLIMAtlanticInc\/","article_modified_time":"2025-01-06T16:44:31+00:00","twitter_card":"summary_large_image","twitter_misc":{"Dur\u00e9e de lecture estim\u00e9e":"5 minutes"},"schema":{"@context":"https:\/\/schema.org","@graph":[{"@type":"WebPage","@id":"https:\/\/climatlantic.panchroma.dev\/fr\/outils\/possibilites-financement\/now-for-net-zero\/","url":"https:\/\/climatlantic.panchroma.dev\/fr\/outils\/possibilites-financement\/now-for-net-zero\/","name":"N:OW for Net-Zero - CLIMAtlantic","isPartOf":{"@id":"https:\/\/climatlantic.panchroma.dev\/fr\/#website"},"datePublished":"2024-08-29T17:10:18+00:00","dateModified":"2025-01-06T16:44:31+00:00","breadcrumb":{"@id":"https:\/\/climatlantic.panchroma.dev\/fr\/outils\/possibilites-financement\/now-for-net-zero\/#breadcrumb"},"inLanguage":"fr-FR","potentialAction":[{"@type":"ReadAction","target":["https:\/\/climatlantic.panchroma.dev\/fr\/outils\/possibilites-financement\/now-for-net-zero\/"]}]},{"@type":"BreadcrumbList","@id":"https:\/\/climatlantic.panchroma.dev\/fr\/outils\/possibilites-financement\/now-for-net-zero\/#breadcrumb","itemListElement":[{"@type":"ListItem","position":1,"name":"Home","item":"https:\/\/climatlantic.panchroma.dev\/fr\/"},{"@type":"ListItem","position":2,"name":"Outils","item":"https:\/\/climatlantic.panchroma.dev\/fr\/tools\/"},{"@type":"ListItem","position":3,"name":"Possibilit\u00e9s de financement","item":"https:\/\/climatlantic.panchroma.dev\/fr\/tools\/funding-opportunities\/"},{"@type":"ListItem","position":4,"name":"N:OW for Net-Zero"}]},{"@type":"WebSite","@id":"https:\/\/climatlantic.panchroma.dev\/fr\/#website","url":"https:\/\/climatlantic.panchroma.dev\/fr\/","name":"Climatlantic","description":"Enhancing Atlantic Climate Resilience","publisher":{"@id":"https:\/\/climatlantic.panchroma.dev\/fr\/#organization"},"potentialAction":[{"@type":"SearchAction","target":{"@type":"EntryPoint","urlTemplate":"https:\/\/climatlantic.panchroma.dev\/fr\/?s={search_term_string}"},"query-input":{"@type":"PropertyValueSpecification","valueRequired":true,"valueName":"search_term_string"}}],"inLanguage":"fr-FR"},{"@type":"Organization","@id":"https:\/\/climatlantic.panchroma.dev\/fr\/#organization","name":"CLIMAtlantic","url":"https:\/\/climatlantic.panchroma.dev\/fr\/","logo":{"@type":"ImageObject","inLanguage":"fr-FR","@id":"https:\/\/climatlantic.panchroma.dev\/fr\/#\/schema\/logo\/image\/","url":"https:\/\/climatlantic.ca\/wp\/wp-content\/uploads\/2021\/07\/cropped-Climatlantic_Favicon.png","contentUrl":"https:\/\/climatlantic.ca\/wp\/wp-content\/uploads\/2021\/07\/cropped-Climatlantic_Favicon.png","width":512,"height":512,"caption":"CLIMAtlantic"},"image":{"@id":"https:\/\/climatlantic.panchroma.dev\/fr\/#\/schema\/logo\/image\/"},"sameAs":["https:\/\/www.facebook.com\/CLIMAtlanticInc\/","http:\/\/instagram.com\/climatlantic","https:\/\/www.linkedin.com\/company\/climatlantic\/"]}]}},"_links":{"self":[{"href":"https:\/\/climatlantic.panchroma.dev\/fr\/wp-json\/wp\/v2\/pages\/14827","targetHints":{"allow":["GET"]}}],"collection":[{"href":"https:\/\/climatlantic.panchroma.dev\/fr\/wp-json\/wp\/v2\/pages"}],"about":[{"href":"https:\/\/climatlantic.panchroma.dev\/fr\/wp-json\/wp\/v2\/types\/page"}],"author":[{"embeddable":true,"href":"https:\/\/climatlantic.panchroma.dev\/fr\/wp-json\/wp\/v2\/users\/18"}],"replies":[{"embeddable":true,"href":"https:\/\/climatlantic.panchroma.dev\/fr\/wp-json\/wp\/v2\/comments?post=14827"}],"version-history":[{"count":5,"href":"https:\/\/climatlantic.panchroma.dev\/fr\/wp-json\/wp\/v2\/pages\/14827\/revisions"}],"predecessor-version":[{"id":16076,"href":"https:\/\/climatlantic.panchroma.dev\/fr\/wp-json\/wp\/v2\/pages\/14827\/revisions\/16076"}],"up":[{"embeddable":true,"href":"https:\/\/climatlantic.panchroma.dev\/fr\/wp-json\/wp\/v2\/pages\/7052"}],"wp:attachment":[{"href":"https:\/\/climatlantic.panchroma.dev\/fr\/wp-json\/wp\/v2\/media?parent=14827"}],"wp:term":[{"taxonomy":"category","embeddable":true,"href":"https:\/\/climatlantic.panchroma.dev\/fr\/wp-json\/wp\/v2\/categories?post=14827"},{"taxonomy":"post_tag","embeddable":true,"href":"https:\/\/climatlantic.panchroma.dev\/fr\/wp-json\/wp\/v2\/tags?post=14827"}],"curies":[{"name":"wp","href":"https:\/\/api.w.org\/{rel}","templated":true}]}}