{"id":14741,"date":"2024-08-09T15:57:09","date_gmt":"2024-08-09T18:57:09","guid":{"rendered":"https:\/\/climatlantic.ca\/outils\/possibilites-financement\/programme-de-renforcement-des-capacites-dadaptation-aux-changements-climatiques-sur-le-plan-de-la-sante\/"},"modified":"2025-01-06T10:26:37","modified_gmt":"2025-01-06T14:26:37","slug":"programme-de-renforcement-des-capacites-dadaptation-aux-changements-climatiques-sur-le-plan-de-la-sante","status":"publish","type":"page","link":"https:\/\/climatlantic.panchroma.dev\/fr\/outils\/possibilites-financement\/programme-de-renforcement-des-capacites-dadaptation-aux-changements-climatiques-sur-le-plan-de-la-sante\/","title":{"rendered":"Programme de renforcement des capacit\u00e9s d\u2019adaptation aux changements climatiques sur le plan de la sant\u00e9"},"content":{"rendered":"<p>[et_pb_section fb_built=&#8221;1&#8243; _builder_version=&#8221;4.21.0&#8243; _module_preset=&#8221;default&#8221; da_disable_devices=&#8221;off|off|off&#8221; global_colors_info=&#8221;{}&#8221; da_is_popup=&#8221;off&#8221; da_exit_intent=&#8221;off&#8221; da_has_close=&#8221;on&#8221; da_alt_close=&#8221;off&#8221; da_dark_close=&#8221;off&#8221; da_not_modal=&#8221;on&#8221; da_is_singular=&#8221;off&#8221; da_with_loader=&#8221;off&#8221; da_has_shadow=&#8221;on&#8221;][et_pb_row _builder_version=&#8221;4.21.0&#8243; _module_preset=&#8221;default&#8221; global_colors_info=&#8221;{}&#8221;][et_pb_column type=&#8221;4_4&#8243; _builder_version=&#8221;4.21.0&#8243; _module_preset=&#8221;default&#8221; global_colors_info=&#8221;{}&#8221;][et_pb_image src=&#8221;https:\/\/climatlantic.ca\/wp\/wp-content\/uploads\/2024\/08\/fig1-en-1024&#215;576.jpg&#8221; alt=&#8221;Une carte du Canada sur laquelle sont \u00e9pingl\u00e9es dix localit\u00e9s r\u00e9parties dans tout le pays. Chaque lieu \u00e9pingl\u00e9 repr\u00e9sente l&apos;un des dix partenaires de HealthADAPT.&#8221; title_text=&#8221;xr:d:DAF5aN9Dcb4:19,j:4676277287350559740,t:24010918&#8243; url=&#8221;https:\/\/www.canada.ca\/fr\/sante-canada\/services\/changements-climatiques-sante\/occasions-financement-programme-renforcement-capacites-adaptation.html&#8221; url_new_window=&#8221;on&#8221; align=&#8221;center&#8221; _builder_version=&#8221;4.27.0&#8243; _module_preset=&#8221;default&#8221; custom_margin=&#8221;||12px||false|false&#8221; global_colors_info=&#8221;{}&#8221;][\/et_pb_image][et_pb_text _builder_version=&#8221;4.27.4&#8243; _module_preset=&#8221;default&#8221; hover_enabled=&#8221;0&#8243; global_colors_info=&#8221;{}&#8221; sticky_enabled=&#8221;0&#8243;]<\/p>\n<div class=\"et_pb_column et_pb_column_4_4 et_pb_column_19  et_pb_css_mix_blend_mode_passthrough et-last-child\">\n<div class=\"et_pb_module et_pb_text et_pb_text_18  et_pb_text_align_left et_pb_bg_layout_light\">\n<h4 class=\"et_pb_text_inner\"><a href=\"https:\/\/www.canada.ca\/fr\/sante-canada\/services\/changements-climatiques-sante\/occasions-financement-programme-renforcement-capacites-adaptation.html\" target=\"_blank\" rel=\"noopener\"><u>Programme de renforcement des capacit\u00e9s d\u2019adaptation aux changements climatiques sur le plan de la sant\u00e9<\/u><\/a><\/h4>\n<p><u><\/u><\/p>\n<\/div>\n<\/div>\n<p><span data-sheets-root=\"1\">Le Programme de renforcement des capacit\u00e9s d\u2019adaptation aux changements climatiques sur le plan de la sant\u00e9 vise \u00e0 faire progresser le savoir, les capacit\u00e9s et l\u2019innovation pour faciliter l\u2019adaptation aux risques sanitaires associ\u00e9s aux changements climatiques. Jusqu\u2019\u00e0 17,7 millions de dollars seront accord\u00e9s pour financer des travaux qui favorisent l\u2019action climatique dans le secteur de la sant\u00e9 et qui aident \u00e0 prot\u00e9ger la sant\u00e9 de la population canadienne contre la chaleur extr\u00eame. Le programme comporte deux volets :<\/span><\/p>\n<p>&#8211; ADAPTATIONSant\u00e9 : B\u00e2tir des syst\u00e8mes de sant\u00e9 r\u00e9silients face au climat et \u00e0 faibles \u00e9missions de carbone (jusqu\u2019\u00e0 4,5 millions de dollars);<br \/>&#8211; ADAPTATIONChaleur : Prot\u00e9ger la sant\u00e9 de la population canadienne contre la chaleur extr\u00eame (jusqu\u2019\u00e0 13,2 millions de dollars).<\/p>\n<p>Le processus de demande ne comporte qu\u2019une \u00e9tape, et les fonds sont vers\u00e9s dans le cadre d\u2019accords de financement pluriannuels.<\/p>\n<p>[\/et_pb_text][et_pb_button button_url=&#8221;@ET-DC@eyJkeW5hbWljIjp0cnVlLCJjb250ZW50IjoicG9zdF9saW5rX3VybF9wYWdlIiwic2V0dGluZ3MiOnsicG9zdF9pZCI6IjY2ODIifX0=@&#8221; button_text=&#8221;RETOUR AUX OPPORTUNIT\u00c9S DE FINANCEMENT&#8221; _builder_version=&#8221;4.21.0&#8243; _dynamic_attributes=&#8221;button_url&#8221; _module_preset=&#8221;default&#8221; custom_margin=&#8221;-12px||||false|false&#8221; custom_padding=&#8221;||||false|false&#8221; global_colors_info=&#8221;{}&#8221;][\/et_pb_button][\/et_pb_column][\/et_pb_row][\/et_pb_section]<\/p>\n","protected":false},"excerpt":{"rendered":"<p>Programme de renforcement des capacit\u00e9s d\u2019adaptation aux changements climatiques sur le plan de la sant\u00e9 Le Programme de renforcement des capacit\u00e9s d\u2019adaptation aux changements climatiques sur le plan de la sant\u00e9 vise \u00e0 faire progresser le savoir, les capacit\u00e9s et l\u2019innovation pour faciliter l\u2019adaptation aux risques sanitaires associ\u00e9s aux changements climatiques. Jusqu\u2019\u00e0 17,7 millions de [&hellip;]<\/p>\n","protected":false},"author":18,"featured_media":0,"parent":7052,"menu_order":0,"comment_status":"closed","ping_status":"closed","template":"","meta":{"_et_pb_use_builder":"on","_et_pb_old_content":"","_et_gb_content_width":"","footnotes":""},"categories":[],"tags":[],"class_list":["post-14741","page","type-page","status-publish","hentry"],"yoast_head":"<!-- This site is optimized with the Yoast SEO plugin v26.5 - https:\/\/yoast.com\/wordpress\/plugins\/seo\/ -->\n<title>Programme de renforcement des capacit\u00e9s d\u2019adaptation aux changements climatiques sur le plan de la sant\u00e9 - CLIMAtlantic<\/title>\n<meta name=\"robots\" content=\"index, follow, max-snippet:-1, max-image-preview:large, max-video-preview:-1\" \/>\n<link rel=\"canonical\" href=\"https:\/\/climatlantic.panchroma.dev\/fr\/outils\/possibilites-financement\/programme-de-renforcement-des-capacites-dadaptation-aux-changements-climatiques-sur-le-plan-de-la-sante\/\" \/>\n<meta property=\"og:locale\" content=\"fr_FR\" \/>\n<meta property=\"og:type\" content=\"article\" \/>\n<meta property=\"og:title\" content=\"Programme de renforcement des capacit\u00e9s d\u2019adaptation aux changements climatiques sur le plan de la sant\u00e9 - CLIMAtlantic\" \/>\n<meta property=\"og:description\" content=\"Programme de renforcement des capacit\u00e9s d\u2019adaptation aux changements climatiques sur le plan de la sant\u00e9 Le Programme de renforcement des capacit\u00e9s d\u2019adaptation aux changements climatiques sur le plan de la sant\u00e9 vise \u00e0 faire progresser le savoir, les capacit\u00e9s et l\u2019innovation pour faciliter l\u2019adaptation aux risques sanitaires associ\u00e9s aux changements climatiques. Jusqu\u2019\u00e0 17,7 millions de [&hellip;]\" \/>\n<meta property=\"og:url\" content=\"https:\/\/climatlantic.panchroma.dev\/fr\/outils\/possibilites-financement\/programme-de-renforcement-des-capacites-dadaptation-aux-changements-climatiques-sur-le-plan-de-la-sante\/\" \/>\n<meta property=\"og:site_name\" content=\"CLIMAtlantic\" \/>\n<meta property=\"article:publisher\" content=\"https:\/\/www.facebook.com\/CLIMAtlanticInc\/\" \/>\n<meta property=\"article:modified_time\" content=\"2025-01-06T14:26:37+00:00\" \/>\n<meta name=\"twitter:card\" content=\"summary_large_image\" \/>\n<meta name=\"twitter:label1\" content=\"Dur\u00e9e de lecture estim\u00e9e\" \/>\n\t<meta name=\"twitter:data1\" content=\"2 minutes\" \/>\n<script type=\"application\/ld+json\" class=\"yoast-schema-graph\">{\"@context\":\"https:\/\/schema.org\",\"@graph\":[{\"@type\":\"WebPage\",\"@id\":\"https:\/\/climatlantic.panchroma.dev\/fr\/outils\/possibilites-financement\/programme-de-renforcement-des-capacites-dadaptation-aux-changements-climatiques-sur-le-plan-de-la-sante\/\",\"url\":\"https:\/\/climatlantic.panchroma.dev\/fr\/outils\/possibilites-financement\/programme-de-renforcement-des-capacites-dadaptation-aux-changements-climatiques-sur-le-plan-de-la-sante\/\",\"name\":\"Programme de renforcement des capacit\u00e9s d\u2019adaptation aux changements climatiques sur le plan de la sant\u00e9 - CLIMAtlantic\",\"isPartOf\":{\"@id\":\"https:\/\/climatlantic.panchroma.dev\/fr\/#website\"},\"datePublished\":\"2024-08-09T18:57:09+00:00\",\"dateModified\":\"2025-01-06T14:26:37+00:00\",\"breadcrumb\":{\"@id\":\"https:\/\/climatlantic.panchroma.dev\/fr\/outils\/possibilites-financement\/programme-de-renforcement-des-capacites-dadaptation-aux-changements-climatiques-sur-le-plan-de-la-sante\/#breadcrumb\"},\"inLanguage\":\"fr-FR\",\"potentialAction\":[{\"@type\":\"ReadAction\",\"target\":[\"https:\/\/climatlantic.panchroma.dev\/fr\/outils\/possibilites-financement\/programme-de-renforcement-des-capacites-dadaptation-aux-changements-climatiques-sur-le-plan-de-la-sante\/\"]}]},{\"@type\":\"BreadcrumbList\",\"@id\":\"https:\/\/climatlantic.panchroma.dev\/fr\/outils\/possibilites-financement\/programme-de-renforcement-des-capacites-dadaptation-aux-changements-climatiques-sur-le-plan-de-la-sante\/#breadcrumb\",\"itemListElement\":[{\"@type\":\"ListItem\",\"position\":1,\"name\":\"Home\",\"item\":\"https:\/\/climatlantic.panchroma.dev\/fr\/\"},{\"@type\":\"ListItem\",\"position\":2,\"name\":\"Outils\",\"item\":\"https:\/\/climatlantic.panchroma.dev\/fr\/tools\/\"},{\"@type\":\"ListItem\",\"position\":3,\"name\":\"Possibilit\u00e9s de financement\",\"item\":\"https:\/\/climatlantic.panchroma.dev\/fr\/tools\/funding-opportunities\/\"},{\"@type\":\"ListItem\",\"position\":4,\"name\":\"Programme de renforcement des capacit\u00e9s d\u2019adaptation aux changements climatiques sur le plan de la sant\u00e9\"}]},{\"@type\":\"WebSite\",\"@id\":\"https:\/\/climatlantic.panchroma.dev\/fr\/#website\",\"url\":\"https:\/\/climatlantic.panchroma.dev\/fr\/\",\"name\":\"Climatlantic\",\"description\":\"Enhancing Atlantic Climate Resilience\",\"publisher\":{\"@id\":\"https:\/\/climatlantic.panchroma.dev\/fr\/#organization\"},\"potentialAction\":[{\"@type\":\"SearchAction\",\"target\":{\"@type\":\"EntryPoint\",\"urlTemplate\":\"https:\/\/climatlantic.panchroma.dev\/fr\/?s={search_term_string}\"},\"query-input\":{\"@type\":\"PropertyValueSpecification\",\"valueRequired\":true,\"valueName\":\"search_term_string\"}}],\"inLanguage\":\"fr-FR\"},{\"@type\":\"Organization\",\"@id\":\"https:\/\/climatlantic.panchroma.dev\/fr\/#organization\",\"name\":\"CLIMAtlantic\",\"url\":\"https:\/\/climatlantic.panchroma.dev\/fr\/\",\"logo\":{\"@type\":\"ImageObject\",\"inLanguage\":\"fr-FR\",\"@id\":\"https:\/\/climatlantic.panchroma.dev\/fr\/#\/schema\/logo\/image\/\",\"url\":\"https:\/\/climatlantic.ca\/wp\/wp-content\/uploads\/2021\/07\/cropped-Climatlantic_Favicon.png\",\"contentUrl\":\"https:\/\/climatlantic.ca\/wp\/wp-content\/uploads\/2021\/07\/cropped-Climatlantic_Favicon.png\",\"width\":512,\"height\":512,\"caption\":\"CLIMAtlantic\"},\"image\":{\"@id\":\"https:\/\/climatlantic.panchroma.dev\/fr\/#\/schema\/logo\/image\/\"},\"sameAs\":[\"https:\/\/www.facebook.com\/CLIMAtlanticInc\/\",\"http:\/\/instagram.com\/climatlantic\",\"https:\/\/www.linkedin.com\/company\/climatlantic\/\"]}]}<\/script>\n<!-- \/ Yoast SEO plugin. -->","yoast_head_json":{"title":"Programme de renforcement des capacit\u00e9s d\u2019adaptation aux changements climatiques sur le plan de la sant\u00e9 - CLIMAtlantic","robots":{"index":"index","follow":"follow","max-snippet":"max-snippet:-1","max-image-preview":"max-image-preview:large","max-video-preview":"max-video-preview:-1"},"canonical":"https:\/\/climatlantic.panchroma.dev\/fr\/outils\/possibilites-financement\/programme-de-renforcement-des-capacites-dadaptation-aux-changements-climatiques-sur-le-plan-de-la-sante\/","og_locale":"fr_FR","og_type":"article","og_title":"Programme de renforcement des capacit\u00e9s d\u2019adaptation aux changements climatiques sur le plan de la sant\u00e9 - CLIMAtlantic","og_description":"Programme de renforcement des capacit\u00e9s d\u2019adaptation aux changements climatiques sur le plan de la sant\u00e9 Le Programme de renforcement des capacit\u00e9s d\u2019adaptation aux changements climatiques sur le plan de la sant\u00e9 vise \u00e0 faire progresser le savoir, les capacit\u00e9s et l\u2019innovation pour faciliter l\u2019adaptation aux risques sanitaires associ\u00e9s aux changements climatiques. Jusqu\u2019\u00e0 17,7 millions de [&hellip;]","og_url":"https:\/\/climatlantic.panchroma.dev\/fr\/outils\/possibilites-financement\/programme-de-renforcement-des-capacites-dadaptation-aux-changements-climatiques-sur-le-plan-de-la-sante\/","og_site_name":"CLIMAtlantic","article_publisher":"https:\/\/www.facebook.com\/CLIMAtlanticInc\/","article_modified_time":"2025-01-06T14:26:37+00:00","twitter_card":"summary_large_image","twitter_misc":{"Dur\u00e9e de lecture estim\u00e9e":"2 minutes"},"schema":{"@context":"https:\/\/schema.org","@graph":[{"@type":"WebPage","@id":"https:\/\/climatlantic.panchroma.dev\/fr\/outils\/possibilites-financement\/programme-de-renforcement-des-capacites-dadaptation-aux-changements-climatiques-sur-le-plan-de-la-sante\/","url":"https:\/\/climatlantic.panchroma.dev\/fr\/outils\/possibilites-financement\/programme-de-renforcement-des-capacites-dadaptation-aux-changements-climatiques-sur-le-plan-de-la-sante\/","name":"Programme de renforcement des capacit\u00e9s d\u2019adaptation aux changements climatiques sur le plan de la sant\u00e9 - CLIMAtlantic","isPartOf":{"@id":"https:\/\/climatlantic.panchroma.dev\/fr\/#website"},"datePublished":"2024-08-09T18:57:09+00:00","dateModified":"2025-01-06T14:26:37+00:00","breadcrumb":{"@id":"https:\/\/climatlantic.panchroma.dev\/fr\/outils\/possibilites-financement\/programme-de-renforcement-des-capacites-dadaptation-aux-changements-climatiques-sur-le-plan-de-la-sante\/#breadcrumb"},"inLanguage":"fr-FR","potentialAction":[{"@type":"ReadAction","target":["https:\/\/climatlantic.panchroma.dev\/fr\/outils\/possibilites-financement\/programme-de-renforcement-des-capacites-dadaptation-aux-changements-climatiques-sur-le-plan-de-la-sante\/"]}]},{"@type":"BreadcrumbList","@id":"https:\/\/climatlantic.panchroma.dev\/fr\/outils\/possibilites-financement\/programme-de-renforcement-des-capacites-dadaptation-aux-changements-climatiques-sur-le-plan-de-la-sante\/#breadcrumb","itemListElement":[{"@type":"ListItem","position":1,"name":"Home","item":"https:\/\/climatlantic.panchroma.dev\/fr\/"},{"@type":"ListItem","position":2,"name":"Outils","item":"https:\/\/climatlantic.panchroma.dev\/fr\/tools\/"},{"@type":"ListItem","position":3,"name":"Possibilit\u00e9s de financement","item":"https:\/\/climatlantic.panchroma.dev\/fr\/tools\/funding-opportunities\/"},{"@type":"ListItem","position":4,"name":"Programme de renforcement des capacit\u00e9s d\u2019adaptation aux changements climatiques sur le plan de la sant\u00e9"}]},{"@type":"WebSite","@id":"https:\/\/climatlantic.panchroma.dev\/fr\/#website","url":"https:\/\/climatlantic.panchroma.dev\/fr\/","name":"Climatlantic","description":"Enhancing Atlantic Climate Resilience","publisher":{"@id":"https:\/\/climatlantic.panchroma.dev\/fr\/#organization"},"potentialAction":[{"@type":"SearchAction","target":{"@type":"EntryPoint","urlTemplate":"https:\/\/climatlantic.panchroma.dev\/fr\/?s={search_term_string}"},"query-input":{"@type":"PropertyValueSpecification","valueRequired":true,"valueName":"search_term_string"}}],"inLanguage":"fr-FR"},{"@type":"Organization","@id":"https:\/\/climatlantic.panchroma.dev\/fr\/#organization","name":"CLIMAtlantic","url":"https:\/\/climatlantic.panchroma.dev\/fr\/","logo":{"@type":"ImageObject","inLanguage":"fr-FR","@id":"https:\/\/climatlantic.panchroma.dev\/fr\/#\/schema\/logo\/image\/","url":"https:\/\/climatlantic.ca\/wp\/wp-content\/uploads\/2021\/07\/cropped-Climatlantic_Favicon.png","contentUrl":"https:\/\/climatlantic.ca\/wp\/wp-content\/uploads\/2021\/07\/cropped-Climatlantic_Favicon.png","width":512,"height":512,"caption":"CLIMAtlantic"},"image":{"@id":"https:\/\/climatlantic.panchroma.dev\/fr\/#\/schema\/logo\/image\/"},"sameAs":["https:\/\/www.facebook.com\/CLIMAtlanticInc\/","http:\/\/instagram.com\/climatlantic","https:\/\/www.linkedin.com\/company\/climatlantic\/"]}]}},"_links":{"self":[{"href":"https:\/\/climatlantic.panchroma.dev\/fr\/wp-json\/wp\/v2\/pages\/14741","targetHints":{"allow":["GET"]}}],"collection":[{"href":"https:\/\/climatlantic.panchroma.dev\/fr\/wp-json\/wp\/v2\/pages"}],"about":[{"href":"https:\/\/climatlantic.panchroma.dev\/fr\/wp-json\/wp\/v2\/types\/page"}],"author":[{"embeddable":true,"href":"https:\/\/climatlantic.panchroma.dev\/fr\/wp-json\/wp\/v2\/users\/18"}],"replies":[{"embeddable":true,"href":"https:\/\/climatlantic.panchroma.dev\/fr\/wp-json\/wp\/v2\/comments?post=14741"}],"version-history":[{"count":3,"href":"https:\/\/climatlantic.panchroma.dev\/fr\/wp-json\/wp\/v2\/pages\/14741\/revisions"}],"predecessor-version":[{"id":16072,"href":"https:\/\/climatlantic.panchroma.dev\/fr\/wp-json\/wp\/v2\/pages\/14741\/revisions\/16072"}],"up":[{"embeddable":true,"href":"https:\/\/climatlantic.panchroma.dev\/fr\/wp-json\/wp\/v2\/pages\/7052"}],"wp:attachment":[{"href":"https:\/\/climatlantic.panchroma.dev\/fr\/wp-json\/wp\/v2\/media?parent=14741"}],"wp:term":[{"taxonomy":"category","embeddable":true,"href":"https:\/\/climatlantic.panchroma.dev\/fr\/wp-json\/wp\/v2\/categories?post=14741"},{"taxonomy":"post_tag","embeddable":true,"href":"https:\/\/climatlantic.panchroma.dev\/fr\/wp-json\/wp\/v2\/tags?post=14741"}],"curies":[{"name":"wp","href":"https:\/\/api.w.org\/{rel}","templated":true}]}}