{"id":13653,"date":"2024-06-03T14:26:03","date_gmt":"2024-06-03T17:26:03","guid":{"rendered":"https:\/\/climatlantic.ca\/leadership-local-pour-ladaptation-climatique\/"},"modified":"2025-11-04T09:06:23","modified_gmt":"2025-11-04T13:06:23","slug":"leadership-local-pour-ladaptation-climatique","status":"publish","type":"page","link":"https:\/\/climatlantic.panchroma.dev\/fr\/outils\/possibilites-financement\/leadership-local-pour-ladaptation-climatique\/","title":{"rendered":"Leadership local pour l\u2019adaptation climatique"},"content":{"rendered":"<p>[et_pb_section fb_built=&#8221;1&#8243; _builder_version=&#8221;4.21.0&#8243; _module_preset=&#8221;default&#8221; da_disable_devices=&#8221;off|off|off&#8221; global_colors_info=&#8221;{}&#8221; da_is_popup=&#8221;off&#8221; da_exit_intent=&#8221;off&#8221; da_has_close=&#8221;on&#8221; da_alt_close=&#8221;off&#8221; da_dark_close=&#8221;off&#8221; da_not_modal=&#8221;on&#8221; da_is_singular=&#8221;off&#8221; da_with_loader=&#8221;off&#8221; da_has_shadow=&#8221;on&#8221;][et_pb_row _builder_version=&#8221;4.21.0&#8243; _module_preset=&#8221;default&#8221; global_colors_info=&#8221;{}&#8221;][et_pb_column type=&#8221;4_4&#8243; _builder_version=&#8221;4.21.0&#8243; _module_preset=&#8221;default&#8221; global_colors_info=&#8221;{}&#8221;][et_pb_image src=&#8221;https:\/\/climatlantic.ca\/wp\/wp-content\/uploads\/2024\/06\/GMF-LLCA-FR.jpg&#8221; alt=&#8221;Graphique de promotion de l&#8217;initiative Leadership local pour l&#8217;adaptation au changement climatique.&#8221; title_text=&#8221;GMF-LLCA-FR&#8221; url=&#8221;https:\/\/fondsmunicipalvert.ca\/leadership-local-pour-ladaptation-climatique&#8221; url_new_window=&#8221;on&#8221; align=&#8221;center&#8221; _builder_version=&#8221;4.25.1&#8243; _module_preset=&#8221;default&#8221; custom_margin=&#8221;||12px||false|false&#8221; global_colors_info=&#8221;{}&#8221;][\/et_pb_image][et_pb_text _builder_version=&#8221;4.27.4&#8243; _module_preset=&#8221;default&#8221; hover_enabled=&#8221;0&#8243; global_colors_info=&#8221;{}&#8221; sticky_enabled=&#8221;0&#8243;]<\/p>\n<div class=\"et_pb_column et_pb_column_4_4 et_pb_column_19  et_pb_css_mix_blend_mode_passthrough et-last-child\">\n<div class=\"et_pb_module et_pb_text et_pb_text_18  et_pb_text_align_left et_pb_bg_layout_light\">\n<div class=\"et_pb_text_inner\">\n<h4><span style=\"text-decoration: underline;\"><a href=\"https:\/\/fondsmunicipalvert.ca\/leadership-local-pour-ladaptation-climatique\" target=\"_blank\" rel=\"noopener\">Leadership local pour l\u2019adaptation climatique<\/a><\/span><\/h4>\n<\/div>\n<\/div>\n<\/div>\n<p>L&#8217;initiative Leadership local pour l&#8217;adaptation climatique (LLAC) du Fonds municipal vert (FMV) de la F\u00e9d\u00e9ration canadienne des municipalit\u00e9s (FCM) et du Gouvernement du Canada vise \u00e0 financer plus de 1400 activit\u00e9s municipales d&#8217;ici 2031. Trois fonds sont disponibles et la date d&#8217;\u00e9ch\u00e9ance pour appliquer varie selon l&#8217;opportunit\u00e9 de financement:<\/p>\n<h6><\/h6>\n<ul>\n<li><strong>L&#8217;adaptation en action<\/strong> &#8211; Am\u00e9lioration de la mise en \u0153uvre des mesures d\u2019adaptation climatique \u00e9quitables prises par les municipalit\u00e9s canadiennes.\n<ul>\n<li>Les candidatures pour les <a href=\"https:\/\/fondsmunicipalvert.ca\/financement\/projets-adaptation-action\" target=\"_blank\" rel=\"noopener\">projets de mise en \u0153uvre<\/a> sont closes.<\/li>\n<li>Les demandes <a href=\"https:\/\/fondsmunicipalvert.ca\/financement\/etude-adaptation-action\" target=\"_blank\" rel=\"noopener\">d&#8217;\u00e9tudes de faisabilit\u00e9<\/a> sont closes.<\/li>\n<\/ul>\n<\/li>\n<li><a href=\"https:\/\/fondsmunicipalvert.ca\/financement\/plans-processus-adaptes-au-climat\" target=\"_blank\" rel=\"noopener\"><strong>Plans et processus adapt\u00e9s au climat<\/strong><\/a> \u2013 Int\u00e9gration de la r\u00e9silience climatique \u00e9quitable et inclusive dans les plans, les processus et les syst\u00e8mes de gestion municipaux, comme les syst\u00e8mes de gestion des actifs\n<ul>\n<li>\n<div class=\"et_pb_module et_pb_text et_pb_text_0  et_pb_text_align_left et_pb_bg_layout_light\">\n<div class=\"et_pb_text_inner\">\n<p>La date limite de d\u00e9p\u00f4t des candidatures \u00e9tait fix\u00e9e au 16 septembre 2025.<\/p>\n<\/div>\n<\/div>\n<\/li>\n<\/ul>\n<\/li>\n<li><a href=\"https:\/\/fondsmunicipalvert.ca\/financement\/financement-resilience-residentielle\" target=\"_blank\" rel=\"noopener\"><strong>Financement de la r\u00e9silience r\u00e9sidentielle<\/strong><\/a> \u2013 Concevoir des programmes de financement locaux qui permettent aux propri\u00e9taires de r\u00e9aliser des travaux de r\u00e9novation de leur logement afin de le rendre plus r\u00e9sistant au changement climatique.\n<ul>\n<li>Les candidatures doivent \u00eatre d\u00e9pos\u00e9es avant le 15 janvier 2026.<\/li>\n<\/ul>\n<\/li>\n<\/ul>\n<p>[\/et_pb_text][et_pb_button button_url=&#8221;@ET-DC@eyJkeW5hbWljIjp0cnVlLCJjb250ZW50IjoicG9zdF9saW5rX3VybF9wYWdlIiwic2V0dGluZ3MiOnsicG9zdF9pZCI6IjY2ODIifX0=@&#8221; button_text=&#8221;RETOUR AUX OPPORTUNIT\u00c9S DE FINANCEMENT&#8221; _builder_version=&#8221;4.21.0&#8243; _dynamic_attributes=&#8221;button_url&#8221; _module_preset=&#8221;default&#8221; custom_margin=&#8221;-12px||||false|false&#8221; custom_padding=&#8221;||||false|false&#8221; global_colors_info=&#8221;{}&#8221;][\/et_pb_button][\/et_pb_column][\/et_pb_row][\/et_pb_section]<\/p>\n","protected":false},"excerpt":{"rendered":"<p>Leadership local pour l\u2019adaptation climatique L&#8217;initiative Leadership local pour l&#8217;adaptation climatique (LLAC) du Fonds municipal vert (FMV) de la F\u00e9d\u00e9ration canadienne des municipalit\u00e9s (FCM) et du Gouvernement du Canada vise \u00e0 financer plus de 1400 activit\u00e9s municipales d&#8217;ici 2031. Trois fonds sont disponibles et la date d&#8217;\u00e9ch\u00e9ance pour appliquer varie selon l&#8217;opportunit\u00e9 de financement: L&#8217;adaptation [&hellip;]<\/p>\n","protected":false},"author":18,"featured_media":0,"parent":7052,"menu_order":0,"comment_status":"closed","ping_status":"closed","template":"","meta":{"_et_pb_use_builder":"on","_et_pb_old_content":"","_et_gb_content_width":"","footnotes":""},"categories":[],"tags":[],"class_list":["post-13653","page","type-page","status-publish","hentry"],"yoast_head":"<!-- This site is optimized with the Yoast SEO plugin v26.5 - https:\/\/yoast.com\/wordpress\/plugins\/seo\/ -->\n<title>Leadership local pour l\u2019adaptation climatique - CLIMAtlantic<\/title>\n<meta name=\"robots\" content=\"index, follow, max-snippet:-1, max-image-preview:large, max-video-preview:-1\" \/>\n<link rel=\"canonical\" href=\"https:\/\/climatlantic.panchroma.dev\/fr\/outils\/possibilites-financement\/leadership-local-pour-ladaptation-climatique\/\" \/>\n<meta property=\"og:locale\" content=\"fr_FR\" \/>\n<meta property=\"og:type\" content=\"article\" \/>\n<meta property=\"og:title\" content=\"Leadership local pour l\u2019adaptation climatique - CLIMAtlantic\" \/>\n<meta property=\"og:description\" content=\"Leadership local pour l\u2019adaptation climatique L&#039;initiative Leadership local pour l&#039;adaptation climatique (LLAC) du Fonds municipal vert (FMV) de la F\u00e9d\u00e9ration canadienne des municipalit\u00e9s (FCM) et du Gouvernement du Canada vise \u00e0 financer plus de 1400 activit\u00e9s municipales d&#039;ici 2031. Trois fonds sont disponibles et la date d&#039;\u00e9ch\u00e9ance pour appliquer varie selon l&#039;opportunit\u00e9 de financement: L&#039;adaptation [&hellip;]\" \/>\n<meta property=\"og:url\" content=\"https:\/\/climatlantic.panchroma.dev\/fr\/outils\/possibilites-financement\/leadership-local-pour-ladaptation-climatique\/\" \/>\n<meta property=\"og:site_name\" content=\"CLIMAtlantic\" \/>\n<meta property=\"article:publisher\" content=\"https:\/\/www.facebook.com\/CLIMAtlanticInc\/\" \/>\n<meta property=\"article:modified_time\" content=\"2025-11-04T13:06:23+00:00\" \/>\n<meta name=\"twitter:card\" content=\"summary_large_image\" \/>\n<meta name=\"twitter:label1\" content=\"Dur\u00e9e de lecture estim\u00e9e\" \/>\n\t<meta name=\"twitter:data1\" content=\"2 minutes\" \/>\n<script type=\"application\/ld+json\" class=\"yoast-schema-graph\">{\"@context\":\"https:\/\/schema.org\",\"@graph\":[{\"@type\":\"WebPage\",\"@id\":\"https:\/\/climatlantic.panchroma.dev\/fr\/outils\/possibilites-financement\/leadership-local-pour-ladaptation-climatique\/\",\"url\":\"https:\/\/climatlantic.panchroma.dev\/fr\/outils\/possibilites-financement\/leadership-local-pour-ladaptation-climatique\/\",\"name\":\"Leadership local pour l\u2019adaptation climatique - CLIMAtlantic\",\"isPartOf\":{\"@id\":\"https:\/\/climatlantic.panchroma.dev\/fr\/#website\"},\"datePublished\":\"2024-06-03T17:26:03+00:00\",\"dateModified\":\"2025-11-04T13:06:23+00:00\",\"breadcrumb\":{\"@id\":\"https:\/\/climatlantic.panchroma.dev\/fr\/outils\/possibilites-financement\/leadership-local-pour-ladaptation-climatique\/#breadcrumb\"},\"inLanguage\":\"fr-FR\",\"potentialAction\":[{\"@type\":\"ReadAction\",\"target\":[\"https:\/\/climatlantic.panchroma.dev\/fr\/outils\/possibilites-financement\/leadership-local-pour-ladaptation-climatique\/\"]}]},{\"@type\":\"BreadcrumbList\",\"@id\":\"https:\/\/climatlantic.panchroma.dev\/fr\/outils\/possibilites-financement\/leadership-local-pour-ladaptation-climatique\/#breadcrumb\",\"itemListElement\":[{\"@type\":\"ListItem\",\"position\":1,\"name\":\"Home\",\"item\":\"https:\/\/climatlantic.panchroma.dev\/fr\/\"},{\"@type\":\"ListItem\",\"position\":2,\"name\":\"Outils\",\"item\":\"https:\/\/climatlantic.panchroma.dev\/fr\/tools\/\"},{\"@type\":\"ListItem\",\"position\":3,\"name\":\"Possibilit\u00e9s de financement\",\"item\":\"https:\/\/climatlantic.panchroma.dev\/fr\/tools\/funding-opportunities\/\"},{\"@type\":\"ListItem\",\"position\":4,\"name\":\"Leadership local pour l\u2019adaptation climatique\"}]},{\"@type\":\"WebSite\",\"@id\":\"https:\/\/climatlantic.panchroma.dev\/fr\/#website\",\"url\":\"https:\/\/climatlantic.panchroma.dev\/fr\/\",\"name\":\"Climatlantic\",\"description\":\"Enhancing Atlantic Climate Resilience\",\"publisher\":{\"@id\":\"https:\/\/climatlantic.panchroma.dev\/fr\/#organization\"},\"potentialAction\":[{\"@type\":\"SearchAction\",\"target\":{\"@type\":\"EntryPoint\",\"urlTemplate\":\"https:\/\/climatlantic.panchroma.dev\/fr\/?s={search_term_string}\"},\"query-input\":{\"@type\":\"PropertyValueSpecification\",\"valueRequired\":true,\"valueName\":\"search_term_string\"}}],\"inLanguage\":\"fr-FR\"},{\"@type\":\"Organization\",\"@id\":\"https:\/\/climatlantic.panchroma.dev\/fr\/#organization\",\"name\":\"CLIMAtlantic\",\"url\":\"https:\/\/climatlantic.panchroma.dev\/fr\/\",\"logo\":{\"@type\":\"ImageObject\",\"inLanguage\":\"fr-FR\",\"@id\":\"https:\/\/climatlantic.panchroma.dev\/fr\/#\/schema\/logo\/image\/\",\"url\":\"https:\/\/climatlantic.ca\/wp\/wp-content\/uploads\/2021\/07\/cropped-Climatlantic_Favicon.png\",\"contentUrl\":\"https:\/\/climatlantic.ca\/wp\/wp-content\/uploads\/2021\/07\/cropped-Climatlantic_Favicon.png\",\"width\":512,\"height\":512,\"caption\":\"CLIMAtlantic\"},\"image\":{\"@id\":\"https:\/\/climatlantic.panchroma.dev\/fr\/#\/schema\/logo\/image\/\"},\"sameAs\":[\"https:\/\/www.facebook.com\/CLIMAtlanticInc\/\",\"http:\/\/instagram.com\/climatlantic\",\"https:\/\/www.linkedin.com\/company\/climatlantic\/\"]}]}<\/script>\n<!-- \/ Yoast SEO plugin. -->","yoast_head_json":{"title":"Leadership local pour l\u2019adaptation climatique - CLIMAtlantic","robots":{"index":"index","follow":"follow","max-snippet":"max-snippet:-1","max-image-preview":"max-image-preview:large","max-video-preview":"max-video-preview:-1"},"canonical":"https:\/\/climatlantic.panchroma.dev\/fr\/outils\/possibilites-financement\/leadership-local-pour-ladaptation-climatique\/","og_locale":"fr_FR","og_type":"article","og_title":"Leadership local pour l\u2019adaptation climatique - CLIMAtlantic","og_description":"Leadership local pour l\u2019adaptation climatique L'initiative Leadership local pour l'adaptation climatique (LLAC) du Fonds municipal vert (FMV) de la F\u00e9d\u00e9ration canadienne des municipalit\u00e9s (FCM) et du Gouvernement du Canada vise \u00e0 financer plus de 1400 activit\u00e9s municipales d'ici 2031. Trois fonds sont disponibles et la date d'\u00e9ch\u00e9ance pour appliquer varie selon l'opportunit\u00e9 de financement: L'adaptation [&hellip;]","og_url":"https:\/\/climatlantic.panchroma.dev\/fr\/outils\/possibilites-financement\/leadership-local-pour-ladaptation-climatique\/","og_site_name":"CLIMAtlantic","article_publisher":"https:\/\/www.facebook.com\/CLIMAtlanticInc\/","article_modified_time":"2025-11-04T13:06:23+00:00","twitter_card":"summary_large_image","twitter_misc":{"Dur\u00e9e de lecture estim\u00e9e":"2 minutes"},"schema":{"@context":"https:\/\/schema.org","@graph":[{"@type":"WebPage","@id":"https:\/\/climatlantic.panchroma.dev\/fr\/outils\/possibilites-financement\/leadership-local-pour-ladaptation-climatique\/","url":"https:\/\/climatlantic.panchroma.dev\/fr\/outils\/possibilites-financement\/leadership-local-pour-ladaptation-climatique\/","name":"Leadership local pour l\u2019adaptation climatique - CLIMAtlantic","isPartOf":{"@id":"https:\/\/climatlantic.panchroma.dev\/fr\/#website"},"datePublished":"2024-06-03T17:26:03+00:00","dateModified":"2025-11-04T13:06:23+00:00","breadcrumb":{"@id":"https:\/\/climatlantic.panchroma.dev\/fr\/outils\/possibilites-financement\/leadership-local-pour-ladaptation-climatique\/#breadcrumb"},"inLanguage":"fr-FR","potentialAction":[{"@type":"ReadAction","target":["https:\/\/climatlantic.panchroma.dev\/fr\/outils\/possibilites-financement\/leadership-local-pour-ladaptation-climatique\/"]}]},{"@type":"BreadcrumbList","@id":"https:\/\/climatlantic.panchroma.dev\/fr\/outils\/possibilites-financement\/leadership-local-pour-ladaptation-climatique\/#breadcrumb","itemListElement":[{"@type":"ListItem","position":1,"name":"Home","item":"https:\/\/climatlantic.panchroma.dev\/fr\/"},{"@type":"ListItem","position":2,"name":"Outils","item":"https:\/\/climatlantic.panchroma.dev\/fr\/tools\/"},{"@type":"ListItem","position":3,"name":"Possibilit\u00e9s de financement","item":"https:\/\/climatlantic.panchroma.dev\/fr\/tools\/funding-opportunities\/"},{"@type":"ListItem","position":4,"name":"Leadership local pour l\u2019adaptation climatique"}]},{"@type":"WebSite","@id":"https:\/\/climatlantic.panchroma.dev\/fr\/#website","url":"https:\/\/climatlantic.panchroma.dev\/fr\/","name":"Climatlantic","description":"Enhancing Atlantic Climate Resilience","publisher":{"@id":"https:\/\/climatlantic.panchroma.dev\/fr\/#organization"},"potentialAction":[{"@type":"SearchAction","target":{"@type":"EntryPoint","urlTemplate":"https:\/\/climatlantic.panchroma.dev\/fr\/?s={search_term_string}"},"query-input":{"@type":"PropertyValueSpecification","valueRequired":true,"valueName":"search_term_string"}}],"inLanguage":"fr-FR"},{"@type":"Organization","@id":"https:\/\/climatlantic.panchroma.dev\/fr\/#organization","name":"CLIMAtlantic","url":"https:\/\/climatlantic.panchroma.dev\/fr\/","logo":{"@type":"ImageObject","inLanguage":"fr-FR","@id":"https:\/\/climatlantic.panchroma.dev\/fr\/#\/schema\/logo\/image\/","url":"https:\/\/climatlantic.ca\/wp\/wp-content\/uploads\/2021\/07\/cropped-Climatlantic_Favicon.png","contentUrl":"https:\/\/climatlantic.ca\/wp\/wp-content\/uploads\/2021\/07\/cropped-Climatlantic_Favicon.png","width":512,"height":512,"caption":"CLIMAtlantic"},"image":{"@id":"https:\/\/climatlantic.panchroma.dev\/fr\/#\/schema\/logo\/image\/"},"sameAs":["https:\/\/www.facebook.com\/CLIMAtlanticInc\/","http:\/\/instagram.com\/climatlantic","https:\/\/www.linkedin.com\/company\/climatlantic\/"]}]}},"_links":{"self":[{"href":"https:\/\/climatlantic.panchroma.dev\/fr\/wp-json\/wp\/v2\/pages\/13653","targetHints":{"allow":["GET"]}}],"collection":[{"href":"https:\/\/climatlantic.panchroma.dev\/fr\/wp-json\/wp\/v2\/pages"}],"about":[{"href":"https:\/\/climatlantic.panchroma.dev\/fr\/wp-json\/wp\/v2\/types\/page"}],"author":[{"embeddable":true,"href":"https:\/\/climatlantic.panchroma.dev\/fr\/wp-json\/wp\/v2\/users\/18"}],"replies":[{"embeddable":true,"href":"https:\/\/climatlantic.panchroma.dev\/fr\/wp-json\/wp\/v2\/comments?post=13653"}],"version-history":[{"count":5,"href":"https:\/\/climatlantic.panchroma.dev\/fr\/wp-json\/wp\/v2\/pages\/13653\/revisions"}],"predecessor-version":[{"id":18661,"href":"https:\/\/climatlantic.panchroma.dev\/fr\/wp-json\/wp\/v2\/pages\/13653\/revisions\/18661"}],"up":[{"embeddable":true,"href":"https:\/\/climatlantic.panchroma.dev\/fr\/wp-json\/wp\/v2\/pages\/7052"}],"wp:attachment":[{"href":"https:\/\/climatlantic.panchroma.dev\/fr\/wp-json\/wp\/v2\/media?parent=13653"}],"wp:term":[{"taxonomy":"category","embeddable":true,"href":"https:\/\/climatlantic.panchroma.dev\/fr\/wp-json\/wp\/v2\/categories?post=13653"},{"taxonomy":"post_tag","embeddable":true,"href":"https:\/\/climatlantic.panchroma.dev\/fr\/wp-json\/wp\/v2\/tags?post=13653"}],"curies":[{"name":"wp","href":"https:\/\/api.w.org\/{rel}","templated":true}]}}