{"id":12804,"date":"2024-04-15T11:36:29","date_gmt":"2024-04-15T14:36:29","guid":{"rendered":"https:\/\/climatlantic.ca\/?page_id=12804"},"modified":"2025-03-21T06:53:46","modified_gmt":"2025-03-21T09:53:46","slug":"fundy-community-foundation","status":"publish","type":"page","link":"https:\/\/climatlantic.panchroma.dev\/fr\/outils\/possibilites-financement\/fundy-community-foundation\/","title":{"rendered":"Fundy Community Foundation"},"content":{"rendered":"<p>[et_pb_section fb_built=&#8221;1&#8243; _builder_version=&#8221;4.21.0&#8243; _module_preset=&#8221;default&#8221; da_disable_devices=&#8221;off|off|off&#8221; global_colors_info=&#8221;{}&#8221; da_is_popup=&#8221;off&#8221; da_exit_intent=&#8221;off&#8221; da_has_close=&#8221;on&#8221; da_alt_close=&#8221;off&#8221; da_dark_close=&#8221;off&#8221; da_not_modal=&#8221;on&#8221; da_is_singular=&#8221;off&#8221; da_with_loader=&#8221;off&#8221; da_has_shadow=&#8221;on&#8221;][et_pb_row _builder_version=&#8221;4.21.0&#8243; _module_preset=&#8221;default&#8221; global_colors_info=&#8221;{}&#8221;][et_pb_column type=&#8221;4_4&#8243; _builder_version=&#8221;4.21.0&#8243; _module_preset=&#8221;default&#8221; global_colors_info=&#8221;{}&#8221;][et_pb_image src=&#8221;https:\/\/climatlantic.ca\/wp\/wp-content\/uploads\/2024\/04\/CLIMAtlantic-fundy-community-foundation-logo.png&#8221; alt=&#8221;Le logo de la fondation est compos\u00e9 de carr\u00e9s superpos\u00e9s de diff\u00e9rentes couleurs. \u00c0 c\u00f4t\u00e9 du logo, on peut lire %22Fundy Community Foundation%22&#8243; title_text=&#8221;CLIMAtlantic-fundy-community-foundation-logo&#8221; url=&#8221;https:\/\/fundycommunityfoundation.ca\/grants\/about&#8221; url_new_window=&#8221;on&#8221; align=&#8221;center&#8221; _builder_version=&#8221;4.24.3&#8243; _module_preset=&#8221;default&#8221; custom_margin=&#8221;||12px||false|false&#8221; global_colors_info=&#8221;{}&#8221;][\/et_pb_image][et_pb_text _builder_version=&#8221;4.27.4&#8243; _module_preset=&#8221;default&#8221; global_colors_info=&#8221;{}&#8221;]<\/p>\n<h4><strong><a href=\"https:\/\/fundycommunityfoundation.ca\/grants\/about\" target=\"_blank\" rel=\"noopener\"><span style=\"text-decoration: underline;\">Fundy Community Foundation<\/span><\/a><\/strong><\/h4>\n<p><span style=\"font-weight: 400;\">La Fundy Community Foundation soutient des projets qui abordent les d\u00e9fis communautaires par des approches novatrices et coop\u00e9ratives dans le comt\u00e9 de Charlotte et dans les r\u00e9gions rurales du Sud-Ouest du Nouveau-Brunswick. Les cat\u00e9gories de financement li\u00e9es \u00e0 l\u2019adaptation comprennent l\u2019environnement et le bien-\u00eatre des animaux, la s\u00e9curit\u00e9 alimentaire et les programmes sociaux, ainsi que l\u2019alphab\u00e9tisation et l\u2019\u00e9ducation. (<\/span><a href=\"https:\/\/fundycommunityfoundation.ca\/grants\/about\" target=\"_blank\" rel=\"noopener\"><span style=\"font-weight: 400;\">On peut trouver ici d\u2019autres priorit\u00e9s pour le financement<\/span><\/a><span style=\"font-weight: 400;\">).\u00a0<\/span><\/p>\n<p><span style=\"font-weight: 400;\">Voici quelques exemples de projets d\u00e9j\u00e0 financ\u00e9s :<\/span><\/p>\n<p><span style=\"font-weight: 400;\">-D\u00e9veloppement de mat\u00e9riel \u00e9ducatif mettant en \u00e9vidence la relation entre le peuple Passamaquoddy et l\u2019environnement marin; et<br \/><\/span><span style=\"font-weight: 400;\">-Soutien \u00e0 l\u2019installation de citernes pluviales et d\u2019un syst\u00e8me de compostage dans un jardin communautaire local.<\/span><\/p>\n<p>La date limite de d\u00e9p\u00f4t des candidatures \u00e9tait fix\u00e9e au 20 mars.<\/p>\n<p data-pm-slice=\"1 1 []\">(Veuillez noter que le site web mentionn\u00e9 ci-dessus n\u2019est disponible qu\u2019en anglais.)<\/p>\n<p>[\/et_pb_text][et_pb_button button_url=&#8221;@ET-DC@eyJkeW5hbWljIjp0cnVlLCJjb250ZW50IjoicG9zdF9saW5rX3VybF9wYWdlIiwic2V0dGluZ3MiOnsicG9zdF9pZCI6IjY2ODIifX0=@&#8221; button_text=&#8221;RETOUR AUX OPPORTUNIT\u00c9S DE FINANCEMENT&#8221; _builder_version=&#8221;4.21.0&#8243; _dynamic_attributes=&#8221;button_url&#8221; _module_preset=&#8221;default&#8221; custom_margin=&#8221;-12px||||false|false&#8221; custom_padding=&#8221;||||false|false&#8221; global_colors_info=&#8221;{}&#8221;][\/et_pb_button][\/et_pb_column][\/et_pb_row][\/et_pb_section]<\/p>\n","protected":false},"excerpt":{"rendered":"<p>Fundy Community Foundation La Fundy Community Foundation soutient des projets qui abordent les d\u00e9fis communautaires par des approches novatrices et coop\u00e9ratives dans le comt\u00e9 de Charlotte et dans les r\u00e9gions rurales du Sud-Ouest du Nouveau-Brunswick. Les cat\u00e9gories de financement li\u00e9es \u00e0 l\u2019adaptation comprennent l\u2019environnement et le bien-\u00eatre des animaux, la s\u00e9curit\u00e9 alimentaire et les programmes [&hellip;]<\/p>\n","protected":false},"author":18,"featured_media":0,"parent":7052,"menu_order":0,"comment_status":"closed","ping_status":"closed","template":"","meta":{"_et_pb_use_builder":"on","_et_pb_old_content":"","_et_gb_content_width":"","footnotes":""},"categories":[],"tags":[],"class_list":["post-12804","page","type-page","status-publish","hentry"],"yoast_head":"<!-- This site is optimized with the Yoast SEO plugin v26.5 - https:\/\/yoast.com\/wordpress\/plugins\/seo\/ -->\n<title>Fundy Community Foundation - CLIMAtlantic<\/title>\n<meta name=\"robots\" content=\"index, follow, max-snippet:-1, max-image-preview:large, max-video-preview:-1\" \/>\n<link rel=\"canonical\" href=\"https:\/\/climatlantic.panchroma.dev\/fr\/outils\/possibilites-financement\/fundy-community-foundation\/\" \/>\n<meta property=\"og:locale\" content=\"fr_FR\" \/>\n<meta property=\"og:type\" content=\"article\" \/>\n<meta property=\"og:title\" content=\"Fundy Community Foundation - CLIMAtlantic\" \/>\n<meta property=\"og:description\" content=\"Fundy Community Foundation La Fundy Community Foundation soutient des projets qui abordent les d\u00e9fis communautaires par des approches novatrices et coop\u00e9ratives dans le comt\u00e9 de Charlotte et dans les r\u00e9gions rurales du Sud-Ouest du Nouveau-Brunswick. Les cat\u00e9gories de financement li\u00e9es \u00e0 l\u2019adaptation comprennent l\u2019environnement et le bien-\u00eatre des animaux, la s\u00e9curit\u00e9 alimentaire et les programmes [&hellip;]\" \/>\n<meta property=\"og:url\" content=\"https:\/\/climatlantic.panchroma.dev\/fr\/outils\/possibilites-financement\/fundy-community-foundation\/\" \/>\n<meta property=\"og:site_name\" content=\"CLIMAtlantic\" \/>\n<meta property=\"article:publisher\" content=\"https:\/\/www.facebook.com\/CLIMAtlanticInc\/\" \/>\n<meta property=\"article:modified_time\" content=\"2025-03-21T09:53:46+00:00\" \/>\n<meta name=\"twitter:card\" content=\"summary_large_image\" \/>\n<meta name=\"twitter:label1\" content=\"Dur\u00e9e de lecture estim\u00e9e\" \/>\n\t<meta name=\"twitter:data1\" content=\"2 minutes\" \/>\n<script type=\"application\/ld+json\" class=\"yoast-schema-graph\">{\"@context\":\"https:\/\/schema.org\",\"@graph\":[{\"@type\":\"WebPage\",\"@id\":\"https:\/\/climatlantic.panchroma.dev\/fr\/outils\/possibilites-financement\/fundy-community-foundation\/\",\"url\":\"https:\/\/climatlantic.panchroma.dev\/fr\/outils\/possibilites-financement\/fundy-community-foundation\/\",\"name\":\"Fundy Community Foundation - CLIMAtlantic\",\"isPartOf\":{\"@id\":\"https:\/\/climatlantic.panchroma.dev\/fr\/#website\"},\"datePublished\":\"2024-04-15T14:36:29+00:00\",\"dateModified\":\"2025-03-21T09:53:46+00:00\",\"breadcrumb\":{\"@id\":\"https:\/\/climatlantic.panchroma.dev\/fr\/outils\/possibilites-financement\/fundy-community-foundation\/#breadcrumb\"},\"inLanguage\":\"fr-FR\",\"potentialAction\":[{\"@type\":\"ReadAction\",\"target\":[\"https:\/\/climatlantic.panchroma.dev\/fr\/outils\/possibilites-financement\/fundy-community-foundation\/\"]}]},{\"@type\":\"BreadcrumbList\",\"@id\":\"https:\/\/climatlantic.panchroma.dev\/fr\/outils\/possibilites-financement\/fundy-community-foundation\/#breadcrumb\",\"itemListElement\":[{\"@type\":\"ListItem\",\"position\":1,\"name\":\"Home\",\"item\":\"https:\/\/climatlantic.panchroma.dev\/fr\/\"},{\"@type\":\"ListItem\",\"position\":2,\"name\":\"Outils\",\"item\":\"https:\/\/climatlantic.panchroma.dev\/fr\/tools\/\"},{\"@type\":\"ListItem\",\"position\":3,\"name\":\"Possibilit\u00e9s de financement\",\"item\":\"https:\/\/climatlantic.panchroma.dev\/fr\/tools\/funding-opportunities\/\"},{\"@type\":\"ListItem\",\"position\":4,\"name\":\"Fundy Community Foundation\"}]},{\"@type\":\"WebSite\",\"@id\":\"https:\/\/climatlantic.panchroma.dev\/fr\/#website\",\"url\":\"https:\/\/climatlantic.panchroma.dev\/fr\/\",\"name\":\"Climatlantic\",\"description\":\"Enhancing Atlantic Climate Resilience\",\"publisher\":{\"@id\":\"https:\/\/climatlantic.panchroma.dev\/fr\/#organization\"},\"potentialAction\":[{\"@type\":\"SearchAction\",\"target\":{\"@type\":\"EntryPoint\",\"urlTemplate\":\"https:\/\/climatlantic.panchroma.dev\/fr\/?s={search_term_string}\"},\"query-input\":{\"@type\":\"PropertyValueSpecification\",\"valueRequired\":true,\"valueName\":\"search_term_string\"}}],\"inLanguage\":\"fr-FR\"},{\"@type\":\"Organization\",\"@id\":\"https:\/\/climatlantic.panchroma.dev\/fr\/#organization\",\"name\":\"CLIMAtlantic\",\"url\":\"https:\/\/climatlantic.panchroma.dev\/fr\/\",\"logo\":{\"@type\":\"ImageObject\",\"inLanguage\":\"fr-FR\",\"@id\":\"https:\/\/climatlantic.panchroma.dev\/fr\/#\/schema\/logo\/image\/\",\"url\":\"https:\/\/climatlantic.ca\/wp\/wp-content\/uploads\/2021\/07\/cropped-Climatlantic_Favicon.png\",\"contentUrl\":\"https:\/\/climatlantic.ca\/wp\/wp-content\/uploads\/2021\/07\/cropped-Climatlantic_Favicon.png\",\"width\":512,\"height\":512,\"caption\":\"CLIMAtlantic\"},\"image\":{\"@id\":\"https:\/\/climatlantic.panchroma.dev\/fr\/#\/schema\/logo\/image\/\"},\"sameAs\":[\"https:\/\/www.facebook.com\/CLIMAtlanticInc\/\",\"http:\/\/instagram.com\/climatlantic\",\"https:\/\/www.linkedin.com\/company\/climatlantic\/\"]}]}<\/script>\n<!-- \/ Yoast SEO plugin. -->","yoast_head_json":{"title":"Fundy Community Foundation - CLIMAtlantic","robots":{"index":"index","follow":"follow","max-snippet":"max-snippet:-1","max-image-preview":"max-image-preview:large","max-video-preview":"max-video-preview:-1"},"canonical":"https:\/\/climatlantic.panchroma.dev\/fr\/outils\/possibilites-financement\/fundy-community-foundation\/","og_locale":"fr_FR","og_type":"article","og_title":"Fundy Community Foundation - CLIMAtlantic","og_description":"Fundy Community Foundation La Fundy Community Foundation soutient des projets qui abordent les d\u00e9fis communautaires par des approches novatrices et coop\u00e9ratives dans le comt\u00e9 de Charlotte et dans les r\u00e9gions rurales du Sud-Ouest du Nouveau-Brunswick. Les cat\u00e9gories de financement li\u00e9es \u00e0 l\u2019adaptation comprennent l\u2019environnement et le bien-\u00eatre des animaux, la s\u00e9curit\u00e9 alimentaire et les programmes [&hellip;]","og_url":"https:\/\/climatlantic.panchroma.dev\/fr\/outils\/possibilites-financement\/fundy-community-foundation\/","og_site_name":"CLIMAtlantic","article_publisher":"https:\/\/www.facebook.com\/CLIMAtlanticInc\/","article_modified_time":"2025-03-21T09:53:46+00:00","twitter_card":"summary_large_image","twitter_misc":{"Dur\u00e9e de lecture estim\u00e9e":"2 minutes"},"schema":{"@context":"https:\/\/schema.org","@graph":[{"@type":"WebPage","@id":"https:\/\/climatlantic.panchroma.dev\/fr\/outils\/possibilites-financement\/fundy-community-foundation\/","url":"https:\/\/climatlantic.panchroma.dev\/fr\/outils\/possibilites-financement\/fundy-community-foundation\/","name":"Fundy Community Foundation - CLIMAtlantic","isPartOf":{"@id":"https:\/\/climatlantic.panchroma.dev\/fr\/#website"},"datePublished":"2024-04-15T14:36:29+00:00","dateModified":"2025-03-21T09:53:46+00:00","breadcrumb":{"@id":"https:\/\/climatlantic.panchroma.dev\/fr\/outils\/possibilites-financement\/fundy-community-foundation\/#breadcrumb"},"inLanguage":"fr-FR","potentialAction":[{"@type":"ReadAction","target":["https:\/\/climatlantic.panchroma.dev\/fr\/outils\/possibilites-financement\/fundy-community-foundation\/"]}]},{"@type":"BreadcrumbList","@id":"https:\/\/climatlantic.panchroma.dev\/fr\/outils\/possibilites-financement\/fundy-community-foundation\/#breadcrumb","itemListElement":[{"@type":"ListItem","position":1,"name":"Home","item":"https:\/\/climatlantic.panchroma.dev\/fr\/"},{"@type":"ListItem","position":2,"name":"Outils","item":"https:\/\/climatlantic.panchroma.dev\/fr\/tools\/"},{"@type":"ListItem","position":3,"name":"Possibilit\u00e9s de financement","item":"https:\/\/climatlantic.panchroma.dev\/fr\/tools\/funding-opportunities\/"},{"@type":"ListItem","position":4,"name":"Fundy Community Foundation"}]},{"@type":"WebSite","@id":"https:\/\/climatlantic.panchroma.dev\/fr\/#website","url":"https:\/\/climatlantic.panchroma.dev\/fr\/","name":"Climatlantic","description":"Enhancing Atlantic Climate Resilience","publisher":{"@id":"https:\/\/climatlantic.panchroma.dev\/fr\/#organization"},"potentialAction":[{"@type":"SearchAction","target":{"@type":"EntryPoint","urlTemplate":"https:\/\/climatlantic.panchroma.dev\/fr\/?s={search_term_string}"},"query-input":{"@type":"PropertyValueSpecification","valueRequired":true,"valueName":"search_term_string"}}],"inLanguage":"fr-FR"},{"@type":"Organization","@id":"https:\/\/climatlantic.panchroma.dev\/fr\/#organization","name":"CLIMAtlantic","url":"https:\/\/climatlantic.panchroma.dev\/fr\/","logo":{"@type":"ImageObject","inLanguage":"fr-FR","@id":"https:\/\/climatlantic.panchroma.dev\/fr\/#\/schema\/logo\/image\/","url":"https:\/\/climatlantic.ca\/wp\/wp-content\/uploads\/2021\/07\/cropped-Climatlantic_Favicon.png","contentUrl":"https:\/\/climatlantic.ca\/wp\/wp-content\/uploads\/2021\/07\/cropped-Climatlantic_Favicon.png","width":512,"height":512,"caption":"CLIMAtlantic"},"image":{"@id":"https:\/\/climatlantic.panchroma.dev\/fr\/#\/schema\/logo\/image\/"},"sameAs":["https:\/\/www.facebook.com\/CLIMAtlanticInc\/","http:\/\/instagram.com\/climatlantic","https:\/\/www.linkedin.com\/company\/climatlantic\/"]}]}},"_links":{"self":[{"href":"https:\/\/climatlantic.panchroma.dev\/fr\/wp-json\/wp\/v2\/pages\/12804","targetHints":{"allow":["GET"]}}],"collection":[{"href":"https:\/\/climatlantic.panchroma.dev\/fr\/wp-json\/wp\/v2\/pages"}],"about":[{"href":"https:\/\/climatlantic.panchroma.dev\/fr\/wp-json\/wp\/v2\/types\/page"}],"author":[{"embeddable":true,"href":"https:\/\/climatlantic.panchroma.dev\/fr\/wp-json\/wp\/v2\/users\/18"}],"replies":[{"embeddable":true,"href":"https:\/\/climatlantic.panchroma.dev\/fr\/wp-json\/wp\/v2\/comments?post=12804"}],"version-history":[{"count":5,"href":"https:\/\/climatlantic.panchroma.dev\/fr\/wp-json\/wp\/v2\/pages\/12804\/revisions"}],"predecessor-version":[{"id":16535,"href":"https:\/\/climatlantic.panchroma.dev\/fr\/wp-json\/wp\/v2\/pages\/12804\/revisions\/16535"}],"up":[{"embeddable":true,"href":"https:\/\/climatlantic.panchroma.dev\/fr\/wp-json\/wp\/v2\/pages\/7052"}],"wp:attachment":[{"href":"https:\/\/climatlantic.panchroma.dev\/fr\/wp-json\/wp\/v2\/media?parent=12804"}],"wp:term":[{"taxonomy":"category","embeddable":true,"href":"https:\/\/climatlantic.panchroma.dev\/fr\/wp-json\/wp\/v2\/categories?post=12804"},{"taxonomy":"post_tag","embeddable":true,"href":"https:\/\/climatlantic.panchroma.dev\/fr\/wp-json\/wp\/v2\/tags?post=12804"}],"curies":[{"name":"wp","href":"https:\/\/api.w.org\/{rel}","templated":true}]}}