{"id":12798,"date":"2024-04-15T11:33:37","date_gmt":"2024-04-15T14:33:37","guid":{"rendered":"https:\/\/climatlantic.ca\/?page_id=12798"},"modified":"2025-08-19T11:40:45","modified_gmt":"2025-08-19T14:40:45","slug":"subvention-pour-les-impacts-communautaires","status":"publish","type":"page","link":"https:\/\/climatlantic.panchroma.dev\/fr\/outils\/possibilites-financement\/subvention-pour-les-impacts-communautaires\/","title":{"rendered":"Subvention pour les impacts communautaires"},"content":{"rendered":"<p>[et_pb_section fb_built=&#8221;1&#8243; _builder_version=&#8221;4.21.0&#8243; _module_preset=&#8221;default&#8221; da_disable_devices=&#8221;off|off|off&#8221; global_colors_info=&#8221;{}&#8221; da_is_popup=&#8221;off&#8221; da_exit_intent=&#8221;off&#8221; da_has_close=&#8221;on&#8221; da_alt_close=&#8221;off&#8221; da_dark_close=&#8221;off&#8221; da_not_modal=&#8221;on&#8221; da_is_singular=&#8221;off&#8221; da_with_loader=&#8221;off&#8221; da_has_shadow=&#8221;on&#8221;][et_pb_row _builder_version=&#8221;4.21.0&#8243; _module_preset=&#8221;default&#8221; global_colors_info=&#8221;{}&#8221;][et_pb_column type=&#8221;4_4&#8243; _builder_version=&#8221;4.21.0&#8243; _module_preset=&#8221;default&#8221; global_colors_info=&#8221;{}&#8221;][et_pb_image src=&#8221;https:\/\/climatlantic.ca\/wp\/wp-content\/uploads\/2024\/04\/CLIMAtlantic-community-impact-grant-1024&#215;211.png&#8221; alt=&#8221;Des personnes sourient et travaillent ensemble dans un jardin. Le texte indique %22Community Impact Grant%22&#8243; title_text=&#8221;CLIMAtlantic-community-impact-grant&#8221; url=&#8221;https:\/\/ecclesiastical.ca\/fr\/accueil\/&#8221; url_new_window=&#8221;on&#8221; _builder_version=&#8221;4.27.4&#8243; _module_preset=&#8221;default&#8221; custom_margin=&#8221;||12px||false|false&#8221; global_colors_info=&#8221;{}&#8221;][\/et_pb_image][et_pb_text _builder_version=&#8221;4.27.4&#8243; _module_preset=&#8221;default&#8221; hover_enabled=&#8221;0&#8243; global_colors_info=&#8221;{}&#8221; sticky_enabled=&#8221;0&#8243;]<\/p>\n<div class=\"et_pb_column et_pb_column_4_4 et_pb_column_19  et_pb_css_mix_blend_mode_passthrough et-last-child\">\n<div class=\"et_pb_module et_pb_text et_pb_text_18  et_pb_text_align_left et_pb_bg_layout_light\">\n<div class=\"et_pb_text_inner\">\n<h4><strong><span style=\"text-decoration: underline;\"><a href=\"https:\/\/ecclesiastical.ca\/fr\/accueil\/\" target=\"_blank\" rel=\"noopener\">Subvention pour les impacts communautaires<\/a><\/span><\/strong><\/h4>\n<\/div>\n<\/div>\n<\/div>\n<p><span style=\"font-weight: 400;\">Les subventions pour les impacts communautaires d\u2019Ecclesiastical soutiennent les organisations et les programmes qui ont un impact positif et durable sur leurs communaut\u00e9s. Voici les priorit\u00e9s de financement qui ont \u00e9t\u00e9 appliqu\u00e9es dans le pass\u00e9 pour cette subvention :<\/span><\/p>\n<ol>\n<li><span style=\"font-weight: 400;\"> Conservation de l\u2019environnement avec une approche centr\u00e9e sur l\u2019humain<\/span><\/li>\n<li><span style=\"font-weight: 400;\"> La s\u00e9curit\u00e9 alimentaire, la faim et la pauvret\u00e9 li\u00e9es \u00e0 l\u2019acc\u00e8s \u00e0 la nourriture et \u00e0 sa disponibilit\u00e9<\/span><\/li>\n<li><span style=\"font-weight: 400;\"> Les jeunes et les familles vuln\u00e9rables<\/span><\/li>\n<\/ol>\n<p><span style=\"font-weight: 400;\">Voici quelques exemples de projets financ\u00e9s pr\u00e9c\u00e9demment et li\u00e9s \u00e0 l\u2019adaptation au climat :<\/span><\/p>\n<p><span style=\"font-weight: 400;\">&#8211; des programmes de gestion de l\u2019environnement pour les jeunes men\u00e9s gr\u00e2ce \u00e0 des initiatives pratiques de jardinage et d\u2019\u00e9ducation alimentaire<br \/><\/span>&#8211; des programmes de plantation d\u2019arbres<br \/><span style=\"font-weight: 400;\">&#8211; des programmes visant \u00e0 att\u00e9nuer l\u2019\u00e9co-anxi\u00e9t\u00e9 au moyen de projets de jardinage et de biodiversit\u00e9<\/span><\/p>\n<p data-pm-slice=\"1 1 []\">Les candidatures devaient \u00eatre d\u00e9pos\u00e9es avant le 15 ao\u00fbt 2025.<\/p>\n<p>[\/et_pb_text][et_pb_button button_url=&#8221;@ET-DC@eyJkeW5hbWljIjp0cnVlLCJjb250ZW50IjoicG9zdF9saW5rX3VybF9wYWdlIiwic2V0dGluZ3MiOnsicG9zdF9pZCI6IjY2ODIifX0=@&#8221; button_text=&#8221;RETOUR AUX OPPORTUNIT\u00c9S DE FINANCEMENT&#8221; _builder_version=&#8221;4.21.0&#8243; _dynamic_attributes=&#8221;button_url&#8221; _module_preset=&#8221;default&#8221; custom_margin=&#8221;-12px||||false|false&#8221; custom_padding=&#8221;||||false|false&#8221; global_colors_info=&#8221;{}&#8221;][\/et_pb_button][\/et_pb_column][\/et_pb_row][\/et_pb_section]<\/p>\n","protected":false},"excerpt":{"rendered":"<p>Subvention pour les impacts communautaires Les subventions pour les impacts communautaires d\u2019Ecclesiastical soutiennent les organisations et les programmes qui ont un impact positif et durable sur leurs communaut\u00e9s. Voici les priorit\u00e9s de financement qui ont \u00e9t\u00e9 appliqu\u00e9es dans le pass\u00e9 pour cette subvention : Conservation de l\u2019environnement avec une approche centr\u00e9e sur l\u2019humain La s\u00e9curit\u00e9 [&hellip;]<\/p>\n","protected":false},"author":18,"featured_media":0,"parent":7052,"menu_order":0,"comment_status":"closed","ping_status":"closed","template":"","meta":{"_et_pb_use_builder":"on","_et_pb_old_content":"","_et_gb_content_width":"","footnotes":""},"categories":[],"tags":[],"class_list":["post-12798","page","type-page","status-publish","hentry"],"yoast_head":"<!-- This site is optimized with the Yoast SEO plugin v26.5 - https:\/\/yoast.com\/wordpress\/plugins\/seo\/ -->\n<title>Subvention pour les impacts communautaires - CLIMAtlantic<\/title>\n<meta name=\"robots\" content=\"index, follow, max-snippet:-1, max-image-preview:large, max-video-preview:-1\" \/>\n<link rel=\"canonical\" href=\"https:\/\/climatlantic.panchroma.dev\/fr\/outils\/possibilites-financement\/subvention-pour-les-impacts-communautaires\/\" \/>\n<meta property=\"og:locale\" content=\"fr_FR\" \/>\n<meta property=\"og:type\" content=\"article\" \/>\n<meta property=\"og:title\" content=\"Subvention pour les impacts communautaires - CLIMAtlantic\" \/>\n<meta property=\"og:description\" content=\"Subvention pour les impacts communautaires Les subventions pour les impacts communautaires d\u2019Ecclesiastical soutiennent les organisations et les programmes qui ont un impact positif et durable sur leurs communaut\u00e9s. Voici les priorit\u00e9s de financement qui ont \u00e9t\u00e9 appliqu\u00e9es dans le pass\u00e9 pour cette subvention : Conservation de l\u2019environnement avec une approche centr\u00e9e sur l\u2019humain La s\u00e9curit\u00e9 [&hellip;]\" \/>\n<meta property=\"og:url\" content=\"https:\/\/climatlantic.panchroma.dev\/fr\/outils\/possibilites-financement\/subvention-pour-les-impacts-communautaires\/\" \/>\n<meta property=\"og:site_name\" content=\"CLIMAtlantic\" \/>\n<meta property=\"article:publisher\" content=\"https:\/\/www.facebook.com\/CLIMAtlanticInc\/\" \/>\n<meta property=\"article:modified_time\" content=\"2025-08-19T14:40:45+00:00\" \/>\n<meta name=\"twitter:card\" content=\"summary_large_image\" \/>\n<meta name=\"twitter:label1\" content=\"Dur\u00e9e de lecture estim\u00e9e\" \/>\n\t<meta name=\"twitter:data1\" content=\"2 minutes\" \/>\n<script type=\"application\/ld+json\" class=\"yoast-schema-graph\">{\"@context\":\"https:\/\/schema.org\",\"@graph\":[{\"@type\":\"WebPage\",\"@id\":\"https:\/\/climatlantic.panchroma.dev\/fr\/outils\/possibilites-financement\/subvention-pour-les-impacts-communautaires\/\",\"url\":\"https:\/\/climatlantic.panchroma.dev\/fr\/outils\/possibilites-financement\/subvention-pour-les-impacts-communautaires\/\",\"name\":\"Subvention pour les impacts communautaires - CLIMAtlantic\",\"isPartOf\":{\"@id\":\"https:\/\/climatlantic.panchroma.dev\/fr\/#website\"},\"datePublished\":\"2024-04-15T14:33:37+00:00\",\"dateModified\":\"2025-08-19T14:40:45+00:00\",\"breadcrumb\":{\"@id\":\"https:\/\/climatlantic.panchroma.dev\/fr\/outils\/possibilites-financement\/subvention-pour-les-impacts-communautaires\/#breadcrumb\"},\"inLanguage\":\"fr-FR\",\"potentialAction\":[{\"@type\":\"ReadAction\",\"target\":[\"https:\/\/climatlantic.panchroma.dev\/fr\/outils\/possibilites-financement\/subvention-pour-les-impacts-communautaires\/\"]}]},{\"@type\":\"BreadcrumbList\",\"@id\":\"https:\/\/climatlantic.panchroma.dev\/fr\/outils\/possibilites-financement\/subvention-pour-les-impacts-communautaires\/#breadcrumb\",\"itemListElement\":[{\"@type\":\"ListItem\",\"position\":1,\"name\":\"Home\",\"item\":\"https:\/\/climatlantic.panchroma.dev\/fr\/\"},{\"@type\":\"ListItem\",\"position\":2,\"name\":\"Outils\",\"item\":\"https:\/\/climatlantic.panchroma.dev\/fr\/tools\/\"},{\"@type\":\"ListItem\",\"position\":3,\"name\":\"Possibilit\u00e9s de financement\",\"item\":\"https:\/\/climatlantic.panchroma.dev\/fr\/tools\/funding-opportunities\/\"},{\"@type\":\"ListItem\",\"position\":4,\"name\":\"Subvention pour les impacts communautaires\"}]},{\"@type\":\"WebSite\",\"@id\":\"https:\/\/climatlantic.panchroma.dev\/fr\/#website\",\"url\":\"https:\/\/climatlantic.panchroma.dev\/fr\/\",\"name\":\"Climatlantic\",\"description\":\"Enhancing Atlantic Climate Resilience\",\"publisher\":{\"@id\":\"https:\/\/climatlantic.panchroma.dev\/fr\/#organization\"},\"potentialAction\":[{\"@type\":\"SearchAction\",\"target\":{\"@type\":\"EntryPoint\",\"urlTemplate\":\"https:\/\/climatlantic.panchroma.dev\/fr\/?s={search_term_string}\"},\"query-input\":{\"@type\":\"PropertyValueSpecification\",\"valueRequired\":true,\"valueName\":\"search_term_string\"}}],\"inLanguage\":\"fr-FR\"},{\"@type\":\"Organization\",\"@id\":\"https:\/\/climatlantic.panchroma.dev\/fr\/#organization\",\"name\":\"CLIMAtlantic\",\"url\":\"https:\/\/climatlantic.panchroma.dev\/fr\/\",\"logo\":{\"@type\":\"ImageObject\",\"inLanguage\":\"fr-FR\",\"@id\":\"https:\/\/climatlantic.panchroma.dev\/fr\/#\/schema\/logo\/image\/\",\"url\":\"https:\/\/climatlantic.ca\/wp\/wp-content\/uploads\/2021\/07\/cropped-Climatlantic_Favicon.png\",\"contentUrl\":\"https:\/\/climatlantic.ca\/wp\/wp-content\/uploads\/2021\/07\/cropped-Climatlantic_Favicon.png\",\"width\":512,\"height\":512,\"caption\":\"CLIMAtlantic\"},\"image\":{\"@id\":\"https:\/\/climatlantic.panchroma.dev\/fr\/#\/schema\/logo\/image\/\"},\"sameAs\":[\"https:\/\/www.facebook.com\/CLIMAtlanticInc\/\",\"http:\/\/instagram.com\/climatlantic\",\"https:\/\/www.linkedin.com\/company\/climatlantic\/\"]}]}<\/script>\n<!-- \/ Yoast SEO plugin. -->","yoast_head_json":{"title":"Subvention pour les impacts communautaires - CLIMAtlantic","robots":{"index":"index","follow":"follow","max-snippet":"max-snippet:-1","max-image-preview":"max-image-preview:large","max-video-preview":"max-video-preview:-1"},"canonical":"https:\/\/climatlantic.panchroma.dev\/fr\/outils\/possibilites-financement\/subvention-pour-les-impacts-communautaires\/","og_locale":"fr_FR","og_type":"article","og_title":"Subvention pour les impacts communautaires - CLIMAtlantic","og_description":"Subvention pour les impacts communautaires Les subventions pour les impacts communautaires d\u2019Ecclesiastical soutiennent les organisations et les programmes qui ont un impact positif et durable sur leurs communaut\u00e9s. Voici les priorit\u00e9s de financement qui ont \u00e9t\u00e9 appliqu\u00e9es dans le pass\u00e9 pour cette subvention : Conservation de l\u2019environnement avec une approche centr\u00e9e sur l\u2019humain La s\u00e9curit\u00e9 [&hellip;]","og_url":"https:\/\/climatlantic.panchroma.dev\/fr\/outils\/possibilites-financement\/subvention-pour-les-impacts-communautaires\/","og_site_name":"CLIMAtlantic","article_publisher":"https:\/\/www.facebook.com\/CLIMAtlanticInc\/","article_modified_time":"2025-08-19T14:40:45+00:00","twitter_card":"summary_large_image","twitter_misc":{"Dur\u00e9e de lecture estim\u00e9e":"2 minutes"},"schema":{"@context":"https:\/\/schema.org","@graph":[{"@type":"WebPage","@id":"https:\/\/climatlantic.panchroma.dev\/fr\/outils\/possibilites-financement\/subvention-pour-les-impacts-communautaires\/","url":"https:\/\/climatlantic.panchroma.dev\/fr\/outils\/possibilites-financement\/subvention-pour-les-impacts-communautaires\/","name":"Subvention pour les impacts communautaires - CLIMAtlantic","isPartOf":{"@id":"https:\/\/climatlantic.panchroma.dev\/fr\/#website"},"datePublished":"2024-04-15T14:33:37+00:00","dateModified":"2025-08-19T14:40:45+00:00","breadcrumb":{"@id":"https:\/\/climatlantic.panchroma.dev\/fr\/outils\/possibilites-financement\/subvention-pour-les-impacts-communautaires\/#breadcrumb"},"inLanguage":"fr-FR","potentialAction":[{"@type":"ReadAction","target":["https:\/\/climatlantic.panchroma.dev\/fr\/outils\/possibilites-financement\/subvention-pour-les-impacts-communautaires\/"]}]},{"@type":"BreadcrumbList","@id":"https:\/\/climatlantic.panchroma.dev\/fr\/outils\/possibilites-financement\/subvention-pour-les-impacts-communautaires\/#breadcrumb","itemListElement":[{"@type":"ListItem","position":1,"name":"Home","item":"https:\/\/climatlantic.panchroma.dev\/fr\/"},{"@type":"ListItem","position":2,"name":"Outils","item":"https:\/\/climatlantic.panchroma.dev\/fr\/tools\/"},{"@type":"ListItem","position":3,"name":"Possibilit\u00e9s de financement","item":"https:\/\/climatlantic.panchroma.dev\/fr\/tools\/funding-opportunities\/"},{"@type":"ListItem","position":4,"name":"Subvention pour les impacts communautaires"}]},{"@type":"WebSite","@id":"https:\/\/climatlantic.panchroma.dev\/fr\/#website","url":"https:\/\/climatlantic.panchroma.dev\/fr\/","name":"Climatlantic","description":"Enhancing Atlantic Climate Resilience","publisher":{"@id":"https:\/\/climatlantic.panchroma.dev\/fr\/#organization"},"potentialAction":[{"@type":"SearchAction","target":{"@type":"EntryPoint","urlTemplate":"https:\/\/climatlantic.panchroma.dev\/fr\/?s={search_term_string}"},"query-input":{"@type":"PropertyValueSpecification","valueRequired":true,"valueName":"search_term_string"}}],"inLanguage":"fr-FR"},{"@type":"Organization","@id":"https:\/\/climatlantic.panchroma.dev\/fr\/#organization","name":"CLIMAtlantic","url":"https:\/\/climatlantic.panchroma.dev\/fr\/","logo":{"@type":"ImageObject","inLanguage":"fr-FR","@id":"https:\/\/climatlantic.panchroma.dev\/fr\/#\/schema\/logo\/image\/","url":"https:\/\/climatlantic.ca\/wp\/wp-content\/uploads\/2021\/07\/cropped-Climatlantic_Favicon.png","contentUrl":"https:\/\/climatlantic.ca\/wp\/wp-content\/uploads\/2021\/07\/cropped-Climatlantic_Favicon.png","width":512,"height":512,"caption":"CLIMAtlantic"},"image":{"@id":"https:\/\/climatlantic.panchroma.dev\/fr\/#\/schema\/logo\/image\/"},"sameAs":["https:\/\/www.facebook.com\/CLIMAtlanticInc\/","http:\/\/instagram.com\/climatlantic","https:\/\/www.linkedin.com\/company\/climatlantic\/"]}]}},"_links":{"self":[{"href":"https:\/\/climatlantic.panchroma.dev\/fr\/wp-json\/wp\/v2\/pages\/12798","targetHints":{"allow":["GET"]}}],"collection":[{"href":"https:\/\/climatlantic.panchroma.dev\/fr\/wp-json\/wp\/v2\/pages"}],"about":[{"href":"https:\/\/climatlantic.panchroma.dev\/fr\/wp-json\/wp\/v2\/types\/page"}],"author":[{"embeddable":true,"href":"https:\/\/climatlantic.panchroma.dev\/fr\/wp-json\/wp\/v2\/users\/18"}],"replies":[{"embeddable":true,"href":"https:\/\/climatlantic.panchroma.dev\/fr\/wp-json\/wp\/v2\/comments?post=12798"}],"version-history":[{"count":5,"href":"https:\/\/climatlantic.panchroma.dev\/fr\/wp-json\/wp\/v2\/pages\/12798\/revisions"}],"predecessor-version":[{"id":17935,"href":"https:\/\/climatlantic.panchroma.dev\/fr\/wp-json\/wp\/v2\/pages\/12798\/revisions\/17935"}],"up":[{"embeddable":true,"href":"https:\/\/climatlantic.panchroma.dev\/fr\/wp-json\/wp\/v2\/pages\/7052"}],"wp:attachment":[{"href":"https:\/\/climatlantic.panchroma.dev\/fr\/wp-json\/wp\/v2\/media?parent=12798"}],"wp:term":[{"taxonomy":"category","embeddable":true,"href":"https:\/\/climatlantic.panchroma.dev\/fr\/wp-json\/wp\/v2\/categories?post=12798"},{"taxonomy":"post_tag","embeddable":true,"href":"https:\/\/climatlantic.panchroma.dev\/fr\/wp-json\/wp\/v2\/tags?post=12798"}],"curies":[{"name":"wp","href":"https:\/\/api.w.org\/{rel}","templated":true}]}}