{"id":12109,"date":"2024-02-20T10:43:12","date_gmt":"2024-02-20T14:43:12","guid":{"rendered":"https:\/\/climatlantic.ca\/?page_id=12109"},"modified":"2025-01-06T09:29:33","modified_gmt":"2025-01-06T13:29:33","slug":"programme-de-soutien-des-capacites-autochtones","status":"publish","type":"page","link":"https:\/\/climatlantic.panchroma.dev\/fr\/outils\/possibilites-financement\/programme-de-soutien-des-capacites-autochtones\/","title":{"rendered":"Programme de soutien des capacit\u00e9s autochtones"},"content":{"rendered":"<p>[et_pb_section fb_built=&#8221;1&#8243; _builder_version=&#8221;4.21.0&#8243; _module_preset=&#8221;default&#8221; da_disable_devices=&#8221;off|off|off&#8221; global_colors_info=&#8221;{}&#8221; da_is_popup=&#8221;off&#8221; da_exit_intent=&#8221;off&#8221; da_has_close=&#8221;on&#8221; da_alt_close=&#8221;off&#8221; da_dark_close=&#8221;off&#8221; da_not_modal=&#8221;on&#8221; da_is_singular=&#8221;off&#8221; da_with_loader=&#8221;off&#8221; da_has_shadow=&#8221;on&#8221;][et_pb_row _builder_version=&#8221;4.21.0&#8243; _module_preset=&#8221;default&#8221; global_colors_info=&#8221;{}&#8221;][et_pb_column type=&#8221;4_4&#8243; _builder_version=&#8221;4.21.0&#8243; _module_preset=&#8221;default&#8221; global_colors_info=&#8221;{}&#8221;][et_pb_image src=&#8221;https:\/\/climatlantic.ca\/wp\/wp-content\/uploads\/2024\/02\/programme-de-soutien-des-capacites-autochtones-1024&#215;576.jpg&#8221; alt=&#8221;Une personne sourit sur la photo et, \u00e0 c\u00f4t\u00e9 d&#8217;elle, un texte indique qu&#8217;il faut postuler maintenant au programme de soutien aux capacit\u00e9s indig\u00e8nes.&#8221; title_text=&#8221;programme de soutien des capacites autochtones&#8221; url=&#8221;https:\/\/www.canada.ca\/fr\/agence-evaluation-impact\/services\/participation-public-evaluations-impact\/programmes-aide-financiere\/programme-soutien-capacites-autochtones.html&#8221; url_new_window=&#8221;on&#8221; align=&#8221;center&#8221; _builder_version=&#8221;4.27.4&#8243; _module_preset=&#8221;default&#8221; width=&#8221;73%&#8221; custom_margin=&#8221;||12px||false|false&#8221; global_colors_info=&#8221;{}&#8221;][\/et_pb_image][et_pb_text _builder_version=&#8221;4.27.4&#8243; _module_preset=&#8221;default&#8221; hover_enabled=&#8221;0&#8243; global_colors_info=&#8221;{}&#8221; sticky_enabled=&#8221;0&#8243;]<\/p>\n<div class=\"et_pb_column et_pb_column_4_4 et_pb_column_19  et_pb_css_mix_blend_mode_passthrough et-last-child\">\n<div class=\"et_pb_module et_pb_text et_pb_text_18  et_pb_text_align_left et_pb_bg_layout_light\">\n<div class=\"et_pb_text_inner\">\n<h4><a href=\"https:\/\/www.canada.ca\/fr\/agence-evaluation-impact\/services\/participation-public-evaluations-impact\/programmes-aide-financiere\/programme-soutien-capacites-autochtones.html\" target=\"_blank\" rel=\"noopener\"><span style=\"text-decoration: underline;\">Programme de soutien des capacit\u00e9s autochtones<\/span><\/a><\/h4>\n<\/div>\n<\/div>\n<\/div>\n<p><span data-sheets-root=\"1\" data-sheets-value=\"{&quot;1&quot;:2,&quot;2&quot;:&quot;Le programme de soutien des capacit\u00e9s autochtones fournit des fonds pour soutenir et accro\u00eetre les capacit\u00e9s des communaut\u00e9s indig\u00e8nes qui participent \u00e0 des \u00e9valuations f\u00e9d\u00e9rales actuelles ou futures des incidences, environnementales, r\u00e9gionales ou strat\u00e9giques, et\/ou \u00e0 des activit\u00e9s de suivi connexes. Les demandes sont ouvertes pour le volet 3 - Opportunit\u00e9s strat\u00e9giques, qui fournit des fonds \u00e0 court terme aux communaut\u00e9s autochtones qui participent ou pr\u00e9voient de participer \u00e0 des \u00e9valuations et dont les capacit\u00e9s sont insuffisantes. Parmi les exemples d'activit\u00e9s admissibles dans le cadre de ce volet li\u00e9 \u00e0 l'adaptation, citons l'organisation de stages pour les jeunes dans le cadre d'\u00e9valuations f\u00e9d\u00e9rales et l'\u00e9laboration de m\u00e9thodologies pour des \u00e9tudes ou des \u00e9valuations men\u00e9es par les communaut\u00e9s. La date limite de candidature \u00e0 ce fonds est le 5 mars 2024.&quot;}\" data-sheets-userformat=\"{&quot;2&quot;:33559437,&quot;3&quot;:{&quot;1&quot;:0},&quot;5&quot;:{&quot;1&quot;:[{&quot;1&quot;:2,&quot;2&quot;:0,&quot;5&quot;:{&quot;1&quot;:2,&quot;2&quot;:0}},{&quot;1&quot;:0,&quot;2&quot;:0,&quot;3&quot;:3},{&quot;1&quot;:1,&quot;2&quot;:0,&quot;4&quot;:1}]},&quot;6&quot;:{&quot;1&quot;:[{&quot;1&quot;:2,&quot;2&quot;:0,&quot;5&quot;:{&quot;1&quot;:2,&quot;2&quot;:0}},{&quot;1&quot;:0,&quot;2&quot;:0,&quot;3&quot;:3},{&quot;1&quot;:1,&quot;2&quot;:0,&quot;4&quot;:1}]},&quot;10&quot;:1,&quot;11&quot;:4,&quot;12&quot;:0,&quot;15&quot;:&quot;Montserrat&quot;,&quot;28&quot;:1}\">Le programme de soutien des capacit\u00e9s autochtones fournit des fonds pour soutenir et accro\u00eetre les capacit\u00e9s des communaut\u00e9s indig\u00e8nes qui participent \u00e0 des \u00e9valuations f\u00e9d\u00e9rales actuelles ou futures des incidences, environnementales, r\u00e9gionales ou strat\u00e9giques, et\/ou \u00e0 des activit\u00e9s de suivi connexes. Les demandes sont ouvertes pour le volet 3 &#8211; Opportunit\u00e9s strat\u00e9giques, qui fournit des fonds \u00e0 court terme aux communaut\u00e9s autochtones qui participent ou pr\u00e9voient de participer \u00e0 des \u00e9valuations et dont les capacit\u00e9s sont insuffisantes. Parmi les exemples d&#8217;activit\u00e9s admissibles dans le cadre de ce volet li\u00e9 \u00e0 l&#8217;adaptation, citons l&#8217;organisation de stages pour les jeunes dans le cadre d&#8217;\u00e9valuations f\u00e9d\u00e9rales et l&#8217;\u00e9laboration de m\u00e9thodologies pour des \u00e9tudes ou des \u00e9valuations men\u00e9es par les communaut\u00e9s. <\/span><\/p>\n<p>[\/et_pb_text][et_pb_button button_url=&#8221;@ET-DC@eyJkeW5hbWljIjp0cnVlLCJjb250ZW50IjoicG9zdF9saW5rX3VybF9wYWdlIiwic2V0dGluZ3MiOnsicG9zdF9pZCI6IjY2ODIifX0=@&#8221; button_text=&#8221;RETOUR AUX OPPORTUNIT\u00c9S DE FINANCEMENT&#8221; _builder_version=&#8221;4.21.0&#8243; _dynamic_attributes=&#8221;button_url&#8221; _module_preset=&#8221;default&#8221; custom_margin=&#8221;-12px||||false|false&#8221; custom_padding=&#8221;||||false|false&#8221; global_colors_info=&#8221;{}&#8221;][\/et_pb_button][\/et_pb_column][\/et_pb_row][\/et_pb_section]<\/p>\n","protected":false},"excerpt":{"rendered":"<p>Programme de soutien des capacit\u00e9s autochtones Le programme de soutien des capacit\u00e9s autochtones fournit des fonds pour soutenir et accro\u00eetre les capacit\u00e9s des communaut\u00e9s indig\u00e8nes qui participent \u00e0 des \u00e9valuations f\u00e9d\u00e9rales actuelles ou futures des incidences, environnementales, r\u00e9gionales ou strat\u00e9giques, et\/ou \u00e0 des activit\u00e9s de suivi connexes. Les demandes sont ouvertes pour le volet 3 [&hellip;]<\/p>\n","protected":false},"author":18,"featured_media":0,"parent":7052,"menu_order":0,"comment_status":"closed","ping_status":"closed","template":"","meta":{"_et_pb_use_builder":"on","_et_pb_old_content":"","_et_gb_content_width":"","footnotes":""},"categories":[],"tags":[],"class_list":["post-12109","page","type-page","status-publish","hentry"],"yoast_head":"<!-- This site is optimized with the Yoast SEO plugin v26.5 - https:\/\/yoast.com\/wordpress\/plugins\/seo\/ -->\n<title>Programme de soutien des capacit\u00e9s autochtones - CLIMAtlantic<\/title>\n<meta name=\"robots\" content=\"index, follow, max-snippet:-1, max-image-preview:large, max-video-preview:-1\" \/>\n<link rel=\"canonical\" href=\"https:\/\/climatlantic.panchroma.dev\/fr\/outils\/possibilites-financement\/programme-de-soutien-des-capacites-autochtones\/\" \/>\n<meta property=\"og:locale\" content=\"fr_FR\" \/>\n<meta property=\"og:type\" content=\"article\" \/>\n<meta property=\"og:title\" content=\"Programme de soutien des capacit\u00e9s autochtones - CLIMAtlantic\" \/>\n<meta property=\"og:description\" content=\"Programme de soutien des capacit\u00e9s autochtones Le programme de soutien des capacit\u00e9s autochtones fournit des fonds pour soutenir et accro\u00eetre les capacit\u00e9s des communaut\u00e9s indig\u00e8nes qui participent \u00e0 des \u00e9valuations f\u00e9d\u00e9rales actuelles ou futures des incidences, environnementales, r\u00e9gionales ou strat\u00e9giques, et\/ou \u00e0 des activit\u00e9s de suivi connexes. Les demandes sont ouvertes pour le volet 3 [&hellip;]\" \/>\n<meta property=\"og:url\" content=\"https:\/\/climatlantic.panchroma.dev\/fr\/outils\/possibilites-financement\/programme-de-soutien-des-capacites-autochtones\/\" \/>\n<meta property=\"og:site_name\" content=\"CLIMAtlantic\" \/>\n<meta property=\"article:publisher\" content=\"https:\/\/www.facebook.com\/CLIMAtlanticInc\/\" \/>\n<meta property=\"article:modified_time\" content=\"2025-01-06T13:29:33+00:00\" \/>\n<meta name=\"twitter:card\" content=\"summary_large_image\" \/>\n<meta name=\"twitter:label1\" content=\"Dur\u00e9e de lecture estim\u00e9e\" \/>\n\t<meta name=\"twitter:data1\" content=\"2 minutes\" \/>\n<script type=\"application\/ld+json\" class=\"yoast-schema-graph\">{\"@context\":\"https:\/\/schema.org\",\"@graph\":[{\"@type\":\"WebPage\",\"@id\":\"https:\/\/climatlantic.panchroma.dev\/fr\/outils\/possibilites-financement\/programme-de-soutien-des-capacites-autochtones\/\",\"url\":\"https:\/\/climatlantic.panchroma.dev\/fr\/outils\/possibilites-financement\/programme-de-soutien-des-capacites-autochtones\/\",\"name\":\"Programme de soutien des capacit\u00e9s autochtones - CLIMAtlantic\",\"isPartOf\":{\"@id\":\"https:\/\/climatlantic.panchroma.dev\/fr\/#website\"},\"datePublished\":\"2024-02-20T14:43:12+00:00\",\"dateModified\":\"2025-01-06T13:29:33+00:00\",\"breadcrumb\":{\"@id\":\"https:\/\/climatlantic.panchroma.dev\/fr\/outils\/possibilites-financement\/programme-de-soutien-des-capacites-autochtones\/#breadcrumb\"},\"inLanguage\":\"fr-FR\",\"potentialAction\":[{\"@type\":\"ReadAction\",\"target\":[\"https:\/\/climatlantic.panchroma.dev\/fr\/outils\/possibilites-financement\/programme-de-soutien-des-capacites-autochtones\/\"]}]},{\"@type\":\"BreadcrumbList\",\"@id\":\"https:\/\/climatlantic.panchroma.dev\/fr\/outils\/possibilites-financement\/programme-de-soutien-des-capacites-autochtones\/#breadcrumb\",\"itemListElement\":[{\"@type\":\"ListItem\",\"position\":1,\"name\":\"Home\",\"item\":\"https:\/\/climatlantic.panchroma.dev\/fr\/\"},{\"@type\":\"ListItem\",\"position\":2,\"name\":\"Outils\",\"item\":\"https:\/\/climatlantic.panchroma.dev\/fr\/tools\/\"},{\"@type\":\"ListItem\",\"position\":3,\"name\":\"Possibilit\u00e9s de financement\",\"item\":\"https:\/\/climatlantic.panchroma.dev\/fr\/tools\/funding-opportunities\/\"},{\"@type\":\"ListItem\",\"position\":4,\"name\":\"Programme de soutien des capacit\u00e9s autochtones\"}]},{\"@type\":\"WebSite\",\"@id\":\"https:\/\/climatlantic.panchroma.dev\/fr\/#website\",\"url\":\"https:\/\/climatlantic.panchroma.dev\/fr\/\",\"name\":\"Climatlantic\",\"description\":\"Enhancing Atlantic Climate Resilience\",\"publisher\":{\"@id\":\"https:\/\/climatlantic.panchroma.dev\/fr\/#organization\"},\"potentialAction\":[{\"@type\":\"SearchAction\",\"target\":{\"@type\":\"EntryPoint\",\"urlTemplate\":\"https:\/\/climatlantic.panchroma.dev\/fr\/?s={search_term_string}\"},\"query-input\":{\"@type\":\"PropertyValueSpecification\",\"valueRequired\":true,\"valueName\":\"search_term_string\"}}],\"inLanguage\":\"fr-FR\"},{\"@type\":\"Organization\",\"@id\":\"https:\/\/climatlantic.panchroma.dev\/fr\/#organization\",\"name\":\"CLIMAtlantic\",\"url\":\"https:\/\/climatlantic.panchroma.dev\/fr\/\",\"logo\":{\"@type\":\"ImageObject\",\"inLanguage\":\"fr-FR\",\"@id\":\"https:\/\/climatlantic.panchroma.dev\/fr\/#\/schema\/logo\/image\/\",\"url\":\"https:\/\/climatlantic.ca\/wp\/wp-content\/uploads\/2021\/07\/cropped-Climatlantic_Favicon.png\",\"contentUrl\":\"https:\/\/climatlantic.ca\/wp\/wp-content\/uploads\/2021\/07\/cropped-Climatlantic_Favicon.png\",\"width\":512,\"height\":512,\"caption\":\"CLIMAtlantic\"},\"image\":{\"@id\":\"https:\/\/climatlantic.panchroma.dev\/fr\/#\/schema\/logo\/image\/\"},\"sameAs\":[\"https:\/\/www.facebook.com\/CLIMAtlanticInc\/\",\"http:\/\/instagram.com\/climatlantic\",\"https:\/\/www.linkedin.com\/company\/climatlantic\/\"]}]}<\/script>\n<!-- \/ Yoast SEO plugin. -->","yoast_head_json":{"title":"Programme de soutien des capacit\u00e9s autochtones - CLIMAtlantic","robots":{"index":"index","follow":"follow","max-snippet":"max-snippet:-1","max-image-preview":"max-image-preview:large","max-video-preview":"max-video-preview:-1"},"canonical":"https:\/\/climatlantic.panchroma.dev\/fr\/outils\/possibilites-financement\/programme-de-soutien-des-capacites-autochtones\/","og_locale":"fr_FR","og_type":"article","og_title":"Programme de soutien des capacit\u00e9s autochtones - CLIMAtlantic","og_description":"Programme de soutien des capacit\u00e9s autochtones Le programme de soutien des capacit\u00e9s autochtones fournit des fonds pour soutenir et accro\u00eetre les capacit\u00e9s des communaut\u00e9s indig\u00e8nes qui participent \u00e0 des \u00e9valuations f\u00e9d\u00e9rales actuelles ou futures des incidences, environnementales, r\u00e9gionales ou strat\u00e9giques, et\/ou \u00e0 des activit\u00e9s de suivi connexes. Les demandes sont ouvertes pour le volet 3 [&hellip;]","og_url":"https:\/\/climatlantic.panchroma.dev\/fr\/outils\/possibilites-financement\/programme-de-soutien-des-capacites-autochtones\/","og_site_name":"CLIMAtlantic","article_publisher":"https:\/\/www.facebook.com\/CLIMAtlanticInc\/","article_modified_time":"2025-01-06T13:29:33+00:00","twitter_card":"summary_large_image","twitter_misc":{"Dur\u00e9e de lecture estim\u00e9e":"2 minutes"},"schema":{"@context":"https:\/\/schema.org","@graph":[{"@type":"WebPage","@id":"https:\/\/climatlantic.panchroma.dev\/fr\/outils\/possibilites-financement\/programme-de-soutien-des-capacites-autochtones\/","url":"https:\/\/climatlantic.panchroma.dev\/fr\/outils\/possibilites-financement\/programme-de-soutien-des-capacites-autochtones\/","name":"Programme de soutien des capacit\u00e9s autochtones - CLIMAtlantic","isPartOf":{"@id":"https:\/\/climatlantic.panchroma.dev\/fr\/#website"},"datePublished":"2024-02-20T14:43:12+00:00","dateModified":"2025-01-06T13:29:33+00:00","breadcrumb":{"@id":"https:\/\/climatlantic.panchroma.dev\/fr\/outils\/possibilites-financement\/programme-de-soutien-des-capacites-autochtones\/#breadcrumb"},"inLanguage":"fr-FR","potentialAction":[{"@type":"ReadAction","target":["https:\/\/climatlantic.panchroma.dev\/fr\/outils\/possibilites-financement\/programme-de-soutien-des-capacites-autochtones\/"]}]},{"@type":"BreadcrumbList","@id":"https:\/\/climatlantic.panchroma.dev\/fr\/outils\/possibilites-financement\/programme-de-soutien-des-capacites-autochtones\/#breadcrumb","itemListElement":[{"@type":"ListItem","position":1,"name":"Home","item":"https:\/\/climatlantic.panchroma.dev\/fr\/"},{"@type":"ListItem","position":2,"name":"Outils","item":"https:\/\/climatlantic.panchroma.dev\/fr\/tools\/"},{"@type":"ListItem","position":3,"name":"Possibilit\u00e9s de financement","item":"https:\/\/climatlantic.panchroma.dev\/fr\/tools\/funding-opportunities\/"},{"@type":"ListItem","position":4,"name":"Programme de soutien des capacit\u00e9s autochtones"}]},{"@type":"WebSite","@id":"https:\/\/climatlantic.panchroma.dev\/fr\/#website","url":"https:\/\/climatlantic.panchroma.dev\/fr\/","name":"Climatlantic","description":"Enhancing Atlantic Climate Resilience","publisher":{"@id":"https:\/\/climatlantic.panchroma.dev\/fr\/#organization"},"potentialAction":[{"@type":"SearchAction","target":{"@type":"EntryPoint","urlTemplate":"https:\/\/climatlantic.panchroma.dev\/fr\/?s={search_term_string}"},"query-input":{"@type":"PropertyValueSpecification","valueRequired":true,"valueName":"search_term_string"}}],"inLanguage":"fr-FR"},{"@type":"Organization","@id":"https:\/\/climatlantic.panchroma.dev\/fr\/#organization","name":"CLIMAtlantic","url":"https:\/\/climatlantic.panchroma.dev\/fr\/","logo":{"@type":"ImageObject","inLanguage":"fr-FR","@id":"https:\/\/climatlantic.panchroma.dev\/fr\/#\/schema\/logo\/image\/","url":"https:\/\/climatlantic.ca\/wp\/wp-content\/uploads\/2021\/07\/cropped-Climatlantic_Favicon.png","contentUrl":"https:\/\/climatlantic.ca\/wp\/wp-content\/uploads\/2021\/07\/cropped-Climatlantic_Favicon.png","width":512,"height":512,"caption":"CLIMAtlantic"},"image":{"@id":"https:\/\/climatlantic.panchroma.dev\/fr\/#\/schema\/logo\/image\/"},"sameAs":["https:\/\/www.facebook.com\/CLIMAtlanticInc\/","http:\/\/instagram.com\/climatlantic","https:\/\/www.linkedin.com\/company\/climatlantic\/"]}]}},"_links":{"self":[{"href":"https:\/\/climatlantic.panchroma.dev\/fr\/wp-json\/wp\/v2\/pages\/12109","targetHints":{"allow":["GET"]}}],"collection":[{"href":"https:\/\/climatlantic.panchroma.dev\/fr\/wp-json\/wp\/v2\/pages"}],"about":[{"href":"https:\/\/climatlantic.panchroma.dev\/fr\/wp-json\/wp\/v2\/types\/page"}],"author":[{"embeddable":true,"href":"https:\/\/climatlantic.panchroma.dev\/fr\/wp-json\/wp\/v2\/users\/18"}],"replies":[{"embeddable":true,"href":"https:\/\/climatlantic.panchroma.dev\/fr\/wp-json\/wp\/v2\/comments?post=12109"}],"version-history":[{"count":5,"href":"https:\/\/climatlantic.panchroma.dev\/fr\/wp-json\/wp\/v2\/pages\/12109\/revisions"}],"predecessor-version":[{"id":16022,"href":"https:\/\/climatlantic.panchroma.dev\/fr\/wp-json\/wp\/v2\/pages\/12109\/revisions\/16022"}],"up":[{"embeddable":true,"href":"https:\/\/climatlantic.panchroma.dev\/fr\/wp-json\/wp\/v2\/pages\/7052"}],"wp:attachment":[{"href":"https:\/\/climatlantic.panchroma.dev\/fr\/wp-json\/wp\/v2\/media?parent=12109"}],"wp:term":[{"taxonomy":"category","embeddable":true,"href":"https:\/\/climatlantic.panchroma.dev\/fr\/wp-json\/wp\/v2\/categories?post=12109"},{"taxonomy":"post_tag","embeddable":true,"href":"https:\/\/climatlantic.panchroma.dev\/fr\/wp-json\/wp\/v2\/tags?post=12109"}],"curies":[{"name":"wp","href":"https:\/\/api.w.org\/{rel}","templated":true}]}}