{"id":12095,"date":"2024-02-20T10:41:48","date_gmt":"2024-02-20T14:41:48","guid":{"rendered":"https:\/\/climatlantic.ca\/?page_id=12095"},"modified":"2025-11-13T10:39:36","modified_gmt":"2025-11-13T14:39:36","slug":"initiative-relative-a-lecosysteme-deau-douce-du-fleuve-wolastoq-saint-jean","status":"publish","type":"page","link":"https:\/\/climatlantic.panchroma.dev\/fr\/outils\/possibilites-financement\/initiative-relative-a-lecosysteme-deau-douce-du-fleuve-wolastoq-saint-jean\/","title":{"rendered":"Initiative relative \u00e0 l&#8217;\u00e9cosyst\u00e8me d&#8217;eau douce du fleuve Wolastoq\/Saint Jean"},"content":{"rendered":"<p>[et_pb_section fb_built=&#8221;1&#8243; _builder_version=&#8221;4.21.0&#8243; _module_preset=&#8221;default&#8221; da_disable_devices=&#8221;off|off|off&#8221; global_colors_info=&#8221;{}&#8221; da_is_popup=&#8221;off&#8221; da_exit_intent=&#8221;off&#8221; da_has_close=&#8221;on&#8221; da_alt_close=&#8221;off&#8221; da_dark_close=&#8221;off&#8221; da_not_modal=&#8221;on&#8221; da_is_singular=&#8221;off&#8221; da_with_loader=&#8221;off&#8221; da_has_shadow=&#8221;on&#8221;][et_pb_row _builder_version=&#8221;4.21.0&#8243; _module_preset=&#8221;default&#8221; global_colors_info=&#8221;{}&#8221;][et_pb_column type=&#8221;4_4&#8243; _builder_version=&#8221;4.21.0&#8243; _module_preset=&#8221;default&#8221; global_colors_info=&#8221;{}&#8221;][et_pb_image src=&#8221;https:\/\/climatlantic.ca\/wp\/wp-content\/uploads\/2024\/02\/freshwater-initiative-300&#215;300.jpg&#8221; alt=&#8221;Un graphique indiquant %22Protecting Freshwater%22 protection de l&apos;eau douce) est superpos\u00e9 \u00e0 l&apos;image d&apos;une rivi\u00e8re gel\u00e9e.&#8221; title_text=&#8221;freshwater initiative&#8221; url=&#8221;https:\/\/www.canada.ca\/fr\/environnement-changement-climatique\/services\/financement-environnement\/programmes\/initiative-fleuve-wolastoq-saint-jean.html&#8221; url_new_window=&#8221;on&#8221; align=&#8221;center&#8221; _builder_version=&#8221;4.24.0&#8243; _module_preset=&#8221;default&#8221; custom_margin=&#8221;||12px||false|false&#8221; global_colors_info=&#8221;{}&#8221;][\/et_pb_image][et_pb_text _builder_version=&#8221;4.27.4&#8243; _module_preset=&#8221;default&#8221; hover_enabled=&#8221;0&#8243; global_colors_info=&#8221;{}&#8221; sticky_enabled=&#8221;0&#8243;]<\/p>\n<div class=\"et_pb_column et_pb_column_4_4 et_pb_column_19  et_pb_css_mix_blend_mode_passthrough et-last-child\">\n<div class=\"et_pb_module et_pb_text et_pb_text_18  et_pb_text_align_left et_pb_bg_layout_light\">\n<div class=\"et_pb_text_inner\">\n<h4><a href=\"https:\/\/www.canada.ca\/fr\/environnement-changement-climatique\/services\/financement-environnement\/programmes\/initiative-fleuve-wolastoq-saint-jean.html\" target=\"_blank\" rel=\"noopener\"><span style=\"text-decoration: underline;\">Initiative relative \u00e0 l&#8217;\u00e9cosyst\u00e8me d&#8217;eau douce du fleuve Wolastoq\/Saint Jean<\/span><\/a><\/h4>\n<\/div>\n<\/div>\n<\/div>\n<p><span data-sheets-root=\"1\" data-sheets-value=\"{&quot;1&quot;:2,&quot;2&quot;:&quot;L'Initiative relative \u00e0 l'\u00e9cosyst\u00e8me d'eau douce du fleuve Wolastoq\/Saint Jean finance des projets dans la r\u00e9gion canadienne (Nouveau-Brunswick et Qu\u00e9bec) du bassin versant de la rivi\u00e8re Wolastoq\/Saint John qui am\u00e9lioreront la qualit\u00e9 de l'eau et la sant\u00e9 de l'\u00e9cosyst\u00e8me. Les priorit\u00e9s de financement du programme sont les suivantes 1. Faire progresser la science et les connaissances sur les impacts de l'exc\u00e8s de nutriments et de la prolif\u00e9ration d'algues nuisibles\/des tapis benthiques ou des polluants nuisibles ;\\n2. R\u00e9duction des nutriments ; et\\n3. Connaissances autochtones, renforcement des capacit\u00e9s et engagement\\nParmi les exemples de projets \u00e9ligibles li\u00e9s \u00e0 l'adaptation au climat, on peut citer les projets qui permettront de mieux comprendre les changements climatiques sur les voies d'entr\u00e9e des nutriments et d'autres polluants, de mettre en \u0153uvre des pratiques de gestion b\u00e9n\u00e9fiques pour r\u00e9duire la charge en nutriments dans les masses d'eau, et de renforcer les capacit\u00e9s, la sensibilisation, la formation et l'engagement des communaut\u00e9s autochtones pour r\u00e9soudre les probl\u00e8mes de qualit\u00e9 de l'eau. D'autres exemples de projets \u00e9ligibles sont disponibles sur la page web du fonds.\\nLa date limite de d\u00e9p\u00f4t des candidatures est fix\u00e9e au 22 mars 2024.&quot;}\" data-sheets-userformat=\"{&quot;2&quot;:33559437,&quot;3&quot;:{&quot;1&quot;:0},&quot;5&quot;:{&quot;1&quot;:[{&quot;1&quot;:2,&quot;2&quot;:0,&quot;5&quot;:{&quot;1&quot;:2,&quot;2&quot;:0}},{&quot;1&quot;:0,&quot;2&quot;:0,&quot;3&quot;:3},{&quot;1&quot;:1,&quot;2&quot;:0,&quot;4&quot;:1}]},&quot;6&quot;:{&quot;1&quot;:[{&quot;1&quot;:2,&quot;2&quot;:0,&quot;5&quot;:{&quot;1&quot;:2,&quot;2&quot;:0}},{&quot;1&quot;:0,&quot;2&quot;:0,&quot;3&quot;:3},{&quot;1&quot;:1,&quot;2&quot;:0,&quot;4&quot;:1}]},&quot;10&quot;:1,&quot;11&quot;:4,&quot;12&quot;:0,&quot;15&quot;:&quot;Montserrat&quot;,&quot;28&quot;:1}\">L&#8217;Initiative relative \u00e0 l&#8217;\u00e9cosyst\u00e8me d&#8217;eau douce du fleuve Wolastoq\/Saint Jean finance des projets dans la r\u00e9gion canadienne (Nouveau-Brunswick et Qu\u00e9bec) du bassin versant de la rivi\u00e8re Wolastoq\/Saint John qui am\u00e9lioreront la qualit\u00e9 de l&#8217;eau et la sant\u00e9 de l&#8217;\u00e9cosyst\u00e8me. Les priorit\u00e9s de financement du programme sont les suivantes :<\/span><\/p>\n<ul>\n<li><span data-sheets-root=\"1\" data-sheets-value=\"{&quot;1&quot;:2,&quot;2&quot;:&quot;L'Initiative relative \u00e0 l'\u00e9cosyst\u00e8me d'eau douce du fleuve Wolastoq\/Saint Jean finance des projets dans la r\u00e9gion canadienne (Nouveau-Brunswick et Qu\u00e9bec) du bassin versant de la rivi\u00e8re Wolastoq\/Saint John qui am\u00e9lioreront la qualit\u00e9 de l'eau et la sant\u00e9 de l'\u00e9cosyst\u00e8me. Les priorit\u00e9s de financement du programme sont les suivantes 1. Faire progresser la science et les connaissances sur les impacts de l'exc\u00e8s de nutriments et de la prolif\u00e9ration d'algues nuisibles\/des tapis benthiques ou des polluants nuisibles ;\\n2. R\u00e9duction des nutriments ; et\\n3. Connaissances autochtones, renforcement des capacit\u00e9s et engagement\\nParmi les exemples de projets \u00e9ligibles li\u00e9s \u00e0 l'adaptation au climat, on peut citer les projets qui permettront de mieux comprendre les changements climatiques sur les voies d'entr\u00e9e des nutriments et d'autres polluants, de mettre en \u0153uvre des pratiques de gestion b\u00e9n\u00e9fiques pour r\u00e9duire la charge en nutriments dans les masses d'eau, et de renforcer les capacit\u00e9s, la sensibilisation, la formation et l'engagement des communaut\u00e9s autochtones pour r\u00e9soudre les probl\u00e8mes de qualit\u00e9 de l'eau. D'autres exemples de projets \u00e9ligibles sont disponibles sur la page web du fonds.\\nLa date limite de d\u00e9p\u00f4t des candidatures est fix\u00e9e au 22 mars 2024.&quot;}\" data-sheets-userformat=\"{&quot;2&quot;:33559437,&quot;3&quot;:{&quot;1&quot;:0},&quot;5&quot;:{&quot;1&quot;:[{&quot;1&quot;:2,&quot;2&quot;:0,&quot;5&quot;:{&quot;1&quot;:2,&quot;2&quot;:0}},{&quot;1&quot;:0,&quot;2&quot;:0,&quot;3&quot;:3},{&quot;1&quot;:1,&quot;2&quot;:0,&quot;4&quot;:1}]},&quot;6&quot;:{&quot;1&quot;:[{&quot;1&quot;:2,&quot;2&quot;:0,&quot;5&quot;:{&quot;1&quot;:2,&quot;2&quot;:0}},{&quot;1&quot;:0,&quot;2&quot;:0,&quot;3&quot;:3},{&quot;1&quot;:1,&quot;2&quot;:0,&quot;4&quot;:1}]},&quot;10&quot;:1,&quot;11&quot;:4,&quot;12&quot;:0,&quot;15&quot;:&quot;Montserrat&quot;,&quot;28&quot;:1}\"><strong>Faire progresser la science et les connaissances<\/strong> sur les impacts de l&#8217;exc\u00e8s de nutriments et de la prolif\u00e9ration d&#8217;algues nuisibles\/des tapis benthiques ou des polluants nuisibles<\/span><\/li>\n<li><strong>R\u00e9duction des nutriments<\/strong><\/li>\n<li><span data-sheets-root=\"1\" data-sheets-value=\"{&quot;1&quot;:2,&quot;2&quot;:&quot;L'Initiative relative \u00e0 l'\u00e9cosyst\u00e8me d'eau douce du fleuve Wolastoq\/Saint Jean finance des projets dans la r\u00e9gion canadienne (Nouveau-Brunswick et Qu\u00e9bec) du bassin versant de la rivi\u00e8re Wolastoq\/Saint John qui am\u00e9lioreront la qualit\u00e9 de l'eau et la sant\u00e9 de l'\u00e9cosyst\u00e8me. Les priorit\u00e9s de financement du programme sont les suivantes 1. Faire progresser la science et les connaissances sur les impacts de l'exc\u00e8s de nutriments et de la prolif\u00e9ration d'algues nuisibles\/des tapis benthiques ou des polluants nuisibles ;\\n2. R\u00e9duction des nutriments ; et\\n3. Connaissances autochtones, renforcement des capacit\u00e9s et engagement\\nParmi les exemples de projets \u00e9ligibles li\u00e9s \u00e0 l'adaptation au climat, on peut citer les projets qui permettront de mieux comprendre les changements climatiques sur les voies d'entr\u00e9e des nutriments et d'autres polluants, de mettre en \u0153uvre des pratiques de gestion b\u00e9n\u00e9fiques pour r\u00e9duire la charge en nutriments dans les masses d'eau, et de renforcer les capacit\u00e9s, la sensibilisation, la formation et l'engagement des communaut\u00e9s autochtones pour r\u00e9soudre les probl\u00e8mes de qualit\u00e9 de l'eau. D'autres exemples de projets \u00e9ligibles sont disponibles sur la page web du fonds.\\nLa date limite de d\u00e9p\u00f4t des candidatures est fix\u00e9e au 22 mars 2024.&quot;}\" data-sheets-userformat=\"{&quot;2&quot;:33559437,&quot;3&quot;:{&quot;1&quot;:0},&quot;5&quot;:{&quot;1&quot;:[{&quot;1&quot;:2,&quot;2&quot;:0,&quot;5&quot;:{&quot;1&quot;:2,&quot;2&quot;:0}},{&quot;1&quot;:0,&quot;2&quot;:0,&quot;3&quot;:3},{&quot;1&quot;:1,&quot;2&quot;:0,&quot;4&quot;:1}]},&quot;6&quot;:{&quot;1&quot;:[{&quot;1&quot;:2,&quot;2&quot;:0,&quot;5&quot;:{&quot;1&quot;:2,&quot;2&quot;:0}},{&quot;1&quot;:0,&quot;2&quot;:0,&quot;3&quot;:3},{&quot;1&quot;:1,&quot;2&quot;:0,&quot;4&quot;:1}]},&quot;10&quot;:1,&quot;11&quot;:4,&quot;12&quot;:0,&quot;15&quot;:&quot;Montserrat&quot;,&quot;28&quot;:1}\"><strong>Connaissances autochtones, renforcement des capacit\u00e9s<\/strong> et <strong>engagement<\/strong><br \/><\/span><\/li>\n<\/ul>\n<p><span data-sheets-root=\"1\" data-sheets-value=\"{&quot;1&quot;:2,&quot;2&quot;:&quot;L'Initiative relative \u00e0 l'\u00e9cosyst\u00e8me d'eau douce du fleuve Wolastoq\/Saint Jean finance des projets dans la r\u00e9gion canadienne (Nouveau-Brunswick et Qu\u00e9bec) du bassin versant de la rivi\u00e8re Wolastoq\/Saint John qui am\u00e9lioreront la qualit\u00e9 de l'eau et la sant\u00e9 de l'\u00e9cosyst\u00e8me. Les priorit\u00e9s de financement du programme sont les suivantes 1. Faire progresser la science et les connaissances sur les impacts de l'exc\u00e8s de nutriments et de la prolif\u00e9ration d'algues nuisibles\/des tapis benthiques ou des polluants nuisibles ;\\n2. R\u00e9duction des nutriments ; et\\n3. Connaissances autochtones, renforcement des capacit\u00e9s et engagement\\nParmi les exemples de projets \u00e9ligibles li\u00e9s \u00e0 l'adaptation au climat, on peut citer les projets qui permettront de mieux comprendre les changements climatiques sur les voies d'entr\u00e9e des nutriments et d'autres polluants, de mettre en \u0153uvre des pratiques de gestion b\u00e9n\u00e9fiques pour r\u00e9duire la charge en nutriments dans les masses d'eau, et de renforcer les capacit\u00e9s, la sensibilisation, la formation et l'engagement des communaut\u00e9s autochtones pour r\u00e9soudre les probl\u00e8mes de qualit\u00e9 de l'eau. D'autres exemples de projets \u00e9ligibles sont disponibles sur la page web du fonds.\\nLa date limite de d\u00e9p\u00f4t des candidatures est fix\u00e9e au 22 mars 2024.&quot;}\" data-sheets-userformat=\"{&quot;2&quot;:33559437,&quot;3&quot;:{&quot;1&quot;:0},&quot;5&quot;:{&quot;1&quot;:[{&quot;1&quot;:2,&quot;2&quot;:0,&quot;5&quot;:{&quot;1&quot;:2,&quot;2&quot;:0}},{&quot;1&quot;:0,&quot;2&quot;:0,&quot;3&quot;:3},{&quot;1&quot;:1,&quot;2&quot;:0,&quot;4&quot;:1}]},&quot;6&quot;:{&quot;1&quot;:[{&quot;1&quot;:2,&quot;2&quot;:0,&quot;5&quot;:{&quot;1&quot;:2,&quot;2&quot;:0}},{&quot;1&quot;:0,&quot;2&quot;:0,&quot;3&quot;:3},{&quot;1&quot;:1,&quot;2&quot;:0,&quot;4&quot;:1}]},&quot;10&quot;:1,&quot;11&quot;:4,&quot;12&quot;:0,&quot;15&quot;:&quot;Montserrat&quot;,&quot;28&quot;:1}\">Parmi les exemples de projets \u00e9ligibles li\u00e9s \u00e0 l&#8217;adaptation au climat, on peut citer les projets qui permettront de mieux comprendre les changements climatiques sur les voies d&#8217;entr\u00e9e des nutriments et d&#8217;autres polluants, de mettre en \u0153uvre des pratiques de gestion b\u00e9n\u00e9fiques pour r\u00e9duire la charge en nutriments dans les masses d&#8217;eau, et de renforcer les capacit\u00e9s, la sensibilisation, la formation et l&#8217;engagement des communaut\u00e9s autochtones pour r\u00e9soudre les probl\u00e8mes de qualit\u00e9 de l&#8217;eau.<\/span><\/p>\n<p>Les candidatures doivent \u00eatre soumises avant 14 h, heure de l&#8217;Atlantique, le 19 d\u00e9cembre 2025.<\/p>\n<p>[\/et_pb_text][et_pb_button button_url=&#8221;@ET-DC@eyJkeW5hbWljIjp0cnVlLCJjb250ZW50IjoicG9zdF9saW5rX3VybF9wYWdlIiwic2V0dGluZ3MiOnsicG9zdF9pZCI6IjY2ODIifX0=@&#8221; button_text=&#8221;RETOUR AUX OPPORTUNIT\u00c9S DE FINANCEMENT&#8221; _builder_version=&#8221;4.21.0&#8243; _dynamic_attributes=&#8221;button_url&#8221; _module_preset=&#8221;default&#8221; custom_margin=&#8221;-12px||||false|false&#8221; custom_padding=&#8221;||||false|false&#8221; global_colors_info=&#8221;{}&#8221;][\/et_pb_button][\/et_pb_column][\/et_pb_row][\/et_pb_section]<\/p>\n","protected":false},"excerpt":{"rendered":"<p>Initiative relative \u00e0 l&#8217;\u00e9cosyst\u00e8me d&#8217;eau douce du fleuve Wolastoq\/Saint Jean L&#8217;Initiative relative \u00e0 l&#8217;\u00e9cosyst\u00e8me d&#8217;eau douce du fleuve Wolastoq\/Saint Jean finance des projets dans la r\u00e9gion canadienne (Nouveau-Brunswick et Qu\u00e9bec) du bassin versant de la rivi\u00e8re Wolastoq\/Saint John qui am\u00e9lioreront la qualit\u00e9 de l&#8217;eau et la sant\u00e9 de l&#8217;\u00e9cosyst\u00e8me. Les priorit\u00e9s de financement du programme [&hellip;]<\/p>\n","protected":false},"author":18,"featured_media":0,"parent":7052,"menu_order":0,"comment_status":"closed","ping_status":"closed","template":"","meta":{"_et_pb_use_builder":"on","_et_pb_old_content":"","_et_gb_content_width":"","footnotes":""},"categories":[],"tags":[],"class_list":["post-12095","page","type-page","status-publish","hentry"],"yoast_head":"<!-- This site is optimized with the Yoast SEO plugin v26.5 - https:\/\/yoast.com\/wordpress\/plugins\/seo\/ -->\n<title>Initiative relative \u00e0 l&#039;\u00e9cosyst\u00e8me d&#039;eau douce du fleuve Wolastoq\/Saint Jean - CLIMAtlantic<\/title>\n<meta name=\"robots\" content=\"index, follow, max-snippet:-1, max-image-preview:large, max-video-preview:-1\" \/>\n<link rel=\"canonical\" href=\"https:\/\/climatlantic.panchroma.dev\/fr\/outils\/possibilites-financement\/initiative-relative-a-lecosysteme-deau-douce-du-fleuve-wolastoq-saint-jean\/\" \/>\n<meta property=\"og:locale\" content=\"fr_FR\" \/>\n<meta property=\"og:type\" content=\"article\" \/>\n<meta property=\"og:title\" content=\"Initiative relative \u00e0 l&#039;\u00e9cosyst\u00e8me d&#039;eau douce du fleuve Wolastoq\/Saint Jean - CLIMAtlantic\" \/>\n<meta property=\"og:description\" content=\"Initiative relative \u00e0 l&#039;\u00e9cosyst\u00e8me d&#039;eau douce du fleuve Wolastoq\/Saint Jean L&#039;Initiative relative \u00e0 l&#039;\u00e9cosyst\u00e8me d&#039;eau douce du fleuve Wolastoq\/Saint Jean finance des projets dans la r\u00e9gion canadienne (Nouveau-Brunswick et Qu\u00e9bec) du bassin versant de la rivi\u00e8re Wolastoq\/Saint John qui am\u00e9lioreront la qualit\u00e9 de l&#039;eau et la sant\u00e9 de l&#039;\u00e9cosyst\u00e8me. Les priorit\u00e9s de financement du programme [&hellip;]\" \/>\n<meta property=\"og:url\" content=\"https:\/\/climatlantic.panchroma.dev\/fr\/outils\/possibilites-financement\/initiative-relative-a-lecosysteme-deau-douce-du-fleuve-wolastoq-saint-jean\/\" \/>\n<meta property=\"og:site_name\" content=\"CLIMAtlantic\" \/>\n<meta property=\"article:publisher\" content=\"https:\/\/www.facebook.com\/CLIMAtlanticInc\/\" \/>\n<meta property=\"article:modified_time\" content=\"2025-11-13T14:39:36+00:00\" \/>\n<meta name=\"twitter:card\" content=\"summary_large_image\" \/>\n<meta name=\"twitter:label1\" content=\"Dur\u00e9e de lecture estim\u00e9e\" \/>\n\t<meta name=\"twitter:data1\" content=\"2 minutes\" \/>\n<script type=\"application\/ld+json\" class=\"yoast-schema-graph\">{\"@context\":\"https:\/\/schema.org\",\"@graph\":[{\"@type\":\"WebPage\",\"@id\":\"https:\/\/climatlantic.panchroma.dev\/fr\/outils\/possibilites-financement\/initiative-relative-a-lecosysteme-deau-douce-du-fleuve-wolastoq-saint-jean\/\",\"url\":\"https:\/\/climatlantic.panchroma.dev\/fr\/outils\/possibilites-financement\/initiative-relative-a-lecosysteme-deau-douce-du-fleuve-wolastoq-saint-jean\/\",\"name\":\"Initiative relative \u00e0 l'\u00e9cosyst\u00e8me d'eau douce du fleuve Wolastoq\/Saint Jean - CLIMAtlantic\",\"isPartOf\":{\"@id\":\"https:\/\/climatlantic.panchroma.dev\/fr\/#website\"},\"datePublished\":\"2024-02-20T14:41:48+00:00\",\"dateModified\":\"2025-11-13T14:39:36+00:00\",\"breadcrumb\":{\"@id\":\"https:\/\/climatlantic.panchroma.dev\/fr\/outils\/possibilites-financement\/initiative-relative-a-lecosysteme-deau-douce-du-fleuve-wolastoq-saint-jean\/#breadcrumb\"},\"inLanguage\":\"fr-FR\",\"potentialAction\":[{\"@type\":\"ReadAction\",\"target\":[\"https:\/\/climatlantic.panchroma.dev\/fr\/outils\/possibilites-financement\/initiative-relative-a-lecosysteme-deau-douce-du-fleuve-wolastoq-saint-jean\/\"]}]},{\"@type\":\"BreadcrumbList\",\"@id\":\"https:\/\/climatlantic.panchroma.dev\/fr\/outils\/possibilites-financement\/initiative-relative-a-lecosysteme-deau-douce-du-fleuve-wolastoq-saint-jean\/#breadcrumb\",\"itemListElement\":[{\"@type\":\"ListItem\",\"position\":1,\"name\":\"Home\",\"item\":\"https:\/\/climatlantic.panchroma.dev\/fr\/\"},{\"@type\":\"ListItem\",\"position\":2,\"name\":\"Outils\",\"item\":\"https:\/\/climatlantic.panchroma.dev\/fr\/tools\/\"},{\"@type\":\"ListItem\",\"position\":3,\"name\":\"Possibilit\u00e9s de financement\",\"item\":\"https:\/\/climatlantic.panchroma.dev\/fr\/tools\/funding-opportunities\/\"},{\"@type\":\"ListItem\",\"position\":4,\"name\":\"Initiative relative \u00e0 l&#8217;\u00e9cosyst\u00e8me d&#8217;eau douce du fleuve Wolastoq\/Saint Jean\"}]},{\"@type\":\"WebSite\",\"@id\":\"https:\/\/climatlantic.panchroma.dev\/fr\/#website\",\"url\":\"https:\/\/climatlantic.panchroma.dev\/fr\/\",\"name\":\"Climatlantic\",\"description\":\"Enhancing Atlantic Climate Resilience\",\"publisher\":{\"@id\":\"https:\/\/climatlantic.panchroma.dev\/fr\/#organization\"},\"potentialAction\":[{\"@type\":\"SearchAction\",\"target\":{\"@type\":\"EntryPoint\",\"urlTemplate\":\"https:\/\/climatlantic.panchroma.dev\/fr\/?s={search_term_string}\"},\"query-input\":{\"@type\":\"PropertyValueSpecification\",\"valueRequired\":true,\"valueName\":\"search_term_string\"}}],\"inLanguage\":\"fr-FR\"},{\"@type\":\"Organization\",\"@id\":\"https:\/\/climatlantic.panchroma.dev\/fr\/#organization\",\"name\":\"CLIMAtlantic\",\"url\":\"https:\/\/climatlantic.panchroma.dev\/fr\/\",\"logo\":{\"@type\":\"ImageObject\",\"inLanguage\":\"fr-FR\",\"@id\":\"https:\/\/climatlantic.panchroma.dev\/fr\/#\/schema\/logo\/image\/\",\"url\":\"https:\/\/climatlantic.ca\/wp\/wp-content\/uploads\/2021\/07\/cropped-Climatlantic_Favicon.png\",\"contentUrl\":\"https:\/\/climatlantic.ca\/wp\/wp-content\/uploads\/2021\/07\/cropped-Climatlantic_Favicon.png\",\"width\":512,\"height\":512,\"caption\":\"CLIMAtlantic\"},\"image\":{\"@id\":\"https:\/\/climatlantic.panchroma.dev\/fr\/#\/schema\/logo\/image\/\"},\"sameAs\":[\"https:\/\/www.facebook.com\/CLIMAtlanticInc\/\",\"http:\/\/instagram.com\/climatlantic\",\"https:\/\/www.linkedin.com\/company\/climatlantic\/\"]}]}<\/script>\n<!-- \/ Yoast SEO plugin. -->","yoast_head_json":{"title":"Initiative relative \u00e0 l'\u00e9cosyst\u00e8me d'eau douce du fleuve Wolastoq\/Saint Jean - CLIMAtlantic","robots":{"index":"index","follow":"follow","max-snippet":"max-snippet:-1","max-image-preview":"max-image-preview:large","max-video-preview":"max-video-preview:-1"},"canonical":"https:\/\/climatlantic.panchroma.dev\/fr\/outils\/possibilites-financement\/initiative-relative-a-lecosysteme-deau-douce-du-fleuve-wolastoq-saint-jean\/","og_locale":"fr_FR","og_type":"article","og_title":"Initiative relative \u00e0 l'\u00e9cosyst\u00e8me d'eau douce du fleuve Wolastoq\/Saint Jean - CLIMAtlantic","og_description":"Initiative relative \u00e0 l'\u00e9cosyst\u00e8me d'eau douce du fleuve Wolastoq\/Saint Jean L'Initiative relative \u00e0 l'\u00e9cosyst\u00e8me d'eau douce du fleuve Wolastoq\/Saint Jean finance des projets dans la r\u00e9gion canadienne (Nouveau-Brunswick et Qu\u00e9bec) du bassin versant de la rivi\u00e8re Wolastoq\/Saint John qui am\u00e9lioreront la qualit\u00e9 de l'eau et la sant\u00e9 de l'\u00e9cosyst\u00e8me. Les priorit\u00e9s de financement du programme [&hellip;]","og_url":"https:\/\/climatlantic.panchroma.dev\/fr\/outils\/possibilites-financement\/initiative-relative-a-lecosysteme-deau-douce-du-fleuve-wolastoq-saint-jean\/","og_site_name":"CLIMAtlantic","article_publisher":"https:\/\/www.facebook.com\/CLIMAtlanticInc\/","article_modified_time":"2025-11-13T14:39:36+00:00","twitter_card":"summary_large_image","twitter_misc":{"Dur\u00e9e de lecture estim\u00e9e":"2 minutes"},"schema":{"@context":"https:\/\/schema.org","@graph":[{"@type":"WebPage","@id":"https:\/\/climatlantic.panchroma.dev\/fr\/outils\/possibilites-financement\/initiative-relative-a-lecosysteme-deau-douce-du-fleuve-wolastoq-saint-jean\/","url":"https:\/\/climatlantic.panchroma.dev\/fr\/outils\/possibilites-financement\/initiative-relative-a-lecosysteme-deau-douce-du-fleuve-wolastoq-saint-jean\/","name":"Initiative relative \u00e0 l'\u00e9cosyst\u00e8me d'eau douce du fleuve Wolastoq\/Saint Jean - CLIMAtlantic","isPartOf":{"@id":"https:\/\/climatlantic.panchroma.dev\/fr\/#website"},"datePublished":"2024-02-20T14:41:48+00:00","dateModified":"2025-11-13T14:39:36+00:00","breadcrumb":{"@id":"https:\/\/climatlantic.panchroma.dev\/fr\/outils\/possibilites-financement\/initiative-relative-a-lecosysteme-deau-douce-du-fleuve-wolastoq-saint-jean\/#breadcrumb"},"inLanguage":"fr-FR","potentialAction":[{"@type":"ReadAction","target":["https:\/\/climatlantic.panchroma.dev\/fr\/outils\/possibilites-financement\/initiative-relative-a-lecosysteme-deau-douce-du-fleuve-wolastoq-saint-jean\/"]}]},{"@type":"BreadcrumbList","@id":"https:\/\/climatlantic.panchroma.dev\/fr\/outils\/possibilites-financement\/initiative-relative-a-lecosysteme-deau-douce-du-fleuve-wolastoq-saint-jean\/#breadcrumb","itemListElement":[{"@type":"ListItem","position":1,"name":"Home","item":"https:\/\/climatlantic.panchroma.dev\/fr\/"},{"@type":"ListItem","position":2,"name":"Outils","item":"https:\/\/climatlantic.panchroma.dev\/fr\/tools\/"},{"@type":"ListItem","position":3,"name":"Possibilit\u00e9s de financement","item":"https:\/\/climatlantic.panchroma.dev\/fr\/tools\/funding-opportunities\/"},{"@type":"ListItem","position":4,"name":"Initiative relative \u00e0 l&#8217;\u00e9cosyst\u00e8me d&#8217;eau douce du fleuve Wolastoq\/Saint Jean"}]},{"@type":"WebSite","@id":"https:\/\/climatlantic.panchroma.dev\/fr\/#website","url":"https:\/\/climatlantic.panchroma.dev\/fr\/","name":"Climatlantic","description":"Enhancing Atlantic Climate Resilience","publisher":{"@id":"https:\/\/climatlantic.panchroma.dev\/fr\/#organization"},"potentialAction":[{"@type":"SearchAction","target":{"@type":"EntryPoint","urlTemplate":"https:\/\/climatlantic.panchroma.dev\/fr\/?s={search_term_string}"},"query-input":{"@type":"PropertyValueSpecification","valueRequired":true,"valueName":"search_term_string"}}],"inLanguage":"fr-FR"},{"@type":"Organization","@id":"https:\/\/climatlantic.panchroma.dev\/fr\/#organization","name":"CLIMAtlantic","url":"https:\/\/climatlantic.panchroma.dev\/fr\/","logo":{"@type":"ImageObject","inLanguage":"fr-FR","@id":"https:\/\/climatlantic.panchroma.dev\/fr\/#\/schema\/logo\/image\/","url":"https:\/\/climatlantic.ca\/wp\/wp-content\/uploads\/2021\/07\/cropped-Climatlantic_Favicon.png","contentUrl":"https:\/\/climatlantic.ca\/wp\/wp-content\/uploads\/2021\/07\/cropped-Climatlantic_Favicon.png","width":512,"height":512,"caption":"CLIMAtlantic"},"image":{"@id":"https:\/\/climatlantic.panchroma.dev\/fr\/#\/schema\/logo\/image\/"},"sameAs":["https:\/\/www.facebook.com\/CLIMAtlanticInc\/","http:\/\/instagram.com\/climatlantic","https:\/\/www.linkedin.com\/company\/climatlantic\/"]}]}},"_links":{"self":[{"href":"https:\/\/climatlantic.panchroma.dev\/fr\/wp-json\/wp\/v2\/pages\/12095","targetHints":{"allow":["GET"]}}],"collection":[{"href":"https:\/\/climatlantic.panchroma.dev\/fr\/wp-json\/wp\/v2\/pages"}],"about":[{"href":"https:\/\/climatlantic.panchroma.dev\/fr\/wp-json\/wp\/v2\/types\/page"}],"author":[{"embeddable":true,"href":"https:\/\/climatlantic.panchroma.dev\/fr\/wp-json\/wp\/v2\/users\/18"}],"replies":[{"embeddable":true,"href":"https:\/\/climatlantic.panchroma.dev\/fr\/wp-json\/wp\/v2\/comments?post=12095"}],"version-history":[{"count":6,"href":"https:\/\/climatlantic.panchroma.dev\/fr\/wp-json\/wp\/v2\/pages\/12095\/revisions"}],"predecessor-version":[{"id":18740,"href":"https:\/\/climatlantic.panchroma.dev\/fr\/wp-json\/wp\/v2\/pages\/12095\/revisions\/18740"}],"up":[{"embeddable":true,"href":"https:\/\/climatlantic.panchroma.dev\/fr\/wp-json\/wp\/v2\/pages\/7052"}],"wp:attachment":[{"href":"https:\/\/climatlantic.panchroma.dev\/fr\/wp-json\/wp\/v2\/media?parent=12095"}],"wp:term":[{"taxonomy":"category","embeddable":true,"href":"https:\/\/climatlantic.panchroma.dev\/fr\/wp-json\/wp\/v2\/categories?post=12095"},{"taxonomy":"post_tag","embeddable":true,"href":"https:\/\/climatlantic.panchroma.dev\/fr\/wp-json\/wp\/v2\/tags?post=12095"}],"curies":[{"name":"wp","href":"https:\/\/api.w.org\/{rel}","templated":true}]}}