{"id":12079,"date":"2024-02-20T10:40:11","date_gmt":"2024-02-20T14:40:11","guid":{"rendered":"https:\/\/climatlantic.ca\/?page_id=12079"},"modified":"2025-12-08T07:57:03","modified_gmt":"2025-12-08T11:57:03","slug":"programme-de-financement-communautaire-ecoaction","status":"publish","type":"page","link":"https:\/\/climatlantic.panchroma.dev\/fr\/outils\/possibilites-financement\/programme-de-financement-communautaire-ecoaction\/","title":{"rendered":"Programme de financement communautaire \u00c9coAction"},"content":{"rendered":"<p>[et_pb_section fb_built=&#8221;1&#8243; _builder_version=&#8221;4.21.0&#8243; _module_preset=&#8221;default&#8221; da_disable_devices=&#8221;off|off|off&#8221; global_colors_info=&#8221;{}&#8221; da_is_popup=&#8221;off&#8221; da_exit_intent=&#8221;off&#8221; da_has_close=&#8221;on&#8221; da_alt_close=&#8221;off&#8221; da_dark_close=&#8221;off&#8221; da_not_modal=&#8221;on&#8221; da_is_singular=&#8221;off&#8221; da_with_loader=&#8221;off&#8221; da_has_shadow=&#8221;on&#8221;][et_pb_row _builder_version=&#8221;4.21.0&#8243; _module_preset=&#8221;default&#8221; global_colors_info=&#8221;{}&#8221;][et_pb_column type=&#8221;4_4&#8243; _builder_version=&#8221;4.21.0&#8243; _module_preset=&#8221;default&#8221; global_colors_info=&#8221;{}&#8221;][et_pb_image src=&#8221;https:\/\/climatlantic.ca\/wp\/wp-content\/uploads\/2025\/12\/EcoAction-2025.jpg&#8221; alt=&#8221;Le fran\u00e7ais suit<br \/>\nPeople down by a waterfront picking up garbage.&#8221; title_text=&#8221;EcoAction 2025&#8243; url=&#8221;https:\/\/www.canada.ca\/fr\/environnement-changement-climatique\/services\/financement-environnement\/programme-communautaire-ecoaction.html&#8221; url_new_window=&#8221;on&#8221; align=&#8221;center&#8221; _builder_version=&#8221;4.27.5&#8243; _module_preset=&#8221;default&#8221; width=&#8221;59%&#8221; custom_margin=&#8221;||12px||false|false&#8221; hover_enabled=&#8221;0&#8243; global_colors_info=&#8221;{}&#8221; sticky_enabled=&#8221;0&#8243;][\/et_pb_image][et_pb_text _builder_version=&#8221;4.27.5&#8243; _module_preset=&#8221;default&#8221; hover_enabled=&#8221;0&#8243; global_colors_info=&#8221;{}&#8221; sticky_enabled=&#8221;0&#8243;]<\/p>\n<div class=\"et_pb_column et_pb_column_4_4 et_pb_column_19  et_pb_css_mix_blend_mode_passthrough et-last-child\">\n<div class=\"et_pb_module et_pb_text et_pb_text_18  et_pb_text_align_left et_pb_bg_layout_light\">\n<div class=\"et_pb_text_inner\">\n<h4><span style=\"text-decoration: underline;\"><a href=\"https:\/\/www.canada.ca\/fr\/environnement-changement-climatique\/services\/financement-environnement\/programme-communautaire-ecoaction.html\" target=\"_blank\" rel=\"noopener\">Programme de financement communautaire \u00c9coAction<\/a><\/span><\/h4>\n<\/div>\n<\/div>\n<\/div>\n<p><span data-sheets-root=\"1\" data-sheets-value=\"{&quot;1&quot;:2,&quot;2&quot;:&quot;Le programme de financement communautaire \u00c9coAction soutient des projets qui engagent les communaut\u00e9s et d\u00e9montrent des r\u00e9sultats mesurables et positifs pour les indicateurs environnementaux cl\u00e9s. La priorit\u00e9 de financement en 2024 est l'eau douce, avec des projets contribuant \u00e0 l'am\u00e9lioration de la qualit\u00e9 de l'eau par la r\u00e9duction des substances nocives dans l'eau, et\/ou par la restauration et la protection de la sant\u00e9 d'un \u00e9cosyst\u00e8me d'eau douce. Les projets \u00c9coAction pr\u00e9c\u00e9demment financ\u00e9s li\u00e9s \u00e0 l'adaptation au climat comprenaient des approches fond\u00e9es sur la nature telles que l'installation de jardins pluviaux, la restauration de for\u00eats riveraines d\u00e9grad\u00e9es pour contr\u00f4ler l'\u00e9rosion, abaisser les temp\u00e9ratures de l'eau et r\u00e9duire les impacts des inondations, et la promotion de toits verts pour am\u00e9liorer la gestion des eaux de ruissellement. La date limite de candidature \u00e0 ce fonds est le 22 mars 2024.&quot;}\" data-sheets-userformat=\"{&quot;2&quot;:33559437,&quot;3&quot;:{&quot;1&quot;:0},&quot;5&quot;:{&quot;1&quot;:[{&quot;1&quot;:2,&quot;2&quot;:0,&quot;5&quot;:{&quot;1&quot;:2,&quot;2&quot;:0}},{&quot;1&quot;:0,&quot;2&quot;:0,&quot;3&quot;:3},{&quot;1&quot;:1,&quot;2&quot;:0,&quot;4&quot;:1}]},&quot;6&quot;:{&quot;1&quot;:[{&quot;1&quot;:2,&quot;2&quot;:0,&quot;5&quot;:{&quot;1&quot;:2,&quot;2&quot;:0}},{&quot;1&quot;:0,&quot;2&quot;:0,&quot;3&quot;:3},{&quot;1&quot;:1,&quot;2&quot;:0,&quot;4&quot;:1}]},&quot;10&quot;:1,&quot;11&quot;:4,&quot;12&quot;:0,&quot;15&quot;:&quot;Montserrat&quot;,&quot;28&quot;:1}\">Le programme de financement communautaire \u00c9coAction soutient des projets qui engagent les communaut\u00e9s et d\u00e9montrent des r\u00e9sultats mesurables et positifs pour les indicateurs environnementaux cl\u00e9s. Deux sources de financement sont disponibles :<\/span><\/p>\n<ul>\n<li><span data-sheets-root=\"1\" data-sheets-value=\"{&quot;1&quot;:2,&quot;2&quot;:&quot;Le programme de financement communautaire \u00c9coAction soutient des projets qui engagent les communaut\u00e9s et d\u00e9montrent des r\u00e9sultats mesurables et positifs pour les indicateurs environnementaux cl\u00e9s. La priorit\u00e9 de financement en 2024 est l'eau douce, avec des projets contribuant \u00e0 l'am\u00e9lioration de la qualit\u00e9 de l'eau par la r\u00e9duction des substances nocives dans l'eau, et\/ou par la restauration et la protection de la sant\u00e9 d'un \u00e9cosyst\u00e8me d'eau douce. Les projets \u00c9coAction pr\u00e9c\u00e9demment financ\u00e9s li\u00e9s \u00e0 l'adaptation au climat comprenaient des approches fond\u00e9es sur la nature telles que l'installation de jardins pluviaux, la restauration de for\u00eats riveraines d\u00e9grad\u00e9es pour contr\u00f4ler l'\u00e9rosion, abaisser les temp\u00e9ratures de l'eau et r\u00e9duire les impacts des inondations, et la promotion de toits verts pour am\u00e9liorer la gestion des eaux de ruissellement. La date limite de candidature \u00e0 ce fonds est le 22 mars 2024.&quot;}\" data-sheets-userformat=\"{&quot;2&quot;:33559437,&quot;3&quot;:{&quot;1&quot;:0},&quot;5&quot;:{&quot;1&quot;:[{&quot;1&quot;:2,&quot;2&quot;:0,&quot;5&quot;:{&quot;1&quot;:2,&quot;2&quot;:0}},{&quot;1&quot;:0,&quot;2&quot;:0,&quot;3&quot;:3},{&quot;1&quot;:1,&quot;2&quot;:0,&quot;4&quot;:1}]},&quot;6&quot;:{&quot;1&quot;:[{&quot;1&quot;:2,&quot;2&quot;:0,&quot;5&quot;:{&quot;1&quot;:2,&quot;2&quot;:0}},{&quot;1&quot;:0,&quot;2&quot;:0,&quot;3&quot;:3},{&quot;1&quot;:1,&quot;2&quot;:0,&quot;4&quot;:1}]},&quot;10&quot;:1,&quot;11&quot;:4,&quot;12&quot;:0,&quot;15&quot;:&quot;Montserrat&quot;,&quot;28&quot;:1}\"><strong>Action communautaire pour l\u2019eau douce au Canada :<\/strong> les projets doivent viser \u00e0 am\u00e9liorer la qualit\u00e9 de l&#8217;eau douce et la sant\u00e9 des \u00e9cosyst\u00e8mes.<\/span><\/li>\n<li><span data-sheets-root=\"1\" data-sheets-value=\"{&quot;1&quot;:2,&quot;2&quot;:&quot;Le programme de financement communautaire \u00c9coAction soutient des projets qui engagent les communaut\u00e9s et d\u00e9montrent des r\u00e9sultats mesurables et positifs pour les indicateurs environnementaux cl\u00e9s. La priorit\u00e9 de financement en 2024 est l'eau douce, avec des projets contribuant \u00e0 l'am\u00e9lioration de la qualit\u00e9 de l'eau par la r\u00e9duction des substances nocives dans l'eau, et\/ou par la restauration et la protection de la sant\u00e9 d'un \u00e9cosyst\u00e8me d'eau douce. Les projets \u00c9coAction pr\u00e9c\u00e9demment financ\u00e9s li\u00e9s \u00e0 l'adaptation au climat comprenaient des approches fond\u00e9es sur la nature telles que l'installation de jardins pluviaux, la restauration de for\u00eats riveraines d\u00e9grad\u00e9es pour contr\u00f4ler l'\u00e9rosion, abaisser les temp\u00e9ratures de l'eau et r\u00e9duire les impacts des inondations, et la promotion de toits verts pour am\u00e9liorer la gestion des eaux de ruissellement. La date limite de candidature \u00e0 ce fonds est le 22 mars 2024.&quot;}\" data-sheets-userformat=\"{&quot;2&quot;:33559437,&quot;3&quot;:{&quot;1&quot;:0},&quot;5&quot;:{&quot;1&quot;:[{&quot;1&quot;:2,&quot;2&quot;:0,&quot;5&quot;:{&quot;1&quot;:2,&quot;2&quot;:0}},{&quot;1&quot;:0,&quot;2&quot;:0,&quot;3&quot;:3},{&quot;1&quot;:1,&quot;2&quot;:0,&quot;4&quot;:1}]},&quot;6&quot;:{&quot;1&quot;:[{&quot;1&quot;:2,&quot;2&quot;:0,&quot;5&quot;:{&quot;1&quot;:2,&quot;2&quot;:0}},{&quot;1&quot;:0,&quot;2&quot;:0,&quot;3&quot;:3},{&quot;1&quot;:1,&quot;2&quot;:0,&quot;4&quot;:1}]},&quot;10&quot;:1,&quot;11&quot;:4,&quot;12&quot;:0,&quot;15&quot;:&quot;Montserrat&quot;,&quot;28&quot;:1}\"><strong>Durabilit\u00e9 et innovation en mati\u00e8re d\u2019eau douce au Canada :<\/strong> les projets doivent tester des approches innovantes, renforcer les opportunit\u00e9s offertes par l&#8217;\u00e9conomie circulaire ou relever les d\u00e9fis li\u00e9s aux donn\u00e9es.<\/span><\/li>\n<\/ul>\n<p><span data-sheets-root=\"1\" data-sheets-value=\"{&quot;1&quot;:2,&quot;2&quot;:&quot;Le programme de financement communautaire \u00c9coAction soutient des projets qui engagent les communaut\u00e9s et d\u00e9montrent des r\u00e9sultats mesurables et positifs pour les indicateurs environnementaux cl\u00e9s. La priorit\u00e9 de financement en 2024 est l'eau douce, avec des projets contribuant \u00e0 l'am\u00e9lioration de la qualit\u00e9 de l'eau par la r\u00e9duction des substances nocives dans l'eau, et\/ou par la restauration et la protection de la sant\u00e9 d'un \u00e9cosyst\u00e8me d'eau douce. Les projets \u00c9coAction pr\u00e9c\u00e9demment financ\u00e9s li\u00e9s \u00e0 l'adaptation au climat comprenaient des approches fond\u00e9es sur la nature telles que l'installation de jardins pluviaux, la restauration de for\u00eats riveraines d\u00e9grad\u00e9es pour contr\u00f4ler l'\u00e9rosion, abaisser les temp\u00e9ratures de l'eau et r\u00e9duire les impacts des inondations, et la promotion de toits verts pour am\u00e9liorer la gestion des eaux de ruissellement. La date limite de candidature \u00e0 ce fonds est le 22 mars 2024.&quot;}\" data-sheets-userformat=\"{&quot;2&quot;:33559437,&quot;3&quot;:{&quot;1&quot;:0},&quot;5&quot;:{&quot;1&quot;:[{&quot;1&quot;:2,&quot;2&quot;:0,&quot;5&quot;:{&quot;1&quot;:2,&quot;2&quot;:0}},{&quot;1&quot;:0,&quot;2&quot;:0,&quot;3&quot;:3},{&quot;1&quot;:1,&quot;2&quot;:0,&quot;4&quot;:1}]},&quot;6&quot;:{&quot;1&quot;:[{&quot;1&quot;:2,&quot;2&quot;:0,&quot;5&quot;:{&quot;1&quot;:2,&quot;2&quot;:0}},{&quot;1&quot;:0,&quot;2&quot;:0,&quot;3&quot;:3},{&quot;1&quot;:1,&quot;2&quot;:0,&quot;4&quot;:1}]},&quot;10&quot;:1,&quot;11&quot;:4,&quot;12&quot;:0,&quot;15&quot;:&quot;Montserrat&quot;,&quot;28&quot;:1}\">Les projets \u00c9coAction pr\u00e9c\u00e9demment financ\u00e9s li\u00e9s \u00e0 l&#8217;adaptation au climat comprenaient des approches fond\u00e9es sur la nature telles que l&#8217;installation de jardins pluviaux, la restauration de for\u00eats riveraines d\u00e9grad\u00e9es pour contr\u00f4ler l&#8217;\u00e9rosion, abaisser les temp\u00e9ratures de l&#8217;eau et r\u00e9duire les impacts des inondations, et la promotion de toits verts pour am\u00e9liorer la gestion des eaux de ruissellement.<\/span><\/p>\n<p><span data-sheets-root=\"1\" data-sheets-value=\"{&quot;1&quot;:2,&quot;2&quot;:&quot;Le programme de financement communautaire \u00c9coAction soutient des projets qui engagent les communaut\u00e9s et d\u00e9montrent des r\u00e9sultats mesurables et positifs pour les indicateurs environnementaux cl\u00e9s. La priorit\u00e9 de financement en 2024 est l'eau douce, avec des projets contribuant \u00e0 l'am\u00e9lioration de la qualit\u00e9 de l'eau par la r\u00e9duction des substances nocives dans l'eau, et\/ou par la restauration et la protection de la sant\u00e9 d'un \u00e9cosyst\u00e8me d'eau douce. Les projets \u00c9coAction pr\u00e9c\u00e9demment financ\u00e9s li\u00e9s \u00e0 l'adaptation au climat comprenaient des approches fond\u00e9es sur la nature telles que l'installation de jardins pluviaux, la restauration de for\u00eats riveraines d\u00e9grad\u00e9es pour contr\u00f4ler l'\u00e9rosion, abaisser les temp\u00e9ratures de l'eau et r\u00e9duire les impacts des inondations, et la promotion de toits verts pour am\u00e9liorer la gestion des eaux de ruissellement. La date limite de candidature \u00e0 ce fonds est le 22 mars 2024.&quot;}\" data-sheets-userformat=\"{&quot;2&quot;:33559437,&quot;3&quot;:{&quot;1&quot;:0},&quot;5&quot;:{&quot;1&quot;:[{&quot;1&quot;:2,&quot;2&quot;:0,&quot;5&quot;:{&quot;1&quot;:2,&quot;2&quot;:0}},{&quot;1&quot;:0,&quot;2&quot;:0,&quot;3&quot;:3},{&quot;1&quot;:1,&quot;2&quot;:0,&quot;4&quot;:1}]},&quot;6&quot;:{&quot;1&quot;:[{&quot;1&quot;:2,&quot;2&quot;:0,&quot;5&quot;:{&quot;1&quot;:2,&quot;2&quot;:0}},{&quot;1&quot;:0,&quot;2&quot;:0,&quot;3&quot;:3},{&quot;1&quot;:1,&quot;2&quot;:0,&quot;4&quot;:1}]},&quot;10&quot;:1,&quot;11&quot;:4,&quot;12&quot;:0,&quot;15&quot;:&quot;Montserrat&quot;,&quot;28&quot;:1}\">Les candidatures devaient \u00eatre d\u00e9pos\u00e9es avant le 4 d\u00e9cembre 2025.<\/span><\/p>\n<p>[\/et_pb_text][et_pb_button button_url=&#8221;@ET-DC@eyJkeW5hbWljIjp0cnVlLCJjb250ZW50IjoicG9zdF9saW5rX3VybF9wYWdlIiwic2V0dGluZ3MiOnsicG9zdF9pZCI6IjY2ODIifX0=@&#8221; button_text=&#8221;RETOUR AUX OPPORTUNIT\u00c9S DE FINANCEMENT&#8221; _builder_version=&#8221;4.21.0&#8243; _dynamic_attributes=&#8221;button_url&#8221; _module_preset=&#8221;default&#8221; custom_margin=&#8221;-12px||||false|false&#8221; custom_padding=&#8221;||||false|false&#8221; global_colors_info=&#8221;{}&#8221;][\/et_pb_button][\/et_pb_column][\/et_pb_row][\/et_pb_section]<\/p>\n","protected":false},"excerpt":{"rendered":"<p>Programme de financement communautaire \u00c9coAction Le programme de financement communautaire \u00c9coAction soutient des projets qui engagent les communaut\u00e9s et d\u00e9montrent des r\u00e9sultats mesurables et positifs pour les indicateurs environnementaux cl\u00e9s. Deux sources de financement sont disponibles : Action communautaire pour l\u2019eau douce au Canada : les projets doivent viser \u00e0 am\u00e9liorer la qualit\u00e9 de l&#8217;eau [&hellip;]<\/p>\n","protected":false},"author":18,"featured_media":0,"parent":7052,"menu_order":0,"comment_status":"closed","ping_status":"closed","template":"","meta":{"_et_pb_use_builder":"on","_et_pb_old_content":"","_et_gb_content_width":"","footnotes":""},"categories":[],"tags":[],"class_list":["post-12079","page","type-page","status-publish","hentry"],"yoast_head":"<!-- This site is optimized with the Yoast SEO plugin v26.5 - https:\/\/yoast.com\/wordpress\/plugins\/seo\/ -->\n<title>Programme de financement communautaire \u00c9coAction - CLIMAtlantic<\/title>\n<meta name=\"robots\" content=\"index, follow, max-snippet:-1, max-image-preview:large, max-video-preview:-1\" \/>\n<link rel=\"canonical\" href=\"https:\/\/climatlantic.panchroma.dev\/fr\/outils\/possibilites-financement\/programme-de-financement-communautaire-ecoaction\/\" \/>\n<meta property=\"og:locale\" content=\"fr_FR\" \/>\n<meta property=\"og:type\" content=\"article\" \/>\n<meta property=\"og:title\" content=\"Programme de financement communautaire \u00c9coAction - CLIMAtlantic\" \/>\n<meta property=\"og:description\" content=\"Programme de financement communautaire \u00c9coAction Le programme de financement communautaire \u00c9coAction soutient des projets qui engagent les communaut\u00e9s et d\u00e9montrent des r\u00e9sultats mesurables et positifs pour les indicateurs environnementaux cl\u00e9s. Deux sources de financement sont disponibles : Action communautaire pour l\u2019eau douce au Canada : les projets doivent viser \u00e0 am\u00e9liorer la qualit\u00e9 de l&#039;eau [&hellip;]\" \/>\n<meta property=\"og:url\" content=\"https:\/\/climatlantic.panchroma.dev\/fr\/outils\/possibilites-financement\/programme-de-financement-communautaire-ecoaction\/\" \/>\n<meta property=\"og:site_name\" content=\"CLIMAtlantic\" \/>\n<meta property=\"article:publisher\" content=\"https:\/\/www.facebook.com\/CLIMAtlanticInc\/\" \/>\n<meta property=\"article:modified_time\" content=\"2025-12-08T11:57:03+00:00\" \/>\n<meta name=\"twitter:card\" content=\"summary_large_image\" \/>\n<meta name=\"twitter:label1\" content=\"Dur\u00e9e de lecture estim\u00e9e\" \/>\n\t<meta name=\"twitter:data1\" content=\"2 minutes\" \/>\n<script type=\"application\/ld+json\" class=\"yoast-schema-graph\">{\"@context\":\"https:\/\/schema.org\",\"@graph\":[{\"@type\":\"WebPage\",\"@id\":\"https:\/\/climatlantic.panchroma.dev\/fr\/outils\/possibilites-financement\/programme-de-financement-communautaire-ecoaction\/\",\"url\":\"https:\/\/climatlantic.panchroma.dev\/fr\/outils\/possibilites-financement\/programme-de-financement-communautaire-ecoaction\/\",\"name\":\"Programme de financement communautaire \u00c9coAction - CLIMAtlantic\",\"isPartOf\":{\"@id\":\"https:\/\/climatlantic.panchroma.dev\/fr\/#website\"},\"datePublished\":\"2024-02-20T14:40:11+00:00\",\"dateModified\":\"2025-12-08T11:57:03+00:00\",\"breadcrumb\":{\"@id\":\"https:\/\/climatlantic.panchroma.dev\/fr\/outils\/possibilites-financement\/programme-de-financement-communautaire-ecoaction\/#breadcrumb\"},\"inLanguage\":\"fr-FR\",\"potentialAction\":[{\"@type\":\"ReadAction\",\"target\":[\"https:\/\/climatlantic.panchroma.dev\/fr\/outils\/possibilites-financement\/programme-de-financement-communautaire-ecoaction\/\"]}]},{\"@type\":\"BreadcrumbList\",\"@id\":\"https:\/\/climatlantic.panchroma.dev\/fr\/outils\/possibilites-financement\/programme-de-financement-communautaire-ecoaction\/#breadcrumb\",\"itemListElement\":[{\"@type\":\"ListItem\",\"position\":1,\"name\":\"Home\",\"item\":\"https:\/\/climatlantic.panchroma.dev\/fr\/\"},{\"@type\":\"ListItem\",\"position\":2,\"name\":\"Outils\",\"item\":\"https:\/\/climatlantic.panchroma.dev\/fr\/tools\/\"},{\"@type\":\"ListItem\",\"position\":3,\"name\":\"Possibilit\u00e9s de financement\",\"item\":\"https:\/\/climatlantic.panchroma.dev\/fr\/tools\/funding-opportunities\/\"},{\"@type\":\"ListItem\",\"position\":4,\"name\":\"Programme de financement communautaire \u00c9coAction\"}]},{\"@type\":\"WebSite\",\"@id\":\"https:\/\/climatlantic.panchroma.dev\/fr\/#website\",\"url\":\"https:\/\/climatlantic.panchroma.dev\/fr\/\",\"name\":\"Climatlantic\",\"description\":\"Enhancing Atlantic Climate Resilience\",\"publisher\":{\"@id\":\"https:\/\/climatlantic.panchroma.dev\/fr\/#organization\"},\"potentialAction\":[{\"@type\":\"SearchAction\",\"target\":{\"@type\":\"EntryPoint\",\"urlTemplate\":\"https:\/\/climatlantic.panchroma.dev\/fr\/?s={search_term_string}\"},\"query-input\":{\"@type\":\"PropertyValueSpecification\",\"valueRequired\":true,\"valueName\":\"search_term_string\"}}],\"inLanguage\":\"fr-FR\"},{\"@type\":\"Organization\",\"@id\":\"https:\/\/climatlantic.panchroma.dev\/fr\/#organization\",\"name\":\"CLIMAtlantic\",\"url\":\"https:\/\/climatlantic.panchroma.dev\/fr\/\",\"logo\":{\"@type\":\"ImageObject\",\"inLanguage\":\"fr-FR\",\"@id\":\"https:\/\/climatlantic.panchroma.dev\/fr\/#\/schema\/logo\/image\/\",\"url\":\"https:\/\/climatlantic.ca\/wp\/wp-content\/uploads\/2021\/07\/cropped-Climatlantic_Favicon.png\",\"contentUrl\":\"https:\/\/climatlantic.ca\/wp\/wp-content\/uploads\/2021\/07\/cropped-Climatlantic_Favicon.png\",\"width\":512,\"height\":512,\"caption\":\"CLIMAtlantic\"},\"image\":{\"@id\":\"https:\/\/climatlantic.panchroma.dev\/fr\/#\/schema\/logo\/image\/\"},\"sameAs\":[\"https:\/\/www.facebook.com\/CLIMAtlanticInc\/\",\"http:\/\/instagram.com\/climatlantic\",\"https:\/\/www.linkedin.com\/company\/climatlantic\/\"]}]}<\/script>\n<!-- \/ Yoast SEO plugin. -->","yoast_head_json":{"title":"Programme de financement communautaire \u00c9coAction - CLIMAtlantic","robots":{"index":"index","follow":"follow","max-snippet":"max-snippet:-1","max-image-preview":"max-image-preview:large","max-video-preview":"max-video-preview:-1"},"canonical":"https:\/\/climatlantic.panchroma.dev\/fr\/outils\/possibilites-financement\/programme-de-financement-communautaire-ecoaction\/","og_locale":"fr_FR","og_type":"article","og_title":"Programme de financement communautaire \u00c9coAction - CLIMAtlantic","og_description":"Programme de financement communautaire \u00c9coAction Le programme de financement communautaire \u00c9coAction soutient des projets qui engagent les communaut\u00e9s et d\u00e9montrent des r\u00e9sultats mesurables et positifs pour les indicateurs environnementaux cl\u00e9s. Deux sources de financement sont disponibles : Action communautaire pour l\u2019eau douce au Canada : les projets doivent viser \u00e0 am\u00e9liorer la qualit\u00e9 de l'eau [&hellip;]","og_url":"https:\/\/climatlantic.panchroma.dev\/fr\/outils\/possibilites-financement\/programme-de-financement-communautaire-ecoaction\/","og_site_name":"CLIMAtlantic","article_publisher":"https:\/\/www.facebook.com\/CLIMAtlanticInc\/","article_modified_time":"2025-12-08T11:57:03+00:00","twitter_card":"summary_large_image","twitter_misc":{"Dur\u00e9e de lecture estim\u00e9e":"2 minutes"},"schema":{"@context":"https:\/\/schema.org","@graph":[{"@type":"WebPage","@id":"https:\/\/climatlantic.panchroma.dev\/fr\/outils\/possibilites-financement\/programme-de-financement-communautaire-ecoaction\/","url":"https:\/\/climatlantic.panchroma.dev\/fr\/outils\/possibilites-financement\/programme-de-financement-communautaire-ecoaction\/","name":"Programme de financement communautaire \u00c9coAction - CLIMAtlantic","isPartOf":{"@id":"https:\/\/climatlantic.panchroma.dev\/fr\/#website"},"datePublished":"2024-02-20T14:40:11+00:00","dateModified":"2025-12-08T11:57:03+00:00","breadcrumb":{"@id":"https:\/\/climatlantic.panchroma.dev\/fr\/outils\/possibilites-financement\/programme-de-financement-communautaire-ecoaction\/#breadcrumb"},"inLanguage":"fr-FR","potentialAction":[{"@type":"ReadAction","target":["https:\/\/climatlantic.panchroma.dev\/fr\/outils\/possibilites-financement\/programme-de-financement-communautaire-ecoaction\/"]}]},{"@type":"BreadcrumbList","@id":"https:\/\/climatlantic.panchroma.dev\/fr\/outils\/possibilites-financement\/programme-de-financement-communautaire-ecoaction\/#breadcrumb","itemListElement":[{"@type":"ListItem","position":1,"name":"Home","item":"https:\/\/climatlantic.panchroma.dev\/fr\/"},{"@type":"ListItem","position":2,"name":"Outils","item":"https:\/\/climatlantic.panchroma.dev\/fr\/tools\/"},{"@type":"ListItem","position":3,"name":"Possibilit\u00e9s de financement","item":"https:\/\/climatlantic.panchroma.dev\/fr\/tools\/funding-opportunities\/"},{"@type":"ListItem","position":4,"name":"Programme de financement communautaire \u00c9coAction"}]},{"@type":"WebSite","@id":"https:\/\/climatlantic.panchroma.dev\/fr\/#website","url":"https:\/\/climatlantic.panchroma.dev\/fr\/","name":"Climatlantic","description":"Enhancing Atlantic Climate Resilience","publisher":{"@id":"https:\/\/climatlantic.panchroma.dev\/fr\/#organization"},"potentialAction":[{"@type":"SearchAction","target":{"@type":"EntryPoint","urlTemplate":"https:\/\/climatlantic.panchroma.dev\/fr\/?s={search_term_string}"},"query-input":{"@type":"PropertyValueSpecification","valueRequired":true,"valueName":"search_term_string"}}],"inLanguage":"fr-FR"},{"@type":"Organization","@id":"https:\/\/climatlantic.panchroma.dev\/fr\/#organization","name":"CLIMAtlantic","url":"https:\/\/climatlantic.panchroma.dev\/fr\/","logo":{"@type":"ImageObject","inLanguage":"fr-FR","@id":"https:\/\/climatlantic.panchroma.dev\/fr\/#\/schema\/logo\/image\/","url":"https:\/\/climatlantic.ca\/wp\/wp-content\/uploads\/2021\/07\/cropped-Climatlantic_Favicon.png","contentUrl":"https:\/\/climatlantic.ca\/wp\/wp-content\/uploads\/2021\/07\/cropped-Climatlantic_Favicon.png","width":512,"height":512,"caption":"CLIMAtlantic"},"image":{"@id":"https:\/\/climatlantic.panchroma.dev\/fr\/#\/schema\/logo\/image\/"},"sameAs":["https:\/\/www.facebook.com\/CLIMAtlanticInc\/","http:\/\/instagram.com\/climatlantic","https:\/\/www.linkedin.com\/company\/climatlantic\/"]}]}},"_links":{"self":[{"href":"https:\/\/climatlantic.panchroma.dev\/fr\/wp-json\/wp\/v2\/pages\/12079","targetHints":{"allow":["GET"]}}],"collection":[{"href":"https:\/\/climatlantic.panchroma.dev\/fr\/wp-json\/wp\/v2\/pages"}],"about":[{"href":"https:\/\/climatlantic.panchroma.dev\/fr\/wp-json\/wp\/v2\/types\/page"}],"author":[{"embeddable":true,"href":"https:\/\/climatlantic.panchroma.dev\/fr\/wp-json\/wp\/v2\/users\/18"}],"replies":[{"embeddable":true,"href":"https:\/\/climatlantic.panchroma.dev\/fr\/wp-json\/wp\/v2\/comments?post=12079"}],"version-history":[{"count":6,"href":"https:\/\/climatlantic.panchroma.dev\/fr\/wp-json\/wp\/v2\/pages\/12079\/revisions"}],"predecessor-version":[{"id":19031,"href":"https:\/\/climatlantic.panchroma.dev\/fr\/wp-json\/wp\/v2\/pages\/12079\/revisions\/19031"}],"up":[{"embeddable":true,"href":"https:\/\/climatlantic.panchroma.dev\/fr\/wp-json\/wp\/v2\/pages\/7052"}],"wp:attachment":[{"href":"https:\/\/climatlantic.panchroma.dev\/fr\/wp-json\/wp\/v2\/media?parent=12079"}],"wp:term":[{"taxonomy":"category","embeddable":true,"href":"https:\/\/climatlantic.panchroma.dev\/fr\/wp-json\/wp\/v2\/categories?post=12079"},{"taxonomy":"post_tag","embeddable":true,"href":"https:\/\/climatlantic.panchroma.dev\/fr\/wp-json\/wp\/v2\/tags?post=12079"}],"curies":[{"name":"wp","href":"https:\/\/api.w.org\/{rel}","templated":true}]}}