{"id":11814,"date":"2024-01-09T11:12:51","date_gmt":"2024-01-09T15:12:51","guid":{"rendered":"https:\/\/climatlantic.ca\/?page_id=11814"},"modified":"2025-01-06T08:59:58","modified_gmt":"2025-01-06T12:59:58","slug":"initiative-de-recherche-et-de-connaissances","status":"publish","type":"page","link":"https:\/\/climatlantic.panchroma.dev\/fr\/outils\/possibilites-financement\/initiative-de-recherche-et-de-connaissances\/","title":{"rendered":"Initiative de recherche et de connaissances"},"content":{"rendered":"<p>[et_pb_section fb_built=&#8221;1&#8243; _builder_version=&#8221;4.21.0&#8243; _module_preset=&#8221;default&#8221; global_colors_info=&#8221;{}&#8221; da_is_popup=&#8221;off&#8221; da_exit_intent=&#8221;off&#8221; da_has_close=&#8221;on&#8221; da_alt_close=&#8221;off&#8221; da_dark_close=&#8221;off&#8221; da_not_modal=&#8221;on&#8221; da_is_singular=&#8221;off&#8221; da_with_loader=&#8221;off&#8221; da_has_shadow=&#8221;on&#8221; da_disable_devices=&#8221;off|off|off&#8221;][et_pb_row _builder_version=&#8221;4.21.0&#8243; _module_preset=&#8221;default&#8221; global_colors_info=&#8221;{}&#8221;][et_pb_column type=&#8221;4_4&#8243; _builder_version=&#8221;4.21.0&#8243; _module_preset=&#8221;default&#8221; global_colors_info=&#8221;{}&#8221;][et_pb_image src=&#8221;https:\/\/climatlantic.ca\/wp\/wp-content\/uploads\/2024\/01\/research-knowledge-initiative-1140&#215;250-fr-1024&#215;225.png&#8221; alt=&#8221;Graphique pour le fonds avec des illustrations de l&#8217;infrastructure&#8221; title_text=&#8221;research-knowledge-initiative-1140&#215;250-fr&#8221; url=&#8221;https:\/\/www.infrastructure.gc.ca\/rki-irc\/index-fra.html&#8221; url_new_window=&#8221;on&#8221; _builder_version=&#8221;4.27.4&#8243; _module_preset=&#8221;default&#8221; custom_margin=&#8221;||12px||false|false&#8221; hover_enabled=&#8221;0&#8243; global_colors_info=&#8221;{}&#8221; align=&#8221;center&#8221; width=&#8221;85%&#8221; sticky_enabled=&#8221;0&#8243;][\/et_pb_image][et_pb_text _builder_version=&#8221;4.27.4&#8243; _module_preset=&#8221;default&#8221; hover_enabled=&#8221;0&#8243; global_colors_info=&#8221;{}&#8221; sticky_enabled=&#8221;0&#8243;]<\/p>\n<h4><a href=\"https:\/\/www.infrastructure.gc.ca\/rki-irc\/index-fra.html\" target=\"_blank\" rel=\"noopener\"><span style=\"text-decoration: underline;\">Initiative de recherche et de connaissances<\/span><\/a><\/h4>\n<p><span data-sheets-root=\"1\" data-sheets-value=\"{&quot;1&quot;:2,&quot;2&quot;:&quot;L'initiative de recherche et de connaissances finance des projets ax\u00e9s sur la recherche et les donn\u00e9es relatives au logement, aux infrastructures et aux communaut\u00e9s. Les appels \u00e0 propositions pr\u00e9c\u00e9dents visaient des projets ax\u00e9s sur la recherche et les donn\u00e9es communautaires relatives aux infrastructures publiques et ont permis de financer des projets tels que le d\u00e9veloppement de formations et d'outils destin\u00e9s \u00e0 soutenir les processus d\u00e9cisionnels des municipalit\u00e9s dans le cadre d'approches fond\u00e9es sur la nature. Cette ann\u00e9e, le fonds recherche des solutions pour r\u00e9pondre aux besoins en mati\u00e8re de logement et d'autres infrastructures communautaires, notamment en ce qui concerne l'accessibilit\u00e9 financi\u00e8re, l'acc\u00e8s \u00e9quitable et l'adaptabilit\u00e9 aux changements climatiques et \u00e0 l'\u00e9volution d\u00e9mographique. La priorit\u00e9 sera accord\u00e9e aux projets qui:  1) testent\/\u00e9valuent des solutions sur une base pilote, ou entreprennent une analyse de validation du concept pour \u00e9tudier les solutions en action, avec une m\u00e9thodologie solide ;\\n2) \u00e9tudient la reproductibilit\u00e9 ou l'extensibilit\u00e9 des solutions dans diff\u00e9rentes provinces, municipalit\u00e9s, communaut\u00e9s ou r\u00e9gions ;\\n3) d\u00e9velopper et \u00e9valuer l'application de nouvelles sciences, donn\u00e9es ou technologies ; ou\\n4) extraire et \u00e9valuer les le\u00e7ons et les possibilit\u00e9s d'application d'innovations pratiques, y compris \u00e0 l'ext\u00e9rieur du Canada. La date limite de candidature \u00e0 ce fonds est le 9 f\u00e9vrier 2024.&quot;}\" data-sheets-userformat=\"{&quot;2&quot;:33559437,&quot;3&quot;:{&quot;1&quot;:0},&quot;5&quot;:{&quot;1&quot;:[{&quot;1&quot;:2,&quot;2&quot;:0,&quot;5&quot;:{&quot;1&quot;:2,&quot;2&quot;:0}},{&quot;1&quot;:0,&quot;2&quot;:0,&quot;3&quot;:3},{&quot;1&quot;:1,&quot;2&quot;:0,&quot;4&quot;:1}]},&quot;6&quot;:{&quot;1&quot;:[{&quot;1&quot;:2,&quot;2&quot;:0,&quot;5&quot;:{&quot;1&quot;:2,&quot;2&quot;:0}},{&quot;1&quot;:0,&quot;2&quot;:0,&quot;3&quot;:3},{&quot;1&quot;:1,&quot;2&quot;:0,&quot;4&quot;:1}]},&quot;10&quot;:1,&quot;11&quot;:4,&quot;12&quot;:0,&quot;15&quot;:&quot;Montserrat&quot;,&quot;28&quot;:1}\">L&#8217;initiative de recherche et de connaissances finance des projets ax\u00e9s sur la recherche et les donn\u00e9es relatives au logement, aux infrastructures et aux communaut\u00e9s. Les appels \u00e0 propositions pr\u00e9c\u00e9dents visaient des projets ax\u00e9s sur la recherche et les donn\u00e9es communautaires relatives aux infrastructures publiques et ont permis de financer des projets tels que le d\u00e9veloppement de formations et d&#8217;outils destin\u00e9s \u00e0 soutenir les processus d\u00e9cisionnels des municipalit\u00e9s dans le cadre d&#8217;approches fond\u00e9es sur la nature. Cette ann\u00e9e, le fonds recherche des solutions pour r\u00e9pondre aux besoins en mati\u00e8re de logement et d&#8217;autres infrastructures communautaires, notamment en ce qui concerne l&#8217;accessibilit\u00e9 financi\u00e8re, l&#8217;acc\u00e8s \u00e9quitable et l&#8217;adaptabilit\u00e9 aux changements climatiques et \u00e0 l&#8217;\u00e9volution d\u00e9mographique. La priorit\u00e9 sera accord\u00e9e aux projets qui: <\/span><\/p>\n<p><span data-sheets-root=\"1\" data-sheets-value=\"{&quot;1&quot;:2,&quot;2&quot;:&quot;L'initiative de recherche et de connaissances finance des projets ax\u00e9s sur la recherche et les donn\u00e9es relatives au logement, aux infrastructures et aux communaut\u00e9s. Les appels \u00e0 propositions pr\u00e9c\u00e9dents visaient des projets ax\u00e9s sur la recherche et les donn\u00e9es communautaires relatives aux infrastructures publiques et ont permis de financer des projets tels que le d\u00e9veloppement de formations et d'outils destin\u00e9s \u00e0 soutenir les processus d\u00e9cisionnels des municipalit\u00e9s dans le cadre d'approches fond\u00e9es sur la nature. Cette ann\u00e9e, le fonds recherche des solutions pour r\u00e9pondre aux besoins en mati\u00e8re de logement et d'autres infrastructures communautaires, notamment en ce qui concerne l'accessibilit\u00e9 financi\u00e8re, l'acc\u00e8s \u00e9quitable et l'adaptabilit\u00e9 aux changements climatiques et \u00e0 l'\u00e9volution d\u00e9mographique. La priorit\u00e9 sera accord\u00e9e aux projets qui:  1) testent\/\u00e9valuent des solutions sur une base pilote, ou entreprennent une analyse de validation du concept pour \u00e9tudier les solutions en action, avec une m\u00e9thodologie solide ;\\n2) \u00e9tudient la reproductibilit\u00e9 ou l'extensibilit\u00e9 des solutions dans diff\u00e9rentes provinces, municipalit\u00e9s, communaut\u00e9s ou r\u00e9gions ;\\n3) d\u00e9velopper et \u00e9valuer l'application de nouvelles sciences, donn\u00e9es ou technologies ; ou\\n4) extraire et \u00e9valuer les le\u00e7ons et les possibilit\u00e9s d'application d'innovations pratiques, y compris \u00e0 l'ext\u00e9rieur du Canada. La date limite de candidature \u00e0 ce fonds est le 9 f\u00e9vrier 2024.&quot;}\" data-sheets-userformat=\"{&quot;2&quot;:33559437,&quot;3&quot;:{&quot;1&quot;:0},&quot;5&quot;:{&quot;1&quot;:[{&quot;1&quot;:2,&quot;2&quot;:0,&quot;5&quot;:{&quot;1&quot;:2,&quot;2&quot;:0}},{&quot;1&quot;:0,&quot;2&quot;:0,&quot;3&quot;:3},{&quot;1&quot;:1,&quot;2&quot;:0,&quot;4&quot;:1}]},&quot;6&quot;:{&quot;1&quot;:[{&quot;1&quot;:2,&quot;2&quot;:0,&quot;5&quot;:{&quot;1&quot;:2,&quot;2&quot;:0}},{&quot;1&quot;:0,&quot;2&quot;:0,&quot;3&quot;:3},{&quot;1&quot;:1,&quot;2&quot;:0,&quot;4&quot;:1}]},&quot;10&quot;:1,&quot;11&quot;:4,&quot;12&quot;:0,&quot;15&quot;:&quot;Montserrat&quot;,&quot;28&quot;:1}\">1) testent\/\u00e9valuent des solutions sur une base pilote, ou entreprennent une analyse de validation du concept pour \u00e9tudier les solutions en action, avec une m\u00e9thodologie solide ;<br \/>2) \u00e9tudient la reproductibilit\u00e9 ou l&#8217;extensibilit\u00e9 des solutions dans diff\u00e9rentes provinces, municipalit\u00e9s, communaut\u00e9s ou r\u00e9gions ;<br \/>3) d\u00e9velopper et \u00e9valuer l&#8217;application de nouvelles sciences, donn\u00e9es ou technologies ; ou<br \/>4) extraire et \u00e9valuer les le\u00e7ons et les possibilit\u00e9s d&#8217;application d&#8217;innovations pratiques, y compris \u00e0 l&#8217;ext\u00e9rieur du Canada. <\/span><\/p>\n<p>[\/et_pb_text][et_pb_button button_url=&#8221;@ET-DC@eyJkeW5hbWljIjp0cnVlLCJjb250ZW50IjoicG9zdF9saW5rX3VybF9wYWdlIiwic2V0dGluZ3MiOnsicG9zdF9pZCI6IjY2ODIifX0=@&#8221; button_text=&#8221;RETOUR AUX OPPORTUNIT\u00c9S DE FINANCEMENT&#8221; _builder_version=&#8221;4.21.0&#8243; _dynamic_attributes=&#8221;button_url&#8221; _module_preset=&#8221;default&#8221; custom_margin=&#8221;-12px||||false|false&#8221; custom_padding=&#8221;||||false|false&#8221; global_colors_info=&#8221;{}&#8221;][\/et_pb_button][\/et_pb_column][\/et_pb_row][\/et_pb_section]<\/p>\n","protected":false},"excerpt":{"rendered":"<p>Initiative de recherche et de connaissances L&#8217;initiative de recherche et de connaissances finance des projets ax\u00e9s sur la recherche et les donn\u00e9es relatives au logement, aux infrastructures et aux communaut\u00e9s. Les appels \u00e0 propositions pr\u00e9c\u00e9dents visaient des projets ax\u00e9s sur la recherche et les donn\u00e9es communautaires relatives aux infrastructures publiques et ont permis de financer [&hellip;]<\/p>\n","protected":false},"author":18,"featured_media":0,"parent":7052,"menu_order":0,"comment_status":"closed","ping_status":"closed","template":"","meta":{"_et_pb_use_builder":"on","_et_pb_old_content":"","_et_gb_content_width":"","footnotes":""},"categories":[],"tags":[],"class_list":["post-11814","page","type-page","status-publish","hentry"],"yoast_head":"<!-- This site is optimized with the Yoast SEO plugin v26.5 - https:\/\/yoast.com\/wordpress\/plugins\/seo\/ -->\n<title>Initiative de recherche et de connaissances - CLIMAtlantic<\/title>\n<meta name=\"robots\" content=\"index, follow, max-snippet:-1, max-image-preview:large, max-video-preview:-1\" \/>\n<link rel=\"canonical\" href=\"https:\/\/climatlantic.panchroma.dev\/fr\/outils\/possibilites-financement\/initiative-de-recherche-et-de-connaissances\/\" \/>\n<meta property=\"og:locale\" content=\"fr_FR\" \/>\n<meta property=\"og:type\" content=\"article\" \/>\n<meta property=\"og:title\" content=\"Initiative de recherche et de connaissances - CLIMAtlantic\" \/>\n<meta property=\"og:description\" content=\"Initiative de recherche et de connaissances L&#039;initiative de recherche et de connaissances finance des projets ax\u00e9s sur la recherche et les donn\u00e9es relatives au logement, aux infrastructures et aux communaut\u00e9s. Les appels \u00e0 propositions pr\u00e9c\u00e9dents visaient des projets ax\u00e9s sur la recherche et les donn\u00e9es communautaires relatives aux infrastructures publiques et ont permis de financer [&hellip;]\" \/>\n<meta property=\"og:url\" content=\"https:\/\/climatlantic.panchroma.dev\/fr\/outils\/possibilites-financement\/initiative-de-recherche-et-de-connaissances\/\" \/>\n<meta property=\"og:site_name\" content=\"CLIMAtlantic\" \/>\n<meta property=\"article:publisher\" content=\"https:\/\/www.facebook.com\/CLIMAtlanticInc\/\" \/>\n<meta property=\"article:modified_time\" content=\"2025-01-06T12:59:58+00:00\" \/>\n<meta name=\"twitter:card\" content=\"summary_large_image\" \/>\n<meta name=\"twitter:label1\" content=\"Dur\u00e9e de lecture estim\u00e9e\" \/>\n\t<meta name=\"twitter:data1\" content=\"2 minutes\" \/>\n<script type=\"application\/ld+json\" class=\"yoast-schema-graph\">{\"@context\":\"https:\/\/schema.org\",\"@graph\":[{\"@type\":\"WebPage\",\"@id\":\"https:\/\/climatlantic.panchroma.dev\/fr\/outils\/possibilites-financement\/initiative-de-recherche-et-de-connaissances\/\",\"url\":\"https:\/\/climatlantic.panchroma.dev\/fr\/outils\/possibilites-financement\/initiative-de-recherche-et-de-connaissances\/\",\"name\":\"Initiative de recherche et de connaissances - CLIMAtlantic\",\"isPartOf\":{\"@id\":\"https:\/\/climatlantic.panchroma.dev\/fr\/#website\"},\"datePublished\":\"2024-01-09T15:12:51+00:00\",\"dateModified\":\"2025-01-06T12:59:58+00:00\",\"breadcrumb\":{\"@id\":\"https:\/\/climatlantic.panchroma.dev\/fr\/outils\/possibilites-financement\/initiative-de-recherche-et-de-connaissances\/#breadcrumb\"},\"inLanguage\":\"fr-FR\",\"potentialAction\":[{\"@type\":\"ReadAction\",\"target\":[\"https:\/\/climatlantic.panchroma.dev\/fr\/outils\/possibilites-financement\/initiative-de-recherche-et-de-connaissances\/\"]}]},{\"@type\":\"BreadcrumbList\",\"@id\":\"https:\/\/climatlantic.panchroma.dev\/fr\/outils\/possibilites-financement\/initiative-de-recherche-et-de-connaissances\/#breadcrumb\",\"itemListElement\":[{\"@type\":\"ListItem\",\"position\":1,\"name\":\"Home\",\"item\":\"https:\/\/climatlantic.panchroma.dev\/fr\/\"},{\"@type\":\"ListItem\",\"position\":2,\"name\":\"Outils\",\"item\":\"https:\/\/climatlantic.panchroma.dev\/fr\/tools\/\"},{\"@type\":\"ListItem\",\"position\":3,\"name\":\"Possibilit\u00e9s de financement\",\"item\":\"https:\/\/climatlantic.panchroma.dev\/fr\/tools\/funding-opportunities\/\"},{\"@type\":\"ListItem\",\"position\":4,\"name\":\"Initiative de recherche et de connaissances\"}]},{\"@type\":\"WebSite\",\"@id\":\"https:\/\/climatlantic.panchroma.dev\/fr\/#website\",\"url\":\"https:\/\/climatlantic.panchroma.dev\/fr\/\",\"name\":\"Climatlantic\",\"description\":\"Enhancing Atlantic Climate Resilience\",\"publisher\":{\"@id\":\"https:\/\/climatlantic.panchroma.dev\/fr\/#organization\"},\"potentialAction\":[{\"@type\":\"SearchAction\",\"target\":{\"@type\":\"EntryPoint\",\"urlTemplate\":\"https:\/\/climatlantic.panchroma.dev\/fr\/?s={search_term_string}\"},\"query-input\":{\"@type\":\"PropertyValueSpecification\",\"valueRequired\":true,\"valueName\":\"search_term_string\"}}],\"inLanguage\":\"fr-FR\"},{\"@type\":\"Organization\",\"@id\":\"https:\/\/climatlantic.panchroma.dev\/fr\/#organization\",\"name\":\"CLIMAtlantic\",\"url\":\"https:\/\/climatlantic.panchroma.dev\/fr\/\",\"logo\":{\"@type\":\"ImageObject\",\"inLanguage\":\"fr-FR\",\"@id\":\"https:\/\/climatlantic.panchroma.dev\/fr\/#\/schema\/logo\/image\/\",\"url\":\"https:\/\/climatlantic.ca\/wp\/wp-content\/uploads\/2021\/07\/cropped-Climatlantic_Favicon.png\",\"contentUrl\":\"https:\/\/climatlantic.ca\/wp\/wp-content\/uploads\/2021\/07\/cropped-Climatlantic_Favicon.png\",\"width\":512,\"height\":512,\"caption\":\"CLIMAtlantic\"},\"image\":{\"@id\":\"https:\/\/climatlantic.panchroma.dev\/fr\/#\/schema\/logo\/image\/\"},\"sameAs\":[\"https:\/\/www.facebook.com\/CLIMAtlanticInc\/\",\"http:\/\/instagram.com\/climatlantic\",\"https:\/\/www.linkedin.com\/company\/climatlantic\/\"]}]}<\/script>\n<!-- \/ Yoast SEO plugin. -->","yoast_head_json":{"title":"Initiative de recherche et de connaissances - CLIMAtlantic","robots":{"index":"index","follow":"follow","max-snippet":"max-snippet:-1","max-image-preview":"max-image-preview:large","max-video-preview":"max-video-preview:-1"},"canonical":"https:\/\/climatlantic.panchroma.dev\/fr\/outils\/possibilites-financement\/initiative-de-recherche-et-de-connaissances\/","og_locale":"fr_FR","og_type":"article","og_title":"Initiative de recherche et de connaissances - CLIMAtlantic","og_description":"Initiative de recherche et de connaissances L'initiative de recherche et de connaissances finance des projets ax\u00e9s sur la recherche et les donn\u00e9es relatives au logement, aux infrastructures et aux communaut\u00e9s. Les appels \u00e0 propositions pr\u00e9c\u00e9dents visaient des projets ax\u00e9s sur la recherche et les donn\u00e9es communautaires relatives aux infrastructures publiques et ont permis de financer [&hellip;]","og_url":"https:\/\/climatlantic.panchroma.dev\/fr\/outils\/possibilites-financement\/initiative-de-recherche-et-de-connaissances\/","og_site_name":"CLIMAtlantic","article_publisher":"https:\/\/www.facebook.com\/CLIMAtlanticInc\/","article_modified_time":"2025-01-06T12:59:58+00:00","twitter_card":"summary_large_image","twitter_misc":{"Dur\u00e9e de lecture estim\u00e9e":"2 minutes"},"schema":{"@context":"https:\/\/schema.org","@graph":[{"@type":"WebPage","@id":"https:\/\/climatlantic.panchroma.dev\/fr\/outils\/possibilites-financement\/initiative-de-recherche-et-de-connaissances\/","url":"https:\/\/climatlantic.panchroma.dev\/fr\/outils\/possibilites-financement\/initiative-de-recherche-et-de-connaissances\/","name":"Initiative de recherche et de connaissances - CLIMAtlantic","isPartOf":{"@id":"https:\/\/climatlantic.panchroma.dev\/fr\/#website"},"datePublished":"2024-01-09T15:12:51+00:00","dateModified":"2025-01-06T12:59:58+00:00","breadcrumb":{"@id":"https:\/\/climatlantic.panchroma.dev\/fr\/outils\/possibilites-financement\/initiative-de-recherche-et-de-connaissances\/#breadcrumb"},"inLanguage":"fr-FR","potentialAction":[{"@type":"ReadAction","target":["https:\/\/climatlantic.panchroma.dev\/fr\/outils\/possibilites-financement\/initiative-de-recherche-et-de-connaissances\/"]}]},{"@type":"BreadcrumbList","@id":"https:\/\/climatlantic.panchroma.dev\/fr\/outils\/possibilites-financement\/initiative-de-recherche-et-de-connaissances\/#breadcrumb","itemListElement":[{"@type":"ListItem","position":1,"name":"Home","item":"https:\/\/climatlantic.panchroma.dev\/fr\/"},{"@type":"ListItem","position":2,"name":"Outils","item":"https:\/\/climatlantic.panchroma.dev\/fr\/tools\/"},{"@type":"ListItem","position":3,"name":"Possibilit\u00e9s de financement","item":"https:\/\/climatlantic.panchroma.dev\/fr\/tools\/funding-opportunities\/"},{"@type":"ListItem","position":4,"name":"Initiative de recherche et de connaissances"}]},{"@type":"WebSite","@id":"https:\/\/climatlantic.panchroma.dev\/fr\/#website","url":"https:\/\/climatlantic.panchroma.dev\/fr\/","name":"Climatlantic","description":"Enhancing Atlantic Climate Resilience","publisher":{"@id":"https:\/\/climatlantic.panchroma.dev\/fr\/#organization"},"potentialAction":[{"@type":"SearchAction","target":{"@type":"EntryPoint","urlTemplate":"https:\/\/climatlantic.panchroma.dev\/fr\/?s={search_term_string}"},"query-input":{"@type":"PropertyValueSpecification","valueRequired":true,"valueName":"search_term_string"}}],"inLanguage":"fr-FR"},{"@type":"Organization","@id":"https:\/\/climatlantic.panchroma.dev\/fr\/#organization","name":"CLIMAtlantic","url":"https:\/\/climatlantic.panchroma.dev\/fr\/","logo":{"@type":"ImageObject","inLanguage":"fr-FR","@id":"https:\/\/climatlantic.panchroma.dev\/fr\/#\/schema\/logo\/image\/","url":"https:\/\/climatlantic.ca\/wp\/wp-content\/uploads\/2021\/07\/cropped-Climatlantic_Favicon.png","contentUrl":"https:\/\/climatlantic.ca\/wp\/wp-content\/uploads\/2021\/07\/cropped-Climatlantic_Favicon.png","width":512,"height":512,"caption":"CLIMAtlantic"},"image":{"@id":"https:\/\/climatlantic.panchroma.dev\/fr\/#\/schema\/logo\/image\/"},"sameAs":["https:\/\/www.facebook.com\/CLIMAtlanticInc\/","http:\/\/instagram.com\/climatlantic","https:\/\/www.linkedin.com\/company\/climatlantic\/"]}]}},"_links":{"self":[{"href":"https:\/\/climatlantic.panchroma.dev\/fr\/wp-json\/wp\/v2\/pages\/11814","targetHints":{"allow":["GET"]}}],"collection":[{"href":"https:\/\/climatlantic.panchroma.dev\/fr\/wp-json\/wp\/v2\/pages"}],"about":[{"href":"https:\/\/climatlantic.panchroma.dev\/fr\/wp-json\/wp\/v2\/types\/page"}],"author":[{"embeddable":true,"href":"https:\/\/climatlantic.panchroma.dev\/fr\/wp-json\/wp\/v2\/users\/18"}],"replies":[{"embeddable":true,"href":"https:\/\/climatlantic.panchroma.dev\/fr\/wp-json\/wp\/v2\/comments?post=11814"}],"version-history":[{"count":5,"href":"https:\/\/climatlantic.panchroma.dev\/fr\/wp-json\/wp\/v2\/pages\/11814\/revisions"}],"predecessor-version":[{"id":16005,"href":"https:\/\/climatlantic.panchroma.dev\/fr\/wp-json\/wp\/v2\/pages\/11814\/revisions\/16005"}],"up":[{"embeddable":true,"href":"https:\/\/climatlantic.panchroma.dev\/fr\/wp-json\/wp\/v2\/pages\/7052"}],"wp:attachment":[{"href":"https:\/\/climatlantic.panchroma.dev\/fr\/wp-json\/wp\/v2\/media?parent=11814"}],"wp:term":[{"taxonomy":"category","embeddable":true,"href":"https:\/\/climatlantic.panchroma.dev\/fr\/wp-json\/wp\/v2\/categories?post=11814"},{"taxonomy":"post_tag","embeddable":true,"href":"https:\/\/climatlantic.panchroma.dev\/fr\/wp-json\/wp\/v2\/tags?post=11814"}],"curies":[{"name":"wp","href":"https:\/\/api.w.org\/{rel}","templated":true}]}}