{"id":11767,"date":"2024-01-09T11:36:12","date_gmt":"2024-01-09T15:36:12","guid":{"rendered":"https:\/\/climatlantic.ca\/?page_id=11767"},"modified":"2025-01-06T12:53:56","modified_gmt":"2025-01-06T16:53:56","slug":"fondation-max-bell","status":"publish","type":"page","link":"https:\/\/climatlantic.panchroma.dev\/fr\/outils\/possibilites-financement\/fondation-max-bell\/","title":{"rendered":"Fondation Max Bell"},"content":{"rendered":"<p>[et_pb_section fb_built=&#8221;1&#8243; _builder_version=&#8221;4.21.0&#8243; _module_preset=&#8221;default&#8221; da_disable_devices=&#8221;off|off|off&#8221; global_colors_info=&#8221;{}&#8221; da_is_popup=&#8221;off&#8221; da_exit_intent=&#8221;off&#8221; da_has_close=&#8221;on&#8221; da_alt_close=&#8221;off&#8221; da_dark_close=&#8221;off&#8221; da_not_modal=&#8221;on&#8221; da_is_singular=&#8221;off&#8221; da_with_loader=&#8221;off&#8221; da_has_shadow=&#8221;on&#8221;][et_pb_row _builder_version=&#8221;4.21.0&#8243; _module_preset=&#8221;default&#8221; global_colors_info=&#8221;{}&#8221;][et_pb_column type=&#8221;4_4&#8243; _builder_version=&#8221;4.21.0&#8243; _module_preset=&#8221;default&#8221; global_colors_info=&#8221;{}&#8221;][et_pb_image src=&#8221;https:\/\/climatlantic.ca\/wp\/wp-content\/uploads\/2024\/01\/Screenshot-2024-01-09-084152.png&#8221; alt=&#8221;Logo de la Fondation Max Bell&#8221; title_text=&#8221;Max Bell Foundation&#8221; url=&#8221;https:\/\/www.maxbell.org\/&#8221; url_new_window=&#8221;on&#8221; align=&#8221;center&#8221; _builder_version=&#8221;4.23.4&#8243; _module_preset=&#8221;default&#8221; custom_margin=&#8221;||12px||false|false&#8221; global_colors_info=&#8221;{}&#8221;][\/et_pb_image][et_pb_text _builder_version=&#8221;4.27.4&#8243; _module_preset=&#8221;default&#8221; hover_enabled=&#8221;0&#8243; global_colors_info=&#8221;{}&#8221; sticky_enabled=&#8221;0&#8243;]<\/p>\n<div class=\"et_pb_column et_pb_column_4_4 et_pb_column_19  et_pb_css_mix_blend_mode_passthrough et-last-child\">\n<div class=\"et_pb_module et_pb_text et_pb_text_18  et_pb_text_align_left et_pb_bg_layout_light\">\n<div class=\"et_pb_text_inner\">\n<h4><span style=\"text-decoration: underline;\"><a href=\"https:\/\/www.maxbell.org\/\" target=\"_blank\" rel=\"noopener\">La Fondation Max Bell<\/a><\/span><\/h4>\n<\/div>\n<\/div>\n<\/div>\n<p><span data-sheets-root=\"1\" data-sheets-value=\"{&quot;1&quot;:2,&quot;2&quot;:&quot;La Fondation Max Bell finance des projets, y compris des initiatives environnementales, qui contribueront \u00e0 \u00e9clairer les politiques publiques. Les priorit\u00e9s de financement en mati\u00e8re d'environnement sont les suivantes 1. les projets qui permettront aux communaut\u00e9s du Canada de mieux s'adapter aux effets des changements climatiques, 2. les projets qui contribueront \u00e0 une \u00e9conomie \u00e0 faible \u00e9mission de carbone, et 3. la conservation de la biodiversit\u00e9 tout en favorisant la croissance \u00e9conomique et le d\u00e9veloppement. La conservation de la biodiversit\u00e9 tout en favorisant la croissance \u00e9conomique et le d\u00e9veloppement. Parmi les projets d\u00e9j\u00e0 financ\u00e9s qui soutiennent l'adaptation aux changements climatiques, on peut citer : un projet d'att\u00e9nuation des incendies de for\u00eat et un projet d'\u00e9tude des rachats de propri\u00e9t\u00e9 en cas de risques d'inondation dus au climat. Les autres domaines de financement de la Fondation Max Bell sont l'\u00e9ducation, la sant\u00e9 et le bien-\u00eatre, ainsi que l'engagement civique et les institutions d\u00e9mocratiques. (Veuillez noter que la page web du fonds n'est disponible qu'en anglais.). &quot;}\" data-sheets-userformat=\"{&quot;2&quot;:33559427,&quot;3&quot;:{&quot;1&quot;:0},&quot;4&quot;:{&quot;1&quot;:2,&quot;2&quot;:13624051},&quot;10&quot;:1,&quot;11&quot;:4,&quot;12&quot;:0,&quot;15&quot;:&quot;Montserrat&quot;,&quot;28&quot;:1}\">La Fondation Max Bell finance des projets, y compris des initiatives environnementales, qui contribueront \u00e0 \u00e9clairer les politiques publiques. Les priorit\u00e9s de financement en mati\u00e8re d&#8217;environnement sont les suivantes <\/span><\/p>\n<p><span data-sheets-root=\"1\" data-sheets-value=\"{&quot;1&quot;:2,&quot;2&quot;:&quot;La Fondation Max Bell finance des projets, y compris des initiatives environnementales, qui contribueront \u00e0 \u00e9clairer les politiques publiques. Les priorit\u00e9s de financement en mati\u00e8re d'environnement sont les suivantes 1. les projets qui permettront aux communaut\u00e9s du Canada de mieux s'adapter aux effets des changements climatiques, 2. les projets qui contribueront \u00e0 une \u00e9conomie \u00e0 faible \u00e9mission de carbone, et 3. la conservation de la biodiversit\u00e9 tout en favorisant la croissance \u00e9conomique et le d\u00e9veloppement. La conservation de la biodiversit\u00e9 tout en favorisant la croissance \u00e9conomique et le d\u00e9veloppement. Parmi les projets d\u00e9j\u00e0 financ\u00e9s qui soutiennent l'adaptation aux changements climatiques, on peut citer : un projet d'att\u00e9nuation des incendies de for\u00eat et un projet d'\u00e9tude des rachats de propri\u00e9t\u00e9 en cas de risques d'inondation dus au climat. Les autres domaines de financement de la Fondation Max Bell sont l'\u00e9ducation, la sant\u00e9 et le bien-\u00eatre, ainsi que l'engagement civique et les institutions d\u00e9mocratiques. (Veuillez noter que la page web du fonds n'est disponible qu'en anglais.). &quot;}\" data-sheets-userformat=\"{&quot;2&quot;:33559427,&quot;3&quot;:{&quot;1&quot;:0},&quot;4&quot;:{&quot;1&quot;:2,&quot;2&quot;:13624051},&quot;10&quot;:1,&quot;11&quot;:4,&quot;12&quot;:0,&quot;15&quot;:&quot;Montserrat&quot;,&quot;28&quot;:1}\">1. les projets qui permettront aux communaut\u00e9s du Canada de mieux s&#8217;adapter aux effets des changements climatiques,<br \/><\/span><span data-sheets-root=\"1\" data-sheets-value=\"{&quot;1&quot;:2,&quot;2&quot;:&quot;La Fondation Max Bell finance des projets, y compris des initiatives environnementales, qui contribueront \u00e0 \u00e9clairer les politiques publiques. Les priorit\u00e9s de financement en mati\u00e8re d'environnement sont les suivantes 1. les projets qui permettront aux communaut\u00e9s du Canada de mieux s'adapter aux effets des changements climatiques, 2. les projets qui contribueront \u00e0 une \u00e9conomie \u00e0 faible \u00e9mission de carbone, et 3. la conservation de la biodiversit\u00e9 tout en favorisant la croissance \u00e9conomique et le d\u00e9veloppement. La conservation de la biodiversit\u00e9 tout en favorisant la croissance \u00e9conomique et le d\u00e9veloppement. Parmi les projets d\u00e9j\u00e0 financ\u00e9s qui soutiennent l'adaptation aux changements climatiques, on peut citer : un projet d'att\u00e9nuation des incendies de for\u00eat et un projet d'\u00e9tude des rachats de propri\u00e9t\u00e9 en cas de risques d'inondation dus au climat. Les autres domaines de financement de la Fondation Max Bell sont l'\u00e9ducation, la sant\u00e9 et le bien-\u00eatre, ainsi que l'engagement civique et les institutions d\u00e9mocratiques. (Veuillez noter que la page web du fonds n'est disponible qu'en anglais.). &quot;}\" data-sheets-userformat=\"{&quot;2&quot;:33559427,&quot;3&quot;:{&quot;1&quot;:0},&quot;4&quot;:{&quot;1&quot;:2,&quot;2&quot;:13624051},&quot;10&quot;:1,&quot;11&quot;:4,&quot;12&quot;:0,&quot;15&quot;:&quot;Montserrat&quot;,&quot;28&quot;:1}\">2. les projets qui contribueront \u00e0 une \u00e9conomie \u00e0 faible \u00e9mission de carbone, et<br \/>3. la conservation de la biodiversit\u00e9 tout en favorisant la croissance \u00e9conomique et le d\u00e9veloppement. <\/span><\/p>\n<p><span data-sheets-root=\"1\" data-sheets-value=\"{&quot;1&quot;:2,&quot;2&quot;:&quot;La Fondation Max Bell finance des projets, y compris des initiatives environnementales, qui contribueront \u00e0 \u00e9clairer les politiques publiques. Les priorit\u00e9s de financement en mati\u00e8re d'environnement sont les suivantes 1. les projets qui permettront aux communaut\u00e9s du Canada de mieux s'adapter aux effets des changements climatiques, 2. les projets qui contribueront \u00e0 une \u00e9conomie \u00e0 faible \u00e9mission de carbone, et 3. la conservation de la biodiversit\u00e9 tout en favorisant la croissance \u00e9conomique et le d\u00e9veloppement. La conservation de la biodiversit\u00e9 tout en favorisant la croissance \u00e9conomique et le d\u00e9veloppement. Parmi les projets d\u00e9j\u00e0 financ\u00e9s qui soutiennent l'adaptation aux changements climatiques, on peut citer : un projet d'att\u00e9nuation des incendies de for\u00eat et un projet d'\u00e9tude des rachats de propri\u00e9t\u00e9 en cas de risques d'inondation dus au climat. Les autres domaines de financement de la Fondation Max Bell sont l'\u00e9ducation, la sant\u00e9 et le bien-\u00eatre, ainsi que l'engagement civique et les institutions d\u00e9mocratiques. (Veuillez noter que la page web du fonds n'est disponible qu'en anglais.). &quot;}\" data-sheets-userformat=\"{&quot;2&quot;:33559427,&quot;3&quot;:{&quot;1&quot;:0},&quot;4&quot;:{&quot;1&quot;:2,&quot;2&quot;:13624051},&quot;10&quot;:1,&quot;11&quot;:4,&quot;12&quot;:0,&quot;15&quot;:&quot;Montserrat&quot;,&quot;28&quot;:1}\">Parmi les projets d\u00e9j\u00e0 financ\u00e9s qui soutiennent l&#8217;adaptation aux changements climatiques, on peut citer : un projet d&#8217;att\u00e9nuation des incendies de for\u00eat et un projet d&#8217;\u00e9tude des rachats de propri\u00e9t\u00e9 en cas de risques d&#8217;inondation dus au climat. Les autres domaines de financement de la Fondation Max Bell sont l&#8217;\u00e9ducation, la sant\u00e9 et le bien-\u00eatre, ainsi que l&#8217;engagement civique et les institutions d\u00e9mocratiques.\u00a0<\/span><\/p>\n<p data-pm-slice=\"1 1 []\">(Veuillez noter que le site web mentionn\u00e9 ci-dessus n\u2019est disponible qu\u2019en anglais.)<\/p>\n<p>[\/et_pb_text][et_pb_button button_url=&#8221;@ET-DC@eyJkeW5hbWljIjp0cnVlLCJjb250ZW50IjoicG9zdF9saW5rX3VybF9wYWdlIiwic2V0dGluZ3MiOnsicG9zdF9pZCI6IjY2ODIifX0=@&#8221; button_text=&#8221;RETOUR AUX OPPORTUNIT\u00c9S DE FINANCEMENT&#8221; _builder_version=&#8221;4.21.0&#8243; _dynamic_attributes=&#8221;button_url&#8221; _module_preset=&#8221;default&#8221; custom_margin=&#8221;-12px||||false|false&#8221; custom_padding=&#8221;||||false|false&#8221; global_colors_info=&#8221;{}&#8221;][\/et_pb_button][\/et_pb_column][\/et_pb_row][\/et_pb_section]<\/p>\n","protected":false},"excerpt":{"rendered":"<p>La Fondation Max Bell La Fondation Max Bell finance des projets, y compris des initiatives environnementales, qui contribueront \u00e0 \u00e9clairer les politiques publiques. Les priorit\u00e9s de financement en mati\u00e8re d&#8217;environnement sont les suivantes 1. les projets qui permettront aux communaut\u00e9s du Canada de mieux s&#8217;adapter aux effets des changements climatiques,2. les projets qui contribueront \u00e0 [&hellip;]<\/p>\n","protected":false},"author":18,"featured_media":0,"parent":7052,"menu_order":0,"comment_status":"closed","ping_status":"closed","template":"","meta":{"_et_pb_use_builder":"on","_et_pb_old_content":"","_et_gb_content_width":"","footnotes":""},"categories":[],"tags":[],"class_list":["post-11767","page","type-page","status-publish","hentry"],"yoast_head":"<!-- This site is optimized with the Yoast SEO plugin v26.5 - https:\/\/yoast.com\/wordpress\/plugins\/seo\/ -->\n<title>Fondation Max Bell - CLIMAtlantic<\/title>\n<meta name=\"robots\" content=\"index, follow, max-snippet:-1, max-image-preview:large, max-video-preview:-1\" \/>\n<link rel=\"canonical\" href=\"https:\/\/climatlantic.panchroma.dev\/fr\/outils\/possibilites-financement\/fondation-max-bell\/\" \/>\n<meta property=\"og:locale\" content=\"fr_FR\" \/>\n<meta property=\"og:type\" content=\"article\" \/>\n<meta property=\"og:title\" content=\"Fondation Max Bell - CLIMAtlantic\" \/>\n<meta property=\"og:description\" content=\"La Fondation Max Bell La Fondation Max Bell finance des projets, y compris des initiatives environnementales, qui contribueront \u00e0 \u00e9clairer les politiques publiques. Les priorit\u00e9s de financement en mati\u00e8re d&#039;environnement sont les suivantes 1. les projets qui permettront aux communaut\u00e9s du Canada de mieux s&#039;adapter aux effets des changements climatiques,2. les projets qui contribueront \u00e0 [&hellip;]\" \/>\n<meta property=\"og:url\" content=\"https:\/\/climatlantic.panchroma.dev\/fr\/outils\/possibilites-financement\/fondation-max-bell\/\" \/>\n<meta property=\"og:site_name\" content=\"CLIMAtlantic\" \/>\n<meta property=\"article:publisher\" content=\"https:\/\/www.facebook.com\/CLIMAtlanticInc\/\" \/>\n<meta property=\"article:modified_time\" content=\"2025-01-06T16:53:56+00:00\" \/>\n<meta name=\"twitter:card\" content=\"summary_large_image\" \/>\n<meta name=\"twitter:label1\" content=\"Dur\u00e9e de lecture estim\u00e9e\" \/>\n\t<meta name=\"twitter:data1\" content=\"2 minutes\" \/>\n<script type=\"application\/ld+json\" class=\"yoast-schema-graph\">{\"@context\":\"https:\/\/schema.org\",\"@graph\":[{\"@type\":\"WebPage\",\"@id\":\"https:\/\/climatlantic.panchroma.dev\/fr\/outils\/possibilites-financement\/fondation-max-bell\/\",\"url\":\"https:\/\/climatlantic.panchroma.dev\/fr\/outils\/possibilites-financement\/fondation-max-bell\/\",\"name\":\"Fondation Max Bell - CLIMAtlantic\",\"isPartOf\":{\"@id\":\"https:\/\/climatlantic.panchroma.dev\/fr\/#website\"},\"datePublished\":\"2024-01-09T15:36:12+00:00\",\"dateModified\":\"2025-01-06T16:53:56+00:00\",\"breadcrumb\":{\"@id\":\"https:\/\/climatlantic.panchroma.dev\/fr\/outils\/possibilites-financement\/fondation-max-bell\/#breadcrumb\"},\"inLanguage\":\"fr-FR\",\"potentialAction\":[{\"@type\":\"ReadAction\",\"target\":[\"https:\/\/climatlantic.panchroma.dev\/fr\/outils\/possibilites-financement\/fondation-max-bell\/\"]}]},{\"@type\":\"BreadcrumbList\",\"@id\":\"https:\/\/climatlantic.panchroma.dev\/fr\/outils\/possibilites-financement\/fondation-max-bell\/#breadcrumb\",\"itemListElement\":[{\"@type\":\"ListItem\",\"position\":1,\"name\":\"Home\",\"item\":\"https:\/\/climatlantic.panchroma.dev\/fr\/\"},{\"@type\":\"ListItem\",\"position\":2,\"name\":\"Outils\",\"item\":\"https:\/\/climatlantic.panchroma.dev\/fr\/tools\/\"},{\"@type\":\"ListItem\",\"position\":3,\"name\":\"Possibilit\u00e9s de financement\",\"item\":\"https:\/\/climatlantic.panchroma.dev\/fr\/tools\/funding-opportunities\/\"},{\"@type\":\"ListItem\",\"position\":4,\"name\":\"Fondation Max Bell\"}]},{\"@type\":\"WebSite\",\"@id\":\"https:\/\/climatlantic.panchroma.dev\/fr\/#website\",\"url\":\"https:\/\/climatlantic.panchroma.dev\/fr\/\",\"name\":\"Climatlantic\",\"description\":\"Enhancing Atlantic Climate Resilience\",\"publisher\":{\"@id\":\"https:\/\/climatlantic.panchroma.dev\/fr\/#organization\"},\"potentialAction\":[{\"@type\":\"SearchAction\",\"target\":{\"@type\":\"EntryPoint\",\"urlTemplate\":\"https:\/\/climatlantic.panchroma.dev\/fr\/?s={search_term_string}\"},\"query-input\":{\"@type\":\"PropertyValueSpecification\",\"valueRequired\":true,\"valueName\":\"search_term_string\"}}],\"inLanguage\":\"fr-FR\"},{\"@type\":\"Organization\",\"@id\":\"https:\/\/climatlantic.panchroma.dev\/fr\/#organization\",\"name\":\"CLIMAtlantic\",\"url\":\"https:\/\/climatlantic.panchroma.dev\/fr\/\",\"logo\":{\"@type\":\"ImageObject\",\"inLanguage\":\"fr-FR\",\"@id\":\"https:\/\/climatlantic.panchroma.dev\/fr\/#\/schema\/logo\/image\/\",\"url\":\"https:\/\/climatlantic.ca\/wp\/wp-content\/uploads\/2021\/07\/cropped-Climatlantic_Favicon.png\",\"contentUrl\":\"https:\/\/climatlantic.ca\/wp\/wp-content\/uploads\/2021\/07\/cropped-Climatlantic_Favicon.png\",\"width\":512,\"height\":512,\"caption\":\"CLIMAtlantic\"},\"image\":{\"@id\":\"https:\/\/climatlantic.panchroma.dev\/fr\/#\/schema\/logo\/image\/\"},\"sameAs\":[\"https:\/\/www.facebook.com\/CLIMAtlanticInc\/\",\"http:\/\/instagram.com\/climatlantic\",\"https:\/\/www.linkedin.com\/company\/climatlantic\/\"]}]}<\/script>\n<!-- \/ Yoast SEO plugin. -->","yoast_head_json":{"title":"Fondation Max Bell - CLIMAtlantic","robots":{"index":"index","follow":"follow","max-snippet":"max-snippet:-1","max-image-preview":"max-image-preview:large","max-video-preview":"max-video-preview:-1"},"canonical":"https:\/\/climatlantic.panchroma.dev\/fr\/outils\/possibilites-financement\/fondation-max-bell\/","og_locale":"fr_FR","og_type":"article","og_title":"Fondation Max Bell - CLIMAtlantic","og_description":"La Fondation Max Bell La Fondation Max Bell finance des projets, y compris des initiatives environnementales, qui contribueront \u00e0 \u00e9clairer les politiques publiques. Les priorit\u00e9s de financement en mati\u00e8re d'environnement sont les suivantes 1. les projets qui permettront aux communaut\u00e9s du Canada de mieux s'adapter aux effets des changements climatiques,2. les projets qui contribueront \u00e0 [&hellip;]","og_url":"https:\/\/climatlantic.panchroma.dev\/fr\/outils\/possibilites-financement\/fondation-max-bell\/","og_site_name":"CLIMAtlantic","article_publisher":"https:\/\/www.facebook.com\/CLIMAtlanticInc\/","article_modified_time":"2025-01-06T16:53:56+00:00","twitter_card":"summary_large_image","twitter_misc":{"Dur\u00e9e de lecture estim\u00e9e":"2 minutes"},"schema":{"@context":"https:\/\/schema.org","@graph":[{"@type":"WebPage","@id":"https:\/\/climatlantic.panchroma.dev\/fr\/outils\/possibilites-financement\/fondation-max-bell\/","url":"https:\/\/climatlantic.panchroma.dev\/fr\/outils\/possibilites-financement\/fondation-max-bell\/","name":"Fondation Max Bell - CLIMAtlantic","isPartOf":{"@id":"https:\/\/climatlantic.panchroma.dev\/fr\/#website"},"datePublished":"2024-01-09T15:36:12+00:00","dateModified":"2025-01-06T16:53:56+00:00","breadcrumb":{"@id":"https:\/\/climatlantic.panchroma.dev\/fr\/outils\/possibilites-financement\/fondation-max-bell\/#breadcrumb"},"inLanguage":"fr-FR","potentialAction":[{"@type":"ReadAction","target":["https:\/\/climatlantic.panchroma.dev\/fr\/outils\/possibilites-financement\/fondation-max-bell\/"]}]},{"@type":"BreadcrumbList","@id":"https:\/\/climatlantic.panchroma.dev\/fr\/outils\/possibilites-financement\/fondation-max-bell\/#breadcrumb","itemListElement":[{"@type":"ListItem","position":1,"name":"Home","item":"https:\/\/climatlantic.panchroma.dev\/fr\/"},{"@type":"ListItem","position":2,"name":"Outils","item":"https:\/\/climatlantic.panchroma.dev\/fr\/tools\/"},{"@type":"ListItem","position":3,"name":"Possibilit\u00e9s de financement","item":"https:\/\/climatlantic.panchroma.dev\/fr\/tools\/funding-opportunities\/"},{"@type":"ListItem","position":4,"name":"Fondation Max Bell"}]},{"@type":"WebSite","@id":"https:\/\/climatlantic.panchroma.dev\/fr\/#website","url":"https:\/\/climatlantic.panchroma.dev\/fr\/","name":"Climatlantic","description":"Enhancing Atlantic Climate Resilience","publisher":{"@id":"https:\/\/climatlantic.panchroma.dev\/fr\/#organization"},"potentialAction":[{"@type":"SearchAction","target":{"@type":"EntryPoint","urlTemplate":"https:\/\/climatlantic.panchroma.dev\/fr\/?s={search_term_string}"},"query-input":{"@type":"PropertyValueSpecification","valueRequired":true,"valueName":"search_term_string"}}],"inLanguage":"fr-FR"},{"@type":"Organization","@id":"https:\/\/climatlantic.panchroma.dev\/fr\/#organization","name":"CLIMAtlantic","url":"https:\/\/climatlantic.panchroma.dev\/fr\/","logo":{"@type":"ImageObject","inLanguage":"fr-FR","@id":"https:\/\/climatlantic.panchroma.dev\/fr\/#\/schema\/logo\/image\/","url":"https:\/\/climatlantic.ca\/wp\/wp-content\/uploads\/2021\/07\/cropped-Climatlantic_Favicon.png","contentUrl":"https:\/\/climatlantic.ca\/wp\/wp-content\/uploads\/2021\/07\/cropped-Climatlantic_Favicon.png","width":512,"height":512,"caption":"CLIMAtlantic"},"image":{"@id":"https:\/\/climatlantic.panchroma.dev\/fr\/#\/schema\/logo\/image\/"},"sameAs":["https:\/\/www.facebook.com\/CLIMAtlanticInc\/","http:\/\/instagram.com\/climatlantic","https:\/\/www.linkedin.com\/company\/climatlantic\/"]}]}},"_links":{"self":[{"href":"https:\/\/climatlantic.panchroma.dev\/fr\/wp-json\/wp\/v2\/pages\/11767","targetHints":{"allow":["GET"]}}],"collection":[{"href":"https:\/\/climatlantic.panchroma.dev\/fr\/wp-json\/wp\/v2\/pages"}],"about":[{"href":"https:\/\/climatlantic.panchroma.dev\/fr\/wp-json\/wp\/v2\/types\/page"}],"author":[{"embeddable":true,"href":"https:\/\/climatlantic.panchroma.dev\/fr\/wp-json\/wp\/v2\/users\/18"}],"replies":[{"embeddable":true,"href":"https:\/\/climatlantic.panchroma.dev\/fr\/wp-json\/wp\/v2\/comments?post=11767"}],"version-history":[{"count":5,"href":"https:\/\/climatlantic.panchroma.dev\/fr\/wp-json\/wp\/v2\/pages\/11767\/revisions"}],"predecessor-version":[{"id":16082,"href":"https:\/\/climatlantic.panchroma.dev\/fr\/wp-json\/wp\/v2\/pages\/11767\/revisions\/16082"}],"up":[{"embeddable":true,"href":"https:\/\/climatlantic.panchroma.dev\/fr\/wp-json\/wp\/v2\/pages\/7052"}],"wp:attachment":[{"href":"https:\/\/climatlantic.panchroma.dev\/fr\/wp-json\/wp\/v2\/media?parent=11767"}],"wp:term":[{"taxonomy":"category","embeddable":true,"href":"https:\/\/climatlantic.panchroma.dev\/fr\/wp-json\/wp\/v2\/categories?post=11767"},{"taxonomy":"post_tag","embeddable":true,"href":"https:\/\/climatlantic.panchroma.dev\/fr\/wp-json\/wp\/v2\/tags?post=11767"}],"curies":[{"name":"wp","href":"https:\/\/api.w.org\/{rel}","templated":true}]}}