{"id":10529,"date":"2023-11-08T11:38:28","date_gmt":"2023-11-08T15:38:28","guid":{"rendered":"https:\/\/climatlantic.ca\/outils\/possibilites-financement\/leducation-au-service-de-la-terre-financement-de-projets-daction\/"},"modified":"2025-03-12T19:53:09","modified_gmt":"2025-03-12T22:53:09","slug":"leducation-au-service-de-la-terre-financement-de-projets-daction","status":"publish","type":"page","link":"https:\/\/climatlantic.panchroma.dev\/fr\/outils\/possibilites-financement\/leducation-au-service-de-la-terre-financement-de-projets-daction\/","title":{"rendered":"L&#8217;\u00c9ducation au service de la Terre Financement de projets d\u2019action"},"content":{"rendered":"<p>[et_pb_section fb_built=&#8221;1&#8243; _builder_version=&#8221;4.21.0&#8243; _module_preset=&#8221;default&#8221; da_disable_devices=&#8221;off|off|off&#8221; global_colors_info=&#8221;{}&#8221; da_is_popup=&#8221;off&#8221; da_exit_intent=&#8221;off&#8221; da_has_close=&#8221;on&#8221; da_alt_close=&#8221;off&#8221; da_dark_close=&#8221;off&#8221; da_not_modal=&#8221;on&#8221; da_is_singular=&#8221;off&#8221; da_with_loader=&#8221;off&#8221; da_has_shadow=&#8221;on&#8221;][et_pb_row _builder_version=&#8221;4.21.0&#8243; _module_preset=&#8221;default&#8221; global_colors_info=&#8221;{}&#8221;][et_pb_column type=&#8221;4_4&#8243; _builder_version=&#8221;4.21.0&#8243; _module_preset=&#8221;default&#8221; global_colors_info=&#8221;{}&#8221;][et_pb_image src=&#8221;https:\/\/climatlantic.ca\/wp\/wp-content\/uploads\/2025\/01\/logo-lst-reversed.png&#8221; alt=&#8221;Un logo repr\u00e9sentant un soleil et des vagues \u00e0 c\u00f4t\u00e9 du texte \u00ab LST L&#8217;\u00e9ducation au service de la Terre \u00bb.&#8221; title_text=&#8221;L&#8217;\u00e9ducation au service de la Terre&#8221; url=&#8221;https:\/\/lsf-lst.ca\/fr\/programmes\/financement-de-projets-daction\/&#8221; url_new_window=&#8221;on&#8221; align=&#8221;center&#8221; _builder_version=&#8221;4.27.4&#8243; _module_preset=&#8221;default&#8221; width=&#8221;41%&#8221; filter_brightness=&#8221;75%&#8221; filter_contrast=&#8221;140%&#8221; global_colors_info=&#8221;{}&#8221;][\/et_pb_image][et_pb_text _builder_version=&#8221;4.27.4&#8243; _module_preset=&#8221;default&#8221; hover_enabled=&#8221;0&#8243; global_colors_info=&#8221;{}&#8221; sticky_enabled=&#8221;0&#8243;]<\/p>\n<div class=\"et_pb_column et_pb_column_4_4 et_pb_column_19  et_pb_css_mix_blend_mode_passthrough et-last-child\">\n<div class=\"et_pb_module et_pb_text et_pb_text_18  et_pb_text_align_left et_pb_bg_layout_light\">\n<div class=\"et_pb_text_inner\">\n<h4><span style=\"text-decoration: underline;\"><a href=\"https:\/\/lsf-lst.ca\/fr\/programmes\/financement-de-projets-daction\/\" target=\"_blank\" rel=\"noopener\">L&#8217;\u00c9ducation au service de la Terre : Financement de projets d\u2019action<\/a><\/span><\/h4>\n<\/div>\n<\/div>\n<\/div>\n<p>L&#8217;\u00c9ducation au service de la Terre offre un financement aux \u00e9l\u00e8ves et aux enseignants pour qu&#8217;ils r\u00e9alisent des projets d&#8217;action climatique dans leurs \u00e9coles, leurs classes et leurs communaut\u00e9s. Les projets doivent \u00eatre men\u00e9s par des \u00e9l\u00e8ves de la maternelle \u00e0 la 12e ann\u00e9e et \u00eatre ax\u00e9s sur l&#8217;action climatique ou le d\u00e9veloppement durable.<\/p>\n<p>Voici quelques exemples de projets financ\u00e9s pr\u00e9c\u00e9demment et ax\u00e9s sur l&#8217;adaptation aux changements climatiques :<\/p>\n<ul>\n<li>la surveillance des oc\u00e9ans<\/li>\n<li>les jardins scolaires communautaires, les jardins pollinisateurs et les projets de compostage<\/li>\n<li>la restauration de l&#8217;herbe haute dans les prairies<\/li>\n<li>la protection des zones humides<\/li>\n<li>le transport actif.<\/li>\n<\/ul>\n<p>La date limite de d\u00e9p\u00f4t des candidatures \u00e9tait fix\u00e9e au 10 mars.<\/p>\n<p>[\/et_pb_text][et_pb_button button_url=&#8221;@ET-DC@eyJkeW5hbWljIjp0cnVlLCJjb250ZW50IjoicG9zdF9saW5rX3VybF9wYWdlIiwic2V0dGluZ3MiOnsicG9zdF9pZCI6IjY2ODIifX0=@&#8221; button_text=&#8221;RETOUR AUX OPPORTUNIT\u00c9S DE FINANCEMENT&#8221; _builder_version=&#8221;4.21.0&#8243; _dynamic_attributes=&#8221;button_url&#8221; _module_preset=&#8221;default&#8221; custom_margin=&#8221;-12px||||false|false&#8221; custom_padding=&#8221;||||false|false&#8221; global_colors_info=&#8221;{}&#8221;][\/et_pb_button][\/et_pb_column][\/et_pb_row][\/et_pb_section]<\/p>\n","protected":false},"excerpt":{"rendered":"<p>L&#8217;\u00c9ducation au service de la Terre : Financement de projets d\u2019action L&#8217;\u00c9ducation au service de la Terre offre un financement aux \u00e9l\u00e8ves et aux enseignants pour qu&#8217;ils r\u00e9alisent des projets d&#8217;action climatique dans leurs \u00e9coles, leurs classes et leurs communaut\u00e9s. Les projets doivent \u00eatre men\u00e9s par des \u00e9l\u00e8ves de la maternelle \u00e0 la 12e ann\u00e9e [&hellip;]<\/p>\n","protected":false},"author":11,"featured_media":0,"parent":7052,"menu_order":0,"comment_status":"closed","ping_status":"closed","template":"","meta":{"_et_pb_use_builder":"on","_et_pb_old_content":"","_et_gb_content_width":"","footnotes":""},"categories":[],"tags":[],"class_list":["post-10529","page","type-page","status-publish","hentry"],"yoast_head":"<!-- This site is optimized with the Yoast SEO plugin v26.5 - https:\/\/yoast.com\/wordpress\/plugins\/seo\/ -->\n<title>L&#039;\u00c9ducation au service de la Terre Financement de projets d\u2019action - CLIMAtlantic<\/title>\n<meta name=\"robots\" content=\"index, follow, max-snippet:-1, max-image-preview:large, max-video-preview:-1\" \/>\n<link rel=\"canonical\" href=\"https:\/\/climatlantic.panchroma.dev\/fr\/outils\/possibilites-financement\/leducation-au-service-de-la-terre-financement-de-projets-daction\/\" \/>\n<meta property=\"og:locale\" content=\"fr_FR\" \/>\n<meta property=\"og:type\" content=\"article\" \/>\n<meta property=\"og:title\" content=\"L&#039;\u00c9ducation au service de la Terre Financement de projets d\u2019action - CLIMAtlantic\" \/>\n<meta property=\"og:description\" content=\"L&#039;\u00c9ducation au service de la Terre : Financement de projets d\u2019action L&#039;\u00c9ducation au service de la Terre offre un financement aux \u00e9l\u00e8ves et aux enseignants pour qu&#039;ils r\u00e9alisent des projets d&#039;action climatique dans leurs \u00e9coles, leurs classes et leurs communaut\u00e9s. Les projets doivent \u00eatre men\u00e9s par des \u00e9l\u00e8ves de la maternelle \u00e0 la 12e ann\u00e9e [&hellip;]\" \/>\n<meta property=\"og:url\" content=\"https:\/\/climatlantic.panchroma.dev\/fr\/outils\/possibilites-financement\/leducation-au-service-de-la-terre-financement-de-projets-daction\/\" \/>\n<meta property=\"og:site_name\" content=\"CLIMAtlantic\" \/>\n<meta property=\"article:publisher\" content=\"https:\/\/www.facebook.com\/CLIMAtlanticInc\/\" \/>\n<meta property=\"article:modified_time\" content=\"2025-03-12T22:53:09+00:00\" \/>\n<meta name=\"twitter:card\" content=\"summary_large_image\" \/>\n<meta name=\"twitter:label1\" content=\"Dur\u00e9e de lecture estim\u00e9e\" \/>\n\t<meta name=\"twitter:data1\" content=\"2 minutes\" \/>\n<script type=\"application\/ld+json\" class=\"yoast-schema-graph\">{\"@context\":\"https:\/\/schema.org\",\"@graph\":[{\"@type\":\"WebPage\",\"@id\":\"https:\/\/climatlantic.panchroma.dev\/fr\/outils\/possibilites-financement\/leducation-au-service-de-la-terre-financement-de-projets-daction\/\",\"url\":\"https:\/\/climatlantic.panchroma.dev\/fr\/outils\/possibilites-financement\/leducation-au-service-de-la-terre-financement-de-projets-daction\/\",\"name\":\"L'\u00c9ducation au service de la Terre Financement de projets d\u2019action - CLIMAtlantic\",\"isPartOf\":{\"@id\":\"https:\/\/climatlantic.panchroma.dev\/fr\/#website\"},\"datePublished\":\"2023-11-08T15:38:28+00:00\",\"dateModified\":\"2025-03-12T22:53:09+00:00\",\"breadcrumb\":{\"@id\":\"https:\/\/climatlantic.panchroma.dev\/fr\/outils\/possibilites-financement\/leducation-au-service-de-la-terre-financement-de-projets-daction\/#breadcrumb\"},\"inLanguage\":\"fr-FR\",\"potentialAction\":[{\"@type\":\"ReadAction\",\"target\":[\"https:\/\/climatlantic.panchroma.dev\/fr\/outils\/possibilites-financement\/leducation-au-service-de-la-terre-financement-de-projets-daction\/\"]}]},{\"@type\":\"BreadcrumbList\",\"@id\":\"https:\/\/climatlantic.panchroma.dev\/fr\/outils\/possibilites-financement\/leducation-au-service-de-la-terre-financement-de-projets-daction\/#breadcrumb\",\"itemListElement\":[{\"@type\":\"ListItem\",\"position\":1,\"name\":\"Home\",\"item\":\"https:\/\/climatlantic.panchroma.dev\/fr\/\"},{\"@type\":\"ListItem\",\"position\":2,\"name\":\"Outils\",\"item\":\"https:\/\/climatlantic.panchroma.dev\/fr\/tools\/\"},{\"@type\":\"ListItem\",\"position\":3,\"name\":\"Possibilit\u00e9s de financement\",\"item\":\"https:\/\/climatlantic.panchroma.dev\/fr\/tools\/funding-opportunities\/\"},{\"@type\":\"ListItem\",\"position\":4,\"name\":\"L&#8217;\u00c9ducation au service de la Terre Financement de projets d\u2019action\"}]},{\"@type\":\"WebSite\",\"@id\":\"https:\/\/climatlantic.panchroma.dev\/fr\/#website\",\"url\":\"https:\/\/climatlantic.panchroma.dev\/fr\/\",\"name\":\"Climatlantic\",\"description\":\"Enhancing Atlantic Climate Resilience\",\"publisher\":{\"@id\":\"https:\/\/climatlantic.panchroma.dev\/fr\/#organization\"},\"potentialAction\":[{\"@type\":\"SearchAction\",\"target\":{\"@type\":\"EntryPoint\",\"urlTemplate\":\"https:\/\/climatlantic.panchroma.dev\/fr\/?s={search_term_string}\"},\"query-input\":{\"@type\":\"PropertyValueSpecification\",\"valueRequired\":true,\"valueName\":\"search_term_string\"}}],\"inLanguage\":\"fr-FR\"},{\"@type\":\"Organization\",\"@id\":\"https:\/\/climatlantic.panchroma.dev\/fr\/#organization\",\"name\":\"CLIMAtlantic\",\"url\":\"https:\/\/climatlantic.panchroma.dev\/fr\/\",\"logo\":{\"@type\":\"ImageObject\",\"inLanguage\":\"fr-FR\",\"@id\":\"https:\/\/climatlantic.panchroma.dev\/fr\/#\/schema\/logo\/image\/\",\"url\":\"https:\/\/climatlantic.ca\/wp\/wp-content\/uploads\/2021\/07\/cropped-Climatlantic_Favicon.png\",\"contentUrl\":\"https:\/\/climatlantic.ca\/wp\/wp-content\/uploads\/2021\/07\/cropped-Climatlantic_Favicon.png\",\"width\":512,\"height\":512,\"caption\":\"CLIMAtlantic\"},\"image\":{\"@id\":\"https:\/\/climatlantic.panchroma.dev\/fr\/#\/schema\/logo\/image\/\"},\"sameAs\":[\"https:\/\/www.facebook.com\/CLIMAtlanticInc\/\",\"http:\/\/instagram.com\/climatlantic\",\"https:\/\/www.linkedin.com\/company\/climatlantic\/\"]}]}<\/script>\n<!-- \/ Yoast SEO plugin. -->","yoast_head_json":{"title":"L'\u00c9ducation au service de la Terre Financement de projets d\u2019action - CLIMAtlantic","robots":{"index":"index","follow":"follow","max-snippet":"max-snippet:-1","max-image-preview":"max-image-preview:large","max-video-preview":"max-video-preview:-1"},"canonical":"https:\/\/climatlantic.panchroma.dev\/fr\/outils\/possibilites-financement\/leducation-au-service-de-la-terre-financement-de-projets-daction\/","og_locale":"fr_FR","og_type":"article","og_title":"L'\u00c9ducation au service de la Terre Financement de projets d\u2019action - CLIMAtlantic","og_description":"L'\u00c9ducation au service de la Terre : Financement de projets d\u2019action L'\u00c9ducation au service de la Terre offre un financement aux \u00e9l\u00e8ves et aux enseignants pour qu'ils r\u00e9alisent des projets d'action climatique dans leurs \u00e9coles, leurs classes et leurs communaut\u00e9s. Les projets doivent \u00eatre men\u00e9s par des \u00e9l\u00e8ves de la maternelle \u00e0 la 12e ann\u00e9e [&hellip;]","og_url":"https:\/\/climatlantic.panchroma.dev\/fr\/outils\/possibilites-financement\/leducation-au-service-de-la-terre-financement-de-projets-daction\/","og_site_name":"CLIMAtlantic","article_publisher":"https:\/\/www.facebook.com\/CLIMAtlanticInc\/","article_modified_time":"2025-03-12T22:53:09+00:00","twitter_card":"summary_large_image","twitter_misc":{"Dur\u00e9e de lecture estim\u00e9e":"2 minutes"},"schema":{"@context":"https:\/\/schema.org","@graph":[{"@type":"WebPage","@id":"https:\/\/climatlantic.panchroma.dev\/fr\/outils\/possibilites-financement\/leducation-au-service-de-la-terre-financement-de-projets-daction\/","url":"https:\/\/climatlantic.panchroma.dev\/fr\/outils\/possibilites-financement\/leducation-au-service-de-la-terre-financement-de-projets-daction\/","name":"L'\u00c9ducation au service de la Terre Financement de projets d\u2019action - CLIMAtlantic","isPartOf":{"@id":"https:\/\/climatlantic.panchroma.dev\/fr\/#website"},"datePublished":"2023-11-08T15:38:28+00:00","dateModified":"2025-03-12T22:53:09+00:00","breadcrumb":{"@id":"https:\/\/climatlantic.panchroma.dev\/fr\/outils\/possibilites-financement\/leducation-au-service-de-la-terre-financement-de-projets-daction\/#breadcrumb"},"inLanguage":"fr-FR","potentialAction":[{"@type":"ReadAction","target":["https:\/\/climatlantic.panchroma.dev\/fr\/outils\/possibilites-financement\/leducation-au-service-de-la-terre-financement-de-projets-daction\/"]}]},{"@type":"BreadcrumbList","@id":"https:\/\/climatlantic.panchroma.dev\/fr\/outils\/possibilites-financement\/leducation-au-service-de-la-terre-financement-de-projets-daction\/#breadcrumb","itemListElement":[{"@type":"ListItem","position":1,"name":"Home","item":"https:\/\/climatlantic.panchroma.dev\/fr\/"},{"@type":"ListItem","position":2,"name":"Outils","item":"https:\/\/climatlantic.panchroma.dev\/fr\/tools\/"},{"@type":"ListItem","position":3,"name":"Possibilit\u00e9s de financement","item":"https:\/\/climatlantic.panchroma.dev\/fr\/tools\/funding-opportunities\/"},{"@type":"ListItem","position":4,"name":"L&#8217;\u00c9ducation au service de la Terre Financement de projets d\u2019action"}]},{"@type":"WebSite","@id":"https:\/\/climatlantic.panchroma.dev\/fr\/#website","url":"https:\/\/climatlantic.panchroma.dev\/fr\/","name":"Climatlantic","description":"Enhancing Atlantic Climate Resilience","publisher":{"@id":"https:\/\/climatlantic.panchroma.dev\/fr\/#organization"},"potentialAction":[{"@type":"SearchAction","target":{"@type":"EntryPoint","urlTemplate":"https:\/\/climatlantic.panchroma.dev\/fr\/?s={search_term_string}"},"query-input":{"@type":"PropertyValueSpecification","valueRequired":true,"valueName":"search_term_string"}}],"inLanguage":"fr-FR"},{"@type":"Organization","@id":"https:\/\/climatlantic.panchroma.dev\/fr\/#organization","name":"CLIMAtlantic","url":"https:\/\/climatlantic.panchroma.dev\/fr\/","logo":{"@type":"ImageObject","inLanguage":"fr-FR","@id":"https:\/\/climatlantic.panchroma.dev\/fr\/#\/schema\/logo\/image\/","url":"https:\/\/climatlantic.ca\/wp\/wp-content\/uploads\/2021\/07\/cropped-Climatlantic_Favicon.png","contentUrl":"https:\/\/climatlantic.ca\/wp\/wp-content\/uploads\/2021\/07\/cropped-Climatlantic_Favicon.png","width":512,"height":512,"caption":"CLIMAtlantic"},"image":{"@id":"https:\/\/climatlantic.panchroma.dev\/fr\/#\/schema\/logo\/image\/"},"sameAs":["https:\/\/www.facebook.com\/CLIMAtlanticInc\/","http:\/\/instagram.com\/climatlantic","https:\/\/www.linkedin.com\/company\/climatlantic\/"]}]}},"_links":{"self":[{"href":"https:\/\/climatlantic.panchroma.dev\/fr\/wp-json\/wp\/v2\/pages\/10529","targetHints":{"allow":["GET"]}}],"collection":[{"href":"https:\/\/climatlantic.panchroma.dev\/fr\/wp-json\/wp\/v2\/pages"}],"about":[{"href":"https:\/\/climatlantic.panchroma.dev\/fr\/wp-json\/wp\/v2\/types\/page"}],"author":[{"embeddable":true,"href":"https:\/\/climatlantic.panchroma.dev\/fr\/wp-json\/wp\/v2\/users\/11"}],"replies":[{"embeddable":true,"href":"https:\/\/climatlantic.panchroma.dev\/fr\/wp-json\/wp\/v2\/comments?post=10529"}],"version-history":[{"count":5,"href":"https:\/\/climatlantic.panchroma.dev\/fr\/wp-json\/wp\/v2\/pages\/10529\/revisions"}],"predecessor-version":[{"id":16494,"href":"https:\/\/climatlantic.panchroma.dev\/fr\/wp-json\/wp\/v2\/pages\/10529\/revisions\/16494"}],"up":[{"embeddable":true,"href":"https:\/\/climatlantic.panchroma.dev\/fr\/wp-json\/wp\/v2\/pages\/7052"}],"wp:attachment":[{"href":"https:\/\/climatlantic.panchroma.dev\/fr\/wp-json\/wp\/v2\/media?parent=10529"}],"wp:term":[{"taxonomy":"category","embeddable":true,"href":"https:\/\/climatlantic.panchroma.dev\/fr\/wp-json\/wp\/v2\/categories?post=10529"},{"taxonomy":"post_tag","embeddable":true,"href":"https:\/\/climatlantic.panchroma.dev\/fr\/wp-json\/wp\/v2\/tags?post=10529"}],"curies":[{"name":"wp","href":"https:\/\/api.w.org\/{rel}","templated":true}]}}